{"id":1140,"date":"2020-03-28T10:27:14","date_gmt":"2020-03-28T09:27:14","guid":{"rendered":"http:\/\/www.ardpylab.fr\/?page_id=1140"},"modified":"2020-05-10T16:54:05","modified_gmt":"2020-05-10T14:54:05","slug":"pression","status":"publish","type":"page","link":"https:\/\/www.ardpylab.fr\/?page_id=1140","title":{"rendered":"Pression"},"content":{"rendered":"\n<h2 style=\"text-align: center;\"><em>\u201d <u>Mesurer &amp; Exploiter<\/u> \u201d<br><br><\/em><\/h2>\n\n\n\n<h6><span style=\"color: #999999;\"><br>(<em>Cliquez pour afficher la version PDF)<\/em><\/span><\/h6>\n\n\n\n<div class=\"wp-block-file\"><a href=\"https:\/\/www.ardpylab.fr\/wp-content\/uploads\/2020\/03\/pression.pdf\">Pression<\/a><a href=\"https:\/\/www.ardpylab.fr\/wp-content\/uploads\/2020\/03\/pression.pdf\" class=\"wp-block-file__button\" download>T\u00e9l\u00e9charger<\/a><\/div>\n\n\n\n<p><br>Dans le domaine des sciences, une autre grandeur physique fr\u00e9quemment utilis\u00e9e est la pression exprim\u00e9e en Pascal (Pa).<\/p>\n<p>De nombreux types de capteurs de pression peuvent \u00e0 priori \u00eatre utilis\u00e9s avec une carte Arduino sur une entr\u00e9e analogique. Cependant, outre la gamme de pressions mesurables, un autre param\u00e8tre essentiel pour une utilisation avec un Arduino est la sensibilit\u00e9 du capteur souvent exprim\u00e9 en <strong><em>mV\/kPa<\/em><\/strong>.<\/p>\n<p>En effet, nous avons vu que la r\u00e9solution par d\u00e9faut du convertisseur analogique\/num\u00e9rique de l&rsquo;Arduino \u00e9tait de l&rsquo;ordre de 5 mV. Hors beaucoup de capteurs de pression ne disposant pas d\u2019amplification ont une r\u00e9solution de 0,5 mV\/kPa, ce qui rend impossible leur utilisation avec notre microcontr\u00f4leur.<\/p>\n<p>Le capteur <strong>MPX4250AP <\/strong>a quant \u00e0 lui une sensibilit\u00e9 de 20 mv\/kPa pour une plage de mesure allant de 20 \u00e0 250 kPa (soit, une tension de sortie du capteur entre 0,2 V et 4,8 V). Ce capteur est parfaitement adapt\u00e9 \u00e0 une utilisation avec un Arduino.<\/p>\n<p>Toutes les activit\u00e9s de mesure de pression et d\u2019exploitation seront r\u00e9alis\u00e9es avec le circuit suivant&nbsp;:<br><br><\/p>\n\n\n\n<div class=\"wp-block-image\">\n<figure class=\"aligncenter size-large\"><img loading=\"lazy\" decoding=\"async\" class=\"wp-image-1144 aligncenter\" style=\"border: 3px solid #eeeeee; padding: 3px; margin: 3px;\" src=\"https:\/\/www.ardpylab.fr\/wp-content\/uploads\/2020\/03\/pression-circuit-1024x546.png\" alt=\"\" width=\"561\" height=\"299\" srcset=\"https:\/\/www.ardpylab.fr\/wp-content\/uploads\/2020\/03\/pression-circuit-1024x546.png 1024w, https:\/\/www.ardpylab.fr\/wp-content\/uploads\/2020\/03\/pression-circuit-300x160.png 300w, https:\/\/www.ardpylab.fr\/wp-content\/uploads\/2020\/03\/pression-circuit-768x409.png 768w, https:\/\/www.ardpylab.fr\/wp-content\/uploads\/2020\/03\/pression-circuit.png 1073w\" sizes=\"auto, (max-width: 561px) 100vw, 561px\" \/><\/figure>\n<\/div>\n\n\n\n<h4><span style=\"color: #3366ff;\"><strong><br>. <u>Liste des composants<\/u>&nbsp;:<\/strong><\/span><\/h4>\n<p style=\"padding-left: 40px;\">. 1 <a href=\"https:\/\/www.ardpylab.fr\/?page_id=1140\/#anc1\" data-wplink-url-error=\"true\">capteur de pression MPX4250AP<\/a><br>. 1 <a href=\"https:\/\/www.ardpylab.fr\/downloads\/docs\/del.pdf\" data-wplink-url-error=\"true\">DEL<\/a> rouge<br>. 1 <a href=\"https:\/\/www.ardpylab.fr\/downloads\/docs\/R220.pdf\" data-wplink-url-error=\"true\">r\u00e9sistance de 220 \u03a9<\/a> (r\u00e9sistance de protection de la DEL)<br>. 1 <a href=\"https:\/\/www.ardpylab.fr\/downloads\/docs\/R10.pdf\" data-wplink-url-error=\"true\">r\u00e9sistance de 10 k\u03a9<\/a> (r\u00e9sistance du bouton poussoir)<br>. 1 <a href=\"https:\/\/www.ardpylab.fr\/downloads\/docs\/btnpush.pdf\" data-wplink-url-error=\"true\">bouton poussoir<\/a><br>. 1 <a href=\"https:\/\/www.ardpylab.fr\/downloads\/docs\/breadboard.pdf\" data-wplink-url-error=\"true\">plaque d&rsquo;essais<\/a><br>. <a href=\"https:\/\/www.ardpylab.fr\/downloads\/docs\/fils-connexion.pdf\" data-wplink-url-error=\"true\">Fils de connexion<\/a><br><br><\/p>\n\n\n\n<h4><strong><br><span style=\"color: #3366ff;\">. <u>Rappels<\/u>&nbsp;:<\/span><\/strong><\/h4>\n<p>L\u2019unit\u00e9 de pression du syst\u00e8me international (S.I.) est le pascal (Pa), qui correspond \u00e0 une force d\u20191&nbsp;newton exerc\u00e9e sur une surface d\u20191&nbsp;m\u00e8tre carr\u00e9 (<strong>1&nbsp;Pa&nbsp;=&nbsp;1&nbsp;N\/m\u00b2)<\/strong>.<\/p>\n<p>Le pascal \u00e9tant une unit\u00e9 tr\u00e8s petite par rapport aux pressions mesur\u00e9es \u00e0 la surface du globe (la pression atmosph\u00e9rique moyenne enregistr\u00e9e au niveau de la mer vaut 101&nbsp;325&nbsp;Pa), les m\u00e9t\u00e9orologistes et les climatologues pr\u00e9f\u00e8rent utiliser l\u2019hectopascal (<strong>1&nbsp;hPa&nbsp;=&nbsp;10<sup>2<\/sup>&nbsp;Pa<\/strong>).<\/p>\n<p>D\u2019autres unit\u00e9s ont \u00e9t\u00e9 pr\u00e9alablement utilis\u00e9es en m\u00e9t\u00e9orologie, par exemple le millim\u00e8tre de mercure (mmHg ou Torr), le millibar (mbar) et l\u2019atmosph\u00e8re normale (atm)&nbsp;:<\/p>\n<p style=\"padding-left: 40px;\">&#8211; Le millim\u00e8tre de mercure correspond \u00e0 la pression exerc\u00e9e \u00e0 0&nbsp;<sup>0<\/sup>C par une colonne de mercure d\u20191&nbsp;millim\u00e8tre de hauteur (<strong>1&nbsp;mmHg&nbsp;=&nbsp;133,322&nbsp;Pa&nbsp;=&nbsp;1,333&nbsp;22&nbsp;hPa<\/strong>).<\/p>\n<p style=\"padding-left: 40px;\">&#8211; Le millibar vaut 10<sup>-3<\/sup>&nbsp;bars (<strong>1&nbsp;mbar&nbsp;=&nbsp;10<sup>2<\/sup>&nbsp;Pa&nbsp;=&nbsp;1&nbsp;hPa<\/strong>).<\/p>\n<p style=\"padding-left: 40px;\">&#8211; L\u2019atmosph\u00e8re normale correspond \u00e0 la pression atmosph\u00e9rique moyenne mesur\u00e9e au niveau moyen de la mer \u00e0 la latitude de Paris (<strong>1&nbsp;atm&nbsp;=&nbsp;101&nbsp;325&nbsp;Pa&nbsp;=&nbsp;1&nbsp;013,25&nbsp;hPa&nbsp;=&nbsp;1&nbsp;013,25&nbsp;mbar&nbsp;=&nbsp;760&nbsp;mmHg<\/strong>).<br><br><\/p>\n<h4><span style=\"color: #3366ff;\"><strong><a id=\"anc1\"><\/a>. <u>Capteur de pression MPX4250AP<\/u>&nbsp;:<br><br><\/strong><\/span><\/h4>\n\n\n\n<div class=\"wp-block-image\"><figure class=\"aligncenter size-large\"><img loading=\"lazy\" decoding=\"async\" width=\"121\" height=\"146\" src=\"https:\/\/www.ardpylab.fr\/wp-content\/uploads\/2020\/03\/image-120.png\" alt=\"\" class=\"wp-image-1164\"\/><figcaption>(Vue de dessus) <\/figcaption><\/figure><\/div>\n\n\n\n<p> Le capteur de pression absolue MPX4250AP dispose de 6 broches, mais seules trois bornes sont utilis\u00e9es pour le connecter \u00e0 une carte Arduino : <\/p>\n\n\n\n<div class=\"wp-block-image\"><figure class=\"aligncenter size-large\"><img loading=\"lazy\" decoding=\"async\" width=\"138\" height=\"208\" src=\"https:\/\/www.ardpylab.fr\/wp-content\/uploads\/2020\/03\/image-121.png\" alt=\"\" class=\"wp-image-1165\"\/><figcaption>(Vue de dessous)<\/figcaption><\/figure><\/div>\n\n\n\n<p>VCC : +5 V<br>GROUND : masse<br>Vout : signal de sortie sur une entr\u00e9e analogique de la carte.<br><br><\/p>\n<p><u>Caract\u00e9ristiques<\/u> :<\/p>\n<p style=\"padding-left: 40px;\">. Tension de fonctionnement&nbsp;: de 4,85V \u00e0 5,35V<br>. Courant circuit alimentation maximal : 10 mA<br>. Sensibilit\u00e9&nbsp;: <strong>20 mV \/ kPa<br><\/strong>. Plage de mesure&nbsp;: 20 \u00e0 250 kPa<br>. Tension de sortie (V<sub>out<\/sub>) : 0,2 V \u00e0 4,8 V<br>. Pr\u00e9cision&nbsp;: \u00b1 1,5% sur V<sub>out<\/sub><br>. Courant de charge maximal (signal de sortie) : 0,1 mA<br>. Temps de r\u00e9ponse&nbsp;: 1 ms<br>. Temp\u00e9rature de fonctionnement&nbsp;: 0 &#8211; 85 \u00b0C<\/p>\n\n\n\n<p><br>La fiche technique du capteur, fourni par le constructeur, donne la courbe de transfert reliant la pression absolue P en kPa \u00e0 la tension de sortie V<sub>out<\/sub> en V&nbsp;:<\/p>\n\n\n\n<div class=\"wp-block-image\"><figure class=\"aligncenter size-large\"><img loading=\"lazy\" decoding=\"async\" width=\"504\" height=\"318\" src=\"https:\/\/www.ardpylab.fr\/wp-content\/uploads\/2020\/03\/image-122.png\" alt=\"\" class=\"wp-image-1167\" srcset=\"https:\/\/www.ardpylab.fr\/wp-content\/uploads\/2020\/03\/image-122.png 504w, https:\/\/www.ardpylab.fr\/wp-content\/uploads\/2020\/03\/image-122-300x189.png 300w\" sizes=\"auto, (max-width: 504px) 100vw, 504px\" \/><\/figure><\/div>\n\n\n\n<p>On a donc&nbsp;: <\/p>\n\n\n\n<figure class=\"wp-block-image size-large\" style=\"padding-left: 40px;\"><img loading=\"lazy\" decoding=\"async\" width=\"228\" height=\"33\" class=\"wp-image-1168\" src=\"https:\/\/www.ardpylab.fr\/wp-content\/uploads\/2020\/03\/image-123.png\" alt=\"\"><\/figure>\n\n\n\n<p>On obtient alors la pression absolue \u00e0 partir de la mesure de la tension de sortie par :<\/p>\n\n\n\n<figure class=\"wp-block-image size-large\" style=\"padding-left: 40px;\"><img loading=\"lazy\" decoding=\"async\" width=\"223\" height=\"49\" class=\"wp-image-1169\" src=\"https:\/\/www.ardpylab.fr\/wp-content\/uploads\/2020\/03\/image-124.png\" alt=\"\"><\/figure>\n\n\n\n<p><u>Remarques<\/u>&nbsp;:<\/p>\n<p>Il existe des capteurs de pression relative et de pression absolue.<\/p>\n<p>En pression relative, on mesure une valeur de pression par rapport \u00e0 la pression ambiante (pression atmosph\u00e9rique). Ce qui signifie que la pression mesur\u00e9e peut \u00e9voluer quelque peu au gr\u00e9 des variations de pression atmosph\u00e9rique (climat, altitude par rapport au niveau de la mer).<\/p>\n<p>D\u2019un point de vue pratique, une mesure de pression absolue s\u2019effectue par rapport au vide id\u00e9al ou absolu. C\u2019est pourquoi ce type de mesure est ind\u00e9pendant du temps qu\u2019il fait ou de l\u2019altitude.<\/p>\n\n\n\n<h4>&nbsp;<\/h4>\n<h4><span style=\"color: #3366ff;\"><strong>.&nbsp;<\/strong><span style=\"text-decoration: underline;\"><strong>Les activit\u00e9s<\/strong><\/span><\/span><\/h4>\n<ul>\n<li>Activit\u00e9 1: <a href=\"https:\/\/www.ardpylab.fr\/?page_id=1176\" data-wplink-url-error=\"true\"><strong><em>Mesure d\u2019une pression absolue avec un capteur MPX4250AP<\/em><\/strong><\/a><\/li>\n<li>Activit\u00e9 2: <a href=\"https:\/\/www.ardpylab.fr\/?page_id=1197\" data-wplink-url-error=\"true\"><strong><em>Indicateur de pression<\/em><\/strong><\/a><\/li>\n<li>Activit\u00e9 3: <a href=\"https:\/\/www.ardpylab.fr\/?page_id=1210\" data-wplink-url-error=\"true\"><strong><em>V\u00e9rification de la loi de Boyle-Mariotte<\/em><\/strong><\/a><\/li>\n<li>Activit\u00e9 4: <a href=\"https:\/\/www.ardpylab.fr\/?page_id=1245\" data-wplink-url-error=\"true\"><strong><em>Principe fondamental de la statique des fluides<\/em><\/strong><\/a><\/li>\n<\/ul>\n\n\n\n<p>&nbsp; &nbsp; &nbsp; &nbsp; &nbsp;<\/p>\n\n\n<div  class=\"grids-section grids-is-stretch\" style=\"--_gs-gap-desktop:0px 0px;--_gs-m-desktop:0 0 0 0;--_gs-p-desktop:0 0 0 0;--_gs-bg-desktop:transparent none;--_gs-bg-xp-desktop:0px;--_gs-zi-desktop:auto;--_gs-d-desktop:block;--_gs-mw-desktop:calc(100% - 0 - 0);--_gs-gap-tablet:0px 0px;--_gs-m-tablet:0 0 0 0;--_gs-p-tablet:0 0 0 0;--_gs-bg-tablet:transparent none;--_gs-bg-xp-tablet:0px;--_gs-zi-tablet:auto;--_gs-d-tablet:block;--_gs-mw-tablet:calc(100% - 0 - 0);--_gs-gap-mobile:0px 0px;--_gs-m-mobile:0 0 0 0;--_gs-p-mobile:0 0 0 0;--_gs-bg-mobile:transparent none;--_gs-bg-xp-mobile:0px;--_gs-zi-mobile:auto;--_gs-d-mobile:block;--_gs-mw-mobile:calc(100% - 0 - 0);--_gs-columns:2;--_gs-rows:1\"><div class=\"grids-s-w_i\">\n<div class=\"grids-area\" style=\"--_ga-column:1\/2;--_ga-row:1\/2;--_ga-m-desktop:0 0 0 0;--_ga-p-desktop:0 0 0 0;--_ga-bg-desktop:transparent none;--_ga-zi-desktop:auto;--_ga-d-desktop:flex;--_ga-mw-desktop:calc(100% - 0 - 0);--_ga-m-tablet:0 0 0 0;--_ga-p-tablet:0 0 0 0;--_ga-bg-tablet:transparent none;--_ga-zi-tablet:auto;--_ga-d-tablet:flex;--_ga-mw-tablet:calc(100% - 0 - 0);--_ga-m-mobile:0 0 0 0;--_ga-p-mobile:0 0 0 0;--_ga-bg-mobile:transparent none;--_ga-zi-mobile:auto;--_ga-d-mobile:flex;--_ga-mw-mobile:calc(100% - 0 - 0)\">\n\n<div class=\"wp-block-image\"><figure class=\"alignleft size-large\"><a href=\"https:\/\/www.ardpylab.fr\/?page_id=1007\"><img loading=\"lazy\" decoding=\"async\" width=\"50\" height=\"28\" src=\"https:\/\/www.ardpylab.fr\/wp-content\/uploads\/2020\/03\/moins.jpg\" alt=\"\" class=\"wp-image-107\"\/><\/a><\/figure><\/div>\n\n<\/div>\n\n<div class=\"grids-area\" style=\"--_ga-column:2\/3;--_ga-row:1\/2;--_ga-m-desktop:0 0 0 0;--_ga-p-desktop:0 0 0 0;--_ga-bg-desktop:transparent none;--_ga-zi-desktop:auto;--_ga-d-desktop:flex;--_ga-mw-desktop:calc(100% - 0 - 0);--_ga-m-tablet:0 0 0 0;--_ga-p-tablet:0 0 0 0;--_ga-bg-tablet:transparent none;--_ga-zi-tablet:auto;--_ga-d-tablet:flex;--_ga-mw-tablet:calc(100% - 0 - 0);--_ga-m-mobile:0 0 0 0;--_ga-p-mobile:0 0 0 0;--_ga-bg-mobile:transparent none;--_ga-zi-mobile:auto;--_ga-d-mobile:flex;--_ga-mw-mobile:calc(100% - 0 - 0)\">\n\n<div class=\"wp-block-image\"><figure class=\"alignright size-large\"><a href=\"https:\/\/www.ardpylab.fr\/?page_id=1176\"><img loading=\"lazy\" decoding=\"async\" width=\"50\" height=\"28\" src=\"https:\/\/www.ardpylab.fr\/wp-content\/uploads\/2020\/03\/plus.jpg\" alt=\"\" class=\"wp-image-106\"\/><\/a><\/figure><\/div>\n\n<\/div>\n<\/div><\/div>","protected":false},"excerpt":{"rendered":"<p>\u201d Mesurer &amp; Exploiter \u201d (Cliquez pour afficher la version PDF) Dans le domaine des sciences, une autre grandeur physique fr\u00e9quemment utilis\u00e9e est la pression exprim\u00e9e en Pascal (Pa). De nombreux types de capteurs de pression peuvent \u00e0 priori \u00eatre utilis\u00e9s avec une carte Arduino sur une entr\u00e9e analogique. Cependant, outre la gamme de pressions [&hellip;]<\/p>\n","protected":false},"author":1,"featured_media":0,"parent":0,"menu_order":0,"comment_status":"closed","ping_status":"closed","template":"","meta":{"footnotes":""},"class_list":["post-1140","page","type-page","status-publish","hentry"],"_links":{"self":[{"href":"https:\/\/www.ardpylab.fr\/index.php?rest_route=\/wp\/v2\/pages\/1140","targetHints":{"allow":["GET"]}}],"collection":[{"href":"https:\/\/www.ardpylab.fr\/index.php?rest_route=\/wp\/v2\/pages"}],"about":[{"href":"https:\/\/www.ardpylab.fr\/index.php?rest_route=\/wp\/v2\/types\/page"}],"author":[{"embeddable":true,"href":"https:\/\/www.ardpylab.fr\/index.php?rest_route=\/wp\/v2\/users\/1"}],"replies":[{"embeddable":true,"href":"https:\/\/www.ardpylab.fr\/index.php?rest_route=%2Fwp%2Fv2%2Fcomments&post=1140"}],"version-history":[{"count":0,"href":"https:\/\/www.ardpylab.fr\/index.php?rest_route=\/wp\/v2\/pages\/1140\/revisions"}],"wp:attachment":[{"href":"https:\/\/www.ardpylab.fr\/index.php?rest_route=%2Fwp%2Fv2%2Fmedia&parent=1140"}],"curies":[{"name":"wp","href":"https:\/\/api.w.org\/{rel}","templated":true}]}}