{"id":1210,"date":"2020-03-28T11:50:11","date_gmt":"2020-03-28T10:50:11","guid":{"rendered":"http:\/\/www.ardpylab.fr\/?page_id=1210"},"modified":"2020-05-19T19:27:02","modified_gmt":"2020-05-19T17:27:02","slug":"pression-activite-3","status":"publish","type":"page","link":"https:\/\/www.ardpylab.fr\/?page_id=1210","title":{"rendered":"Pression &#8211; Activit\u00e9 3"},"content":{"rendered":"\n<h2 style=\"text-align: center;\"><em>\u201d <\/em><span style=\"text-decoration: underline;\"><em>V\u00e9rification de la loi de Boyle-Mariotte<\/em><\/span> <em>\u201d<br><br><\/em><\/h2>\n\n\n\n<h4><strong><span style=\"color: #3366ff;\"><br>. <span style=\"text-decoration: underline;\">Objectif<\/span><\/span><\/strong><\/h4>\n<p>L\u2019objectif de cette activit\u00e9 est de v\u00e9rifier la loi de Boyle-Mariotte \u00e0 l\u2019aide de notre capteur de pression MPX4250AP et de la seringue d\u2019un volume utile de 60 mL suivant le m\u00eame montage que l\u2019activit\u00e9 pr\u00e9c\u00e9dente.<br><br><\/p>\n\n\n\n<figure class=\"wp-block-image size-large\"><img loading=\"lazy\" decoding=\"async\" width=\"854\" height=\"255\" class=\"wp-image-1201 aligncenter\" style=\"border: 3px solid #eeeeee; padding: 3px; margin: 3px;\" src=\"https:\/\/www.ardpylab.fr\/wp-content\/uploads\/2020\/03\/pression-circuit2.png\" alt=\"\" srcset=\"https:\/\/www.ardpylab.fr\/wp-content\/uploads\/2020\/03\/pression-circuit2.png 854w, https:\/\/www.ardpylab.fr\/wp-content\/uploads\/2020\/03\/pression-circuit2-300x90.png 300w, https:\/\/www.ardpylab.fr\/wp-content\/uploads\/2020\/03\/pression-circuit2-768x229.png 768w\" sizes=\"auto, (max-width: 854px) 100vw, 854px\" \/><\/figure>\n\n\n\n<p>&nbsp;<\/p>\n<h4><span style=\"color: #3366ff;\"><strong>. <span style=\"text-decoration: underline;\">\u00c9nonc\u00e9 de la loi de Boyle-Mariotte<\/span><\/strong><\/span><\/h4>\n<p>\u00c0 temp\u00e9rature constante, pour une quantit\u00e9 de mati\u00e8re donn\u00e9e de gaz, le produit de la pression P par le volume V de ce gaz ne varie pas :<\/p>\n<p style=\"padding-left: 40px;\"><strong>P \u00d7 V = constante<\/strong><\/p>\n<p>Si un gaz subit une transformation qui l\u2019am\u00e8ne d\u2019un \u00e9tat n\u00b01 (son volume est V1 et sa pression P1) \u00e0 un \u00e9tat n\u00b02 (son volume est V2 et sa pression P2) alors la loi de Boyle-Mariotte peut s\u2019\u00e9crire:<\/p>\n<p style=\"padding-left: 40px;\"><strong>P1.V1 = P2.V2<\/strong><\/p>\n\n\n\n<div class=\"wp-block-image\"><figure class=\"aligncenter size-large\"><img loading=\"lazy\" decoding=\"async\" width=\"221\" height=\"175\" src=\"https:\/\/www.ardpylab.fr\/wp-content\/uploads\/2020\/03\/image-125.png\" alt=\"\" class=\"wp-image-1214\"\/><\/figure><\/div>\n\n\n\n<p>Cette relation est valable \u00e0 condition que:<\/p>\n<p style=\"padding-left: 40px;\">&#8211; La transformation soit \u00e0 temp\u00e9rature constante,<\/p>\n<p style=\"padding-left: 40px;\">&#8211; Les deux pressions P1 et P2 soient exprim\u00e9es dans la m\u00eame unit\u00e9 de pression qui peut \u00eatre le pascal, l\u2019hectopascal, le bar, etc\u2026,<\/p>\n<p style=\"padding-left: 40px;\">-Les deux volumes soient exprim\u00e9s dans la m\u00eame unit\u00e9 de volume qui peut \u00eatre le litre, le m\u00e8tre cube, le centim\u00e8tre cube, etc.<\/p>\n\n\n\n<p>&nbsp;<\/p>\n<h4><span style=\"color: #3366ff;\"><strong>. <span style=\"text-decoration: underline;\">Descriptif&nbsp;de l\u2019activit\u00e9<\/span><\/strong><\/span><\/h4>\n<p>En d\u00e9pla\u00e7ant le piston, initialement plac\u00e9 sur la graduation 30 mL, on fait varier le volume de l\u2019air enferm\u00e9 dans le corps de la seringue reli\u00e9e au capteur de pression.<\/p>\n<p>Apr\u00e8s avoir appuy\u00e9 sur le bouton poussoir, le volume lu (entre 10 et 60 mL) sur le corps de la seringue est saisi au clavier dans le moniteur s\u00e9rie.<\/p>\n<p>La pression est ensuite mesur\u00e9e par le capteur qui d\u00e9livre une tension \u00e9lectrique proportionnelle \u00e0 la pression. Une moyenne est r\u00e9alis\u00e9e sur dix mesures et le r\u00e9sultat de la pression moyenne (p en kPa) pour le volume (V en mL) est affich\u00e9 dans le moniteur s\u00e9rie.<\/p>\n<p>Les mesures pour le volume V sont arr\u00eat\u00e9es en appuyant sur le bouton poussoir.<\/p>\n<p>Une nouvelle mesure de la pression pour un volume diff\u00e9rent est r\u00e9alisable en appuyant de nouveau sur le bouton poussoir.<\/p>\n<p>Il est donc possible d\u2019acqu\u00e9rir des couples de donn\u00e9es (p, V) afin de v\u00e9rifier la loi de Boyle-Mariotte.<br><br><\/p>\n\n\n\n<h4><span style=\"color: #3366ff;\"><strong><br><a id=\"prog\"><\/a>. <\/strong><\/span><span style=\"text-decoration: underline;\"><span style=\"color: #3366ff; text-decoration: underline;\"><strong>Le programme<\/strong><\/span><\/span><\/h4>\n<p>Voici <a href=\"https:\/\/www.ardpylab.fr\/downloads\/pression\/activity3.zip\" data-wplink-url-error=\"true\">le code de l\u2019activit\u00e9<\/a> :<\/p>\n\n\n\n<figure class=\"wp-block-image size-large\"><a href=\"https:\/\/www.ardpylab.fr\/downloads\/pression\/Activity3\/Activity3.ino\"><img loading=\"lazy\" decoding=\"async\" width=\"560\" height=\"657\" src=\"https:\/\/www.ardpylab.fr\/wp-content\/uploads\/2020\/03\/pression-code3.png\" alt=\"\" class=\"wp-image-1215\" srcset=\"https:\/\/www.ardpylab.fr\/wp-content\/uploads\/2020\/03\/pression-code3.png 560w, https:\/\/www.ardpylab.fr\/wp-content\/uploads\/2020\/03\/pression-code3-256x300.png 256w\" sizes=\"auto, (max-width: 560px) 100vw, 560px\" \/><\/a><\/figure>\n\n\n\n<figure class=\"wp-block-image size-large\"><a href=\"https:\/\/www.ardpylab.fr\/downloads\/pression\/Activity3\/Activity3.ino\"><img loading=\"lazy\" decoding=\"async\" width=\"512\" height=\"634\" src=\"https:\/\/www.ardpylab.fr\/wp-content\/uploads\/2020\/03\/pression-code3b.png\" alt=\"\" class=\"wp-image-1216\" srcset=\"https:\/\/www.ardpylab.fr\/wp-content\/uploads\/2020\/03\/pression-code3b.png 512w, https:\/\/www.ardpylab.fr\/wp-content\/uploads\/2020\/03\/pression-code3b-242x300.png 242w\" sizes=\"auto, (max-width: 512px) 100vw, 512px\" \/><\/a><\/figure>\n\n\n\n<figure class=\"wp-block-image size-large\"><a href=\"https:\/\/www.ardpylab.fr\/downloads\/pression\/Activity3\/Activity3.ino\"><img loading=\"lazy\" decoding=\"async\" width=\"513\" height=\"328\" src=\"https:\/\/www.ardpylab.fr\/wp-content\/uploads\/2020\/03\/pression-code3c.png\" alt=\"\" class=\"wp-image-1217\" srcset=\"https:\/\/www.ardpylab.fr\/wp-content\/uploads\/2020\/03\/pression-code3c.png 513w, https:\/\/www.ardpylab.fr\/wp-content\/uploads\/2020\/03\/pression-code3c-300x192.png 300w\" sizes=\"auto, (max-width: 513px) 100vw, 513px\" \/><\/a><\/figure>\n\n\n\n<p><strong><u>Remarque&nbsp;:<\/u><\/strong><\/p>\n<p style=\"padding-left: 40px;\">La DEL rouge est allum\u00e9e si la pression est inf\u00e9rieure ou sup\u00e9rieure aux seuils de pression correspondant \u00e0 un volume de 10 ou de 60 mL.<\/p>\n\n\n\n<p>&nbsp;<\/p>\n<p><strong><u>D\u00e9roulement du programme<\/u><\/strong><strong>&nbsp;:<\/strong><\/p>\n<p>&#8211; 1. D\u00e9claration des constantes et variables&nbsp;:<\/p>\n\n\n\n<p style=\"padding-left: 40px;\">.&nbsp;<strong>const int PinSensor = 0<\/strong>&nbsp; &nbsp; (broche du capteur de pression)<\/p>\n<p style=\"padding-left: 40px;\"><strong>. const int PinButton = 12<\/strong>&nbsp; &nbsp;(broche du bouton poussoir)<\/p>\n<p style=\"padding-left: 40px;\">.&nbsp;<strong>const int PinLed = 9<\/strong>&nbsp; &nbsp; (broche de la DEL)<\/p>\n<p style=\"padding-left: 40px;\"><strong>. const int PMax = 200<\/strong>&nbsp; &nbsp;(constante nombre entier correspondant \u00e0 la valeur de la pression maximale en kPa)<\/p>\n<p style=\"padding-left: 40px;\">.&nbsp;<strong>const int PMin = 55&nbsp;&nbsp;&nbsp;&nbsp;<\/strong>(constante nombre entier correspondant \u00e0 la valeur de la pression minimale en kPa)<\/p>\n<p style=\"padding-left: 40px;\">.&nbsp;<strong>int ValSensor = 0&nbsp;<\/strong>&nbsp; (variable nombre entier pour stocker la valeur de la broche du capteur)<\/p>\n<p style=\"padding-left: 40px;\">.&nbsp;<strong>float tension = 0.0&nbsp; &nbsp;<\/strong>(variable nombre d\u00e9cimal pour stocker le r\u00e9sultat du calcul de la tension de la broche du capteur)<\/p>\n<p style=\"padding-left: 40px;\"><strong>. float Pression = 0.0&nbsp; &nbsp;<\/strong>(variable nombre d\u00e9cimal pour stocker le r\u00e9sultat du calcul de la pression)<\/p>\n<p style=\"padding-left: 40px;\"><strong>. float OldPression = 0.0&nbsp;&nbsp;<\/strong>(variable nombre d\u00e9cimal pour stocker le r\u00e9sultat du calcul de la pression pr\u00e9c\u00e9dent)<\/p>\n<p style=\"padding-left: 40px;\"><strong>. int Vol = 0&nbsp; &nbsp; <\/strong>(variable nombre entier pour stocker la valeur du volume en mL)<\/p>\n<p style=\"padding-left: 40px;\"><strong>. int ValButton = 0&nbsp; &nbsp;<\/strong>(variable nombre entier pour stocker la valeur de la broche du bouton poussoir)<\/p>\n<p style=\"padding-left: 40px;\"><strong>. int OldValButton = 0<\/strong>&nbsp; &nbsp; (variable nombre entier pour stocker la valeur pr\u00e9c\u00e9dente de la broche du bouton poussoir)<\/p>\n<p style=\"padding-left: 40px;\"><strong>. int State = 0&nbsp; &nbsp; <\/strong>(variable nombre entier correspondant \u00e0 l\u2019action \u00e0 effectuer)<\/p>\n<p style=\"padding-left: 40px;\"><strong>. int OldState = 0&nbsp; &nbsp;<\/strong>(variable nombre entier correspondant \u00e0 l\u2019action effectu\u00e9e pr\u00e9c\u00e9demment)<\/p>\n\n\n\n<p><br>&#8211; 2. Initialisation des entr\u00e9es et sorties&nbsp;:<\/p>\n<p style=\"padding-left: 40px;\"><strong>. Initialisation de la liaison s\u00e9rie \u00e0 un d\u00e9bit de 9600 bauds<\/strong><\/p>\n<p style=\"padding-left: 40px;\"><strong>. Initialisation de la broche du bouton poussoir en entr\u00e9e<\/strong><\/p>\n<p style=\"padding-left: 40px;\"><strong>. Initialisation de la broche de la DEL en sortie<br><br><\/strong><\/p>\n<p>&#8211; 3. Fonction principale en boucle&nbsp;:<\/p>\n\n\n\n<figure class=\"wp-block-image size-large is-resized\"><img loading=\"lazy\" decoding=\"async\" src=\"https:\/\/www.ardpylab.fr\/wp-content\/uploads\/2020\/03\/pression-algo3-608x1024.jpg\" alt=\"\" class=\"wp-image-1222\" width=\"879\" height=\"1480\" srcset=\"https:\/\/www.ardpylab.fr\/wp-content\/uploads\/2020\/03\/pression-algo3-608x1024.jpg 608w, https:\/\/www.ardpylab.fr\/wp-content\/uploads\/2020\/03\/pression-algo3-178x300.jpg 178w, https:\/\/www.ardpylab.fr\/wp-content\/uploads\/2020\/03\/pression-algo3-768x1293.jpg 768w, https:\/\/www.ardpylab.fr\/wp-content\/uploads\/2020\/03\/pression-algo3-912x1536.jpg 912w, https:\/\/www.ardpylab.fr\/wp-content\/uploads\/2020\/03\/pression-algo3-1216x2048.jpg 1216w, https:\/\/www.ardpylab.fr\/wp-content\/uploads\/2020\/03\/pression-algo3-scaled.jpg 1520w\" sizes=\"auto, (max-width: 879px) 100vw, 879px\" \/><\/figure>\n\n\n\n<p><u><br><strong>R\u00e9sultats dans le moniteur s\u00e9rie<\/strong><\/u><strong>&nbsp;:<br><br><\/strong><\/p>\n\n\n\n<div class=\"wp-block-image\"><figure class=\"aligncenter size-large\"><img loading=\"lazy\" decoding=\"async\" width=\"547\" height=\"462\" src=\"https:\/\/www.ardpylab.fr\/wp-content\/uploads\/2020\/03\/pression-ms3.png\" alt=\"\" class=\"wp-image-1224\" srcset=\"https:\/\/www.ardpylab.fr\/wp-content\/uploads\/2020\/03\/pression-ms3.png 547w, https:\/\/www.ardpylab.fr\/wp-content\/uploads\/2020\/03\/pression-ms3-300x253.png 300w\" sizes=\"auto, (max-width: 547px) 100vw, 547px\" \/><\/figure><\/div>\n\n\n\n<p>\u00a0<\/p>\n<h4><strong><span style=\"color: #3366ff;\"><a id=\"exploit\"><\/a>. <u>Exploitation des mesures<\/u><\/span><\/strong><\/h4>\n<p>Pour exploiter les mesures, on peut dans un premier temps, copier\/coller les r\u00e9sultats dans un fichier <strong>\u00ab\u00a0csv\u00a0\u00bb<\/strong> cr\u00e9\u00e9 avec le bloc-notes de Windows, comme ci-dessous\u00a0:<\/p>\n\n\n\n<div class=\"wp-block-image\"><figure class=\"aligncenter size-large\"><img loading=\"lazy\" decoding=\"async\" width=\"244\" height=\"237\" src=\"https:\/\/www.ardpylab.fr\/wp-content\/uploads\/2020\/03\/image-126.png\" alt=\"\" class=\"wp-image-1225\"\/><\/figure><\/div>\n\n\n\n<p>Puis ouvrir <a href=\"https:\/\/www.ardpylab.fr\/downloads\/pression\/mariotte.zip\" data-wplink-url-error=\"true\">le fichier<\/a> avec un tableur comme Regressi&nbsp;:<\/p>\n\n\n\n<div class=\"wp-block-image\"><figure class=\"aligncenter size-large\"><img loading=\"lazy\" decoding=\"async\" width=\"228\" height=\"392\" src=\"https:\/\/www.ardpylab.fr\/wp-content\/uploads\/2020\/03\/image-127.png\" alt=\"\" class=\"wp-image-1226\" srcset=\"https:\/\/www.ardpylab.fr\/wp-content\/uploads\/2020\/03\/image-127.png 228w, https:\/\/www.ardpylab.fr\/wp-content\/uploads\/2020\/03\/image-127-174x300.png 174w\" sizes=\"auto, (max-width: 228px) 100vw, 228px\" \/><\/figure><\/div>\n\n\n\n<p><br>Pour les calculs, il ne faut pas oublier d\u2019ajouter le volume d\u2019air contenu dans le tuyau, qui relie la seringue et le capteur, au volume d\u2019air de la seringue.<\/p>\n<p>Pour cela, on va cr\u00e9er une grandeur, appel\u00e9e <strong>Vc <\/strong>en mL, pour volume corrig\u00e9&nbsp;:<\/p>\n\n\n\n<div class=\"wp-block-image\"><figure class=\"aligncenter size-large\"><img loading=\"lazy\" decoding=\"async\" width=\"495\" height=\"220\" src=\"https:\/\/www.ardpylab.fr\/wp-content\/uploads\/2020\/03\/image-128.png\" alt=\"\" class=\"wp-image-1228\" srcset=\"https:\/\/www.ardpylab.fr\/wp-content\/uploads\/2020\/03\/image-128.png 495w, https:\/\/www.ardpylab.fr\/wp-content\/uploads\/2020\/03\/image-128-300x133.png 300w\" sizes=\"auto, (max-width: 495px) 100vw, 495px\" \/><\/figure><\/div>\n\n\n\n<p>Le tuyau a un diam\u00e8tre de 5 mm pour une longueur de 15 cm&nbsp;:<\/p>\n<p style=\"padding-left: 40px;\"><strong>V<sub>air tuyau <\/sub>\u2245<\/strong><strong>&nbsp;3 mL&nbsp; <br><br><\/strong><\/p>\n<p>Puis on cr\u00e9e une grandeur, appel\u00e9e <strong>PV<\/strong>, de fa\u00e7on \u00e0 d\u00e9terminer la valeur de la constante de la loi de Boyle-Mariotte (en kPa.L)&nbsp;:<\/p>\n\n\n\n<div class=\"wp-block-image\"><figure class=\"aligncenter size-large\"><img loading=\"lazy\" decoding=\"async\" width=\"486\" height=\"216\" src=\"https:\/\/www.ardpylab.fr\/wp-content\/uploads\/2020\/03\/image-129.png\" alt=\"\" class=\"wp-image-1229\" srcset=\"https:\/\/www.ardpylab.fr\/wp-content\/uploads\/2020\/03\/image-129.png 486w, https:\/\/www.ardpylab.fr\/wp-content\/uploads\/2020\/03\/image-129-300x133.png 300w\" sizes=\"auto, (max-width: 486px) 100vw, 486px\" \/><\/figure><\/div>\n\n\n\n<div class=\"wp-block-image\"><figure class=\"aligncenter size-large\"><img loading=\"lazy\" decoding=\"async\" width=\"326\" height=\"428\" src=\"https:\/\/www.ardpylab.fr\/wp-content\/uploads\/2020\/03\/pression-exploit3.jpg\" alt=\"\" class=\"wp-image-1232\" srcset=\"https:\/\/www.ardpylab.fr\/wp-content\/uploads\/2020\/03\/pression-exploit3.jpg 326w, https:\/\/www.ardpylab.fr\/wp-content\/uploads\/2020\/03\/pression-exploit3-229x300.jpg 229w\" sizes=\"auto, (max-width: 326px) 100vw, 326px\" \/><\/figure><\/div>\n\n\n\n<p>La constante de la loi de Boyle-Mariotte est d\u2019environ <strong>3,3<\/strong> kPa.L<\/p>\n\n\n\n<p>On peut tracer le graphe repr\u00e9sentant la pression en fonction du volume corrig\u00e9&nbsp;:<\/p>\n\n\n\n<div class=\"wp-block-image\">\n<figure class=\"aligncenter size-large\"><img loading=\"lazy\" decoding=\"async\" width=\"486\" height=\"366\" class=\"wp-image-1233\" style=\"border: 3px solid #eeeeee; padding: 3px; margin: 3px;\" src=\"https:\/\/www.ardpylab.fr\/wp-content\/uploads\/2020\/03\/pression-exploit3b.jpg.png\" alt=\"\" srcset=\"https:\/\/www.ardpylab.fr\/wp-content\/uploads\/2020\/03\/pression-exploit3b.jpg.png 486w, https:\/\/www.ardpylab.fr\/wp-content\/uploads\/2020\/03\/pression-exploit3b.jpg-300x226.png 300w\" sizes=\"auto, (max-width: 486px) 100vw, 486px\" \/><\/figure>\n<\/div>\n\n\n\n<p><br>Mais comme d\u2019apr\u00e8s la loi de Boyle-Mariotte&nbsp;:<\/p>\n<p style=\"padding-left: 40px;\"><strong>P = k \/ V &nbsp;&nbsp;<\/strong>(o\u00f9 k est une constante en kPa.L),<\/p>\n<p>Il est pr\u00e9f\u00e9rable de tracer le graphe repr\u00e9sentant <strong>P = f (1\/Vc)<\/strong>.<\/p>\n\n\n\n<p>Pour cela, on cr\u00e9e une grandeur, appel\u00e9e <strong>invVc<\/strong> (en L<sup>-1<\/sup>), repr\u00e9sentant l\u2019inverse de <strong>Vc<\/strong> en L :<\/p>\n\n\n\n<div class=\"wp-block-image\"><figure class=\"aligncenter size-large\"><img loading=\"lazy\" decoding=\"async\" width=\"504\" height=\"224\" src=\"https:\/\/www.ardpylab.fr\/wp-content\/uploads\/2020\/03\/image-130.png\" alt=\"\" class=\"wp-image-1237\" srcset=\"https:\/\/www.ardpylab.fr\/wp-content\/uploads\/2020\/03\/image-130.png 504w, https:\/\/www.ardpylab.fr\/wp-content\/uploads\/2020\/03\/image-130-300x133.png 300w\" sizes=\"auto, (max-width: 504px) 100vw, 504px\" \/><\/figure><\/div>\n\n\n\n<p><br>La repr\u00e9sentation graphique de <strong>P = f(1\/Vc) <\/strong>est alors&nbsp;:<\/p>\n\n\n\n<div class=\"wp-block-image\">\n<figure class=\"aligncenter size-large\"><img loading=\"lazy\" decoding=\"async\" width=\"1024\" height=\"607\" class=\"wp-image-1238\" style=\"border: 3px solid #eeeeee; padding: 3px; margin: 3px;\" src=\"https:\/\/www.ardpylab.fr\/wp-content\/uploads\/2020\/03\/pression-exploit3c.jpg-1024x607.png\" alt=\"\" srcset=\"https:\/\/www.ardpylab.fr\/wp-content\/uploads\/2020\/03\/pression-exploit3c.jpg-1024x607.png 1024w, https:\/\/www.ardpylab.fr\/wp-content\/uploads\/2020\/03\/pression-exploit3c.jpg-300x178.png 300w, https:\/\/www.ardpylab.fr\/wp-content\/uploads\/2020\/03\/pression-exploit3c.jpg-768x456.png 768w, https:\/\/www.ardpylab.fr\/wp-content\/uploads\/2020\/03\/pression-exploit3c.jpg.png 1416w\" sizes=\"auto, (max-width: 1024px) 100vw, 1024px\" \/><\/figure>\n<\/div>\n\n\n\n<p>La repr\u00e9sentation graphique de <strong>P = f(1\/Vc) <\/strong>peut \u00eatre mod\u00e9lis\u00e9e par une fonction lin\u00e9aire&nbsp;:<\/p>\n\n\n<div  class=\"grids-section grids-is-stretch\" style=\"--_gs-gap-desktop:0px 0px;--_gs-m-desktop:0 0 0 0;--_gs-p-desktop:0 0 0 0;--_gs-bg-desktop:transparent none;--_gs-bg-xp-desktop:0px;--_gs-zi-desktop:auto;--_gs-d-desktop:block;--_gs-mw-desktop:calc(100% - 0 - 0);--_gs-gap-tablet:0px 0px;--_gs-m-tablet:0 0 0 0;--_gs-p-tablet:0 0 0 0;--_gs-bg-tablet:transparent none;--_gs-bg-xp-tablet:0px;--_gs-zi-tablet:auto;--_gs-d-tablet:block;--_gs-mw-tablet:calc(100% - 0 - 0);--_gs-gap-mobile:0px 0px;--_gs-m-mobile:0 0 0 0;--_gs-p-mobile:0 0 0 0;--_gs-bg-mobile:transparent none;--_gs-bg-xp-mobile:0px;--_gs-zi-mobile:auto;--_gs-d-mobile:block;--_gs-mw-mobile:calc(100% - 0 - 0);--_gs-columns:2;--_gs-rows:1\"><div class=\"grids-s-w_i\">\n<div class=\"grids-area\" style=\"--_ga-column:1\/2;--_ga-row:1\/2;--_ga-m-desktop:0 0 0 0;--_ga-p-desktop:0 0 0 0;--_ga-bg-desktop:transparent none;--_ga-zi-desktop:auto;--_ga-d-desktop:flex;--_ga-mw-desktop:calc(100% - 0 - 0);--_ga-m-tablet:0 0 0 0;--_ga-p-tablet:0 0 0 0;--_ga-bg-tablet:transparent none;--_ga-zi-tablet:auto;--_ga-d-tablet:flex;--_ga-mw-tablet:calc(100% - 0 - 0);--_ga-m-mobile:0 0 0 0;--_ga-p-mobile:0 0 0 0;--_ga-bg-mobile:transparent none;--_ga-zi-mobile:auto;--_ga-d-mobile:flex;--_ga-mw-mobile:calc(100% - 0 - 0)\">\n\n<div class=\"wp-block-image\"><figure class=\"aligncenter size-large\"><img loading=\"lazy\" decoding=\"async\" width=\"244\" height=\"171\" src=\"https:\/\/www.ardpylab.fr\/wp-content\/uploads\/2020\/03\/image-131.png\" alt=\"\" class=\"wp-image-1241\"\/><\/figure><\/div>\n\n<\/div>\n\n<div class=\"grids-area\" style=\"--_ga-column:2\/3;--_ga-row:1\/2;--_ga-m-desktop:0 0 0 0;--_ga-p-desktop:0 0 0 0;--_ga-bg-desktop:transparent none;--_ga-zi-desktop:auto;--_ga-d-desktop:flex;--_ga-mw-desktop:calc(100% - 0 - 0);--_ga-m-tablet:0 0 0 0;--_ga-p-tablet:0 0 0 0;--_ga-bg-tablet:transparent none;--_ga-zi-tablet:auto;--_ga-d-tablet:flex;--_ga-mw-tablet:calc(100% - 0 - 0);--_ga-m-mobile:0 0 0 0;--_ga-p-mobile:0 0 0 0;--_ga-bg-mobile:transparent none;--_ga-zi-mobile:auto;--_ga-d-mobile:flex;--_ga-mw-mobile:calc(100% - 0 - 0)\">\n\n<div class=\"wp-block-image\"><figure class=\"aligncenter size-large\"><img loading=\"lazy\" decoding=\"async\" width=\"244\" height=\"123\" src=\"https:\/\/www.ardpylab.fr\/wp-content\/uploads\/2020\/03\/image-132.png\" alt=\"\" class=\"wp-image-1242\"\/><\/figure><\/div>\n\n<\/div>\n<\/div><\/div>\n\n\n<p><br>On retrouve bien la valeur de la constante de la loi de Boyle-Mariotte d\u2019environ <strong>3,3<\/strong> kPa.L approxim\u00e9e pr\u00e9c\u00e9demment.<\/p>\n\n\n\n<p>\u00a0 \u00a0 \u00a0 \u00a0 \u00a0 \u00a0 \u00a0 \u00a0 \u00a0 \u00a0 \u00a0<\/p>\n\n\n<div  class=\"grids-section grids-is-stretch\" style=\"--_gs-gap-desktop:0px 0px;--_gs-m-desktop:0 0 0 0;--_gs-p-desktop:0 0 0 0;--_gs-bg-desktop:transparent none;--_gs-bg-xp-desktop:0px;--_gs-zi-desktop:auto;--_gs-d-desktop:block;--_gs-mw-desktop:calc(100% - 0 - 0);--_gs-gap-tablet:0px 0px;--_gs-m-tablet:0 0 0 0;--_gs-p-tablet:0 0 0 0;--_gs-bg-tablet:transparent none;--_gs-bg-xp-tablet:0px;--_gs-zi-tablet:auto;--_gs-d-tablet:block;--_gs-mw-tablet:calc(100% - 0 - 0);--_gs-gap-mobile:0px 0px;--_gs-m-mobile:0 0 0 0;--_gs-p-mobile:0 0 0 0;--_gs-bg-mobile:transparent none;--_gs-bg-xp-mobile:0px;--_gs-zi-mobile:auto;--_gs-d-mobile:block;--_gs-mw-mobile:calc(100% - 0 - 0);--_gs-columns:2;--_gs-rows:1\"><div class=\"grids-s-w_i\">\n<div class=\"grids-area\" style=\"--_ga-column:1\/2;--_ga-row:1\/2;--_ga-m-desktop:0 0 0 0;--_ga-p-desktop:0 0 0 0;--_ga-bg-desktop:transparent none;--_ga-zi-desktop:auto;--_ga-d-desktop:flex;--_ga-mw-desktop:calc(100% - 0 - 0);--_ga-m-tablet:0 0 0 0;--_ga-p-tablet:0 0 0 0;--_ga-bg-tablet:transparent none;--_ga-zi-tablet:auto;--_ga-d-tablet:flex;--_ga-mw-tablet:calc(100% - 0 - 0);--_ga-m-mobile:0 0 0 0;--_ga-p-mobile:0 0 0 0;--_ga-bg-mobile:transparent none;--_ga-zi-mobile:auto;--_ga-d-mobile:flex;--_ga-mw-mobile:calc(100% - 0 - 0)\">\n\n<div class=\"wp-block-image\"><figure class=\"alignleft size-large\"><a href=\"https:\/\/www.ardpylab.fr\/?page_id=1197\"><img loading=\"lazy\" decoding=\"async\" width=\"50\" height=\"28\" src=\"https:\/\/www.ardpylab.fr\/wp-content\/uploads\/2020\/03\/moins.jpg\" alt=\"\" class=\"wp-image-107\"\/><\/a><\/figure><\/div>\n\n<\/div>\n\n<div class=\"grids-area\" style=\"--_ga-column:2\/3;--_ga-row:1\/2;--_ga-m-desktop:0 0 0 0;--_ga-p-desktop:0 0 0 0;--_ga-bg-desktop:transparent none;--_ga-zi-desktop:auto;--_ga-d-desktop:flex;--_ga-mw-desktop:calc(100% - 0 - 0);--_ga-m-tablet:0 0 0 0;--_ga-p-tablet:0 0 0 0;--_ga-bg-tablet:transparent none;--_ga-zi-tablet:auto;--_ga-d-tablet:flex;--_ga-mw-tablet:calc(100% - 0 - 0);--_ga-m-mobile:0 0 0 0;--_ga-p-mobile:0 0 0 0;--_ga-bg-mobile:transparent none;--_ga-zi-mobile:auto;--_ga-d-mobile:flex;--_ga-mw-mobile:calc(100% - 0 - 0)\">\n\n<div class=\"wp-block-image\"><figure class=\"alignright size-large\"><a href=\"https:\/\/www.ardpylab.fr\/?page_id=1245\"><img loading=\"lazy\" decoding=\"async\" width=\"50\" height=\"28\" src=\"https:\/\/www.ardpylab.fr\/wp-content\/uploads\/2020\/03\/plus.jpg\" alt=\"\" class=\"wp-image-106\"\/><\/a><\/figure><\/div>\n\n<\/div>\n<\/div><\/div>\n\n\n\n","protected":false},"excerpt":{"rendered":"<p>\u201d V\u00e9rification de la loi de Boyle-Mariotte \u201d . Objectif L\u2019objectif de cette activit\u00e9 est de v\u00e9rifier la loi de Boyle-Mariotte \u00e0 l\u2019aide de notre capteur de pression MPX4250AP et de la seringue d\u2019un volume utile de 60 mL suivant le m\u00eame montage que l\u2019activit\u00e9 pr\u00e9c\u00e9dente. &nbsp; . \u00c9nonc\u00e9 de la loi de Boyle-Mariotte \u00c0 [&hellip;]<\/p>\n","protected":false},"author":1,"featured_media":0,"parent":0,"menu_order":0,"comment_status":"closed","ping_status":"closed","template":"","meta":{"footnotes":""},"class_list":["post-1210","page","type-page","status-publish","hentry"],"_links":{"self":[{"href":"https:\/\/www.ardpylab.fr\/index.php?rest_route=\/wp\/v2\/pages\/1210","targetHints":{"allow":["GET"]}}],"collection":[{"href":"https:\/\/www.ardpylab.fr\/index.php?rest_route=\/wp\/v2\/pages"}],"about":[{"href":"https:\/\/www.ardpylab.fr\/index.php?rest_route=\/wp\/v2\/types\/page"}],"author":[{"embeddable":true,"href":"https:\/\/www.ardpylab.fr\/index.php?rest_route=\/wp\/v2\/users\/1"}],"replies":[{"embeddable":true,"href":"https:\/\/www.ardpylab.fr\/index.php?rest_route=%2Fwp%2Fv2%2Fcomments&post=1210"}],"version-history":[{"count":3,"href":"https:\/\/www.ardpylab.fr\/index.php?rest_route=\/wp\/v2\/pages\/1210\/revisions"}],"predecessor-version":[{"id":5274,"href":"https:\/\/www.ardpylab.fr\/index.php?rest_route=\/wp\/v2\/pages\/1210\/revisions\/5274"}],"wp:attachment":[{"href":"https:\/\/www.ardpylab.fr\/index.php?rest_route=%2Fwp%2Fv2%2Fmedia&parent=1210"}],"curies":[{"name":"wp","href":"https:\/\/api.w.org\/{rel}","templated":true}]}}