{"id":1245,"date":"2020-03-28T12:40:13","date_gmt":"2020-03-28T11:40:13","guid":{"rendered":"http:\/\/www.ardpylab.fr\/?page_id=1245"},"modified":"2020-05-20T15:14:43","modified_gmt":"2020-05-20T13:14:43","slug":"pression-activite-4","status":"publish","type":"page","link":"https:\/\/www.ardpylab.fr\/?page_id=1245","title":{"rendered":"Pression &#8211; Activit\u00e9 4"},"content":{"rendered":"\n<h2 style=\"text-align: center;\"><em>\u201d <\/em><span style=\"text-decoration: underline;\"><em>Principe fondamental de la statique des fluides<\/em><\/span> <em>\u201d<br><br><\/em><\/h2>\n\n\n\n<h4><strong><span style=\"color: #3366ff;\">. <span style=\"text-decoration: underline;\">Objectif<\/span><\/span><\/strong><\/h4>\n<p>L\u2019objectif de cette activit\u00e9 est de d\u00e9termin\u00e9 la profondeur d\u2019immersion dans une colonne d\u2019eau d\u2019un tuyau reli\u00e9 \u00e0 un capteur de pression MPX4250AP en appliquant le principe fondamental de la statique des fluides au montage suivant&nbsp;:<\/p>\n\n\n\n<div class=\"wp-block-image\">\n<figure class=\"aligncenter size-large\"><img loading=\"lazy\" decoding=\"async\" class=\"wp-image-1248\" style=\"border: 3px solid #eeeeee; padding: 3px; margin: 3px;\" src=\"https:\/\/www.ardpylab.fr\/wp-content\/uploads\/2020\/03\/pression-circuit4.png\" alt=\"\" width=\"529\" height=\"368\"><\/figure>\n<\/div>\n<p>&nbsp;<\/p>\n\n\n\n<h4><span style=\"color: #3366ff;\"><strong>. <span style=\"text-decoration: underline;\">\u00c9nonc\u00e9 du principe<\/span><\/strong><span style=\"text-decoration: underline;\"> <strong>fondamental de la statique des fluides<\/strong><\/span><\/span><\/h4>\n<p>La statique des fluides constitue l\u2019\u00e9tude des fluides au repos.<\/p>\n<p>Les fluides se d\u00e9forment sous l\u2019effet de forces tr\u00e8s faibles, un fluide n\u2019a pas de forme propre.<\/p>\n<p>On distingue les liquides et les gaz :<\/p>\n<p style=\"padding-left: 40px;\">&#8211; Le liquide prend la forme du r\u00e9cipient qui le contient, mais il est incompressible (\u03c1 varie peu avec P et T).<\/p>\n<p style=\"padding-left: 40px;\">&#8211; Le gaz occupe tout le volume mis \u00e0 sa disposition et il est compressible (\u03c1 varie beaucoup avec P et T)<\/p>\n<p>La pression est la m\u00eame en tout point d\u2019un m\u00eame plan horizontal d\u2019un fluide homog\u00e8ne au repos.<\/p>\n<p>La diff\u00e9rence de pression (en Pa) entre deux points A et B (Cf. sch\u00e9ma ci-dessous) d\u2019un fluide homog\u00e8ne au repos est \u00e9gale \u00e0 :&nbsp;<\/p>\n\n\n\n<figure class=\"wp-block-image size-large\"><img loading=\"lazy\" decoding=\"async\" width=\"517\" height=\"400\" src=\"https:\/\/www.ardpylab.fr\/wp-content\/uploads\/2020\/03\/image-135.png\" alt=\"\" class=\"wp-image-1262\" srcset=\"https:\/\/www.ardpylab.fr\/wp-content\/uploads\/2020\/03\/image-135.png 517w, https:\/\/www.ardpylab.fr\/wp-content\/uploads\/2020\/03\/image-135-300x232.png 300w\" sizes=\"auto, (max-width: 517px) 100vw, 517px\" \/><\/figure>\n\n\n\n<p>&nbsp;<\/p>\n<h4><span style=\"color: #3366ff;\"><strong>. <span style=\"text-decoration: underline;\">Descriptif de l\u2019activit\u00e9<\/span><\/strong><\/span><\/h4>\n<p>Apr\u00e8s avoir positionn\u00e9 le tuyau au niveau du point A, constituant l\u2019origine du rep\u00e8re (Z<sub>A<\/sub>=0), et mesur\u00e9 la pression P<sub>A<\/sub> de ce point, on d\u00e9placera l\u2019extr\u00e9mit\u00e9 du tuyau (Point B) dans la colonne d\u2019eau. Le microcontr\u00f4leur mesurera en continu la pression du point B et calculera la distance (en m) entre les 2 points&nbsp;:<\/p>\n\n\n\n<figure class=\"wp-block-image size-large\"><img loading=\"lazy\" decoding=\"async\" width=\"415\" height=\"191\" src=\"https:\/\/www.ardpylab.fr\/wp-content\/uploads\/2020\/03\/image-134.png\" alt=\"\" class=\"wp-image-1255\" srcset=\"https:\/\/www.ardpylab.fr\/wp-content\/uploads\/2020\/03\/image-134.png 415w, https:\/\/www.ardpylab.fr\/wp-content\/uploads\/2020\/03\/image-134-300x138.png 300w\" sizes=\"auto, (max-width: 415px) 100vw, 415px\" \/><\/figure>\n\n\n\n<p><u><br>Remarque<\/u>&nbsp;:<\/p>\n<p style=\"padding-left: 40px;\">La sensibilit\u00e9 du capteur de pression MPX4250AP est de 20 mv\/kPa.<\/p>\n<p style=\"padding-left: 40px;\">La r\u00e9solution par d\u00e9faut du convertisseur analogique\/num\u00e9rique de l&rsquo;Arduino \u00e9tant de l&rsquo;ordre de 5 mV, il est possible de mesurer des diff\u00e9rences de pression de 0,25 kPa, soit une diff\u00e9rence de profondeur d\u2019immersion (dz) d\u2019environ 0,025 m (2,5 cm).<\/p>\n<p style=\"padding-left: 40px;\">La pr\u00e9cision de la mesure de \u0394z (Z<sub>B<\/sub> &#8211; Z<sub>A<\/sub>) sera donc de \u00b1 2,5 cm.<\/p>\n\n\n\n<p>\u00a0<\/p>\n<h4><span style=\"color: #3366ff;\"><strong><a id=\"prog\"><\/a>. <\/strong><span style=\"text-decoration: underline;\"><strong>Le programme<\/strong><\/span><\/span><\/h4>\n<p>Voici <a href=\"https:\/\/www.ardpylab.fr\/downloads\/pression\/activity4.zip\" data-wplink-url-error=\"true\">le code de l\u2019activit\u00e9<\/a> :<\/p>\n\n\n\n<figure class=\"wp-block-image size-large\"><a href=\"https:\/\/www.ardpylab.fr\/downloads\/pression\/Activity4\/Activity4.ino\"><img loading=\"lazy\" decoding=\"async\" width=\"560\" height=\"697\" src=\"https:\/\/www.ardpylab.fr\/wp-content\/uploads\/2020\/03\/pression-code4.png\" alt=\"\" class=\"wp-image-1265\" srcset=\"https:\/\/www.ardpylab.fr\/wp-content\/uploads\/2020\/03\/pression-code4.png 560w, https:\/\/www.ardpylab.fr\/wp-content\/uploads\/2020\/03\/pression-code4-241x300.png 241w\" sizes=\"auto, (max-width: 560px) 100vw, 560px\" \/><\/a><\/figure>\n\n\n\n<figure class=\"wp-block-image size-large\"><a href=\"https:\/\/www.ardpylab.fr\/downloads\/pression\/Activity4\/Activity4.ino\"><img loading=\"lazy\" decoding=\"async\" width=\"520\" height=\"715\" src=\"https:\/\/www.ardpylab.fr\/wp-content\/uploads\/2020\/03\/pression-code4b.png\" alt=\"\" class=\"wp-image-1266\" srcset=\"https:\/\/www.ardpylab.fr\/wp-content\/uploads\/2020\/03\/pression-code4b.png 520w, https:\/\/www.ardpylab.fr\/wp-content\/uploads\/2020\/03\/pression-code4b-218x300.png 218w\" sizes=\"auto, (max-width: 520px) 100vw, 520px\" \/><\/a><\/figure>\n\n\n\n<p><strong><u>D\u00e9roulement du programme<\/u><\/strong><strong>&nbsp;:<\/strong><\/p>\n<p>&#8211; 1. D\u00e9claration des constantes et variables&nbsp;:<\/p>\n<p style=\"padding-left: 40px;\">.&nbsp;<strong>const int PinSensor = 0<\/strong>&nbsp; &nbsp; (broche du capteur de pression)<\/p>\n<p style=\"padding-left: 40px;\"><strong>. const int PinButton = 12<\/strong>&nbsp; &nbsp;(broche du bouton poussoir)<\/p>\n<p style=\"padding-left: 40px;\">.&nbsp;<strong>int ValSensor = 0&nbsp;<\/strong>&nbsp; (variable nombre entier pour stocker la valeur de la broche du capteur)<\/p>\n<p style=\"padding-left: 40px;\">.&nbsp;<strong>float tension = 0.0&nbsp; &nbsp;<\/strong>(variable nombre d\u00e9cimal pour stocker le r\u00e9sultat du calcul de la tension de la broche du capteur)<\/p>\n<p style=\"padding-left: 40px;\"><strong>. float Pression = 0.0&nbsp; &nbsp;<\/strong>(variable nombre d\u00e9cimal pour stocker le r\u00e9sultat du calcul de la pression)<\/p>\n<p style=\"padding-left: 40px;\"><strong>. float Pref = 0.0&nbsp; &nbsp; <\/strong>(variable nombre d\u00e9cimal pour stocker la valeur de la pression du point de r\u00e9f\u00e9rence)<\/p>\n<p style=\"padding-left: 40px;\"><strong>. float Dz=0.0&nbsp; <\/strong>(variable nombre d\u00e9cimal pour stocker la valeur de la profondeur en cm)<\/p>\n<p style=\"padding-left: 40px;\"><strong>. float OldDz = 0.0&nbsp;&nbsp;&nbsp;&nbsp; <\/strong>(variable nombre d\u00e9cimal pour stocker l&rsquo;ancienne valeur de la profondeur en cm)<\/p>\n<p style=\"padding-left: 40px;\"><strong>. int ValButton = 0&nbsp; &nbsp;<\/strong>(variable nombre entier pour stocker la valeur de la broche du bouton poussoir)<\/p>\n<p style=\"padding-left: 40px;\"><strong>. int OldValButton = 0<\/strong>&nbsp; &nbsp; (variable nombre entier pour stocker la valeur pr\u00e9c\u00e9dente de la broche du bouton poussoir)<\/p>\n<p style=\"padding-left: 40px;\"><strong>. int State = 0&nbsp; &nbsp; <\/strong>(variable nombre entier correspondant \u00e0 l\u2019action \u00e0 effectuer)<\/p>\n<p style=\"padding-left: 40px;\"><strong>. int OldState = 0&nbsp; &nbsp;<\/strong>(variable nombre entier correspondant \u00e0 l\u2019action effectu\u00e9e pr\u00e9c\u00e9demment)<\/p>\n<p style=\"padding-left: 40px;\"><strong>. boolean BtnAppui = false&nbsp;&nbsp;&nbsp; <\/strong>(variable bool\u00e9enne indiquant un appui sur le bouton poussoir)<br><br><\/p>\n<p>&#8211; 2. Initialisation des entr\u00e9es et sorties&nbsp;:<\/p>\n<p style=\"padding-left: 40px;\"><strong>. Initialisation de la liaison s\u00e9rie \u00e0 un d\u00e9bit de 9600 bauds<\/strong><\/p>\n<p style=\"padding-left: 40px;\"><strong>. Initialisation de la broche du bouton poussoir en entr\u00e9e<\/strong><\/p>\n<p style=\"padding-left: 40px;\"><strong>. Mesure de la pression au point de r\u00e9f\u00e9rence (Z<sub>A<\/sub>=0)<br><br><\/strong><\/p>\n<p>&#8211; 3. Fonction principale en boucle&nbsp;<br><br><\/p>\n\n\n\n<figure class=\"wp-block-image size-large is-resized\"><img loading=\"lazy\" decoding=\"async\" src=\"https:\/\/www.ardpylab.fr\/wp-content\/uploads\/2020\/03\/pression-algo4-761x1024.jpg\" alt=\"\" class=\"wp-image-1268\" width=\"876\" height=\"1178\" srcset=\"https:\/\/www.ardpylab.fr\/wp-content\/uploads\/2020\/03\/pression-algo4-761x1024.jpg 761w, https:\/\/www.ardpylab.fr\/wp-content\/uploads\/2020\/03\/pression-algo4-223x300.jpg 223w, https:\/\/www.ardpylab.fr\/wp-content\/uploads\/2020\/03\/pression-algo4-768x1034.jpg 768w, https:\/\/www.ardpylab.fr\/wp-content\/uploads\/2020\/03\/pression-algo4-1141x1536.jpg 1141w, https:\/\/www.ardpylab.fr\/wp-content\/uploads\/2020\/03\/pression-algo4-scaled.jpg 1902w\" sizes=\"auto, (max-width: 876px) 100vw, 876px\" \/><\/figure>\n\n\n\n<p><strong><u>R\u00e9sultats dans le moniteur s\u00e9rie<\/u>&nbsp;:<\/strong><\/p>\n\n\n\n<div class=\"wp-block-image\"><figure class=\"aligncenter size-large\"><img loading=\"lazy\" decoding=\"async\" width=\"547\" height=\"462\" src=\"https:\/\/www.ardpylab.fr\/wp-content\/uploads\/2020\/03\/pression-ms4.png\" alt=\"\" class=\"wp-image-1272\" srcset=\"https:\/\/www.ardpylab.fr\/wp-content\/uploads\/2020\/03\/pression-ms4.png 547w, https:\/\/www.ardpylab.fr\/wp-content\/uploads\/2020\/03\/pression-ms4-300x253.png 300w\" sizes=\"auto, (max-width: 547px) 100vw, 547px\" \/><\/figure><\/div>\n\n\n\n<p><br \/>Pour la premi\u00e8re mesure, la profondeur r\u00e9elle par rapport \u00e0 l\u2019origine du rep\u00e8re \u00e9tait de 12 cm. Et pour la deuxi\u00e8me, elle \u00e9tait de 30 cm.<\/p>\n<p>Les mesures ne sont donc pas tr\u00e8s pr\u00e9cises mais l\u2019ordre de grandeur est respect\u00e9.<\/p>\n<p>\u00a0 \u00a0 \u00a0 \u00a0\u00a0<\/p>\n\n\n<div  class=\"grids-section grids-is-stretch\" style=\"--_gs-gap-desktop:0px 0px;--_gs-m-desktop:0 0 0 0;--_gs-p-desktop:0 0 0 0;--_gs-bg-desktop:transparent none;--_gs-bg-xp-desktop:0px;--_gs-zi-desktop:auto;--_gs-d-desktop:block;--_gs-mw-desktop:calc(100% - 0 - 0);--_gs-gap-tablet:0px 0px;--_gs-m-tablet:0 0 0 0;--_gs-p-tablet:0 0 0 0;--_gs-bg-tablet:transparent none;--_gs-bg-xp-tablet:0px;--_gs-zi-tablet:auto;--_gs-d-tablet:block;--_gs-mw-tablet:calc(100% - 0 - 0);--_gs-gap-mobile:0px 0px;--_gs-m-mobile:0 0 0 0;--_gs-p-mobile:0 0 0 0;--_gs-bg-mobile:transparent none;--_gs-bg-xp-mobile:0px;--_gs-zi-mobile:auto;--_gs-d-mobile:block;--_gs-mw-mobile:calc(100% - 0 - 0);--_gs-columns:2;--_gs-rows:1\"><div class=\"grids-s-w_i\">\n<div class=\"grids-area\" style=\"--_ga-column:1\/2;--_ga-row:1\/2;--_ga-m-desktop:0 0 0 0;--_ga-p-desktop:0 0 0 0;--_ga-bg-desktop:transparent none;--_ga-zi-desktop:auto;--_ga-d-desktop:flex;--_ga-mw-desktop:calc(100% - 0 - 0);--_ga-m-tablet:0 0 0 0;--_ga-p-tablet:0 0 0 0;--_ga-bg-tablet:transparent none;--_ga-zi-tablet:auto;--_ga-d-tablet:flex;--_ga-mw-tablet:calc(100% - 0 - 0);--_ga-m-mobile:0 0 0 0;--_ga-p-mobile:0 0 0 0;--_ga-bg-mobile:transparent none;--_ga-zi-mobile:auto;--_ga-d-mobile:flex;--_ga-mw-mobile:calc(100% - 0 - 0)\">\n\n<div class=\"wp-block-image\"><figure class=\"alignleft size-large\"><a href=\"https:\/\/www.ardpylab.fr\/?page_id=1210\"><img loading=\"lazy\" decoding=\"async\" width=\"50\" height=\"28\" src=\"https:\/\/www.ardpylab.fr\/wp-content\/uploads\/2020\/03\/moins.jpg\" alt=\"\" class=\"wp-image-107\"\/><\/a><\/figure><\/div>\n\n<\/div>\n\n<div class=\"grids-area\" style=\"--_ga-column:2\/3;--_ga-row:1\/2;--_ga-m-desktop:0 0 0 0;--_ga-p-desktop:0 0 0 0;--_ga-bg-desktop:transparent none;--_ga-zi-desktop:auto;--_ga-d-desktop:flex;--_ga-mw-desktop:calc(100% - 0 - 0);--_ga-m-tablet:0 0 0 0;--_ga-p-tablet:0 0 0 0;--_ga-bg-tablet:transparent none;--_ga-zi-tablet:auto;--_ga-d-tablet:flex;--_ga-mw-tablet:calc(100% - 0 - 0);--_ga-m-mobile:0 0 0 0;--_ga-p-mobile:0 0 0 0;--_ga-bg-mobile:transparent none;--_ga-zi-mobile:auto;--_ga-d-mobile:flex;--_ga-mw-mobile:calc(100% - 0 - 0)\">\n\n<div class=\"wp-block-image\"><figure class=\"alignright size-large\"><a href=\"https:\/\/www.ardpylab.fr\/?page_id=1295\"><img loading=\"lazy\" decoding=\"async\" width=\"50\" height=\"28\" src=\"https:\/\/www.ardpylab.fr\/wp-content\/uploads\/2020\/03\/plus.jpg\" alt=\"\" class=\"wp-image-106\"\/><\/a><\/figure><\/div>\n\n<\/div>\n<\/div><\/div>","protected":false},"excerpt":{"rendered":"<p>\u201d Principe fondamental de la statique des fluides \u201d . Objectif L\u2019objectif de cette activit\u00e9 est de d\u00e9termin\u00e9 la profondeur d\u2019immersion dans une colonne d\u2019eau d\u2019un tuyau reli\u00e9 \u00e0 un capteur de pression MPX4250AP en appliquant le principe fondamental de la statique des fluides au montage suivant&nbsp;: &nbsp; . \u00c9nonc\u00e9 du principe fondamental de la [&hellip;]<\/p>\n","protected":false},"author":1,"featured_media":0,"parent":0,"menu_order":0,"comment_status":"closed","ping_status":"closed","template":"","meta":{"footnotes":""},"class_list":["post-1245","page","type-page","status-publish","hentry"],"_links":{"self":[{"href":"https:\/\/www.ardpylab.fr\/index.php?rest_route=\/wp\/v2\/pages\/1245","targetHints":{"allow":["GET"]}}],"collection":[{"href":"https:\/\/www.ardpylab.fr\/index.php?rest_route=\/wp\/v2\/pages"}],"about":[{"href":"https:\/\/www.ardpylab.fr\/index.php?rest_route=\/wp\/v2\/types\/page"}],"author":[{"embeddable":true,"href":"https:\/\/www.ardpylab.fr\/index.php?rest_route=\/wp\/v2\/users\/1"}],"replies":[{"embeddable":true,"href":"https:\/\/www.ardpylab.fr\/index.php?rest_route=%2Fwp%2Fv2%2Fcomments&post=1245"}],"version-history":[{"count":1,"href":"https:\/\/www.ardpylab.fr\/index.php?rest_route=\/wp\/v2\/pages\/1245\/revisions"}],"predecessor-version":[{"id":5296,"href":"https:\/\/www.ardpylab.fr\/index.php?rest_route=\/wp\/v2\/pages\/1245\/revisions\/5296"}],"wp:attachment":[{"href":"https:\/\/www.ardpylab.fr\/index.php?rest_route=%2Fwp%2Fv2%2Fmedia&parent=1245"}],"curies":[{"name":"wp","href":"https:\/\/api.w.org\/{rel}","templated":true}]}}