{"id":1357,"date":"2020-03-28T18:57:17","date_gmt":"2020-03-28T17:57:17","guid":{"rendered":"http:\/\/www.ardpylab.fr\/?page_id=1357"},"modified":"2020-05-21T18:03:37","modified_gmt":"2020-05-21T16:03:37","slug":"condensateurs-et-dipoles-rc-activite-1","status":"publish","type":"page","link":"https:\/\/www.ardpylab.fr\/?page_id=1357","title":{"rendered":"Dip\u00f4les RC &#8211; Activit\u00e9 1"},"content":{"rendered":"\n<h2 style=\"text-align: center;\"><em>\u201d <span style=\"text-decoration: underline;\">Etude de la charge d\u2019un condensateur <br><\/span><\/em><em><span style=\"text-decoration: underline;\">d\u2019un dip\u00f4le RC<\/span> \u201d<\/em><\/h2>\n\n\n\n<h4>&nbsp;<\/h4>\n<h4><strong><span style=\"color: #3366ff;\">. <span style=\"text-decoration: underline;\">Objectif<\/span><\/span><\/strong><\/h4>\n<p>L\u2019objectif de l\u2019activit\u00e9 est suivre l\u2019\u00e9volution temporelle de la tension aux bornes du condensateur lors de sa charge afin de v\u00e9rifier la relation&nbsp;:<\/p>\n\n\n\n<figure class=\"wp-block-image size-large\" style=\"padding-left: 40px;\"><img loading=\"lazy\" decoding=\"async\" width=\"184\" height=\"35\" class=\"wp-image-1340\" src=\"https:\/\/www.ardpylab.fr\/wp-content\/uploads\/2020\/03\/image-156.png\" alt=\"\"><\/figure>\n\n\n\n<p>&nbsp;<\/p>\n<h4><span style=\"color: #3366ff;\"><strong>. <span style=\"text-decoration: underline;\">Le circuit<\/span><\/strong><\/span><\/h4>\n<p>L\u2019activit\u00e9 sera r\u00e9alis\u00e9e avec le circuit suivant&nbsp;:&nbsp;<\/p>\n\n\n\n<div class=\"wp-block-image\">\n<figure class=\"aligncenter size-large\"><img loading=\"lazy\" decoding=\"async\" class=\"wp-image-1363 aligncenter\" style=\"border: 3px solid #eeeeee; padding: 3px; margin: 3px;\" src=\"https:\/\/www.ardpylab.fr\/wp-content\/uploads\/2020\/03\/rc-circuit1.png\" alt=\"\" width=\"554\" height=\"314\" srcset=\"https:\/\/www.ardpylab.fr\/wp-content\/uploads\/2020\/03\/rc-circuit1.png 904w, https:\/\/www.ardpylab.fr\/wp-content\/uploads\/2020\/03\/rc-circuit1-300x170.png 300w, https:\/\/www.ardpylab.fr\/wp-content\/uploads\/2020\/03\/rc-circuit1-768x436.png 768w\" sizes=\"auto, (max-width: 554px) 100vw, 554px\" \/><\/figure>\n<\/div>\n\n\n\n<p><span style=\"color: #3366ff;\"><strong><br>. <u>Liste des composants<\/u>&nbsp;:<\/strong><\/span><\/p>\n<p style=\"padding-left: 40px;\">. 1 <a href=\"https:\/\/www.ardpylab.fr\/?page_id=1295\/#anc1\" data-wplink-url-error=\"true\">condensateur<\/a> de 100 \u00b5F (C chimique&nbsp;:&nbsp;<strong>attention \u00e0 la polarit\u00e9<\/strong><strong>)<br><\/strong>. 2 <a href=\"https:\/\/www.ardpylab.fr\/downloads\/docs\/R10.pdf\" data-wplink-url-error=\"true\">r\u00e9sistances de 10 k\u03a9<\/a> (r\u00e9sistance du bouton poussoir et du dip\u00f4le RC)<br>. 1 <a href=\"https:\/\/www.ardpylab.fr\/downloads\/docs\/btnpush.pdf\" data-wplink-url-error=\"true\">bouton poussoir<\/a><br>. 1 <a href=\"https:\/\/www.ardpylab.fr\/downloads\/docs\/breadboard.pdf\" data-wplink-url-error=\"true\">plaque d&rsquo;essais<\/a><br>. <a href=\"https:\/\/www.ardpylab.fr\/downloads\/docs\/fils-connexion.pdf\" data-wplink-url-error=\"true\">Fils de connexion<\/a><\/p>\n\n\n\n<p>&nbsp;<\/p>\n<p>Dans ce montage, La carte Arduino est utilis\u00e9e :<\/p>\n<p>. pour appliquer une tension de 5 volts aux bornes du dip\u00f4le r\u00e9sistance &#8211; condensateur gr\u00e2ce \u00e0 une sortie num\u00e9rique (broche 2),<\/p>\n<p>. pour mesurer la tension aux bornes du condensateur \u00e0 l&rsquo;aide d&rsquo;une entr\u00e9e analogique (broche A0).<\/p>\n\n\n\n<div class=\"wp-block-image\"><figure class=\"aligncenter size-large\"><img loading=\"lazy\" decoding=\"async\" width=\"294\" height=\"159\" src=\"https:\/\/www.ardpylab.fr\/wp-content\/uploads\/2020\/03\/image-164.png\" alt=\"\" class=\"wp-image-1367\"\/><\/figure><\/div>\n\n\n\n<p>Suivant l\u2019\u00e9tat logique de broche N\u00b02 d\u00e9clar\u00e9e en sortie num\u00e9rique, le sch\u00e9ma \u00e9lectrique sera \u00e9quivalent \u00e0&nbsp;:<\/p>\n\n\n\n<div class=\"wp-block-image\"><figure class=\"aligncenter size-large\"><img loading=\"lazy\" decoding=\"async\" width=\"513\" height=\"178\" src=\"https:\/\/www.ardpylab.fr\/wp-content\/uploads\/2020\/03\/image-165.png\" alt=\"\" class=\"wp-image-1369\" srcset=\"https:\/\/www.ardpylab.fr\/wp-content\/uploads\/2020\/03\/image-165.png 513w, https:\/\/www.ardpylab.fr\/wp-content\/uploads\/2020\/03\/image-165-300x104.png 300w\" sizes=\"auto, (max-width: 513px) 100vw, 513px\" \/><\/figure><\/div>\n\n\n\n<p>Avec un Arduino, pour obtenir des mesures suffisamment pr\u00e9cises, il faut utiliser un dip\u00f4le RC conduisant \u00e0 des constantes de temps longues&nbsp;(quelques centaines de millisecondes au minimum).<\/p>\n\n\n\n<p>&nbsp;<\/p>\n<h4><strong>. <span style=\"color: #3366ff;\">Descriptif&nbsp;de l\u2019activit\u00e9<\/span><\/strong><\/h4>\n<p>Apr\u00e8s avoir d\u00e9charg\u00e9 le condensateur, la mesure de la tension aux bornes du condensateur U<sub>c<\/sub>, lors de la charge, \u00e0 l&rsquo;aide de l\u2019entr\u00e9e analogique A0 est lanc\u00e9e, \u00e0 t = 0 s, par un appui sur le bouton poussoir.<\/p>\n<p>La valeur de la tension en V est affich\u00e9e dans le moniteur s\u00e9rie toutes les 100 ms.<\/p>\n<p>Les mesures sont arr\u00eat\u00e9es en appuyant sur le bouton poussoir. Le condensateur est alors d\u00e9charg\u00e9 afin de pouvoir effectuer de nouvelles mesures en appuyant de nouveau sur le bouton poussoir.<\/p>\n<p>Il est donc possible d\u2019acqu\u00e9rir des couples de donn\u00e9es (t, U<sub>c<\/sub>) afin de v\u00e9rifier la relation U<sub>c<\/sub>= f(t) th\u00e9orique.<\/p>\n\n\n\n<p>\u00a0<\/p>\n<h4><span style=\"color: #3366ff;\"><strong><a id=\"prog\"><\/a>. Le programme<\/strong><\/span><\/h4>\n<p>Voici <a href=\"https:\/\/www.ardpylab.fr\/downloads\/circuit-rc\/activity1.zip\" data-wplink-url-error=\"true\">le code de l\u2019activit\u00e9<\/a> :<\/p>\n\n\n\n<figure class=\"wp-block-image size-large\"><a href=\"https:\/\/www.ardpylab.fr\/downloads\/circuit-rc\/Activity1\/Activity1.ino\"><img loading=\"lazy\" decoding=\"async\" width=\"560\" height=\"685\" src=\"https:\/\/www.ardpylab.fr\/wp-content\/uploads\/2020\/03\/rc-code1.png\" alt=\"\" class=\"wp-image-1371\" srcset=\"https:\/\/www.ardpylab.fr\/wp-content\/uploads\/2020\/03\/rc-code1.png 560w, https:\/\/www.ardpylab.fr\/wp-content\/uploads\/2020\/03\/rc-code1-245x300.png 245w\" sizes=\"auto, (max-width: 560px) 100vw, 560px\" \/><\/a><\/figure>\n\n\n\n<figure class=\"wp-block-image size-large\"><a href=\"https:\/\/www.ardpylab.fr\/downloads\/circuit-rc\/Activity1\/Activity1.ino\"><img loading=\"lazy\" decoding=\"async\" width=\"485\" height=\"685\" src=\"https:\/\/www.ardpylab.fr\/wp-content\/uploads\/2020\/03\/rc-code2.png\" alt=\"\" class=\"wp-image-1372\" srcset=\"https:\/\/www.ardpylab.fr\/wp-content\/uploads\/2020\/03\/rc-code2.png 485w, https:\/\/www.ardpylab.fr\/wp-content\/uploads\/2020\/03\/rc-code2-212x300.png 212w\" sizes=\"auto, (max-width: 485px) 100vw, 485px\" \/><\/a><\/figure>\n\n\n\n<p>&nbsp;<\/p>\n<p><strong><u>D\u00e9roulement du programme<\/u>&nbsp;:<\/strong><\/p>\n<p>&#8211; 1. D\u00e9claration des constantes et variables&nbsp;:<\/p>\n<p style=\"padding-left: 40px;\">. <strong>const int PinUc = 0<\/strong>&nbsp; &nbsp; &nbsp;(broche du condensateur : A0)<\/p>\n<p style=\"padding-left: 40px;\"><strong>. const int PinButton = 12<\/strong>&nbsp; &nbsp;(broche du bouton poussoir)<\/p>\n<p style=\"padding-left: 40px;\">. <strong>const int PinAlimC = 2<\/strong>&nbsp; &nbsp; (broche d\u2019alimentation du dip\u00f4le RC)<\/p>\n<p style=\"padding-left: 40px;\">. <strong>int ValPinUc = 0 <\/strong>&nbsp; &nbsp;(variable nombre entier pour stocker la valeur de la broche du condensateur)<\/p>\n<p style=\"padding-left: 40px;\">. <strong>float Uc = 0.0&nbsp; &nbsp; &nbsp;<\/strong>(variable nombre d\u00e9cimal pour stocker le r\u00e9sultat du calcul de la tension Uc)<\/p>\n<p style=\"padding-left: 40px;\"><strong>. unsigned long t0&nbsp; &nbsp;<\/strong>(variable nombre entier long pour stocker la date du d\u00e9but de charge )<\/p>\n<p style=\"padding-left: 40px;\"><strong>. float dt&nbsp; &nbsp;<\/strong>(variable nombre d\u00e9cimal pour stocker la diff\u00e9rence de temps entre les mesures de Uc)<\/p>\n<p style=\"padding-left: 40px;\"><strong>. int ValButton = 0&nbsp; &nbsp;<\/strong>(variable nombre entier pour stocker la valeur de la broche du bouton poussoir)<\/p>\n<p style=\"padding-left: 40px;\"><strong>. int OldValButton = 0<\/strong>&nbsp; &nbsp; (variable nombre entier pour stocker la valeur pr\u00e9c\u00e9dente de la broche du bouton poussoir)<\/p>\n<p style=\"padding-left: 40px;\"><strong>. int State = 0&nbsp; &nbsp; <\/strong>(variable nombre entier correspondant \u00e0 l\u2019action \u00e0 effectuer)<\/p>\n<p style=\"padding-left: 40px;\"><strong>. int OldState = 0&nbsp; &nbsp;<\/strong>(variable nombre entier correspondant \u00e0 l\u2019action effectu\u00e9e pr\u00e9c\u00e9demment)<br><br><\/p>\n<p>&#8211; 2. D\u00e9claration de fonctions :<\/p>\n<p>&#8211;&gt; Fonction permettant de d\u00e9charger le condensateur :<\/p>\n<p style=\"padding-left: 40px;\">&#8211; Mise \u00e0 niveau bas de la broche d\u2019alimentation du dip\u00f4le RC&nbsp;:<br><strong>digitalWrite(PinAlimC, LOW)<\/strong><\/p>\n<p style=\"padding-left: 40px;\">&#8211; Attente de la fin de la d\u00e9charge du condensateur&nbsp;:<br><strong>while (analogRead(PinUC) &gt; 0) <\/strong>)<br><br><\/p>\n<p>&#8211; 3. Initialisation des entr\u00e9es et sorties&nbsp;:<\/p>\n<p style=\"padding-left: 40px;\"><strong>. Initialisation de la liaison s\u00e9rie \u00e0 un d\u00e9bit de 9600 bauds,<\/strong><\/p>\n<p style=\"padding-left: 40px;\"><strong>. Initialisation de la broche du bouton poussoir en entr\u00e9e,<\/strong><\/p>\n<p style=\"padding-left: 40px;\"><strong>. Initialisation de la broche d\u2019alimentation du dip\u00f4le RC en sortie,<\/strong><\/p>\n<p style=\"padding-left: 40px;\"><strong>. D\u00e9charge du condensateur.<br><br><\/strong><\/p>\n<p>&#8211; 4. Fonction principale en boucle&nbsp;:<\/p>\n\n\n\n<figure class=\"wp-block-image size-large is-resized\"><img loading=\"lazy\" decoding=\"async\" src=\"https:\/\/www.ardpylab.fr\/wp-content\/uploads\/2020\/03\/rc-algo1-772x1024.png\" alt=\"\" class=\"wp-image-1382\" width=\"840\" height=\"1114\" srcset=\"https:\/\/www.ardpylab.fr\/wp-content\/uploads\/2020\/03\/rc-algo1-772x1024.png 772w, https:\/\/www.ardpylab.fr\/wp-content\/uploads\/2020\/03\/rc-algo1-226x300.png 226w, https:\/\/www.ardpylab.fr\/wp-content\/uploads\/2020\/03\/rc-algo1-768x1018.png 768w, https:\/\/www.ardpylab.fr\/wp-content\/uploads\/2020\/03\/rc-algo1-1158x1536.png 1158w, https:\/\/www.ardpylab.fr\/wp-content\/uploads\/2020\/03\/rc-algo1-1544x2048.png 1544w\" sizes=\"auto, (max-width: 840px) 100vw, 840px\" \/><\/figure>\n\n\n\n<p><u>Remarque<\/u>&nbsp;:<\/p>\n<p>La fonction <strong>\u00ab\u00a0<\/strong><strong>micros()<\/strong><strong>\u00a0\u00bb <\/strong>renvoie le nombre de microsecondes, sous la forme d&rsquo;un nombre de type unsigned long, depuis que la carte Arduino a d\u00e9marr\u00e9 le programme en cours. Ce nombre repasse \u00e0 0 apr\u00e8s approximativement 70 minutes.<\/p>\n<p><u>Syntaxe<\/u>&nbsp;:<\/p>\n<p style=\"padding-left: 40px;\">v<strong>ariable_unsigned_long = micros();<\/strong><\/p>\n\n\n\n<p>&nbsp;<\/p>\n<p><strong><u>R\u00e9sultats dans le moniteur s\u00e9rie :<\/u><\/strong><\/p>\n\n\n\n<figure class=\"wp-block-image size-large\"><img loading=\"lazy\" decoding=\"async\" width=\"547\" height=\"648\" src=\"https:\/\/www.ardpylab.fr\/wp-content\/uploads\/2020\/03\/rc-ms1.png\" alt=\"\" class=\"wp-image-1384\" srcset=\"https:\/\/www.ardpylab.fr\/wp-content\/uploads\/2020\/03\/rc-ms1.png 547w, https:\/\/www.ardpylab.fr\/wp-content\/uploads\/2020\/03\/rc-ms1-253x300.png 253w\" sizes=\"auto, (max-width: 547px) 100vw, 547px\" \/><\/figure>\n\n\n\n<p>\u00a0<\/p>\n<h4><strong><span style=\"color: #3366ff;\"><a id=\"exploit\"><\/a>. <u>Exploitation des mesures<\/u>\u00a0:<\/span><\/strong><\/h4>\n<p>Pour exploiter les mesures, il suffit de s\u00e9lectionner et de copier toutes les donn\u00e9es \u00e0 partir du moniteur s\u00e9rie et d\u2019ouvrir un <a href=\"https:\/\/www.ardpylab.fr\/downloads\/circuit-rc\/chargec.zip\" data-wplink-url-error=\"true\">nouveau fichier<\/a> dans Regressi \u00e0 partir du \u201dPresse-papier\u201d<strong>.<\/strong><\/p>\n\n\n\n<div class=\"wp-block-image\"><figure class=\"aligncenter size-large\"><img loading=\"lazy\" decoding=\"async\" width=\"231\" height=\"409\" src=\"https:\/\/www.ardpylab.fr\/wp-content\/uploads\/2020\/03\/image-166.png\" alt=\"\" class=\"wp-image-1386\" srcset=\"https:\/\/www.ardpylab.fr\/wp-content\/uploads\/2020\/03\/image-166.png 231w, https:\/\/www.ardpylab.fr\/wp-content\/uploads\/2020\/03\/image-166-169x300.png 169w\" sizes=\"auto, (max-width: 231px) 100vw, 231px\" \/><\/figure><\/div>\n\n\n\n<p>On peut alors tracer le graphe repr\u00e9sentant la tension aux bornes du condensateur en fonction du temps :<\/p>\n\n\n\n<div class=\"wp-block-image\">\n<figure class=\"aligncenter size-large\"><img loading=\"lazy\" decoding=\"async\" width=\"1024\" height=\"592\" class=\"wp-image-1387 aligncenter\" style=\"border: 3px solid #eeeeee; padding: 3px; margin: 3px;\" src=\"https:\/\/www.ardpylab.fr\/wp-content\/uploads\/2020\/03\/rc-exploit1-1024x592.png\" alt=\"\" srcset=\"https:\/\/www.ardpylab.fr\/wp-content\/uploads\/2020\/03\/rc-exploit1-1024x592.png 1024w, https:\/\/www.ardpylab.fr\/wp-content\/uploads\/2020\/03\/rc-exploit1-300x174.png 300w, https:\/\/www.ardpylab.fr\/wp-content\/uploads\/2020\/03\/rc-exploit1-768x444.png 768w, https:\/\/www.ardpylab.fr\/wp-content\/uploads\/2020\/03\/rc-exploit1.png 1407w\" sizes=\"auto, (max-width: 1024px) 100vw, 1024px\" \/><\/figure>\n<\/div>\n<p>&nbsp;<\/p>\n\n\n\n<p>Et effectuer une mod\u00e9lisation suivant&nbsp;:<\/p>\n\n\n\n<figure class=\"wp-block-image size-large\" style=\"padding-left: 40px;\"><img loading=\"lazy\" decoding=\"async\" width=\"184\" height=\"35\" class=\"wp-image-1340\" src=\"https:\/\/www.ardpylab.fr\/wp-content\/uploads\/2020\/03\/image-156.png\" alt=\"\"><\/figure>\n\n\n\n<div class=\"wp-block-image\"><figure class=\"aligncenter size-large\"><img loading=\"lazy\" decoding=\"async\" width=\"510\" height=\"124\" src=\"https:\/\/www.ardpylab.fr\/wp-content\/uploads\/2020\/03\/rc-exploit1b.png\" alt=\"\" class=\"wp-image-1391\" srcset=\"https:\/\/www.ardpylab.fr\/wp-content\/uploads\/2020\/03\/rc-exploit1b.png 510w, https:\/\/www.ardpylab.fr\/wp-content\/uploads\/2020\/03\/rc-exploit1b-300x73.png 300w\" sizes=\"auto, (max-width: 510px) 100vw, 510px\" \/><\/figure><\/div>\n\n\n\n<p><br>La valeur th\u00e9orique de \u03c4 est :<\/p>\n<p style=\"padding-left: 40px;\"><strong>\u03c4 = RC = 10.10<sup>3<\/sup> x 100. 10<sup>-6<\/sup> = 1 S<\/strong><\/p>\n<p>Par la mod\u00e9lisation, la d\u00e9termination de t donne une valeur tr\u00e8s proche de la valeur th\u00e9orique.<\/p>\n\n\n\n<p><br>On peut \u00e9galement d\u00e9terminer t \u00e0 l\u2019aide de la tangente \u00e0 l\u2019origine ou par la mesure du temps pour lequel le condensateur est charg\u00e9 \u00e0 63 %&nbsp;(0,63 x 5 = 3,15 V):<\/p>\n\n\n\n<div class=\"wp-block-image\">\n<figure class=\"aligncenter size-large\"><img loading=\"lazy\" decoding=\"async\" width=\"1024\" height=\"595\" class=\"wp-image-1392 aligncenter\" style=\"border: 3px solid #eeeeee; padding: 3px; margin: 3px;\" src=\"https:\/\/www.ardpylab.fr\/wp-content\/uploads\/2020\/03\/rc-exploit1c-1024x595.png\" alt=\"\" srcset=\"https:\/\/www.ardpylab.fr\/wp-content\/uploads\/2020\/03\/rc-exploit1c-1024x595.png 1024w, https:\/\/www.ardpylab.fr\/wp-content\/uploads\/2020\/03\/rc-exploit1c-300x174.png 300w, https:\/\/www.ardpylab.fr\/wp-content\/uploads\/2020\/03\/rc-exploit1c-768x446.png 768w, https:\/\/www.ardpylab.fr\/wp-content\/uploads\/2020\/03\/rc-exploit1c.png 1400w\" sizes=\"auto, (max-width: 1024px) 100vw, 1024px\" \/><\/figure>\n<\/div>\n<p>\u00a0<\/p>\n\n\n<div  class=\"grids-section grids-is-stretch\" style=\"--_gs-gap-desktop:0px 0px;--_gs-m-desktop:0 0 0 0;--_gs-p-desktop:0 0 0 0;--_gs-bg-desktop:transparent none;--_gs-bg-xp-desktop:0px;--_gs-zi-desktop:auto;--_gs-d-desktop:block;--_gs-mw-desktop:calc(100% - 0 - 0);--_gs-gap-tablet:0px 0px;--_gs-m-tablet:0 0 0 0;--_gs-p-tablet:0 0 0 0;--_gs-bg-tablet:transparent none;--_gs-bg-xp-tablet:0px;--_gs-zi-tablet:auto;--_gs-d-tablet:block;--_gs-mw-tablet:calc(100% - 0 - 0);--_gs-gap-mobile:0px 0px;--_gs-m-mobile:0 0 0 0;--_gs-p-mobile:0 0 0 0;--_gs-bg-mobile:transparent none;--_gs-bg-xp-mobile:0px;--_gs-zi-mobile:auto;--_gs-d-mobile:block;--_gs-mw-mobile:calc(100% - 0 - 0);--_gs-columns:2;--_gs-rows:1\"><div class=\"grids-s-w_i\">\n<div class=\"grids-area\" style=\"--_ga-column:1\/2;--_ga-row:1\/2;--_ga-m-desktop:0 0 0 0;--_ga-p-desktop:0 0 0 0;--_ga-bg-desktop:transparent none;--_ga-zi-desktop:auto;--_ga-d-desktop:flex;--_ga-mw-desktop:calc(100% - 0 - 0);--_ga-m-tablet:0 0 0 0;--_ga-p-tablet:0 0 0 0;--_ga-bg-tablet:transparent none;--_ga-zi-tablet:auto;--_ga-d-tablet:flex;--_ga-mw-tablet:calc(100% - 0 - 0);--_ga-m-mobile:0 0 0 0;--_ga-p-mobile:0 0 0 0;--_ga-bg-mobile:transparent none;--_ga-zi-mobile:auto;--_ga-d-mobile:flex;--_ga-mw-mobile:calc(100% - 0 - 0)\">\n\n<div class=\"wp-block-image\"><figure class=\"alignleft size-large\"><a href=\"https:\/\/www.ardpylab.fr\/?page_id=1295\"><img loading=\"lazy\" decoding=\"async\" width=\"50\" height=\"28\" src=\"https:\/\/www.ardpylab.fr\/wp-content\/uploads\/2020\/03\/moins.jpg\" alt=\"\" class=\"wp-image-107\"\/><\/a><\/figure><\/div>\n\n<\/div>\n\n<div class=\"grids-area\" style=\"--_ga-column:2\/3;--_ga-row:1\/2;--_ga-m-desktop:0 0 0 0;--_ga-p-desktop:0 0 0 0;--_ga-bg-desktop:transparent none;--_ga-zi-desktop:auto;--_ga-d-desktop:flex;--_ga-mw-desktop:calc(100% - 0 - 0);--_ga-m-tablet:0 0 0 0;--_ga-p-tablet:0 0 0 0;--_ga-bg-tablet:transparent none;--_ga-zi-tablet:auto;--_ga-d-tablet:flex;--_ga-mw-tablet:calc(100% - 0 - 0);--_ga-m-mobile:0 0 0 0;--_ga-p-mobile:0 0 0 0;--_ga-bg-mobile:transparent none;--_ga-zi-mobile:auto;--_ga-d-mobile:flex;--_ga-mw-mobile:calc(100% - 0 - 0)\">\n\n<div class=\"wp-block-image\"><figure class=\"alignright size-large\"><a href=\"https:\/\/www.ardpylab.fr\/?page_id=1397\"><img loading=\"lazy\" decoding=\"async\" width=\"50\" height=\"28\" src=\"https:\/\/www.ardpylab.fr\/wp-content\/uploads\/2020\/03\/plus.jpg\" alt=\"\" class=\"wp-image-106\"\/><\/a><\/figure><\/div>\n\n<\/div>\n<\/div><\/div>\n\n\n\n","protected":false},"excerpt":{"rendered":"<p>\u201d Etude de la charge d\u2019un condensateur d\u2019un dip\u00f4le RC \u201d &nbsp; . Objectif L\u2019objectif de l\u2019activit\u00e9 est suivre l\u2019\u00e9volution temporelle de la tension aux bornes du condensateur lors de sa charge afin de v\u00e9rifier la relation&nbsp;: &nbsp; . Le circuit L\u2019activit\u00e9 sera r\u00e9alis\u00e9e avec le circuit suivant&nbsp;:&nbsp; . Liste des composants&nbsp;: . 1 condensateur [&hellip;]<\/p>\n","protected":false},"author":1,"featured_media":0,"parent":0,"menu_order":0,"comment_status":"closed","ping_status":"closed","template":"","meta":{"footnotes":""},"class_list":["post-1357","page","type-page","status-publish","hentry"],"_links":{"self":[{"href":"https:\/\/www.ardpylab.fr\/index.php?rest_route=\/wp\/v2\/pages\/1357","targetHints":{"allow":["GET"]}}],"collection":[{"href":"https:\/\/www.ardpylab.fr\/index.php?rest_route=\/wp\/v2\/pages"}],"about":[{"href":"https:\/\/www.ardpylab.fr\/index.php?rest_route=\/wp\/v2\/types\/page"}],"author":[{"embeddable":true,"href":"https:\/\/www.ardpylab.fr\/index.php?rest_route=\/wp\/v2\/users\/1"}],"replies":[{"embeddable":true,"href":"https:\/\/www.ardpylab.fr\/index.php?rest_route=%2Fwp%2Fv2%2Fcomments&post=1357"}],"version-history":[{"count":1,"href":"https:\/\/www.ardpylab.fr\/index.php?rest_route=\/wp\/v2\/pages\/1357\/revisions"}],"predecessor-version":[{"id":5332,"href":"https:\/\/www.ardpylab.fr\/index.php?rest_route=\/wp\/v2\/pages\/1357\/revisions\/5332"}],"wp:attachment":[{"href":"https:\/\/www.ardpylab.fr\/index.php?rest_route=%2Fwp%2Fv2%2Fmedia&parent=1357"}],"curies":[{"name":"wp","href":"https:\/\/api.w.org\/{rel}","templated":true}]}}