{"id":1424,"date":"2020-03-30T09:14:46","date_gmt":"2020-03-30T07:14:46","guid":{"rendered":"http:\/\/www.ardpylab.fr\/?page_id=1424"},"modified":"2020-05-21T19:03:11","modified_gmt":"2020-05-21T17:03:11","slug":"dipoles-rc-activite-3","status":"publish","type":"page","link":"https:\/\/www.ardpylab.fr\/?page_id=1424","title":{"rendered":"Dip\u00f4les RC &#8211; Activit\u00e9 3"},"content":{"rendered":"\n<h2 style=\"text-align: center;\"><em>\u201d <\/em><span style=\"text-decoration: underline;\"><em>D\u00e9termination de la capacit\u00e9 d\u2019un condensateur par mesure d\u2019une constante de temps<\/em><\/span> <em>\u201d<\/em><\/h2>\n\n\n\n<p>&nbsp;<\/p>\n<h4><strong><span style=\"color: #3366ff;\">. <span style=\"text-decoration: underline;\">Objectif<\/span><\/span><\/strong><\/h4>\n<p>Dans cette activit\u00e9, nous allons modifier le programme de <a href=\"https:\/\/www.ardpylab.fr\/?page_id=1357\" data-wplink-url-error=\"true\">l\u2019activit\u00e9 1<\/a> (\u00e9tude de la charge d\u2019un condensateur) de fa\u00e7on cette fois-ci \u00e0 mesurer directement la constante de temps du circuit RC sans passer par le trac\u00e9 de la caract\u00e9ristique Uc=f(t).<\/p>\n<p>On pourra alors d\u00e9terminer la capacit\u00e9 d\u2019un condensateur inconnu puisque&nbsp;:<\/p>\n<p style=\"padding-left: 40px;\"><strong>\u03c4 = RC&nbsp; &nbsp;&nbsp;&nbsp;&nbsp;&nbsp;&nbsp;&nbsp;&nbsp;&nbsp;&nbsp; <\/strong>donc&nbsp;:<strong> &nbsp;&nbsp;&nbsp;&nbsp;&nbsp;&nbsp;&nbsp;&nbsp;&nbsp;&nbsp; C = \u03c4<\/strong><strong>&nbsp;\/ R<\/strong><\/p>\n\n\n\n<div class=\"wp-block-image\">\n<figure class=\"aligncenter size-large\"><img loading=\"lazy\" decoding=\"async\" class=\"wp-image-1363 aligncenter\" style=\"border: 3px solid #eeeeee; padding: 3px; margin: 3px;\" src=\"https:\/\/www.ardpylab.fr\/wp-content\/uploads\/2020\/03\/rc-circuit1.png\" alt=\"\" width=\"554\" height=\"314\" srcset=\"https:\/\/www.ardpylab.fr\/wp-content\/uploads\/2020\/03\/rc-circuit1.png 904w, https:\/\/www.ardpylab.fr\/wp-content\/uploads\/2020\/03\/rc-circuit1-300x170.png 300w, https:\/\/www.ardpylab.fr\/wp-content\/uploads\/2020\/03\/rc-circuit1-768x436.png 768w\" sizes=\"auto, (max-width: 554px) 100vw, 554px\" \/><\/figure>\n<\/div>\n\n\n\n<h4>&nbsp;<\/h4>\n<h4><span style=\"color: #3366ff;\"><strong>. <span style=\"text-decoration: underline;\">Descriptif&nbsp;de l\u2019activit\u00e9<\/span><\/strong><\/span><\/h4>\n<p>Lors de la charge d\u2019un condensateur, nous avons vu, qu\u2019au bout d\u2019un temps \u00e9gal \u00e0 la constante de temps <strong>\u03c4<\/strong>, le condensateur \u00e9tait charg\u00e9 \u00e0 63 % de la tension appliqu\u00e9e au dip\u00f4le RC (ici, \u00e0 t = <strong>\u03c4<\/strong>&nbsp;: Uc= 0,63 x 5 = 3,15 V).<\/p>\n<p>Avec le m\u00eame circuit que les activit\u00e9s pr\u00e9c\u00e9dentes, pour d\u00e9terminer la constante de temps, il suffit donc, par lecture de l\u2019entr\u00e9e analogique A0, de mesurer le temps que met cette entr\u00e9e pour atteindre la valeur correspondant \u00e0 la tension aux bornes du condensateur au temps <strong>\u03c4<\/strong>, soit&nbsp;: <strong>0,63 x 1023 = 644<\/strong> (CAN 5 V = 1023).<\/p>\n<p>Ainsi, apr\u00e8s avoir d\u00e9charg\u00e9 le condensateur, la mesure de la tension aux bornes du condensateur U<sub>c<\/sub>, lors de la charge, \u00e0 l&rsquo;aide de l\u2019entr\u00e9e analogique A0 est lanc\u00e9e, \u00e0 t = 0 s, par un appui sur le bouton poussoir.<\/p>\n<p>Quand la valeur de l\u2019entr\u00e9e analogique A0 souhait\u00e9e est atteinte, la constante de temps est alors calcul\u00e9e et affich\u00e9e dans le moniteur s\u00e9rie, puis le condensateur est d\u00e9charg\u00e9.<\/p>\n<p>Une nouvelle mesure est possible en appuyant de nouveau sur le bouton poussoir.<\/p>\n\n\n\n<p>\u00a0<\/p>\n<h4><span style=\"color: #3366ff;\"><strong><a id=\"prog\"><\/a>. <span style=\"text-decoration: underline;\">Le programme<\/span><\/strong><\/span><\/h4>\n<p>Voici <a href=\"https:\/\/www.ardpylab.fr\/downloads\/circuit-rc\/activity3.zip\" data-wplink-url-error=\"true\">le code de l\u2019activit\u00e9<\/a>\u00a0:<\/p>\n\n\n\n<figure class=\"wp-block-image size-large\"><a href=\"https:\/\/www.ardpylab.fr\/downloads\/circuit-rc\/Activity3\/Activity3.ino\"><img loading=\"lazy\" decoding=\"async\" width=\"489\" height=\"465\" src=\"https:\/\/www.ardpylab.fr\/wp-content\/uploads\/2020\/03\/rc-code3.png\" alt=\"\" class=\"wp-image-1427\" srcset=\"https:\/\/www.ardpylab.fr\/wp-content\/uploads\/2020\/03\/rc-code3.png 489w, https:\/\/www.ardpylab.fr\/wp-content\/uploads\/2020\/03\/rc-code3-300x285.png 300w\" sizes=\"auto, (max-width: 489px) 100vw, 489px\" \/><\/a><\/figure>\n\n\n\n<figure class=\"wp-block-image size-large\"><a href=\"https:\/\/www.ardpylab.fr\/downloads\/circuit-rc\/Activity3\/Activity3.ino\"><img loading=\"lazy\" decoding=\"async\" width=\"560\" height=\"733\" src=\"https:\/\/www.ardpylab.fr\/wp-content\/uploads\/2020\/03\/rc-code3b.png\" alt=\"\" class=\"wp-image-1428\" srcset=\"https:\/\/www.ardpylab.fr\/wp-content\/uploads\/2020\/03\/rc-code3b.png 560w, https:\/\/www.ardpylab.fr\/wp-content\/uploads\/2020\/03\/rc-code3b-229x300.png 229w\" sizes=\"auto, (max-width: 560px) 100vw, 560px\" \/><\/a><\/figure>\n\n\n\n<p><strong><u><br>D\u00e9roulement du programme<\/u><\/strong><strong>&nbsp;:<\/strong><\/p>\n<p>&#8211; 1. D\u00e9claration des constantes et variables&nbsp;:<\/p>\n<p style=\"padding-left: 40px;\">.&nbsp;<strong>const int PinUc = 0<\/strong>&nbsp; &nbsp; &nbsp;(broche du condensateur : A0)<\/p>\n<p style=\"padding-left: 40px;\"><strong>. const int PinButton = 12<\/strong>&nbsp; &nbsp;(broche du bouton poussoir)<\/p>\n<p style=\"padding-left: 40px;\">.&nbsp;<strong>const int PinAlimC = 2<\/strong>&nbsp; &nbsp; (broche d\u2019alimentation du dip\u00f4le RC)<\/p>\n<p style=\"padding-left: 40px;\">.&nbsp;<strong>int ValPinUc = 0&nbsp;<\/strong>&nbsp; &nbsp;(variable nombre entier pour stocker la valeur de la broche du condensateur)<\/p>\n<p style=\"padding-left: 40px;\"><strong>. unsigned long t0&nbsp; &nbsp;<\/strong>(variable nombre entier long pour stocker la date du d\u00e9but de charge )<\/p>\n<p style=\"padding-left: 40px;\"><strong>. float dt&nbsp; &nbsp;<\/strong>(variable nombre d\u00e9cimal pour stocker la diff\u00e9rence de temps entre les mesures de Uc)<\/p>\n<p style=\"padding-left: 40px;\"><strong>. int ValButton = 0&nbsp; &nbsp;<\/strong>(variable nombre entier pour stocker la valeur de la broche du bouton poussoir)<\/p>\n<p style=\"padding-left: 40px;\"><strong>. int OldValButton = 0<\/strong>&nbsp; &nbsp; (variable nombre entier pour stocker la valeur pr\u00e9c\u00e9dente de la broche du bouton poussoir)<\/p>\n<p style=\"padding-left: 40px;\"><strong>. int State = 0&nbsp; &nbsp;&nbsp;<\/strong>(variable nombre entier correspondant \u00e0 l\u2019action \u00e0 effectuer)<\/p>\n<p style=\"padding-left: 40px;\">&nbsp;<\/p>\n<p>&#8211; 2. D\u00e9claration de fonctions :<\/p>\n<p>&#8211;&gt; Fonction permettant de d\u00e9charger le condensateur :<\/p>\n<p style=\"padding-left: 40px;\">&#8211; Mise \u00e0 niveau bas de la broche d\u2019alimentation du dip\u00f4le RC&nbsp;:<br><strong>digitalWrite(PinAlimC, LOW)<\/strong><\/p>\n<p style=\"padding-left: 40px;\">&#8211; Attente de la fin de la d\u00e9charge du condensateur&nbsp;:<br><strong>while (analogRead(PinUC) &gt; 0) <\/strong>)<br><br><\/p>\n<p>&#8211; 3. Initialisation des entr\u00e9es et sorties&nbsp;:<\/p>\n<p style=\"padding-left: 40px;\"><strong>. Initialisation de la liaison s\u00e9rie \u00e0 un d\u00e9bit de 9600 bauds,<\/strong><\/p>\n<p style=\"padding-left: 40px;\"><strong>. Initialisation de la broche du bouton poussoir en entr\u00e9e,<\/strong><\/p>\n<p style=\"padding-left: 40px;\"><strong>. Initialisation de la broche d\u2019alimentation du dip\u00f4le RC en sortie,<\/strong><\/p>\n<p style=\"padding-left: 40px;\"><strong>. D\u00e9charge du condensateur.<br><br><\/strong><\/p>\n<p>&#8211; 4. Fonction principale en boucle&nbsp;:<\/p>\n\n\n\n<figure class=\"wp-block-image size-large is-resized\"><img loading=\"lazy\" decoding=\"async\" src=\"https:\/\/www.ardpylab.fr\/wp-content\/uploads\/2020\/03\/rc-algo3-835x1024.png\" alt=\"\" class=\"wp-image-1432\" width=\"827\" height=\"1014\" srcset=\"https:\/\/www.ardpylab.fr\/wp-content\/uploads\/2020\/03\/rc-algo3-835x1024.png 835w, https:\/\/www.ardpylab.fr\/wp-content\/uploads\/2020\/03\/rc-algo3-245x300.png 245w, https:\/\/www.ardpylab.fr\/wp-content\/uploads\/2020\/03\/rc-algo3-768x942.png 768w, https:\/\/www.ardpylab.fr\/wp-content\/uploads\/2020\/03\/rc-algo3-1252x1536.png 1252w, https:\/\/www.ardpylab.fr\/wp-content\/uploads\/2020\/03\/rc-algo3-1670x2048.png 1670w\" sizes=\"auto, (max-width: 827px) 100vw, 827px\" \/><\/figure>\n\n\n\n<p>&nbsp;<\/p>\n<p><strong><u>R\u00e9sultats dans le moniteur s\u00e9rie<\/u><\/strong><\/p>\n\n\n\n<div class=\"wp-block-image\"><figure class=\"aligncenter size-large\"><img loading=\"lazy\" decoding=\"async\" width=\"539\" height=\"398\" src=\"https:\/\/www.ardpylab.fr\/wp-content\/uploads\/2020\/03\/re-ms3.png\" alt=\"\" class=\"wp-image-1434\" srcset=\"https:\/\/www.ardpylab.fr\/wp-content\/uploads\/2020\/03\/re-ms3.png 539w, https:\/\/www.ardpylab.fr\/wp-content\/uploads\/2020\/03\/re-ms3-300x222.png 300w\" sizes=\"auto, (max-width: 539px) 100vw, 539px\" \/><\/figure><\/div>\n\n\n\n<p>\u00a0<\/p>\n<h4><strong><span style=\"color: #3366ff;\"><a id=\"exploit\"><\/a>.<\/span> <span style=\"text-decoration: underline; color: #3366ff;\">Exploitation des mesures<\/span><\/strong><\/h4>\n<p>Les valeurs de <strong>\u03c4<\/strong> mesur\u00e9es sont conformes \u00e0 celles obtenues lors de la premi\u00e8re activit\u00e9.<\/p>\n<p>On peut alors d\u00e9terminer la capacit\u00e9 du condensateur (valeur th\u00e9orique = 100 \u03bcF) :<\/p>\n\n\n\n<figure class=\"wp-block-image size-large\" style=\"padding-left: 40px;\"><img loading=\"lazy\" decoding=\"async\" width=\"356\" height=\"32\" class=\"wp-image-1436\" src=\"https:\/\/www.ardpylab.fr\/wp-content\/uploads\/2020\/03\/image-167.png\" alt=\"\" srcset=\"https:\/\/www.ardpylab.fr\/wp-content\/uploads\/2020\/03\/image-167.png 356w, https:\/\/www.ardpylab.fr\/wp-content\/uploads\/2020\/03\/image-167-300x27.png 300w\" sizes=\"auto, (max-width: 356px) 100vw, 356px\" \/><\/figure>\n\n\n\n<p>\u00a0 \u00a0 \u00a0 \u00a0 \u00a0 \u00a0 \u00a0 \u00a0 \u00a0 \u00a0 \u00a0 \u00a0 \u00a0 \u00a0 \u00a0<\/p>\n\n\n<div  class=\"grids-section grids-is-stretch\" style=\"--_gs-gap-desktop:0px 0px;--_gs-m-desktop:0 0 0 0;--_gs-p-desktop:0 0 0 0;--_gs-bg-desktop:transparent none;--_gs-bg-xp-desktop:0px;--_gs-zi-desktop:auto;--_gs-d-desktop:block;--_gs-mw-desktop:calc(100% - 0 - 0);--_gs-gap-tablet:0px 0px;--_gs-m-tablet:0 0 0 0;--_gs-p-tablet:0 0 0 0;--_gs-bg-tablet:transparent none;--_gs-bg-xp-tablet:0px;--_gs-zi-tablet:auto;--_gs-d-tablet:block;--_gs-mw-tablet:calc(100% - 0 - 0);--_gs-gap-mobile:0px 0px;--_gs-m-mobile:0 0 0 0;--_gs-p-mobile:0 0 0 0;--_gs-bg-mobile:transparent none;--_gs-bg-xp-mobile:0px;--_gs-zi-mobile:auto;--_gs-d-mobile:block;--_gs-mw-mobile:calc(100% - 0 - 0);--_gs-columns:2;--_gs-rows:1\"><div class=\"grids-s-w_i\">\n<div class=\"grids-area\" style=\"--_ga-column:1\/2;--_ga-row:1\/2;--_ga-m-desktop:0 0 0 0;--_ga-p-desktop:0 0 0 0;--_ga-bg-desktop:transparent none;--_ga-zi-desktop:auto;--_ga-d-desktop:flex;--_ga-mw-desktop:calc(100% - 0 - 0);--_ga-m-tablet:0 0 0 0;--_ga-p-tablet:0 0 0 0;--_ga-bg-tablet:transparent none;--_ga-zi-tablet:auto;--_ga-d-tablet:flex;--_ga-mw-tablet:calc(100% - 0 - 0);--_ga-m-mobile:0 0 0 0;--_ga-p-mobile:0 0 0 0;--_ga-bg-mobile:transparent none;--_ga-zi-mobile:auto;--_ga-d-mobile:flex;--_ga-mw-mobile:calc(100% - 0 - 0)\">\n\n<div class=\"wp-block-image\"><figure class=\"alignleft size-large\"><a href=\"https:\/\/www.ardpylab.fr\/?page_id=1397\"><img loading=\"lazy\" decoding=\"async\" width=\"50\" height=\"28\" src=\"https:\/\/www.ardpylab.fr\/wp-content\/uploads\/2020\/03\/moins.jpg\" alt=\"\" class=\"wp-image-107\"\/><\/a><\/figure><\/div>\n\n<\/div>\n\n<div class=\"grids-area\" style=\"--_ga-column:2\/3;--_ga-row:1\/2;--_ga-m-desktop:0 0 0 0;--_ga-p-desktop:0 0 0 0;--_ga-bg-desktop:transparent none;--_ga-zi-desktop:auto;--_ga-d-desktop:flex;--_ga-mw-desktop:calc(100% - 0 - 0);--_ga-m-tablet:0 0 0 0;--_ga-p-tablet:0 0 0 0;--_ga-bg-tablet:transparent none;--_ga-zi-tablet:auto;--_ga-d-tablet:flex;--_ga-mw-tablet:calc(100% - 0 - 0);--_ga-m-mobile:0 0 0 0;--_ga-p-mobile:0 0 0 0;--_ga-bg-mobile:transparent none;--_ga-zi-mobile:auto;--_ga-d-mobile:flex;--_ga-mw-mobile:calc(100% - 0 - 0)\">\n\n<div class=\"wp-block-image\"><figure class=\"alignright size-large\"><a href=\"https:\/\/www.ardpylab.fr\/?page_id=1441\"><img loading=\"lazy\" decoding=\"async\" width=\"50\" height=\"28\" src=\"https:\/\/www.ardpylab.fr\/wp-content\/uploads\/2020\/03\/plus.jpg\" alt=\"\" class=\"wp-image-106\"\/><\/a><\/figure><\/div>\n\n<\/div>\n<\/div><\/div>","protected":false},"excerpt":{"rendered":"<p>\u201d D\u00e9termination de la capacit\u00e9 d\u2019un condensateur par mesure d\u2019une constante de temps \u201d &nbsp; . Objectif Dans cette activit\u00e9, nous allons modifier le programme de l\u2019activit\u00e9 1 (\u00e9tude de la charge d\u2019un condensateur) de fa\u00e7on cette fois-ci \u00e0 mesurer directement la constante de temps du circuit RC sans passer par le trac\u00e9 de la [&hellip;]<\/p>\n","protected":false},"author":1,"featured_media":0,"parent":0,"menu_order":0,"comment_status":"closed","ping_status":"closed","template":"","meta":{"footnotes":""},"class_list":["post-1424","page","type-page","status-publish","hentry"],"_links":{"self":[{"href":"https:\/\/www.ardpylab.fr\/index.php?rest_route=\/wp\/v2\/pages\/1424","targetHints":{"allow":["GET"]}}],"collection":[{"href":"https:\/\/www.ardpylab.fr\/index.php?rest_route=\/wp\/v2\/pages"}],"about":[{"href":"https:\/\/www.ardpylab.fr\/index.php?rest_route=\/wp\/v2\/types\/page"}],"author":[{"embeddable":true,"href":"https:\/\/www.ardpylab.fr\/index.php?rest_route=\/wp\/v2\/users\/1"}],"replies":[{"embeddable":true,"href":"https:\/\/www.ardpylab.fr\/index.php?rest_route=%2Fwp%2Fv2%2Fcomments&post=1424"}],"version-history":[{"count":2,"href":"https:\/\/www.ardpylab.fr\/index.php?rest_route=\/wp\/v2\/pages\/1424\/revisions"}],"predecessor-version":[{"id":5359,"href":"https:\/\/www.ardpylab.fr\/index.php?rest_route=\/wp\/v2\/pages\/1424\/revisions\/5359"}],"wp:attachment":[{"href":"https:\/\/www.ardpylab.fr\/index.php?rest_route=%2Fwp%2Fv2%2Fmedia&parent=1424"}],"curies":[{"name":"wp","href":"https:\/\/api.w.org\/{rel}","templated":true}]}}