{"id":189,"date":"2020-03-21T18:18:15","date_gmt":"2020-03-21T17:18:15","guid":{"rendered":"http:\/\/www.ardpylab.fr\/?page_id=189"},"modified":"2020-05-09T17:51:09","modified_gmt":"2020-05-09T15:51:09","slug":"les-activites-dapprentissage","status":"publish","type":"page","link":"https:\/\/www.ardpylab.fr\/?page_id=189","title":{"rendered":"Les activit\u00e9s d\u2019apprentissage"},"content":{"rendered":"\n<h1 class=\"has-text-align-center\">du fonctionnement d&rsquo;un Arduino Uno<\/h1>\n<p>&nbsp;<\/p>\n\n\n\n<h6><span style=\"color: #999999;\"><br>(<em>Cliquez pour afficher la version PDF)<\/em><\/span><\/h6>\n\n\n\n<div class=\"wp-block-file\"><a href=\"https:\/\/www.ardpylab.fr\/wp-content\/uploads\/2020\/03\/activites-apprentissage.pdf\">Les activit\u00e9s d&rsquo;apprentissage<\/a><a href=\"https:\/\/www.ardpylab.fr\/wp-content\/uploads\/2020\/03\/activites-apprentissage.pdf\" class=\"wp-block-file__button\" download>T\u00e9l\u00e9charger<\/a><\/div>\n\n\n\n<p>&nbsp;<\/p>\n<p>Une \u00e9quipe de d\u00e9veloppeurs compos\u00e9e de Massimo Banzi, David Cuartielles, Tom Igoe, Gianluca Martino, David Mellis et Nicholas Zambetti a imagin\u00e9 un projet appel\u00e9 <strong>ARDUINO<\/strong> et mettant en \u0153uvre une petite carte \u00e9lectronique programmable et un logiciel multiplateforme, qui puisse \u00eatre accessible \u00e0 tout un chacun, dans le but de cr\u00e9er facilement des syst\u00e8mes \u00e9lectroniques.<\/p>\n\n\n\n<div class=\"wp-block-image\"><figure class=\"aligncenter is-resized\"><img loading=\"lazy\" decoding=\"async\" src=\"https:\/\/xofe14.scenari-community.org\/Publications\/Formations\/Formation_Arduino_Lycee_web\/res\/Arduino_Uno_2.jpg\" alt=\"\" width=\"450\" height=\"295\"\/><\/figure><\/div>\n\n\n\n<p><br>Dans cette partie, nous allons apprendre \u00e0 utiliser les fonctions principales d&rsquo;un Arduino Uno de fa\u00e7on \u00e0 pouvoir cr\u00e9er nos premiers syst\u00e8mes \u00e9lectroniques :<\/p>\n\n\n\n<ol class=\"wp-block-list\"><li><a href=\"https:\/\/www.ardpylab.fr\/?page_id=192\">Les sorties num\u00e9riques<\/a> <\/li><li><a href=\"https:\/\/www.ardpylab.fr\/?page_id=253\">Les entr\u00e9es num\u00e9riques<\/a><\/li><li><a href=\"https:\/\/www.ardpylab.fr\/?page_id=256\">Les entr\u00e9es analogiques<\/a><\/li><li><a href=\"https:\/\/www.ardpylab.fr\/?page_id=259\">Les sorties analogiques (PWM)<\/a><\/li><\/ol>\n\n\n\n<p>&nbsp; &nbsp; &nbsp; &nbsp; &nbsp; &nbsp; &nbsp; &nbsp; &nbsp; &nbsp; &nbsp; &nbsp; &nbsp; &nbsp; &nbsp;&nbsp;<\/p>\n\n\n\n<p>\u00a0 \u00a0 \u00a0 \u00a0 \u00a0 \u00a0 \u00a0 \u00a0 \u00a0 \u00a0 \u00a0 \u00a0 \u00a0 \u00a0<\/p>\n\n\n<div  class=\"grids-section grids-is-stretch\" style=\"--_gs-gap-desktop:0px 0px;--_gs-m-desktop:0 0 0 0;--_gs-p-desktop:0 0 0 0;--_gs-bg-desktop:transparent none;--_gs-bg-xp-desktop:0px;--_gs-zi-desktop:auto;--_gs-d-desktop:block;--_gs-mw-desktop:calc(100% - 0 - 0);--_gs-gap-tablet:0px 0px;--_gs-m-tablet:0 0 0 0;--_gs-p-tablet:0 0 0 0;--_gs-bg-tablet:transparent none;--_gs-bg-xp-tablet:0px;--_gs-zi-tablet:auto;--_gs-d-tablet:block;--_gs-mw-tablet:calc(100% - 0 - 0);--_gs-gap-mobile:0px 0px;--_gs-m-mobile:0 0 0 0;--_gs-p-mobile:0 0 0 0;--_gs-bg-mobile:transparent none;--_gs-bg-xp-mobile:0px;--_gs-zi-mobile:auto;--_gs-d-mobile:block;--_gs-mw-mobile:calc(100% - 0 - 0);--_gs-columns:2;--_gs-rows:1\"><div class=\"grids-s-w_i\">\n<div class=\"grids-area\" style=\"--_ga-column:1\/2;--_ga-row:1\/2;--_ga-m-desktop:0 0 0 0;--_ga-p-desktop:0 0 0 0;--_ga-bg-desktop:transparent none;--_ga-zi-desktop:auto;--_ga-d-desktop:flex;--_ga-mw-desktop:calc(100% - 0 - 0);--_ga-m-tablet:0 0 0 0;--_ga-p-tablet:0 0 0 0;--_ga-bg-tablet:transparent none;--_ga-zi-tablet:auto;--_ga-d-tablet:flex;--_ga-mw-tablet:calc(100% - 0 - 0);--_ga-m-mobile:0 0 0 0;--_ga-p-mobile:0 0 0 0;--_ga-bg-mobile:transparent none;--_ga-zi-mobile:auto;--_ga-d-mobile:flex;--_ga-mw-mobile:calc(100% - 0 - 0)\">\n\n<div class=\"wp-block-image\"><figure class=\"alignleft size-large\"><a href=\"https:\/\/www.ardpylab.fr\/?page_id=1633\"><img loading=\"lazy\" decoding=\"async\" width=\"50\" height=\"28\" src=\"https:\/\/www.ardpylab.fr\/wp-content\/uploads\/2020\/03\/moins.jpg\" alt=\"\" class=\"wp-image-107\"\/><\/a><\/figure><\/div>\n\n<\/div>\n\n<div class=\"grids-area\" style=\"--_ga-column:2\/3;--_ga-row:1\/2;--_ga-m-desktop:0 0 0 0;--_ga-p-desktop:0 0 0 0;--_ga-bg-desktop:transparent none;--_ga-zi-desktop:auto;--_ga-d-desktop:flex;--_ga-mw-desktop:calc(100% - 0 - 0);--_ga-m-tablet:0 0 0 0;--_ga-p-tablet:0 0 0 0;--_ga-bg-tablet:transparent none;--_ga-zi-tablet:auto;--_ga-d-tablet:flex;--_ga-mw-tablet:calc(100% - 0 - 0);--_ga-m-mobile:0 0 0 0;--_ga-p-mobile:0 0 0 0;--_ga-bg-mobile:transparent none;--_ga-zi-mobile:auto;--_ga-d-mobile:flex;--_ga-mw-mobile:calc(100% - 0 - 0)\">\n\n<div class=\"wp-block-image\"><figure class=\"alignright size-large\"><a href=\"https:\/\/www.ardpylab.fr\/?page_id=206\"><img loading=\"lazy\" decoding=\"async\" width=\"50\" height=\"28\" src=\"https:\/\/www.ardpylab.fr\/wp-content\/uploads\/2020\/03\/plus.jpg\" alt=\"\" class=\"wp-image-106\"\/><\/a><\/figure><\/div>\n\n<\/div>\n<\/div><\/div>\n\n\n\n","protected":false},"excerpt":{"rendered":"<p>du fonctionnement d&rsquo;un Arduino Uno &nbsp; (Cliquez pour afficher la version PDF) &nbsp; Une \u00e9quipe de d\u00e9veloppeurs compos\u00e9e de Massimo Banzi, David Cuartielles, Tom Igoe, Gianluca Martino, David Mellis et Nicholas Zambetti a imagin\u00e9 un projet appel\u00e9 ARDUINO et mettant en \u0153uvre une petite carte \u00e9lectronique programmable et un logiciel multiplateforme, qui puisse \u00eatre accessible [&hellip;]<\/p>\n","protected":false},"author":1,"featured_media":0,"parent":0,"menu_order":0,"comment_status":"closed","ping_status":"closed","template":"","meta":{"footnotes":""},"class_list":["post-189","page","type-page","status-publish","hentry"],"_links":{"self":[{"href":"https:\/\/www.ardpylab.fr\/index.php?rest_route=\/wp\/v2\/pages\/189","targetHints":{"allow":["GET"]}}],"collection":[{"href":"https:\/\/www.ardpylab.fr\/index.php?rest_route=\/wp\/v2\/pages"}],"about":[{"href":"https:\/\/www.ardpylab.fr\/index.php?rest_route=\/wp\/v2\/types\/page"}],"author":[{"embeddable":true,"href":"https:\/\/www.ardpylab.fr\/index.php?rest_route=\/wp\/v2\/users\/1"}],"replies":[{"embeddable":true,"href":"https:\/\/www.ardpylab.fr\/index.php?rest_route=%2Fwp%2Fv2%2Fcomments&post=189"}],"version-history":[{"count":0,"href":"https:\/\/www.ardpylab.fr\/index.php?rest_route=\/wp\/v2\/pages\/189\/revisions"}],"wp:attachment":[{"href":"https:\/\/www.ardpylab.fr\/index.php?rest_route=%2Fwp%2Fv2%2Fmedia&parent=189"}],"curies":[{"name":"wp","href":"https:\/\/api.w.org\/{rel}","templated":true}]}}