{"id":206,"date":"2020-03-21T18:43:21","date_gmt":"2020-03-21T17:43:21","guid":{"rendered":"http:\/\/www.ardpylab.fr\/?page_id=206"},"modified":"2020-05-09T17:51:39","modified_gmt":"2020-05-09T15:51:39","slug":"rappels-delectronique","status":"publish","type":"page","link":"https:\/\/www.ardpylab.fr\/?page_id=206","title":{"rendered":"Rappels d&rsquo;\u00e9lectronique"},"content":{"rendered":"\n<p><br>Avant de voir en d\u00e9tail les activit\u00e9s d&rsquo;apprentissage, nous allons faire quelques rappels sur l\u2019\u00e9lectronique :<\/p>\n\n\n\n<h4>&nbsp;<\/h4>\n<h4><span style=\"color: #3366ff;\"><strong>. Petit rappel sur l\u2019\u00e9lectricit\u00e9<span style=\"color: #3366ff;\"> :<\/span><\/strong><\/span><\/h4>\n\n\n\n<p>L\u2019\u00e9lectricit\u00e9 est un d\u00e9placement d\u2019\u00e9lectrons dans un milieu\nconducteur.<\/p>\n\n\n\n<p>Pour que ces \u00e9lectrons se d\u00e9placent tous dans un m\u00eame sens, il\nfaut qu&rsquo;il y ait une diff\u00e9rence du nombre d&rsquo;\u00e9lectrons entre les deux extr\u00e9mit\u00e9s\ndu circuit \u00e9lectrique.<\/p>\n\n\n\n<p>Pour\nmaintenir cette diff\u00e9rence du nombre d&rsquo;\u00e9lectrons, on utilise un g\u00e9n\u00e9rateur\n(pile, accumulateur, alternateur&#8230;)<\/p>\n\n\n\n<p>La diff\u00e9rence de quantit\u00e9 d\u2019\u00e9lectrons entre deux parties d\u2019un\ncircuit s\u2019appelle la <strong>diff\u00e9rence de potentiel <\/strong>et elle se\nmesure en <strong>Volts\n(V) <\/strong>et se note <em>U.<\/em><\/p>\n\n\n\n<p>Le d\u00e9bit d\u2019\u00e9lectrons dans le conducteur correspond \u00e0 <em>l\u2019intensit\u00e9<\/em>, aussi appel\u00e9e <em>courant<\/em>. Elle se\nmesure en <em>Amp\u00e8res <\/em>(A) et se note <em>I.<\/em><\/p>\n\n\n\n<p>La puissance \u00e9lectrique se note <em>P <\/em>et se mesure\nen <em>Watts <\/em>(W). Elle exprime la quantit\u00e9 de courant (I), transform\u00e9e en\nchaleur ou en mouvement. <\/p>\n\n\n\n<p>La\npuissance P est le produit de la tension U et de l&rsquo;intensit\u00e9 I.<\/p>\n\n\n\n<figure class=\"wp-block-image size-large\" style=\"padding-left: 40px;\"><img loading=\"lazy\" decoding=\"async\" width=\"108\" height=\"22\" class=\"wp-image-689\" src=\"https:\/\/www.ardpylab.fr\/wp-content\/uploads\/2020\/03\/image-84.png\" alt=\"\"><\/figure>\n\n\n\n<h4>&nbsp;<\/h4>\n<h4><span style=\"color: #3366ff;\"><strong>. Le circuit \u00e9lectrique<\/strong><\/span><\/h4>\n\n\n\n<p>Un\ncircuit \u00e9lectrique est une association de dip\u00f4les (g\u00e9n\u00e9rateur, r\u00e9sistances,\nampoules, \u2026) reli\u00e9s par des conducteurs.<\/p>\n\n\n\n<p>Pour\nqu\u2019un courant circule, il faut que le circuit soit ferm\u00e9 et qu\u2019il contienne un\ng\u00e9n\u00e9rateur (une pile par exemple). Il circule du p\u00f4le (+) au p\u00f4le (-) du\ng\u00e9n\u00e9rateur.<\/p>\n\n\n\n<p>Une pile est constitu\u00e9e d\u2019un milieu contenant de nombreux\n\u00e9lectrons en trop, et d\u2019un second milieu en manque d\u2019\u00e9lectrons. Quand on relie\nles deux p\u00f4les de la pile (le + et le -) avec un fil \u00e9lectrique (le\nconducteur), les \u00e9lectrons vont alors se d\u00e9placer du milieu riche en \u00e9lectrons\nvers le milieu pauvre. <\/p>\n\n\n\n<p>Si on place une lampe \u00e9lectrique entre les deux, le passage des \u00e9lectrons va g\u00e9n\u00e9rer de la lumi\u00e8re.<\/p>\n\n\n\n<div class=\"wp-block-image\"><figure class=\"aligncenter size-large\"><img loading=\"lazy\" decoding=\"async\" width=\"317\" height=\"150\" src=\"https:\/\/www.ardpylab.fr\/wp-content\/uploads\/2020\/03\/image-28.png\" alt=\"\" class=\"wp-image-203\" srcset=\"https:\/\/www.ardpylab.fr\/wp-content\/uploads\/2020\/03\/image-28.png 317w, https:\/\/www.ardpylab.fr\/wp-content\/uploads\/2020\/03\/image-28-300x142.png 300w\" sizes=\"auto, (max-width: 317px) 100vw, 317px\" \/><\/figure><\/div>\n\n\n\n<p>Dans le circuit ci-dessus, lorsque l&rsquo;interrupteur est enclench\u00e9,\non dit que le circuit est ferm\u00e9. Les \u00e9lectrons vont alors se d\u00e9placer et\nl&rsquo;\u00e9nergie de ce d\u00e9placement pourra \u00eatre exploit\u00e9e pour allumer une lampe ou\nfaire fonctionner un moteur, par exemple.<\/p>\n\n\n\n<p>Lorsque\nl&rsquo;interrupteur est d\u00e9clench\u00e9, on dit que le circuit est ouvert. Le p\u00f4le positif\nn&rsquo;\u00e9tant alors plus reli\u00e9 au p\u00f4le n\u00e9gatif, les \u00e9lectrons ne peuvent plus se\nd\u00e9placer.<\/p>\n\n\n\n<p>Dans les circuits \u00e9lectriques que nous allons \u00e9tudier, L&rsquo;Arduino servira d&rsquo;alimentation \u00e9lectrique du circuit, comme une pile.<\/p>\n\n\n\n<p>&nbsp;<\/p>\n<h4><span style=\"color: #3366ff;\"><strong>. La platine d\u2019exp\u00e9rimentation<\/strong><\/span><\/h4>\n\n\n\n<p>Une platine d\u2019exp\u00e9rimentation (appel\u00e9e breadboard) permet de r\u00e9aliser des prototypes de montages \u00e9lectroniques sans soudure et donc de pouvoir r\u00e9utiliser les composants.<\/p>\n\n\n\n<div class=\"wp-block-image\"><figure class=\"aligncenter size-large is-resized\"><img loading=\"lazy\" decoding=\"async\" src=\"https:\/\/www.ardpylab.fr\/wp-content\/uploads\/2020\/03\/image-33.png\" alt=\"\" class=\"wp-image-210\" width=\"590\" height=\"248\" srcset=\"https:\/\/www.ardpylab.fr\/wp-content\/uploads\/2020\/03\/image-33.png 521w, https:\/\/www.ardpylab.fr\/wp-content\/uploads\/2020\/03\/image-33-300x126.png 300w\" sizes=\"auto, (max-width: 590px) 100vw, 590px\" \/><\/figure><\/div>\n\n\n\n<p>Tous les connecteurs dans une rang\u00e9e de 5 sont reli\u00e9s entre eux. Donc si on branche deux \u00e9l\u00e9ments dans un groupe de cinq connecteurs, ils seront reli\u00e9s entre eux. Il en est de m\u00eame des alignements de connecteurs rouges (pour l\u2019alimentation) et bleus (pour la terre).<\/p>\n\n\n\n<div class=\"wp-block-image\"><figure class=\"aligncenter size-large is-resized\"><img loading=\"lazy\" decoding=\"async\" src=\"https:\/\/www.ardpylab.fr\/wp-content\/uploads\/2020\/03\/image-34.png\" alt=\"\" class=\"wp-image-211\" width=\"589\" height=\"212\" srcset=\"https:\/\/www.ardpylab.fr\/wp-content\/uploads\/2020\/03\/image-34.png 494w, https:\/\/www.ardpylab.fr\/wp-content\/uploads\/2020\/03\/image-34-300x108.png 300w\" sizes=\"auto, (max-width: 589px) 100vw, 589px\" \/><\/figure><\/div>\n\n\n\n<p>Les composants doivent ainsi \u00eatre plac\u00e9s \u00e0 cheval sur des connecteurs qui n&rsquo;ont pas de liens \u00e9lectriques entre eux.<\/p>\n\n\n\n<h4>&nbsp;<\/h4>\n<h4><span style=\"color: #3366ff;\"><strong><a id=\"anc1\"><\/a>. Les r\u00e9sistances<\/strong><\/span><\/h4>\n\n\n\n<p>Une <strong>r\u00e9sistance <\/strong>est un composant \u00e9lectronique\nou \u00e9lectrique dont la principale caract\u00e9ristique est d&rsquo;opposer une plus ou\nmoins grande r\u00e9sistance (mesur\u00e9e en ohms : \u03a9) \u00e0 la circulation du courant\n\u00e9lectrique.<\/p>\n\n\n\n<p>Ainsi, pour une tension fixe, plus\nla r\u00e9sistance est faible, plus le courant la traversant est fort. Cette\nproportion est v\u00e9rifi\u00e9e par la loi d\u2019Ohm :<\/p>\n\n\n\n<figure class=\"wp-block-image size-large\" style=\"padding-left: 40px;\"><img loading=\"lazy\" decoding=\"async\" width=\"362\" height=\"27\" class=\"wp-image-691\" src=\"https:\/\/www.ardpylab.fr\/wp-content\/uploads\/2020\/03\/image-85.png\" alt=\"\" srcset=\"https:\/\/www.ardpylab.fr\/wp-content\/uploads\/2020\/03\/image-85.png 362w, https:\/\/www.ardpylab.fr\/wp-content\/uploads\/2020\/03\/image-85-300x22.png 300w\" sizes=\"auto, (max-width: 362px) 100vw, 362px\" \/><\/figure>\n\n\n\n<p>&nbsp;<\/p>\n<p>Une r\u00e9sistance est un milieu peu conducteur.&nbsp; Les \u00e9lectrons peinent \u00e0 s\u2019y d\u00e9placer. Leur \u00e9nergie se dissipe alors en g\u00e9n\u00e9ral sous forme de chaleur. C\u2019est ce principe utilis\u00e9 pour les bouilloires \u00e9lectriques ou les ampoules \u00e0 filaments.<\/p>\n\n\n\n<p>La r\u00e9sistance est sch\u00e9matis\u00e9e de cette mani\u00e8re&nbsp;:<\/p>\n\n\n\n<div class=\"wp-block-image\"><figure class=\"aligncenter size-large\"><img loading=\"lazy\" decoding=\"async\" width=\"178\" height=\"62\" src=\"https:\/\/www.ardpylab.fr\/wp-content\/uploads\/2020\/03\/image-35.png\" alt=\"\" class=\"wp-image-215\"\/><\/figure><\/div>\n\n\n\n<p>La valeur de la r\u00e9sistance se mesure en Ohms (\u03a9). La valeur d\u2019une r\u00e9sistance est d\u00e9termin\u00e9e par ses bandes de couleurs&nbsp;:<\/p>\n\n\n\n<div class=\"wp-block-image\"><figure class=\"aligncenter size-large\"><img loading=\"lazy\" decoding=\"async\" width=\"417\" height=\"473\" src=\"https:\/\/www.ardpylab.fr\/wp-content\/uploads\/2020\/03\/image-36.png\" alt=\"\" class=\"wp-image-216\" srcset=\"https:\/\/www.ardpylab.fr\/wp-content\/uploads\/2020\/03\/image-36.png 417w, https:\/\/www.ardpylab.fr\/wp-content\/uploads\/2020\/03\/image-36-264x300.png 264w\" sizes=\"auto, (max-width: 417px) 100vw, 417px\" \/><\/figure><\/div>\n\n\n\n<h4>&nbsp;<\/h4>\n<h4><span style=\"color: #3366ff;\"><strong>. Les diodes \u00e9lectroluminescentes<\/strong><\/span><\/h4>\n\n\n\n<p>La diode \u00e9lectroluminescente, aussi appel\u00e9e DEL (ou LED en\nanglais), a la particularit\u00e9 de ne laisser passer le courant\n\u00e9lectrique que dans un sens.<\/p>\n\n\n\n<p>Le courant \u00e9lectrique ne peut traverser la diode que dans le sens de <em>l\u2019anode <\/em>vers la <em>cathode<\/em>.<\/p>\n\n\n\n<div class=\"wp-block-image\"><figure class=\"aligncenter size-large is-resized\"><img loading=\"lazy\" decoding=\"async\" src=\"https:\/\/www.ardpylab.fr\/wp-content\/uploads\/2020\/03\/image-37.png\" alt=\"\" class=\"wp-image-218\" width=\"370\" height=\"275\"\/><\/figure><\/div>\n\n\n\n<p>On reconna\u00eet l\u2019anode, car il s\u2019agit de la broche la plus longue. Lorsque les deux broches sont de m\u00eame longueur, on peut distinguer l\u2019anode de la cathode, par un m\u00e9plat du c\u00f4t\u00e9 de cette derni\u00e8re. <\/p>\n\n\n<div  class=\"grids-section grids-is-stretch\" style=\"--_gs-gap-desktop:0px 0px;--_gs-m-desktop:0 0 0 0;--_gs-p-desktop:0 0 0 0;--_gs-bg-desktop:transparent none;--_gs-bg-xp-desktop:0px;--_gs-zi-desktop:auto;--_gs-d-desktop:block;--_gs-mw-desktop:calc(100% - 0 - 0);--_gs-gap-tablet:0px 0px;--_gs-m-tablet:0 0 0 0;--_gs-p-tablet:0 0 0 0;--_gs-bg-tablet:transparent none;--_gs-bg-xp-tablet:0px;--_gs-zi-tablet:auto;--_gs-d-tablet:block;--_gs-mw-tablet:calc(100% - 0 - 0);--_gs-gap-mobile:0px 0px;--_gs-m-mobile:0 0 0 0;--_gs-p-mobile:0 0 0 0;--_gs-bg-mobile:transparent none;--_gs-bg-xp-mobile:0px;--_gs-zi-mobile:auto;--_gs-d-mobile:block;--_gs-mw-mobile:calc(100% - 0 - 0);--_gs-columns:2;--_gs-rows:1\"><div class=\"grids-s-w_i\">\n<div class=\"grids-area\" style=\"--_ga-column:1\/2;--_ga-row:1\/2;--_ga-m-desktop:0 0 0 0;--_ga-p-desktop:0 0 0 0;--_ga-bg-desktop:transparent none;--_ga-zi-desktop:auto;--_ga-d-desktop:flex;--_ga-mw-desktop:calc(100% - 0 - 0);--_ga-m-tablet:0 0 0 0;--_ga-p-tablet:0 0 0 0;--_ga-bg-tablet:transparent none;--_ga-zi-tablet:auto;--_ga-d-tablet:flex;--_ga-mw-tablet:calc(100% - 0 - 0);--_ga-m-mobile:0 0 0 0;--_ga-p-mobile:0 0 0 0;--_ga-bg-mobile:transparent none;--_ga-zi-mobile:auto;--_ga-d-mobile:flex;--_ga-mw-mobile:calc(100% - 0 - 0)\">\n\n<div class=\"wp-block-image\"><figure class=\"aligncenter size-large is-resized\"><img loading=\"lazy\" decoding=\"async\" src=\"https:\/\/www.ardpylab.fr\/wp-content\/uploads\/2020\/03\/image-38.png\" alt=\"\" class=\"wp-image-219\" width=\"213\" height=\"198\"\/><\/figure><\/div>\n\n<\/div>\n\n<div class=\"grids-area\" style=\"--_ga-column:2\/3;--_ga-row:1\/2;--_ga-m-desktop:0 0 0 0;--_ga-p-desktop:0 0 0 0;--_ga-bg-desktop:transparent none;--_ga-zi-desktop:auto;--_ga-d-desktop:flex;--_ga-mw-desktop:calc(100% - 0 - 0);--_ga-m-tablet:0 0 0 0;--_ga-p-tablet:0 0 0 0;--_ga-bg-tablet:transparent none;--_ga-zi-tablet:auto;--_ga-d-tablet:flex;--_ga-mw-tablet:calc(100% - 0 - 0);--_ga-m-mobile:0 0 0 0;--_ga-p-mobile:0 0 0 0;--_ga-bg-mobile:transparent none;--_ga-zi-mobile:auto;--_ga-d-mobile:flex;--_ga-mw-mobile:calc(100% - 0 - 0)\">\n\n<div class=\"wp-block-image\"><figure class=\"aligncenter size-large is-resized\"><img loading=\"lazy\" decoding=\"async\" src=\"https:\/\/www.ardpylab.fr\/wp-content\/uploads\/2020\/03\/image-39.png\" alt=\"\" class=\"wp-image-220\" width=\"266\" height=\"184\"\/><\/figure><\/div>\n\n<\/div>\n<\/div><\/div>\n\n\n<p>Le symbole de la DEL est le suivant :<\/p>\n\n\n\n<div class=\"wp-block-image\"><figure class=\"aligncenter size-large\"><img loading=\"lazy\" decoding=\"async\" width=\"197\" height=\"68\" src=\"https:\/\/www.ardpylab.fr\/wp-content\/uploads\/2020\/03\/image-40.png\" alt=\"\" class=\"wp-image-221\"\/><\/figure><\/div>\n\n\n\n<p>En utilisant divers mat\u00e9riaux semi-conducteurs, on fait varier la couleur de la lumi\u00e8re \u00e9mise par la DEL et Il existe une grande vari\u00e9t\u00e9 de formes de DELs.<\/p>\n\n\n\n<div class=\"wp-block-image\"><figure class=\"aligncenter size-large is-resized\"><img loading=\"lazy\" decoding=\"async\" src=\"https:\/\/www.ardpylab.fr\/wp-content\/uploads\/2020\/03\/image-41.png\" alt=\"\" class=\"wp-image-222\" width=\"555\" height=\"143\" srcset=\"https:\/\/www.ardpylab.fr\/wp-content\/uploads\/2020\/03\/image-41.png 446w, https:\/\/www.ardpylab.fr\/wp-content\/uploads\/2020\/03\/image-41-300x77.png 300w\" sizes=\"auto, (max-width: 555px) 100vw, 555px\" \/><\/figure><\/div>\n\n\n\n<p>&nbsp;<\/p>\n<p>Attention : le courant produit par l\u2019Arduino est trop important pour y brancher directement une DEL dessus.<\/p>\n\n\n\n<p><strong>L\u2019utilisation d\u2019une r\u00e9sistance\nest obligatoire, pour ne pas griller la DEL.<\/strong><\/p>\n\n\n\n<p>Mais si la valeur de la r\u00e9sistance est trop grande, la DEL ne\ns&rsquo;allumera pas et au contraire, si la valeur de la r\u00e9sistance n&rsquo;est pas\nsuffisante, la DEL grillera.<\/p>\n\n\n\n<p>Si on trace la caract\u00e9ristique d\u2019une DEL, c\u2019est-\u00e0-dire, le graphe repr\u00e9sentant l\u2019intensit\u00e9 I traversant la DEL en fonction de la tension U \u00e0 ses bornes : <strong>I=f(U)<\/strong>, on remarque qu\u2019en dessous d\u2019une certaine valeur de tension, le courant ne passe pas (la DEL ne s\u2019allume pas). <\/p>\n\n\n\n<div class=\"wp-block-image\"><figure class=\"aligncenter size-large is-resized\"><img loading=\"lazy\" decoding=\"async\" src=\"https:\/\/www.ardpylab.fr\/wp-content\/uploads\/2020\/03\/diode.jpg\" alt=\"\" class=\"wp-image-335\" width=\"652\" height=\"387\" srcset=\"https:\/\/www.ardpylab.fr\/wp-content\/uploads\/2020\/03\/diode.jpg 984w, https:\/\/www.ardpylab.fr\/wp-content\/uploads\/2020\/03\/diode-300x178.jpg 300w, https:\/\/www.ardpylab.fr\/wp-content\/uploads\/2020\/03\/diode-768x456.jpg 768w\" sizes=\"auto, (max-width: 652px) 100vw, 652px\" \/><\/figure><\/div>\n\n\n\n<p>On dit que la DEL est bloquante en dessous d\u2019une tension seuil et passante au-dessus.<\/p>\n\n\n\n<p>Pour\nque la DEL s\u2019allume, il faut donc que la tension appliqu\u00e9e \u00e0 ses bornes soit\nsup\u00e9rieure \u00e0 sa tension seuil.<\/p>\n\n\n\n<p>La tension seuil de\nla DEL, U<sub>LED<\/sub>, d\u00e9pend de sa couleur. Pour connaitre sa valeur, il\nsuffit de consulter sa fiche technique (Datasheet) donn\u00e9 par le constructeur de\nla DEL.<\/p>\n\n\n\n<p>En g\u00e9n\u00e9ral, on aura :<\/p>\n\n\n\n<p>. DEL Blanche : ULED = 3,4 \u00e0 3,8 V&nbsp;&nbsp;&nbsp;&nbsp;&nbsp;&nbsp; . DEL Jaune : ULED =&nbsp;&nbsp; 2,1 V<br>. DEL Rouge : ULED = 1,6V \u00e0 2 V&nbsp;&nbsp;&nbsp;&nbsp;&nbsp;&nbsp;&nbsp;&nbsp;&nbsp;&nbsp; . DEL Verte : ULED =&nbsp;&nbsp; 2,2 V<br>. DEL Bleue : ULED = 3,2 \u00e0 3,6 V  <\/p>\n\n\n\n<p>Et pour qu\u2019une DEL fonctionne dans des conditions optimales, les constructeurs pr\u00e9conisent g\u00e9n\u00e9ralement un courant de 20 mA (0,02 A) maximum.<\/p>\n\n\n\n<p>Pour calculer la valeur de la r\u00e9sistance ad\u00e9quate qu&rsquo;il faut utiliser, on doit appliquer la loi d&rsquo;Ohm au circuit suivant :<\/p>\n\n\n\n<div class=\"wp-block-image\"><figure class=\"aligncenter size-large is-resized\"><img loading=\"lazy\" decoding=\"async\" src=\"https:\/\/www.ardpylab.fr\/wp-content\/uploads\/2020\/03\/image-43.png\" alt=\"\" class=\"wp-image-225\" width=\"482\" height=\"234\" srcset=\"https:\/\/www.ardpylab.fr\/wp-content\/uploads\/2020\/03\/image-43.png 315w, https:\/\/www.ardpylab.fr\/wp-content\/uploads\/2020\/03\/image-43-300x146.png 300w\" sizes=\"auto, (max-width: 482px) 100vw, 482px\" \/><\/figure><\/div>\n\n\n\n<p>D\u2019apr\u00e8s\nla loi d\u2019additivit\u00e9 des tensions dans un circuit en s\u00e9rie,&nbsp; <\/p>\n\n\n\n<p>U = U<sub>R<\/sub> + U<sub>LED&nbsp;&nbsp;&nbsp;&nbsp;&nbsp;&nbsp;&nbsp;&nbsp;&nbsp;&nbsp;&nbsp;&nbsp;&nbsp;&nbsp;&nbsp;&nbsp;&nbsp;&nbsp;&nbsp;&nbsp;&nbsp;&nbsp;&nbsp;&nbsp;&nbsp;&nbsp;&nbsp;&nbsp;&nbsp;&nbsp;&nbsp;&nbsp;&nbsp; <\/sub>Donc : U = Ri + U<sub>LED<\/sub>&nbsp; <\/p>\n\n\n\n<div class=\"wp-block-image\"><figure class=\"aligncenter size-large\"><img loading=\"lazy\" decoding=\"async\" width=\"128\" height=\"52\" src=\"https:\/\/www.ardpylab.fr\/wp-content\/uploads\/2020\/03\/image-44.png\" alt=\"\" class=\"wp-image-226\"\/><\/figure><\/div>\n\n\n\n<p><span style=\"text-decoration: underline;\"><strong>Par exemple<\/strong><\/span> <strong>:<\/strong><\/p>\n\n\n\n<p>Pour une LED rouge, U<sub>LED<\/sub> = 1,6 V, avec une\nalimentation de 5 V et une Intensit\u00e9 de 20mA maximum, la r\u00e9sistance minimale\nest&nbsp;:<\/p>\n\n\n\n<p><strong>R\n= (5 &#8211; 1,6) \/ 0,02 = 170 <\/strong><strong>\u03a9<\/strong><\/p>\n\n\n\n<p>En prenant une r\u00e9sistance de <strong>220 <\/strong><strong>\u03a9<\/strong>,\nnous sommes assur\u00e9s de ne pas d\u00e9passer le courant maximal admissible par la\nDEL, et comme la DEL rouge est celle qui a une tension de seuil la plus basse,\nla r\u00e9sistance de 220 \u03a9 peut \u00eatre utilis\u00e9e avec les autres DELs (l\u2019intensit\u00e9\ndans le circuit sera obligatoirement inf\u00e9rieure \u00e0 20 mA).<\/p>\n\n\n\n<p><span style=\"text-decoration: underline;\"><strong>A retenir<\/strong><\/span>&nbsp;:<\/p>\n\n\n\n<p><strong>Si on utilise une DEL dans un circuit aliment\u00e9 par un Arduino, il est imp\u00e9ratif de placer une r\u00e9sistance, par d\u00e9faut de 220 \u03a9, en s\u00e9rie avec elle. Cette r\u00e9sistance est appel\u00e9e, r\u00e9sistance de protection, de fa\u00e7on \u00e0 limiter le courant qui la traverse \u00e0 20 mA maximum.<\/strong><\/p>\n\n\n\n<p>\u00a0 \u00a0 \u00a0 \u00a0\u00a0<\/p>\n\n\n<div  class=\"grids-section grids-is-stretch\" style=\"--_gs-gap-desktop:0px 0px;--_gs-m-desktop:0 0 0 0;--_gs-p-desktop:0 0 0 0;--_gs-bg-desktop:transparent none;--_gs-bg-xp-desktop:0px;--_gs-zi-desktop:auto;--_gs-d-desktop:block;--_gs-mw-desktop:calc(100% - 0 - 0);--_gs-gap-tablet:0px 0px;--_gs-m-tablet:0 0 0 0;--_gs-p-tablet:0 0 0 0;--_gs-bg-tablet:transparent none;--_gs-bg-xp-tablet:0px;--_gs-zi-tablet:auto;--_gs-d-tablet:block;--_gs-mw-tablet:calc(100% - 0 - 0);--_gs-gap-mobile:0px 0px;--_gs-m-mobile:0 0 0 0;--_gs-p-mobile:0 0 0 0;--_gs-bg-mobile:transparent none;--_gs-bg-xp-mobile:0px;--_gs-zi-mobile:auto;--_gs-d-mobile:block;--_gs-mw-mobile:calc(100% - 0 - 0);--_gs-columns:2;--_gs-rows:1\"><div class=\"grids-s-w_i\">\n<div class=\"grids-area\" style=\"--_ga-column:1\/2;--_ga-row:1\/2;--_ga-m-desktop:0 0 0 0;--_ga-p-desktop:0 0 0 0;--_ga-bg-desktop:transparent none;--_ga-zi-desktop:auto;--_ga-d-desktop:flex;--_ga-mw-desktop:calc(100% - 0 - 0);--_ga-m-tablet:0 0 0 0;--_ga-p-tablet:0 0 0 0;--_ga-bg-tablet:transparent none;--_ga-zi-tablet:auto;--_ga-d-tablet:flex;--_ga-mw-tablet:calc(100% - 0 - 0);--_ga-m-mobile:0 0 0 0;--_ga-p-mobile:0 0 0 0;--_ga-bg-mobile:transparent none;--_ga-zi-mobile:auto;--_ga-d-mobile:flex;--_ga-mw-mobile:calc(100% - 0 - 0)\">\n\n<div class=\"wp-block-image\"><figure class=\"alignleft size-large\"><a href=\"https:\/\/www.ardpylab.fr\/?page_id=189\"><img loading=\"lazy\" decoding=\"async\" width=\"50\" height=\"28\" src=\"https:\/\/www.ardpylab.fr\/wp-content\/uploads\/2020\/03\/moins.jpg\" alt=\"\" class=\"wp-image-107\"\/><\/a><\/figure><\/div>\n\n<\/div>\n\n<div class=\"grids-area\" style=\"--_ga-column:2\/3;--_ga-row:1\/2;--_ga-m-desktop:0 0 0 0;--_ga-p-desktop:0 0 0 0;--_ga-bg-desktop:transparent none;--_ga-zi-desktop:auto;--_ga-d-desktop:flex;--_ga-mw-desktop:calc(100% - 0 - 0);--_ga-m-tablet:0 0 0 0;--_ga-p-tablet:0 0 0 0;--_ga-bg-tablet:transparent none;--_ga-zi-tablet:auto;--_ga-d-tablet:flex;--_ga-mw-tablet:calc(100% - 0 - 0);--_ga-m-mobile:0 0 0 0;--_ga-p-mobile:0 0 0 0;--_ga-bg-mobile:transparent none;--_ga-zi-mobile:auto;--_ga-d-mobile:flex;--_ga-mw-mobile:calc(100% - 0 - 0)\">\n\n<div class=\"wp-block-image\"><figure class=\"alignright size-large\"><a href=\"https:\/\/www.ardpylab.fr\/?page_id=192\"><img loading=\"lazy\" decoding=\"async\" width=\"50\" height=\"28\" src=\"https:\/\/www.ardpylab.fr\/wp-content\/uploads\/2020\/03\/plus.jpg\" alt=\"\" class=\"wp-image-106\"\/><\/a><\/figure><\/div>\n\n<\/div>\n<\/div><\/div>\n\n\n\n","protected":false},"excerpt":{"rendered":"<p>Avant de voir en d\u00e9tail les activit\u00e9s d&rsquo;apprentissage, nous allons faire quelques rappels sur l\u2019\u00e9lectronique : &nbsp; . Petit rappel sur l\u2019\u00e9lectricit\u00e9 : L\u2019\u00e9lectricit\u00e9 est un d\u00e9placement d\u2019\u00e9lectrons dans un milieu conducteur. Pour que ces \u00e9lectrons se d\u00e9placent tous dans un m\u00eame sens, il faut qu&rsquo;il y ait une diff\u00e9rence du nombre d&rsquo;\u00e9lectrons entre les [&hellip;]<\/p>\n","protected":false},"author":1,"featured_media":0,"parent":0,"menu_order":0,"comment_status":"closed","ping_status":"closed","template":"","meta":{"footnotes":""},"class_list":["post-206","page","type-page","status-publish","hentry"],"_links":{"self":[{"href":"https:\/\/www.ardpylab.fr\/index.php?rest_route=\/wp\/v2\/pages\/206","targetHints":{"allow":["GET"]}}],"collection":[{"href":"https:\/\/www.ardpylab.fr\/index.php?rest_route=\/wp\/v2\/pages"}],"about":[{"href":"https:\/\/www.ardpylab.fr\/index.php?rest_route=\/wp\/v2\/types\/page"}],"author":[{"embeddable":true,"href":"https:\/\/www.ardpylab.fr\/index.php?rest_route=\/wp\/v2\/users\/1"}],"replies":[{"embeddable":true,"href":"https:\/\/www.ardpylab.fr\/index.php?rest_route=%2Fwp%2Fv2%2Fcomments&post=206"}],"version-history":[{"count":0,"href":"https:\/\/www.ardpylab.fr\/index.php?rest_route=\/wp\/v2\/pages\/206\/revisions"}],"wp:attachment":[{"href":"https:\/\/www.ardpylab.fr\/index.php?rest_route=%2Fwp%2Fv2%2Fmedia&parent=206"}],"curies":[{"name":"wp","href":"https:\/\/api.w.org\/{rel}","templated":true}]}}