{"id":23,"date":"2020-03-20T12:28:11","date_gmt":"2020-03-20T11:28:11","guid":{"rendered":"http:\/\/www.ardpylab.fr\/?page_id=23"},"modified":"2025-03-18T16:29:36","modified_gmt":"2025-03-18T15:29:36","slug":"bienvenue-sur-ardpylab","status":"publish","type":"page","link":"https:\/\/www.ardpylab.fr\/","title":{"rendered":"Bienvenue sur ArdPyLab !"},"content":{"rendered":"<div class=\"wp-block-image\">\n<figure class=\"aligncenter size-large is-resized\"><img loading=\"lazy\" decoding=\"async\" width=\"1024\" height=\"220\" src=\"https:\/\/www.ardpylab.fr\/wp-content\/uploads\/2020\/03\/Logo-1024x220.jpg\" alt=\"\" class=\"wp-image-18\" style=\"width:580px;height:124px\" srcset=\"https:\/\/www.ardpylab.fr\/wp-content\/uploads\/2020\/03\/Logo-1024x220.jpg 1024w, https:\/\/www.ardpylab.fr\/wp-content\/uploads\/2020\/03\/Logo-300x65.jpg 300w, https:\/\/www.ardpylab.fr\/wp-content\/uploads\/2020\/03\/Logo-768x165.jpg 768w, https:\/\/www.ardpylab.fr\/wp-content\/uploads\/2020\/03\/Logo.jpg 1468w\" sizes=\"auto, (max-width: 1024px) 100vw, 1024px\" \/><\/figure><\/div>\n\n\n<p>&nbsp; &nbsp; &nbsp;<\/p>\n<p>&nbsp;&nbsp;<\/p>\n\n\n\n<p><strong>ArdPyLab<\/strong> est un site d\u00e9di\u00e9 \u00e0 l&rsquo;utilisation des microcontr\u00f4leurs Arduino Uno et \u00e0 la programmation en Python dans les lyc\u00e9es d&rsquo;enseignement g\u00e9n\u00e9ral et technologique et leurs laboratoires de physique-chimie.<\/p>\n\n\n\n<p>Les objectifs d&rsquo;<strong>ArdPyLab<\/strong> sont :<\/p>\n\n\n\n<ul class=\"wp-block-list\">\n<li>La d\u00e9couverte des microcontr\u00f4leurs et de leurs fonctions.<\/li>\n\n\n\n<li>La prise en main des environnements de programmation des microcontr\u00f4leurs en langage Arduino et en Python.<\/li>\n\n\n\n<li>L&rsquo;appropriation de montages en lien avec les nouveaux programmes de lyc\u00e9e.<\/li>\n\n\n\n<li>Le d\u00e9veloppement de projets programm\u00e9s en Python.<\/li>\n<\/ul>\n\n\n\n<p>&nbsp; &nbsp; &nbsp; &nbsp;&nbsp;<\/p>\n\n\n\n<p>Les th\u00e8mes abord\u00e9s sont:<\/p>\n\n\n\n<ol class=\"wp-block-list\">\n<li><a href=\"https:\/\/www.ardpylab.fr\/?page_id=39\">La pr\u00e9sentation des microcontr\u00f4leurs et en particulier de la carte  Arduino Uno <\/a><\/li>\n\n\n\n<li><a href=\"https:\/\/www.ardpylab.fr\/?page_id=129\">L&rsquo;initiation \u00e0 la programmation des cartes Arduino<\/a><\/li>\n\n\n\n<li><a href=\"https:\/\/www.ardpylab.fr\/?page_id=189\">Les activit\u00e9s d&rsquo;apprentissage du fonctionnement des Arduino Uno<\/a>  <\/li>\n\n\n\n<li><a href=\"https:\/\/www.ardpylab.fr\/?page_id=249\">Des activit\u00e9s avec des Arduino Uno pour les lyc\u00e9es<\/a><\/li>\n\n\n\n<li><a href=\"https:\/\/www.ardpylab.fr\/?page_id=266\">L&rsquo;initiation \u00e0 la programmation en Python<\/a><\/li>\n\n\n\n<li><a href=\"https:\/\/www.ardpylab.fr\/?page_id=269\">La communication entre les Arduino Uno et un programme Python<\/a><\/li>\n\n\n\n<li><a href=\"https:\/\/www.ardpylab.fr\/?page_id=3141\">Des projets programm\u00e9s en Python pour les Arduino Uno<\/a><\/li>\n\n\n\n<li><a href=\"https:\/\/www.ardpylab.fr\/?page_id=273\">Un logiciel programm\u00e9 en Python contr\u00f4lant les Arduino Uno : <strong>ARDUINO LAB<\/strong><\/a><\/li>\n\n\n\n<li><a href=\"https:\/\/www.ardpylab.fr\/?page_id=5395\">Un gestionnaire de sketchs pour les Arduino Uno: <strong>ArdPyLog<\/strong><\/a><\/li>\n\n\n\n<li><a href=\"https:\/\/www.ardpylab.fr\/?page_id=276\">Quelques logiciels programm\u00e9s en Python pour les sciences physiques<\/a><\/li>\n<\/ol>\n\n\n\n<p>\u00a0 \u00a0 \u00a0<\/p>\n<p>Les actualit\u00e9s d&rsquo;ArdPyLab :<\/p>\n<p style=\"padding-left: 40px;\">. <a href=\"https:\/\/www.ardpylab.fr\/?p=5075\">Mise en ligne officielle le 11\/05\/2020<\/a><\/p>\n<p style=\"padding-left: 40px;\">. <a href=\"https:\/\/www.ardpylab.fr\/?p=5366\">Ajout des programmes en Python des activit\u00e9s de mesures de temp\u00e9rature, de pression et de l\u2019\u00e9tude du dip\u00f4le RC avec un Arduino Uno (21\/05\/2020)<\/a><\/p>\n<p style=\"padding-left: 40px;\">. <a href=\"https:\/\/www.ardpylab.fr\/?p=6224\">Mise en ligne d&rsquo;ArdPyLog, un gestionnaire de sketchs pour Arduino Uno (02\/04\/2021)<\/a><\/p>\n<p style=\"padding-left: 40px;\">. <a href=\"https:\/\/www.ardpylab.fr\/?p=6357\">Ajout de sketchs pour ArdPyLog (07\/04\/2021)<\/a><\/p>\n<p style=\"padding-left: 40px;\"><a href=\"https:\/\/www.ardpylab.fr\/?p=6357\">. <\/a><a href=\"https:\/\/www.ardpylab.fr\/?p=6689\">Ajout de sketchs pour ArdPyLog (19\/09\/2023 &#8211; 20\/09\/2023)<\/a><\/p>\n<p style=\"padding-left: 40px;\">. <a href=\"https:\/\/www.ardpylab.fr\/?p=7203\">Mise en ligne de GestLab, un gestionnaire de laboratoire de sciences-physiques\u00a0 (04\/10\/2023)<\/a><\/p>\n<p style=\"padding-left: 40px;\">. <a href=\"https:\/\/www.ardpylab.fr\/?page_id=7228\">Ajout de quelques documents de chimie (10\/10\/2023)<\/a><\/p>\n<p style=\"padding-left: 40px;\">. <a href=\"https:\/\/www.ardpylab.fr\/?page_id=7348\">Ajout de quelques documents de physique (11\/10\/2023)<\/a><\/p>\n<p style=\"padding-left: 40px;\">. <a href=\"https:\/\/www.ardpylab.fr\/?p=7497\">Mise en ligne de GestLab 2.0 (13\/03\/2025)<\/a><\/p>\n<p>\u00a0<\/p>\n\n\n<div  class=\"grids-section grids-is-stretch\" style=\"--_gs-gap-desktop:0px 0px;--_gs-m-desktop:0 0 0 0;--_gs-p-desktop:0 0 0 0;--_gs-bg-desktop:transparent none;--_gs-bg-xp-desktop:0px;--_gs-zi-desktop:auto;--_gs-d-desktop:block;--_gs-mw-desktop:calc(100% - 0 - 0);--_gs-gap-tablet:0px 0px;--_gs-m-tablet:0 0 0 0;--_gs-p-tablet:0 0 0 0;--_gs-bg-tablet:transparent none;--_gs-bg-xp-tablet:0px;--_gs-zi-tablet:auto;--_gs-d-tablet:block;--_gs-mw-tablet:calc(100% - 0 - 0);--_gs-gap-mobile:0px 0px;--_gs-m-mobile:0 0 0 0;--_gs-p-mobile:0 0 0 0;--_gs-bg-mobile:transparent none;--_gs-bg-xp-mobile:0px;--_gs-zi-mobile:auto;--_gs-d-mobile:block;--_gs-mw-mobile:calc(100% - 0 - 0);--_gs-columns:2;--_gs-rows:1\"><div class=\"grids-s-w_i\">\n<div class=\"grids-area\" style=\"--_ga-column:1\/2;--_ga-row:1\/2;--_ga-m-desktop:0 0 0 0;--_ga-p-desktop:0 0 0 0;--_ga-bg-desktop:transparent none;--_ga-zi-desktop:auto;--_ga-d-desktop:flex;--_ga-mw-desktop:calc(100% - 0 - 0);--_ga-m-tablet:0 0 0 0;--_ga-p-tablet:0 0 0 0;--_ga-bg-tablet:transparent none;--_ga-zi-tablet:auto;--_ga-d-tablet:flex;--_ga-mw-tablet:calc(100% - 0 - 0);--_ga-m-mobile:0 0 0 0;--_ga-p-mobile:0 0 0 0;--_ga-bg-mobile:transparent none;--_ga-zi-mobile:auto;--_ga-d-mobile:flex;--_ga-mw-mobile:calc(100% - 0 - 0)\"><\/div>\n\n<div class=\"grids-area\" style=\"--_ga-column:2\/3;--_ga-row:1\/2;--_ga-m-desktop:0 0 0 0;--_ga-p-desktop:0 0 0 0;--_ga-bg-desktop:transparent none;--_ga-zi-desktop:auto;--_ga-d-desktop:flex;--_ga-mw-desktop:calc(100% - 0 - 0);--_ga-m-tablet:0 0 0 0;--_ga-p-tablet:0 0 0 0;--_ga-bg-tablet:transparent none;--_ga-zi-tablet:auto;--_ga-d-tablet:flex;--_ga-mw-tablet:calc(100% - 0 - 0);--_ga-m-mobile:0 0 0 0;--_ga-p-mobile:0 0 0 0;--_ga-bg-mobile:transparent none;--_ga-zi-mobile:auto;--_ga-d-mobile:flex;--_ga-mw-mobile:calc(100% - 0 - 0)\">\n<div class=\"wp-block-image\">\n<figure class=\"alignright size-large\"><a href=\"https:\/\/www.ardpylab.fr\/?page_id=39\"><img loading=\"lazy\" decoding=\"async\" width=\"50\" height=\"28\" src=\"https:\/\/www.ardpylab.fr\/wp-content\/uploads\/2020\/03\/plus.jpg\" alt=\"\" class=\"wp-image-106\"\/><\/a><\/figure><\/div>\n<\/div>\n<\/div><\/div>\n\n\n\n","protected":false},"excerpt":{"rendered":"<p>&nbsp; &nbsp; &nbsp; &nbsp;&nbsp; ArdPyLab est un site d\u00e9di\u00e9 \u00e0 l&rsquo;utilisation des microcontr\u00f4leurs Arduino Uno et \u00e0 la programmation en Python dans les lyc\u00e9es d&rsquo;enseignement g\u00e9n\u00e9ral et technologique et leurs laboratoires de physique-chimie. Les objectifs d&rsquo;ArdPyLab sont : &nbsp; &nbsp; &nbsp; &nbsp;&nbsp; Les th\u00e8mes abord\u00e9s sont: \u00a0 \u00a0 \u00a0 Les actualit\u00e9s d&rsquo;ArdPyLab : . Mise [&hellip;]<\/p>\n","protected":false},"author":1,"featured_media":0,"parent":0,"menu_order":0,"comment_status":"closed","ping_status":"closed","template":"","meta":{"footnotes":""},"class_list":["post-23","page","type-page","status-publish","hentry"],"_links":{"self":[{"href":"https:\/\/www.ardpylab.fr\/index.php?rest_route=\/wp\/v2\/pages\/23","targetHints":{"allow":["GET"]}}],"collection":[{"href":"https:\/\/www.ardpylab.fr\/index.php?rest_route=\/wp\/v2\/pages"}],"about":[{"href":"https:\/\/www.ardpylab.fr\/index.php?rest_route=\/wp\/v2\/types\/page"}],"author":[{"embeddable":true,"href":"https:\/\/www.ardpylab.fr\/index.php?rest_route=\/wp\/v2\/users\/1"}],"replies":[{"embeddable":true,"href":"https:\/\/www.ardpylab.fr\/index.php?rest_route=%2Fwp%2Fv2%2Fcomments&post=23"}],"version-history":[{"count":20,"href":"https:\/\/www.ardpylab.fr\/index.php?rest_route=\/wp\/v2\/pages\/23\/revisions"}],"predecessor-version":[{"id":7527,"href":"https:\/\/www.ardpylab.fr\/index.php?rest_route=\/wp\/v2\/pages\/23\/revisions\/7527"}],"wp:attachment":[{"href":"https:\/\/www.ardpylab.fr\/index.php?rest_route=%2Fwp%2Fv2%2Fmedia&parent=23"}],"curies":[{"name":"wp","href":"https:\/\/api.w.org\/{rel}","templated":true}]}}