{"id":249,"date":"2020-03-22T12:05:22","date_gmt":"2020-03-22T11:05:22","guid":{"rendered":"http:\/\/www.ardpylab.fr\/?page_id=249"},"modified":"2020-05-09T18:21:05","modified_gmt":"2020-05-09T16:21:05","slug":"activites-pour-les-lycees","status":"publish","type":"page","link":"https:\/\/www.ardpylab.fr\/?page_id=249","title":{"rendered":"Activit\u00e9s pour les lyc\u00e9es"},"content":{"rendered":"\n<div class=\"wp-block-image\"><figure class=\"aligncenter size-large\"><img loading=\"lazy\" decoding=\"async\" width=\"800\" height=\"400\" src=\"https:\/\/www.ardpylab.fr\/wp-content\/uploads\/2020\/05\/activity-lycee-logo.png\" alt=\"\" class=\"wp-image-4910\" srcset=\"https:\/\/www.ardpylab.fr\/wp-content\/uploads\/2020\/05\/activity-lycee-logo.png 800w, https:\/\/www.ardpylab.fr\/wp-content\/uploads\/2020\/05\/activity-lycee-logo-300x150.png 300w, https:\/\/www.ardpylab.fr\/wp-content\/uploads\/2020\/05\/activity-lycee-logo-768x384.png 768w\" sizes=\"auto, (max-width: 800px) 100vw, 800px\" \/><\/figure><\/div>\n\n\n\n<p>&nbsp;<\/p>\n<p>Les nouveaux programmes du lyc\u00e9e font appara\u00eetre des comp\u00e9tences num\u00e9riques n\u00e9cessitant l\u2019utilisation de microcontr\u00f4leurs.<\/p>\n\n\n\n<p>Voici des activit\u00e9s \u00e0 r\u00e9aliser avec un Arduino Uno qui r\u00e9pondent aux exigences des nouveaux programmes:<\/p>\n\n\n\n<p>&nbsp;<\/p>\n<p style=\"padding-left: 40px;\">1.<a href=\"https:\/\/www.ardpylab.fr\/?page_id=424\" data-wplink-url-error=\"true\">Ondes Sonores (Produire &amp; Exploiter)<\/a><\/p>\n<ul>\n<li style=\"list-style-type: none;\">\n<ul>\n<li>Activit\u00e9 1: <a href=\"https:\/\/www.ardpylab.fr\/?page_id=439\" data-wplink-url-error=\"true\"><strong><em>Faire clignoter une DEL et produire un \u201cbeep\u201d synchrone<\/em><\/strong><\/a><\/li>\n<li>Activit\u00e9 2: <a href=\"https:\/\/www.ardpylab.fr\/?page_id=460\" data-wplink-url-error=\"true\"><strong><em>Alarme sonore par d\u00e9tection de passage<\/em><\/strong><\/a><\/li>\n<li>Activit\u00e9 3: <a href=\"https:\/\/www.ardpylab.fr\/?page_id=490\" data-wplink-url-error=\"true\"><strong><em>Jouer une m\u00e9lodie avec un Arduino<\/em><\/strong><\/a><\/li>\n<li>Activit\u00e9 4: <a href=\"https:\/\/www.ardpylab.fr\/?page_id=515\" data-wplink-url-error=\"true\"><strong><em>R\u00e9gler la fr\u00e9quence d&rsquo;une onde sonore avec un potentiom\u00e8tre<\/em><\/strong><\/a><\/li>\n<li>Activit\u00e9 5: <a href=\"https:\/\/www.ardpylab.fr\/?page_id=536\" data-wplink-url-error=\"true\"><strong><em>R\u00e9gler la fr\u00e9quence d&rsquo;une onde sonore avec une photor\u00e9sistance<\/em><\/strong><\/a><\/li>\n<\/ul>\n<\/li>\n<\/ul>\n<p>&nbsp;<\/p>\n<p style=\"padding-left: 40px;\">2. <a href=\"https:\/\/www.ardpylab.fr\/?page_id=720\">Ondes ultrasonores (Vitesse &amp; Distances)<\/a><\/p>\n<ul>\n<li style=\"list-style-type: none;\">\n<ul>\n<li>Activit\u00e9 1: <a href=\"https:\/\/www.ardpylab.fr\/?page_id=761\" data-wplink-url-error=\"true\"><strong><em>D\u00e9termination de la vitesse du son dans l&rsquo;air<\/em><\/strong><\/a><\/li>\n<li>Activit\u00e9 2: <a href=\"https:\/\/www.ardpylab.fr\/?page_id=791\"><strong><em>Mesure de distances<\/em><\/strong><\/a><\/li>\n<li>Activit\u00e9 3: <a href=\"https:\/\/www.ardpylab.fr\/?page_id=814\" data-wplink-url-error=\"true\"><strong><em>D\u00e9tecteur d&rsquo;obstacles<\/em><\/strong><\/a><\/li>\n<\/ul>\n<\/li>\n<\/ul>\n<p>&nbsp;<\/p>\n<p style=\"padding-left: 40px;\">3. <a href=\"https:\/\/www.ardpylab.fr\/?page_id=839\" data-wplink-url-error=\"true\">Temp\u00e9ratures (Mesurer &amp; Exploiter)<\/a><\/p>\n<ul>\n<li style=\"list-style-type: none;\">\n<ul>\n<li>Activit\u00e9 1: <a href=\"https:\/\/www.ardpylab.fr\/?page_id=856\" data-wplink-url-error=\"true\"><strong><em>Mesure de temp\u00e9ratures avec un capteur TMP 36 ou LM 35<\/em><\/strong><\/a><\/li>\n<li>Activit\u00e9 2: <a href=\"https:\/\/www.ardpylab.fr\/?page_id=887\" data-wplink-url-error=\"true\"><strong><em>Alarme sonore par d\u00e9passement de temp\u00e9rature<\/em><\/strong><\/a><\/li>\n<li>Activit\u00e9 3: <a href=\"https:\/\/www.ardpylab.fr\/?page_id=911\" data-wplink-url-error=\"true\"><strong><em>Thermom\u00e8tre \u00e0 diodes \u00e9lectroluminescentes<\/em><\/strong><\/a><\/li>\n<li>Activit\u00e9 4: <a href=\"https:\/\/www.ardpylab.fr\/?page_id=949\" data-wplink-url-error=\"true\"><strong><em>Etalonnage d\u2019une thermistance CTN<\/em><\/strong><\/a><\/li>\n<li>Activit\u00e9 5: <a href=\"https:\/\/www.ardpylab.fr\/?page_id=1007\" data-wplink-url-error=\"true\"><strong><em>Mesure de temp\u00e9ratures avec une thermistance CTN<\/em><\/strong><\/a><\/li>\n<\/ul>\n<\/li>\n<\/ul>\n<p>&nbsp;<\/p>\n<p style=\"padding-left: 40px;\">4. <a href=\"https:\/\/www.ardpylab.fr\/?page_id=1140\" data-wplink-url-error=\"true\">Pression (Mesurer &amp; Exploiter)<\/a><\/p>\n<ul>\n<li style=\"list-style-type: none;\">\n<ul>\n<li>Activit\u00e9 1: <a href=\"https:\/\/www.ardpylab.fr\/?page_id=1176\" data-wplink-url-error=\"true\"><strong><em>Mesure d\u2019une pression absolue avec un capteur MPX4250AP<\/em><\/strong><\/a><\/li>\n<li>Activit\u00e9 2: <a href=\"https:\/\/www.ardpylab.fr\/?page_id=1197\" data-wplink-url-error=\"true\"><strong><em>Indicateur de pression<\/em><\/strong><\/a><\/li>\n<li>Activit\u00e9 3: <a href=\"https:\/\/www.ardpylab.fr\/?page_id=1210\" data-wplink-url-error=\"true\"><strong><em>V\u00e9rification de la loi de Boyle-Mariotte<\/em><\/strong><\/a><\/li>\n<li>Activit\u00e9 4: <a href=\"https:\/\/www.ardpylab.fr\/?page_id=1245\" data-wplink-url-error=\"true\"><strong><em>Principe fondamental de la statique des fluides<\/em><\/strong><\/a><\/li>\n<\/ul>\n<\/li>\n<\/ul>\n<p>&nbsp;<\/p>\n<p style=\"padding-left: 40px;\">5. <a href=\"https:\/\/www.ardpylab.fr\/?page_id=1295\" data-wplink-url-error=\"true\">Condensateurs et circuits RC (Charge &amp; D\u00e9charge)<\/a><\/p>\n<ul>\n<li style=\"list-style-type: none;\">\n<ul>\n<li>Activit\u00e9 1: <a href=\"https:\/\/www.ardpylab.fr\/?page_id=1357\" data-wplink-url-error=\"true\"><strong><em>Etude de la charge d\u2019un condensateur d\u2019un dip\u00f4le RC<\/em><\/strong><\/a><\/li>\n<li>Activit\u00e9 2: <a href=\"https:\/\/www.ardpylab.fr\/?page_id=1397\" data-wplink-url-error=\"true\"><strong><em>Etude de la d\u00e9charge d\u2019un condensateur d\u2019un dip\u00f4le RC<\/em><\/strong><\/a><\/li>\n<li>Activit\u00e9 3: <a href=\"https:\/\/www.ardpylab.fr\/?page_id=1424\" data-wplink-url-error=\"true\"><strong><em>D\u00e9termination de la capacit\u00e9 d\u2019un condensateur par mesure d\u2019une constante de temps<\/em><\/strong><\/a><\/li>\n<li>Activit\u00e9 4: <a href=\"https:\/\/www.ardpylab.fr\/?page_id=1441\" data-wplink-url-error=\"true\"><strong><em>Simulation d\u2019un flash photographique<\/em><\/strong><\/a><\/li>\n<li>Activit\u00e9 5: <a href=\"https:\/\/www.ardpylab.fr\/?page_id=1499\" data-wplink-url-error=\"true\"><strong><em>R\u00e9aliser un flash p\u00e9riodique<\/em><\/strong><\/a><\/li>\n<\/ul>\n<\/li>\n<\/ul>\n\n\n\n<p>\u00a0<\/p>\n<p>\u00a0<\/p>\n\n\n<div  class=\"grids-section grids-is-stretch\" style=\"--_gs-gap-desktop:0px 0px;--_gs-m-desktop:0 0 0 0;--_gs-p-desktop:0 0 0 0;--_gs-bg-desktop:transparent none;--_gs-bg-xp-desktop:0px;--_gs-zi-desktop:auto;--_gs-d-desktop:block;--_gs-mw-desktop:calc(100% - 0 - 0);--_gs-gap-tablet:0px 0px;--_gs-m-tablet:0 0 0 0;--_gs-p-tablet:0 0 0 0;--_gs-bg-tablet:transparent none;--_gs-bg-xp-tablet:0px;--_gs-zi-tablet:auto;--_gs-d-tablet:block;--_gs-mw-tablet:calc(100% - 0 - 0);--_gs-gap-mobile:0px 0px;--_gs-m-mobile:0 0 0 0;--_gs-p-mobile:0 0 0 0;--_gs-bg-mobile:transparent none;--_gs-bg-xp-mobile:0px;--_gs-zi-mobile:auto;--_gs-d-mobile:block;--_gs-mw-mobile:calc(100% - 0 - 0);--_gs-columns:2;--_gs-rows:1\"><div class=\"grids-s-w_i\">\n<div class=\"grids-area\" style=\"--_ga-column:1\/2;--_ga-row:1\/2;--_ga-m-desktop:0 0 0 0;--_ga-p-desktop:0 0 0 0;--_ga-bg-desktop:transparent none;--_ga-zi-desktop:auto;--_ga-d-desktop:flex;--_ga-mw-desktop:calc(100% - 0 - 0);--_ga-m-tablet:0 0 0 0;--_ga-p-tablet:0 0 0 0;--_ga-bg-tablet:transparent none;--_ga-zi-tablet:auto;--_ga-d-tablet:flex;--_ga-mw-tablet:calc(100% - 0 - 0);--_ga-m-mobile:0 0 0 0;--_ga-p-mobile:0 0 0 0;--_ga-bg-mobile:transparent none;--_ga-zi-mobile:auto;--_ga-d-mobile:flex;--_ga-mw-mobile:calc(100% - 0 - 0)\">\n\n<div class=\"wp-block-image\"><figure class=\"alignleft size-large\"><a href=\"https:\/\/www.ardpylab.fr\/?page_id=372\"><img loading=\"lazy\" decoding=\"async\" width=\"50\" height=\"28\" src=\"https:\/\/www.ardpylab.fr\/wp-content\/uploads\/2020\/03\/moins.jpg\" alt=\"\" class=\"wp-image-107\"\/><\/a><\/figure><\/div>\n\n<\/div>\n\n<div class=\"grids-area\" style=\"--_ga-column:2\/3;--_ga-row:1\/2;--_ga-m-desktop:0 0 0 0;--_ga-p-desktop:0 0 0 0;--_ga-bg-desktop:transparent none;--_ga-zi-desktop:auto;--_ga-d-desktop:flex;--_ga-mw-desktop:calc(100% - 0 - 0);--_ga-m-tablet:0 0 0 0;--_ga-p-tablet:0 0 0 0;--_ga-bg-tablet:transparent none;--_ga-zi-tablet:auto;--_ga-d-tablet:flex;--_ga-mw-tablet:calc(100% - 0 - 0);--_ga-m-mobile:0 0 0 0;--_ga-p-mobile:0 0 0 0;--_ga-bg-mobile:transparent none;--_ga-zi-mobile:auto;--_ga-d-mobile:flex;--_ga-mw-mobile:calc(100% - 0 - 0)\">\n\n<div class=\"wp-block-image\"><figure class=\"alignright size-large\"><a href=\"https:\/\/www.ardpylab.fr\/?page_id=424\"><img loading=\"lazy\" decoding=\"async\" width=\"50\" height=\"28\" src=\"https:\/\/www.ardpylab.fr\/wp-content\/uploads\/2020\/03\/plus.jpg\" alt=\"\" class=\"wp-image-106\"\/><\/a><\/figure><\/div>\n\n<\/div>\n<\/div><\/div>\n\n\n\n","protected":false},"excerpt":{"rendered":"<p>&nbsp; Les nouveaux programmes du lyc\u00e9e font appara\u00eetre des comp\u00e9tences num\u00e9riques n\u00e9cessitant l\u2019utilisation de microcontr\u00f4leurs. Voici des activit\u00e9s \u00e0 r\u00e9aliser avec un Arduino Uno qui r\u00e9pondent aux exigences des nouveaux programmes: &nbsp; 1.Ondes Sonores (Produire &amp; Exploiter) Activit\u00e9 1: Faire clignoter une DEL et produire un \u201cbeep\u201d synchrone Activit\u00e9 2: Alarme sonore par d\u00e9tection de [&hellip;]<\/p>\n","protected":false},"author":1,"featured_media":0,"parent":0,"menu_order":0,"comment_status":"closed","ping_status":"closed","template":"","meta":{"footnotes":""},"class_list":["post-249","page","type-page","status-publish","hentry"],"_links":{"self":[{"href":"https:\/\/www.ardpylab.fr\/index.php?rest_route=\/wp\/v2\/pages\/249","targetHints":{"allow":["GET"]}}],"collection":[{"href":"https:\/\/www.ardpylab.fr\/index.php?rest_route=\/wp\/v2\/pages"}],"about":[{"href":"https:\/\/www.ardpylab.fr\/index.php?rest_route=\/wp\/v2\/types\/page"}],"author":[{"embeddable":true,"href":"https:\/\/www.ardpylab.fr\/index.php?rest_route=\/wp\/v2\/users\/1"}],"replies":[{"embeddable":true,"href":"https:\/\/www.ardpylab.fr\/index.php?rest_route=%2Fwp%2Fv2%2Fcomments&post=249"}],"version-history":[{"count":0,"href":"https:\/\/www.ardpylab.fr\/index.php?rest_route=\/wp\/v2\/pages\/249\/revisions"}],"wp:attachment":[{"href":"https:\/\/www.ardpylab.fr\/index.php?rest_route=%2Fwp%2Fv2%2Fmedia&parent=249"}],"curies":[{"name":"wp","href":"https:\/\/api.w.org\/{rel}","templated":true}]}}