{"id":3141,"date":"2020-04-23T10:21:30","date_gmt":"2020-04-23T08:21:30","guid":{"rendered":"http:\/\/www.ardpylab.fr\/?page_id=3141"},"modified":"2020-05-10T17:22:04","modified_gmt":"2020-05-10T15:22:04","slug":"projets-python-pour-arduino-uno","status":"publish","type":"page","link":"https:\/\/www.ardpylab.fr\/?page_id=3141","title":{"rendered":"Projets Python pour Arduino"},"content":{"rendered":"\n<div class=\"wp-block-image\"><figure class=\"aligncenter size-large is-resized\"><img loading=\"lazy\" decoding=\"async\" src=\"https:\/\/www.ardpylab.fr\/wp-content\/uploads\/2020\/04\/com-arduino-python.jpg\" alt=\"\" class=\"wp-image-2443\" width=\"224\" height=\"149\" srcset=\"https:\/\/www.ardpylab.fr\/wp-content\/uploads\/2020\/04\/com-arduino-python.jpg 768w, https:\/\/www.ardpylab.fr\/wp-content\/uploads\/2020\/04\/com-arduino-python-300x200.jpg 300w\" sizes=\"auto, (max-width: 224px) 100vw, 224px\" \/><\/figure><\/div>\n\n\n\n<p>&nbsp;<\/p>\n<p><br>Les premi\u00e8res activit\u00e9s programm\u00e9es en Python permettent de se familiariser avec l\u2019Arduino, de comprendre le principe de fonctionnement des entr\u00e9es et sorties num\u00e9riques ou analogiques.<\/p>\n<p>Ensuite, c\u2019est l\u2019exploitation des donn\u00e9es des principaux capteurs utilis\u00e9s avec un Arduino qui est abord\u00e9e.<\/p>\n<p>Les activit\u00e9s cod\u00e9es en Python, mais aussi leur \u00e9quivalent en langage \u00ab\u00a0<strong>Arduino IDE<\/strong>\u00a0\u00bb sont r\u00e9unies par th\u00e8me (projets) et sont associ\u00e9es \u00e0 un circuit sp\u00e9cifique&nbsp;:<\/p>\n<p><strong>&nbsp;<\/strong><\/p>\n<h4><strong>. <a href=\"https:\/\/www.ardpylab.fr\/?page_id=3153\" data-wplink-url-error=\"true\"><u>Projet 1 &#8211;&nbsp; Premiers pas : DEL &amp; Bouton poussoir<\/u><\/a><\/strong><\/h4>\n<p>L\u2019objectif de l\u2019\u00e9tude de ce premier circuit est de comprendre le principe de fonctionnement des entr\u00e9es et sorties num\u00e9riques de l\u2019Arduino \u00e0 travers 4 activit\u00e9s.<br><br><\/p>\n\n\n\n<div class=\"wp-block-image\">\n<figure class=\"aligncenter size-large\"><img loading=\"lazy\" decoding=\"async\" class=\"wp-image-3142 aligncenter\" style=\"border: 3px solid #eeeeee; padding: 3px; margin: 3px;\" src=\"https:\/\/www.ardpylab.fr\/wp-content\/uploads\/2020\/04\/projet1.jpg\" alt=\"\" width=\"617\" height=\"301\"><\/figure>\n<\/div>\n\n\n\n<p><br>&#8211; <a href=\"https:\/\/www.ardpylab.fr\/?page_id=3184\" data-wplink-url-error=\"true\"><u>Activit\u00e9 1 : Faire clignoter une DEL<\/u><\/a><\/p>\n<p style=\"padding-left: 40px;\"><u>Objectifs<\/u>&nbsp;:<\/p>\n<p style=\"padding-left: 80px;\">. L\u2019apprentissage de l&rsquo;utilisation des sorties digitales de l&rsquo;Arduino<\/p>\n<p style=\"padding-left: 80px;\">. La gestion des sorties num\u00e9riques avec le protocole de communication <strong>Firmata Standard<br><br><\/strong><\/p>\n<p>&#8211; <a href=\"https:\/\/www.ardpylab.fr\/?page_id=3200\" data-wplink-url-error=\"true\"><u>Activit\u00e9 2 : Allumer une DEL avec un bouton-poussoir<\/u><\/a><\/p>\n<p style=\"padding-left: 40px;\"><u>Objectifs<\/u>&nbsp;:<\/p>\n<p style=\"padding-left: 80px;\">. L\u2019apprentissage de l&rsquo;utilisation des entr\u00e9es digitales de l&rsquo;Arduino<\/p>\n<p style=\"padding-left: 80px;\">. La gestion des entr\u00e9es num\u00e9riques avec le protocole de communication <strong>Firmata Standard<br><br><\/strong><\/p>\n<p>&#8211; <a href=\"https:\/\/www.ardpylab.fr\/?page_id=3219\" data-wplink-url-error=\"true\"><u>Activit\u00e9 3 : Allumer ou \u00e9teindre une DEL avec un bouton-poussoir<\/u><\/a><\/p>\n<p style=\"padding-left: 40px;\"><u>Objectifs<\/u>&nbsp;:<\/p>\n<p style=\"padding-left: 80px;\">. La manipulation des variables<\/p>\n<p style=\"padding-left: 80px;\">. La programmation des structures conditionnelles <strong>if \u2013 else<br><br><\/strong><\/p>\n<p>&#8211; <a href=\"https:\/\/www.ardpylab.fr\/?page_id=3243\" data-wplink-url-error=\"true\"><u>Activit\u00e9 4 : Allumer en alternance ou \u00e9teindre 3 DELs avec un bouton-poussoir<\/u><\/a><\/p>\n<p style=\"padding-left: 40px;\"><u>Objectifs<\/u>&nbsp;:<\/p>\n<p style=\"padding-left: 80px;\">. Synth\u00e8se des activit\u00e9s pr\u00e9c\u00e9dentes<\/p>\n<p style=\"padding-left: 80px;\">. Mesure de dur\u00e9es avec la biblioth\u00e8que <strong>time<\/strong><\/p>\n<p>&nbsp;<\/p>\n\n\n\n<h4><strong><br>. <\/strong><strong><u><a href=\"https:\/\/www.ardpylab.fr\/?page_id=3311\" data-wplink-url-error=\"true\">Projet 2 &#8211; DEL RVB : Entr\u00e9es et Sorties analogiques<\/a><br><br><\/u><\/strong><\/h4>\n<p>Apr\u00e8s avoir vu le principe de fonctionnement des entr\u00e9es et des sorties num\u00e9riques de l\u2019Arduino, avec ce nouveau circuit, nous allons nous int\u00e9resser aux entr\u00e9es et sorties analogiques de la platine.<br><br><\/p>\n\n\n\n<div class=\"wp-block-image\">\n<figure class=\"aligncenter size-large\"><img loading=\"lazy\" decoding=\"async\" class=\"wp-image-3368 aligncenter\" style=\"border: 3px solid #eeeeee; padding: 3px; margin: 3px;\" src=\"https:\/\/www.ardpylab.fr\/wp-content\/uploads\/2020\/04\/projet2.jpg\" alt=\"\" width=\"623\" height=\"304\"><\/figure>\n<\/div>\n<p>&nbsp;<\/p>\n\n\n\n<p>&#8211; <a href=\"https:\/\/www.ardpylab.fr\/?page_id=3324\" data-wplink-url-error=\"true\"><u>Activit\u00e9 1 : Contr\u00f4ler la luminosit\u00e9 d&rsquo;une DEL avec un bouton-poussoir<\/u><\/a><\/p>\n<p style=\"padding-left: 40px;\"><u>Objectifs<\/u>&nbsp;:<\/p>\n<p style=\"padding-left: 80px;\">. L\u2019apprentissage de l&rsquo;utilisation des sorties analogiques (mode PWM) de l&rsquo;Arduino<\/p>\n<p style=\"padding-left: 80px;\">. La gestion des sorties analogiques avec le protocole de communication <strong>Firmata Standard<br><br><\/strong><\/p>\n<p>&#8211; <a href=\"https:\/\/www.ardpylab.fr\/?page_id=3343\" data-wplink-url-error=\"true\"><u>Activit\u00e9 2 : Clignotement d\u2019une DEL \u00e0 une allure fix\u00e9e par une entr\u00e9e analogique<\/u><\/a><\/p>\n<p style=\"padding-left: 40px;\"><u>Objectifs<\/u>&nbsp;:<\/p>\n<p style=\"padding-left: 80px;\">. L\u2019apprentissage de l&rsquo;utilisation des entr\u00e9es analogiques de l&rsquo;Arduino<\/p>\n<p style=\"padding-left: 80px;\">. La gestion des entr\u00e9es analogiques avec le protocole de communication <strong>Firmata Standard<\/strong><\/p>\n<p style=\"padding-left: 80px;\"><strong>. <\/strong>Utilisation d\u2019un capteur r\u00e9sistif (photor\u00e9sistance)<br><br><\/p>\n<p>&#8211; <a href=\"https:\/\/www.ardpylab.fr\/?page_id=3373\" data-wplink-url-error=\"true\"><u>Activit\u00e9 3 : R\u00e9glage de la luminosit\u00e9 d\u2019une DEL \u00e0 un niveau fix\u00e9 par une entr\u00e9e analogique <\/u><\/a><\/p>\n<p style=\"padding-left: 40px;\"><u>Objectifs<\/u>&nbsp;:<\/p>\n<p style=\"padding-left: 80px;\">. Une autre application de la photor\u00e9sistance<br><br><\/p>\n<p>&#8211; <a href=\"https:\/\/www.ardpylab.fr\/?page_id=3389\" data-wplink-url-error=\"true\"><u>Activit\u00e9 4 : DEL RVB &#8211; Synth\u00e8se additive des couleurs <\/u><\/a><\/p>\n<p style=\"padding-left: 40px;\"><u>Objectifs<\/u>&nbsp;:<\/p>\n<p style=\"padding-left: 80px;\">. Synth\u00e8se des activit\u00e9s pr\u00e9c\u00e9dentes<\/p>\n<p style=\"padding-left: 80px;\">. Mod\u00e9lisation informatique de la couleur<\/p>\n<p>&nbsp;<\/p>\n\n\n\n<h4><strong><br>. <\/strong><strong><u><a href=\"https:\/\/www.ardpylab.fr\/?page_id=3436\" data-wplink-url-error=\"true\">Projet 3 &#8211; Ondes sonores : Produire &amp; Exploiter<\/a><br><br><\/u><\/strong><\/h4>\n<p>Apr\u00e8s avoir bien travaill\u00e9, maintenant que nous maitrisons le principe des entr\u00e9es et sorties de l\u2019Arduino, nous allons nous d\u00e9tendre en \u00e9coutant un peu de musique\u2026<br><br><\/p>\n\n\n\n<div class=\"wp-block-image\">\n<figure class=\"aligncenter size-large\"><img loading=\"lazy\" decoding=\"async\" class=\"wp-image-3430 aligncenter\" style=\"border: 3px solid #eeeeee; padding: 3px; margin: 3px;\" src=\"https:\/\/www.ardpylab.fr\/wp-content\/uploads\/2020\/04\/projet3.jpg\" alt=\"\" width=\"574\" height=\"280\"><\/figure>\n<\/div>\n\n\n\n<p><br>&#8211; <a href=\"https:\/\/www.ardpylab.fr\/?page_id=3434\" data-wplink-url-error=\"true\"><u>Activit\u00e9 1 : Faire clignoter une DEL et produire un \u00ab\u00a0beep\u00a0\u00bb synchrone <\/u><\/a><\/p>\n<p style=\"padding-left: 40px;\"><u>Objectifs<\/u>&nbsp;:<\/p>\n<p style=\"padding-left: 40px;\">. Emettre une onde sonore avec un Arduino<\/p>\n<p style=\"padding-left: 40px;\">. La gestion de la fonction \u201d<strong>Tone<\/strong>\u201d avec le protocole de communication <strong>Firmata Express<\/strong><\/p>\n<p><strong>&nbsp;<\/strong><\/p>\n<p>&#8211; <a href=\"https:\/\/www.ardpylab.fr\/?page_id=3476\" data-wplink-url-error=\"true\"><u>Activit\u00e9 2 : Alarme sonore par d\u00e9tection de passage<\/u><\/a><\/p>\n<p style=\"padding-left: 40px;\"><u>Objectifs<\/u>&nbsp;:<\/p>\n<p style=\"padding-left: 80px;\">&#8211;&gt; Mise en application des apprentissages sur les photor\u00e9sistances et l\u2019\u00e9mission sonore<\/p>\n<p>&nbsp;<\/p>\n<p>&#8211; <a href=\"https:\/\/www.ardpylab.fr\/?page_id=3492\" data-wplink-url-error=\"true\"><u>Activit\u00e9 3 : Emettre une onde sonore avec un bouton-poussoir <\/u><\/a><\/p>\n<p style=\"padding-left: 40px;\"><u>Objectifs<\/u>&nbsp;:<\/p>\n<p style=\"padding-left: 80px;\">&#8211;&gt; Mise en application des apprentissages sur l\u2019utilisation des boutons poussoirs et l\u2019\u00e9mission sonore<\/p>\n<p>&nbsp;<\/p>\n<p>&#8211; <a href=\"https:\/\/www.ardpylab.fr\/?page_id=3514\" data-wplink-url-error=\"true\"><u>Activit\u00e9 4 : Jouer une m\u00e9lodie avec des boutons poussoir<\/u><\/a><\/p>\n<p style=\"padding-left: 40px;\"><u>Objectifs<\/u>&nbsp;:<\/p>\n<p style=\"padding-left: 80px;\">. Synth\u00e8se des activit\u00e9s pr\u00e9c\u00e9dentes<\/p>\n<p style=\"padding-left: 80px;\">. La programmation des boucles <strong>\u201dfor\u201d<\/strong><\/p>\n<p>&nbsp;<\/p>\n<p>&#8211; <a href=\"https:\/\/www.ardpylab.fr\/?page_id=3537\" data-wplink-url-error=\"true\"><u>Activit\u00e9 5 : R\u00e9gler la fr\u00e9quence d&rsquo;une onde sonore avec deux potentiom\u00e8tres<\/u><\/a><\/p>\n<p style=\"padding-left: 40px;\"><u>Objectifs<\/u>&nbsp;:<\/p>\n<p style=\"padding-left: 80px;\">&#8211;&gt; Mise en application des apprentissages sur l\u2019utilisation des potentiom\u00e8tres et l\u2019\u00e9mission sonore<\/p>\n<p>&nbsp;<\/p>\n\n\n\n<h4><strong><br>. <\/strong><strong><u><a href=\"https:\/\/www.ardpylab.fr\/?page_id=3602\" data-wplink-url-error=\"true\">Projet 4 &#8211; Ondes ultrasonores : Vitesse &amp; Distances<\/a><br><br><\/u><\/strong><\/h4>\n<p>Nous avons vu qu&rsquo;il \u00e9tait possible, avec un Arduino, de produire des ondes sonores, caract\u00e9ris\u00e9es par leur fr\u00e9quence. Nous allons maintenant, nous int\u00e9resser \u00e0 la vitesse de propagation des ondes sonores.<\/p>\n\n\n\n<div class=\"wp-block-image\">\n<figure class=\"aligncenter size-large\"><img loading=\"lazy\" decoding=\"async\" class=\"wp-image-3598 aligncenter\" style=\"border: 3px solid #eeeeee; padding: 3px; margin: 3px;\" src=\"https:\/\/www.ardpylab.fr\/wp-content\/uploads\/2020\/04\/projet4.jpg\" alt=\"\" width=\"599\" height=\"292\"><\/figure>\n<\/div>\n\n\n\n<p><br>&#8211; <a href=\"https:\/\/www.ardpylab.fr\/?page_id=3618\" data-wplink-url-error=\"true\"><u>Activit\u00e9 1 : D\u00e9termination de la vitesse du son dans l&rsquo;air<\/u><\/a><\/p>\n<p style=\"padding-left: 40px;\"><u>Objectifs<\/u>&nbsp;:<\/p>\n<p style=\"padding-left: 40px;\">. Emettre une onde ultrasonore avec un Arduino<\/p>\n<p style=\"padding-left: 40px;\">. La gestion des capteurs ultrasoniques&nbsp;avec le protocole de communication <strong>Firmata Express<\/strong><\/p>\n<p><strong>&nbsp;<\/strong><\/p>\n<p>&#8211; <a href=\"https:\/\/www.ardpylab.fr\/?page_id=3654\" data-wplink-url-error=\"true\"><u>Activit\u00e9 2 : Mesure de distances<\/u><\/a><\/p>\n<p style=\"padding-left: 40px;\"><u>Objectifs<\/u>&nbsp;:<\/p>\n<p style=\"padding-left: 80px;\">&#8211;&gt; Utilisation de la vitesse de propagation des ultrasons dans l\u2019air pour calculer une distance<\/p>\n<p>&nbsp;<\/p>\n<p>&#8211; <a href=\"https:\/\/www.ardpylab.fr\/?page_id=3681\" data-wplink-url-error=\"true\"><u>Activit\u00e9 3 : D\u00e9tecteur d&rsquo;obstacles<\/u><\/a><\/p>\n<p style=\"padding-left: 40px;\"><u>Objectifs<\/u>&nbsp;:<\/p>\n<p style=\"padding-left: 80px;\">&#8211;&gt; Application de l\u2019activit\u00e9 \u201dMesure de distance \u201d<\/p>\n<p>&nbsp;<\/p>\n\n\n\n<h4><strong><br>. <\/strong><strong><u><a href=\"https:\/\/www.ardpylab.fr\/?page_id=4631\" data-wplink-url-error=\"true\">Projet 5 &#8211; Temp\u00e9ratures : Mesurer &amp; Exploiter<\/a><br><\/u><\/strong><\/h4>\n<p><br>Comme la vitesse de propagation des ondes sonores dans l\u2019air d\u00e9pend de la temp\u00e9rature, nous allons \u00e0 pr\u00e9sent utiliser notre Arduino pour mesurer des temp\u00e9ratures.<\/p>\n<p>Les capteurs de temp\u00e9rature g\u00e9n\u00e9ralement utilis\u00e9s avec un Arduino sont de deux types diff\u00e9rents :<\/p>\n<p>&#8211; les capteurs dont la tension de sortie est lin\u00e9airement proportionnelle \u00e0 la temp\u00e9rature (les plus courant : TMP 36 et LM 35)<\/p>\n<p>&#8211; les thermistances CTN (coefficient de temp\u00e9rature n\u00e9gatif) qui sont des capteurs de temp\u00e9rature r\u00e9sistifs, dont la r\u00e9sistance diminue de fa\u00e7on non lin\u00e9aire quand la temp\u00e9rature augmente.<\/p>\n\n\n\n<div class=\"wp-block-image\">\n<figure class=\"aligncenter size-large\"><img loading=\"lazy\" decoding=\"async\" class=\"alignnone wp-image-4626 \" style=\"border: 3px solid #eeeeee; padding: 3px; margin: 3px;\" src=\"https:\/\/www.ardpylab.fr\/wp-content\/uploads\/2020\/05\/projetpython5-1024x494.jpg\" alt=\"\" width=\"601\" height=\"293\"><\/figure>\n<\/div>\n\n\n\n<p><br>&#8211; <a href=\"https:\/\/www.ardpylab.fr\/?page_id=4653\" data-wplink-url-error=\"true\"><u>Activit\u00e9 1 : Mesure de temp\u00e9ratures avec un capteur TMP 36 ou LM 35<\/u><\/a><\/p>\n<p style=\"padding-left: 40px;\"><u>Objectifs<\/u>&nbsp;:<\/p>\n<p style=\"padding-left: 80px;\">. Mesurer une temp\u00e9rature avec un Arduino et un capteur lin\u00e9aire<\/p>\n<p style=\"padding-left: 80px;\">. La gestion des capteurs de temp\u00e9rature avec le protocole de communication <strong>Firmata Express<br><br><\/strong><\/p>\n<p>&#8211; <a href=\"https:\/\/www.ardpylab.fr\/?page_id=4660\" data-wplink-url-error=\"true\"><u>Activit\u00e9 2 : Alarme sonore par d\u00e9passement de temp\u00e9rature<\/u><\/a><\/p>\n<p style=\"padding-left: 40px;\"><u>Objectifs<\/u>&nbsp;:<\/p>\n<p style=\"padding-left: 80px;\">&#8211;&gt; Mise en application des activit\u00e9s sur la mesure de temp\u00e9rature et sur les ondes sonores<br><br><\/p>\n<p>&#8211; <a href=\"https:\/\/www.ardpylab.fr\/?page_id=4666\" data-wplink-url-error=\"true\"><u>Activit\u00e9 3 : Thermom\u00e8tre \u00e0 diodes \u00e9lectroluminescentes<\/u><\/a><\/p>\n<p style=\"padding-left: 40px;\"><u>Objectifs<\/u>&nbsp;:<\/p>\n<p style=\"padding-left: 80px;\">&#8211;&gt; Mise en application des activit\u00e9s sur la mesure de temp\u00e9rature et sur les DELs<br><br><\/p>\n<p>&#8211; <a href=\"https:\/\/www.ardpylab.fr\/?page_id=4670\" data-wplink-url-error=\"true\"><u>Activit\u00e9 4 : Etalonnage d\u2019une thermistance CTN<\/u><\/a><\/p>\n<p style=\"padding-left: 40px;\"><u>O<\/u><u>bjectifs<\/u>&nbsp;:<\/p>\n<p style=\"padding-left: 80px;\">&#8211;&gt; Etalonner une thermistance CTN avec un Arduino et un capteur de temp\u00e9rature lin\u00e9aire<br><br><\/p>\n<p>&#8211; <a href=\"https:\/\/www.ardpylab.fr\/?page_id=4675\" data-wplink-url-error=\"true\"><u>Activit\u00e9 5 : Mesure de temp\u00e9ratures avec une thermistance CTN<\/u><\/a><\/p>\n<p style=\"padding-left: 40px;\"><u>O<\/u><u>bjectifs<\/u>&nbsp;:<\/p>\n<p style=\"padding-left: 80px;\">&#8211;&gt; Mesurer une temp\u00e9rature avec un Arduino et une thermistance CTN<\/p>\n<p>&nbsp;<\/p>\n\n\n\n<h4><strong><br \/>. <\/strong><strong><u><a href=\"https:\/\/www.ardpylab.fr\/?page_id=4686\" data-wplink-url-error=\"true\">Projet 6 &#8211; Pression : Mesurer &amp; Exploiter<\/a><br \/><br \/><\/u><\/strong><\/h4>\n<p>Dans le domaine des sciences, une autre grandeur physique fr\u00e9quemment utilis\u00e9e est la pression exprim\u00e9e en Pascal (Pa).<\/p>\n<p>Pour mesurer cette grandeur avec un Arduino, on utilisera le capteur de pression MPX4250AP dont la sensibilit\u00e9 est de 20 mv\/kPa pour une plage de mesure allant de 20 \u00e0 250 kPa (soit, une tension de sortie du capteur entre 0,2 V et 4,8 V). Ce capteur est donc parfaitement adapt\u00e9 \u00e0 une utilisation avec un Arduino.<\/p>\n\n\n\n<div class=\"wp-block-image\">\n<figure class=\"aligncenter size-large\"><img loading=\"lazy\" decoding=\"async\" class=\"alignnone wp-image-4699 \" style=\"border: 3px solid #eeeeee; padding: 3px; margin: 3px;\" src=\"https:\/\/www.ardpylab.fr\/wp-content\/uploads\/2020\/05\/projetpython6-1024x494.png\" alt=\"\" width=\"624\" height=\"304\" \/><\/figure>\n<\/div>\n\n\n\n<p><br \/>&#8211; <a href=\"https:\/\/www.ardpylab.fr\/?page_id=4706\" data-wplink-url-error=\"true\"><u>Activit\u00e9 1 : Mesure d\u2019une pression absolue avec un capteur MPX4250AP<\/u><\/a><\/p>\n<p style=\"padding-left: 40px;\"><u>Objectifs<\/u>\u00a0:<\/p>\n<p style=\"padding-left: 80px;\">. Mesurer une pression avec un Arduino et un capteur de pression<\/p>\n<p style=\"padding-left: 80px;\">. La gestion des capteurs de pression avec le protocole de communication <strong>Firmata standard<br \/><br \/><\/strong><\/p>\n<p>&#8211; <a href=\"https:\/\/www.ardpylab.fr\/?page_id=4712\" data-wplink-url-error=\"true\"><u>Activit\u00e9 2 : Indicateur de pression<\/u><\/a><\/p>\n<p style=\"padding-left: 40px;\"><u>Objectifs<\/u>\u00a0:<\/p>\n<p style=\"padding-left: 80px;\">&#8211;&gt; Mise en application des activit\u00e9s sur la mesure de pression et sur les DELs<br \/><br \/><\/p>\n<p>&#8211; <a href=\"https:\/\/www.ardpylab.fr\/?page_id=4716\" data-wplink-url-error=\"true\"><u>Activit\u00e9 3 : V\u00e9rification de la loi de Boyle-Mariotte<\/u><\/a><\/p>\n<p style=\"padding-left: 40px;\"><u>Objectifs<\/u>\u00a0:<\/p>\n<p style=\"padding-left: 80px;\">&#8211;&gt; Mise en application de l\u2019activit\u00e9 sur la mesure de pression<br \/><br \/><\/p>\n<p>&#8211; <a href=\"https:\/\/www.ardpylab.fr\/?page_id=4721\" data-wplink-url-error=\"true\"><u>Activit\u00e9 4 : Principe fondamental de la statique des fluides<\/u><\/a><\/p>\n<p style=\"padding-left: 40px;\"><u>O<\/u><u>bjectifs<\/u>\u00a0:<\/p>\n<p style=\"padding-left: 80px;\">&#8211;&gt; Une autre application de l\u2019activit\u00e9 sur la mesure de pression<\/p>\n<p>\u00a0<\/p>\n\n\n\n<h4><strong><br \/>. <\/strong><strong><u><a href=\"https:\/\/www.ardpylab.fr\/?page_id=4736\" data-wplink-url-error=\"true\">Projet 7 &#8211; Dip\u00f4les RC : Charge &amp; D\u00e9charge<\/a><br \/><br \/><\/u><\/strong><\/h4>\n<p>Avec un Arduino, nous avons vu qu\u2019il \u00e9tait possible de mesurer une tension. Nous allons maintenant utiliser un Arduino Uno pour suivre l\u2019\u00e9volution temporelle de la tension aux bornes d\u2019un condensateur lors de sa charge ou sa d\u00e9charge.<\/p>\n\n\n\n<div class=\"wp-block-image\">\n<figure class=\"aligncenter size-large\"><img loading=\"lazy\" decoding=\"async\" class=\"alignnone wp-image-4823 \" style=\"border: 3px solid #eeeeee; padding: 3px; margin: 3px;\" src=\"https:\/\/www.ardpylab.fr\/wp-content\/uploads\/2020\/05\/projetpython7-1024x494.png\" alt=\"\" width=\"622\" height=\"303\" \/><\/figure>\n<\/div>\n\n\n\n<p><br \/>&#8211; <a href=\"https:\/\/www.ardpylab.fr\/?page_id=4743\" data-wplink-url-error=\"true\"><span style=\"text-decoration: underline;\">Activit\u00e9 1 : Etude de la charge d\u2019un condensateur d\u2019un dip\u00f4le RC<\/span><\/a><\/p>\n<p style=\"padding-left: 40px;\"><u>Objectifs<\/u>\u00a0:<\/p>\n<p style=\"padding-left: 80px;\">. Mesurer une tension avec un Arduino<\/p>\n<p style=\"padding-left: 80px;\">. La gestion des entr\u00e9es analogiques avec le protocole de communication <strong>Firmata standard<br \/><br \/><\/strong><\/p>\n<p>&#8211; <a href=\"https:\/\/www.ardpylab.fr\/?page_id=4751\" data-wplink-url-error=\"true\"><u>Activit\u00e9 2 : Etude de la d\u00e9charge d\u2019un condensateur d\u2019un dip\u00f4le RC<\/u><\/a><\/p>\n<p style=\"padding-left: 40px;\"><u>Objectifs<\/u>\u00a0:<\/p>\n<p style=\"padding-left: 80px;\">&#8211;&gt; Compl\u00e9ment de l\u2019activit\u00e9 pr\u00e9c\u00e9dente<br \/><br \/><\/p>\n<p>&#8211; <a href=\"https:\/\/www.ardpylab.fr\/?page_id=4763\" data-wplink-url-error=\"true\"><u>Activit\u00e9 3 : D\u00e9termination de la capacit\u00e9 d\u2019un condensateur par mesure d\u2019une constante de temps <\/u><\/a><\/p>\n<p style=\"padding-left: 40px;\"><u>Objectifs<\/u>\u00a0:<\/p>\n<p style=\"padding-left: 80px;\">&#8211;&gt; Application des activit\u00e9s pr\u00e9c\u00e9dentes<\/p>\n<p>\u00a0<\/p>\n\n\n<div  class=\"grids-section grids-is-stretch\" style=\"--_gs-gap-desktop:0px 0px;--_gs-m-desktop:0 0 0 0;--_gs-p-desktop:0 0 0 0;--_gs-bg-desktop:transparent none;--_gs-bg-xp-desktop:0px;--_gs-zi-desktop:auto;--_gs-d-desktop:block;--_gs-mw-desktop:calc(100% - 0 - 0);--_gs-gap-tablet:0px 0px;--_gs-m-tablet:0 0 0 0;--_gs-p-tablet:0 0 0 0;--_gs-bg-tablet:transparent none;--_gs-bg-xp-tablet:0px;--_gs-zi-tablet:auto;--_gs-d-tablet:block;--_gs-mw-tablet:calc(100% - 0 - 0);--_gs-gap-mobile:0px 0px;--_gs-m-mobile:0 0 0 0;--_gs-p-mobile:0 0 0 0;--_gs-bg-mobile:transparent none;--_gs-bg-xp-mobile:0px;--_gs-zi-mobile:auto;--_gs-d-mobile:block;--_gs-mw-mobile:calc(100% - 0 - 0);--_gs-columns:2;--_gs-rows:1\"><div class=\"grids-s-w_i\">\n<div class=\"grids-area\" style=\"--_ga-column:1\/2;--_ga-row:1\/2;--_ga-m-desktop:0 0 0 0;--_ga-p-desktop:0 0 0 0;--_ga-bg-desktop:transparent none;--_ga-zi-desktop:auto;--_ga-d-desktop:flex;--_ga-mw-desktop:calc(100% - 0 - 0);--_ga-m-tablet:0 0 0 0;--_ga-p-tablet:0 0 0 0;--_ga-bg-tablet:transparent none;--_ga-zi-tablet:auto;--_ga-d-tablet:flex;--_ga-mw-tablet:calc(100% - 0 - 0);--_ga-m-mobile:0 0 0 0;--_ga-p-mobile:0 0 0 0;--_ga-bg-mobile:transparent none;--_ga-zi-mobile:auto;--_ga-d-mobile:flex;--_ga-mw-mobile:calc(100% - 0 - 0)\">\n\n<div class=\"wp-block-image\"><figure class=\"alignleft size-large\"><a href=\"https:\/\/www.ardpylab.fr\/?page_id=3031\"><img loading=\"lazy\" decoding=\"async\" width=\"50\" height=\"28\" src=\"https:\/\/www.ardpylab.fr\/wp-content\/uploads\/2020\/03\/moins.jpg\" alt=\"\" class=\"wp-image-107\"\/><\/a><\/figure><\/div>\n\n<\/div>\n\n<div class=\"grids-area\" style=\"--_ga-column:2\/3;--_ga-row:1\/2;--_ga-m-desktop:0 0 0 0;--_ga-p-desktop:0 0 0 0;--_ga-bg-desktop:transparent none;--_ga-zi-desktop:auto;--_ga-d-desktop:flex;--_ga-mw-desktop:calc(100% - 0 - 0);--_ga-m-tablet:0 0 0 0;--_ga-p-tablet:0 0 0 0;--_ga-bg-tablet:transparent none;--_ga-zi-tablet:auto;--_ga-d-tablet:flex;--_ga-mw-tablet:calc(100% - 0 - 0);--_ga-m-mobile:0 0 0 0;--_ga-p-mobile:0 0 0 0;--_ga-bg-mobile:transparent none;--_ga-zi-mobile:auto;--_ga-d-mobile:flex;--_ga-mw-mobile:calc(100% - 0 - 0)\">\n\n<div class=\"wp-block-image\"><figure class=\"alignright size-large\"><a href=\"https:\/\/www.ardpylab.fr\/?page_id=3153\"><img loading=\"lazy\" decoding=\"async\" width=\"50\" height=\"28\" src=\"https:\/\/www.ardpylab.fr\/wp-content\/uploads\/2020\/03\/plus.jpg\" alt=\"\" class=\"wp-image-106\"\/><\/a><\/figure><\/div>\n\n<\/div>\n<\/div><\/div>","protected":false},"excerpt":{"rendered":"<p>&nbsp; Les premi\u00e8res activit\u00e9s programm\u00e9es en Python permettent de se familiariser avec l\u2019Arduino, de comprendre le principe de fonctionnement des entr\u00e9es et sorties num\u00e9riques ou analogiques. Ensuite, c\u2019est l\u2019exploitation des donn\u00e9es des principaux capteurs utilis\u00e9s avec un Arduino qui est abord\u00e9e. Les activit\u00e9s cod\u00e9es en Python, mais aussi leur \u00e9quivalent en langage \u00ab\u00a0Arduino IDE\u00a0\u00bb sont [&hellip;]<\/p>\n","protected":false},"author":1,"featured_media":0,"parent":0,"menu_order":0,"comment_status":"closed","ping_status":"closed","template":"","meta":{"footnotes":""},"class_list":["post-3141","page","type-page","status-publish","hentry"],"_links":{"self":[{"href":"https:\/\/www.ardpylab.fr\/index.php?rest_route=\/wp\/v2\/pages\/3141","targetHints":{"allow":["GET"]}}],"collection":[{"href":"https:\/\/www.ardpylab.fr\/index.php?rest_route=\/wp\/v2\/pages"}],"about":[{"href":"https:\/\/www.ardpylab.fr\/index.php?rest_route=\/wp\/v2\/types\/page"}],"author":[{"embeddable":true,"href":"https:\/\/www.ardpylab.fr\/index.php?rest_route=\/wp\/v2\/users\/1"}],"replies":[{"embeddable":true,"href":"https:\/\/www.ardpylab.fr\/index.php?rest_route=%2Fwp%2Fv2%2Fcomments&post=3141"}],"version-history":[{"count":0,"href":"https:\/\/www.ardpylab.fr\/index.php?rest_route=\/wp\/v2\/pages\/3141\/revisions"}],"wp:attachment":[{"href":"https:\/\/www.ardpylab.fr\/index.php?rest_route=%2Fwp%2Fv2%2Fmedia&parent=3141"}],"curies":[{"name":"wp","href":"https:\/\/api.w.org\/{rel}","templated":true}]}}