{"id":3153,"date":"2020-04-23T10:35:17","date_gmt":"2020-04-23T08:35:17","guid":{"rendered":"http:\/\/www.ardpylab.fr\/?page_id=3153"},"modified":"2020-05-10T17:22:11","modified_gmt":"2020-05-10T15:22:11","slug":"projet-1-premiers-pas","status":"publish","type":"page","link":"https:\/\/www.ardpylab.fr\/?page_id=3153","title":{"rendered":"Projet 1 &#8211;  Premiers pas"},"content":{"rendered":"\n<h1 style=\"text-align: center;\"><strong><em>(DEL &amp; Bouton poussoir)<u><br><br><\/u><\/em><\/strong><\/h1>\n\n\n\n<h6><br \/><span style=\"color: #999999;\">(<em>Cliquez pour afficher la version PDF)<\/em><\/span><\/h6>\n\n\n\n<div class=\"wp-block-file\"><a href=\"https:\/\/www.ardpylab.fr\/wp-content\/uploads\/2020\/04\/projet1.pdf\">Projet1 &#8211; Premier pas<\/a><a href=\"https:\/\/www.ardpylab.fr\/wp-content\/uploads\/2020\/04\/projet1.pdf\" class=\"wp-block-file__button\" download>T\u00e9l\u00e9charger<\/a><\/div>\n\n\n\n<p>\u00a0<\/p>\n<p>L\u2019objectif de l\u2019\u00e9tude de ce premier circuit est de comprendre le principe de fonctionnement des entr\u00e9es et sorties num\u00e9riques de l\u2019Arduino \u00e0 travers 4 activit\u00e9s, programm\u00e9es en Python et en langage Arduino.<br \/><br \/><\/p>\n\n\n\n<div class=\"wp-block-image\">\n<figure class=\"aligncenter size-large\"><img loading=\"lazy\" decoding=\"async\" class=\"wp-image-3290 aligncenter\" style=\"border: 3px solid #eeeeee; padding: 3px; margin: 3px;\" src=\"https:\/\/www.ardpylab.fr\/wp-content\/uploads\/2020\/04\/projet1-circuit.png\" alt=\"\" width=\"577\" height=\"343\"><\/figure>\n<\/div>\n<p>&nbsp;<\/p>\n\n\n<div  class=\"grids-section grids-is-stretch\" style=\"--_gs-gap-desktop:0px 0px;--_gs-m-desktop:0 0 0 0;--_gs-p-desktop:0 0 0 0;--_gs-bg-desktop:transparent none;--_gs-bg-xp-desktop:0px;--_gs-zi-desktop:auto;--_gs-d-desktop:block;--_gs-mw-desktop:calc(100% - 0 - 0);--_gs-gap-tablet:0px 0px;--_gs-m-tablet:0 0 0 0;--_gs-p-tablet:0 0 0 0;--_gs-bg-tablet:transparent none;--_gs-bg-xp-tablet:0px;--_gs-zi-tablet:auto;--_gs-d-tablet:block;--_gs-mw-tablet:calc(100% - 0 - 0);--_gs-gap-mobile:0px 0px;--_gs-m-mobile:0 0 0 0;--_gs-p-mobile:0 0 0 0;--_gs-bg-mobile:transparent none;--_gs-bg-xp-mobile:0px;--_gs-zi-mobile:auto;--_gs-d-mobile:block;--_gs-mw-mobile:calc(100% - 0 - 0);--_gs-columns:2;--_gs-rows:1\"><div class=\"grids-s-w_i\">\n<div class=\"grids-area\" style=\"--_ga-column:1\/2;--_ga-row:1\/2;--_ga-m-desktop:0 0 0 0;--_ga-p-desktop:0 0 0 0;--_ga-bg-desktop:transparent none;--_ga-zi-desktop:auto;--_ga-d-desktop:flex;--_ga-mw-desktop:calc(100% - 0 - 0);--_ga-m-tablet:0 0 0 0;--_ga-p-tablet:0 0 0 0;--_ga-bg-tablet:transparent none;--_ga-zi-tablet:auto;--_ga-d-tablet:flex;--_ga-mw-tablet:calc(100% - 0 - 0);--_ga-m-mobile:0 0 0 0;--_ga-p-mobile:0 0 0 0;--_ga-bg-mobile:transparent none;--_ga-zi-mobile:auto;--_ga-d-mobile:flex;--_ga-mw-mobile:calc(100% - 0 - 0)\">\n\n<div class=\"wp-block-image\">\n<figure class=\"aligncenter size-large\"><img loading=\"lazy\" decoding=\"async\" class=\"wp-image-3292 aligncenter\" style=\"border: 3px solid #eeeeee; padding: 3px; margin: 3px;\" src=\"https:\/\/www.ardpylab.fr\/wp-content\/uploads\/2020\/04\/projet1-circuit2-1024x858.png\" alt=\"\" width=\"339\" height=\"286\"><\/figure>\n<\/div>\n\n<\/div>\n\n<div class=\"grids-area\" style=\"--_ga-column:2\/3;--_ga-row:1\/2;--_ga-m-desktop:0 0 0 0;--_ga-p-desktop:0 0 0 0;--_ga-bg-desktop:transparent none;--_ga-zi-desktop:auto;--_ga-d-desktop:flex;--_ga-mw-desktop:calc(100% - 0 - 0);--_ga-m-tablet:0 0 0 0;--_ga-p-tablet:0 0 0 0;--_ga-bg-tablet:transparent none;--_ga-zi-tablet:auto;--_ga-d-tablet:flex;--_ga-mw-tablet:calc(100% - 0 - 0);--_ga-m-mobile:0 0 0 0;--_ga-p-mobile:0 0 0 0;--_ga-bg-mobile:transparent none;--_ga-zi-mobile:auto;--_ga-d-mobile:flex;--_ga-mw-mobile:calc(100% - 0 - 0)\">\n\n<div class=\"wp-block-image\">\n<figure class=\"aligncenter size-large\"><img loading=\"lazy\" decoding=\"async\" class=\"wp-image-3293 aligncenter\" style=\"border: 3px solid #eeeeee; padding: 3px; margin: 3px;\" src=\"https:\/\/www.ardpylab.fr\/wp-content\/uploads\/2020\/04\/projet1-circuit3-1024x663.png\" alt=\"\" width=\"365\" height=\"238\"><\/figure>\n<\/div>\n<p>&nbsp;<\/p>\n\n<\/div>\n<\/div><\/div>\n\n\n<p style=\"text-align: center;\"><span style=\"color: #000000;\">Le circuit sur un \u201dshield\u201d pour Arduino Uno<\/span><\/p>\n<p>&nbsp;<\/p>\n\n\n\n<ul>\n<li>\n<h4><span style=\"color: #0000ff;\"><strong><u>Liste des composants<\/u>&nbsp;:<\/strong><\/span><\/h4>\n<\/li>\n<\/ul>\n<p style=\"padding-left: 40px;\">. 1 <a href=\"https:\/\/www.ardpylab.fr\/downloads\/docs\/del.pdf\" data-wplink-url-error=\"true\">DEL<\/a> rouge<br>. 1 <a href=\"https:\/\/www.ardpylab.fr\/downloads\/docs\/del.pdf\" data-wplink-url-error=\"true\">DEL<\/a> verte<br>. 1 <a href=\"https:\/\/www.ardpylab.fr\/downloads\/docs\/del.pdf\" data-wplink-url-error=\"true\">DEL<\/a> bleue<br>. 3 <a href=\"https:\/\/www.ardpylab.fr\/downloads\/docs\/R220.pdf\" data-wplink-url-error=\"true\">r\u00e9sistances de 220 \u03a9<\/a>&nbsp; (r\u00e9sistances des DELs)<br>. 1 <a href=\"https:\/\/www.ardpylab.fr\/downloads\/docs\/btnpush.pdf\" data-wplink-url-error=\"true\">bouton poussoir<\/a><br>. 1 <a href=\"https:\/\/www.ardpylab.fr\/downloads\/docs\/R10.pdf\" data-wplink-url-error=\"true\">r\u00e9sistance de 10 k\u03a9<\/a> (r\u00e9sistance du bouton poussoir)<br>. 1 <a href=\"https:\/\/www.ardpylab.fr\/downloads\/docs\/breadboard.pdf\" data-wplink-url-error=\"true\">plaque d\u2019essai<\/a> <br>. <a href=\"https:\/\/www.ardpylab.fr\/downloads\/docs\/fils-connexion.pdf\" data-wplink-url-error=\"true\">Fils de connexion<\/a><br><br><\/p>\n<ul>\n<li>\n<h4><span style=\"color: #0000ff;\"><strong><u>Protocole de communication<\/u> :<\/strong><\/span><\/h4>\n<\/li>\n<\/ul>\n<p style=\"padding-left: 40px;\">. <a href=\"https:\/\/www.ardpylab.fr\/?page_id=2739\" data-wplink-url-error=\"true\">Firmata standard<\/a><\/p>\n<p>&nbsp;<\/p>\n\n\n\n<ul>\n<li>\n<h4><strong><span style=\"color: #0000ff;\"><span style=\"text-decoration: underline;\">Rappels<\/span> :<\/span><\/strong><\/h4>\n<\/li>\n<\/ul>\n<p style=\"padding-left: 40px;\">. <a href=\"https:\/\/www.ardpylab.fr\/?page_id=206\" data-wplink-url-error=\"true\">Petit rappel sur l\u2019\u00e9lectricit\u00e9<\/a><strong><br><\/strong>. <a href=\"https:\/\/www.ardpylab.fr\/?page_id=94\" data-wplink-url-error=\"true\">Les entr\u00e9es et sorties num\u00e9riques de l\u2019Arduino Uno<\/a><br>. <a href=\"https:\/\/www.ardpylab.fr\/?page_id=1533\" data-wplink-url-error=\"true\">Les bases de programmation en langage Arduino<\/a><br>. <a href=\"https:\/\/www.ardpylab.fr\/?page_id=372\/#anc1\" data-wplink-url-error=\"true\">La gestion des entr\u00e9es et sorties num\u00e9riques en langage Arduino<\/a><br>. <a href=\"https:\/\/www.ardpylab.fr\/?page_id=2739\" data-wplink-url-error=\"true\">Le protocole de communication <strong>Firmata Standard<\/strong><\/a><strong><br><\/strong>. <a href=\"https:\/\/www.ardpylab.fr\/?page_id=3031\/#anc1\" data-wplink-url-error=\"true\">La gestion des entr\u00e9es et sorties num\u00e9riques en Python avec <strong>Firmata Standard<\/strong><\/a><\/p>\n<p><br><br><\/p>\n\n\n\n<h4><span style=\"color: #008080;\"><strong><span style=\"color: #333333;\">. <\/span><span style=\"color: #333333;\"><span style=\"text-decoration: underline;\">Activit\u00e9 1<\/span> : <a href=\"https:\/\/www.ardpylab.fr\/?page_id=3184\" data-wplink-url-error=\"true\">Faire clignoter une DEL<\/a><br \/><\/span><\/strong><\/span><\/h4>\n<h4><span style=\"color: #008080;\"><strong><span style=\"color: #333333;\">. <\/span><span style=\"color: #333333;\"><span style=\"text-decoration: underline;\">Activit\u00e9 2<\/span> : <a href=\"https:\/\/www.ardpylab.fr\/?page_id=3200\" data-wplink-url-error=\"true\">Allumer une DEL avec un bouton-poussoir<\/a><\/span><\/strong><\/span><\/h4>\n<h4><span style=\"color: #008080;\"><strong><span style=\"color: #333333;\">. <\/span><span style=\"color: #333333;\"><span style=\"text-decoration: underline;\">Activit\u00e9 3<\/span> : <a href=\"https:\/\/www.ardpylab.fr\/?page_id=3219\" data-wplink-url-error=\"true\">Allumer ou \u00e9teindre une DEL avec un bouton-poussoir<\/a><\/span><\/strong><\/span><\/h4>\n<h4><span style=\"color: #008080;\"><strong><span style=\"color: #333333;\">. <\/span><span style=\"color: #333333;\"><span style=\"text-decoration: underline;\">Activit\u00e9 4<\/span> : <a href=\"https:\/\/www.ardpylab.fr\/?page_id=3243\" data-wplink-url-error=\"true\">Allumer en alternance ou \u00e9teindre 3 DELs avec un bouton-poussoir<\/a><\/span><\/strong><\/span><\/h4>\n<h4>\u00a0<\/h4>\n<p>\u00a0<\/p>\n\n\n<div  class=\"grids-section grids-is-stretch\" style=\"--_gs-gap-desktop:0px 0px;--_gs-m-desktop:0 0 0 0;--_gs-p-desktop:0 0 0 0;--_gs-bg-desktop:transparent none;--_gs-bg-xp-desktop:0px;--_gs-zi-desktop:auto;--_gs-d-desktop:block;--_gs-mw-desktop:calc(100% - 0 - 0);--_gs-gap-tablet:0px 0px;--_gs-m-tablet:0 0 0 0;--_gs-p-tablet:0 0 0 0;--_gs-bg-tablet:transparent none;--_gs-bg-xp-tablet:0px;--_gs-zi-tablet:auto;--_gs-d-tablet:block;--_gs-mw-tablet:calc(100% - 0 - 0);--_gs-gap-mobile:0px 0px;--_gs-m-mobile:0 0 0 0;--_gs-p-mobile:0 0 0 0;--_gs-bg-mobile:transparent none;--_gs-bg-xp-mobile:0px;--_gs-zi-mobile:auto;--_gs-d-mobile:block;--_gs-mw-mobile:calc(100% - 0 - 0);--_gs-columns:2;--_gs-rows:1\"><div class=\"grids-s-w_i\">\n<div class=\"grids-area\" style=\"--_ga-column:1\/2;--_ga-row:1\/2;--_ga-m-desktop:0 0 0 0;--_ga-p-desktop:0 0 0 0;--_ga-bg-desktop:transparent none;--_ga-zi-desktop:auto;--_ga-d-desktop:flex;--_ga-mw-desktop:calc(100% - 0 - 0);--_ga-m-tablet:0 0 0 0;--_ga-p-tablet:0 0 0 0;--_ga-bg-tablet:transparent none;--_ga-zi-tablet:auto;--_ga-d-tablet:flex;--_ga-mw-tablet:calc(100% - 0 - 0);--_ga-m-mobile:0 0 0 0;--_ga-p-mobile:0 0 0 0;--_ga-bg-mobile:transparent none;--_ga-zi-mobile:auto;--_ga-d-mobile:flex;--_ga-mw-mobile:calc(100% - 0 - 0)\">\n\n<div class=\"wp-block-image\"><figure class=\"alignleft size-large\"><a href=\"https:\/\/www.ardpylab.fr\/?page_id=3141\"><img loading=\"lazy\" decoding=\"async\" width=\"50\" height=\"28\" src=\"https:\/\/www.ardpylab.fr\/wp-content\/uploads\/2020\/03\/moins.jpg\" alt=\"\" class=\"wp-image-107\"\/><\/a><\/figure><\/div>\n\n<\/div>\n\n<div class=\"grids-area\" style=\"--_ga-column:2\/3;--_ga-row:1\/2;--_ga-m-desktop:0 0 0 0;--_ga-p-desktop:0 0 0 0;--_ga-bg-desktop:transparent none;--_ga-zi-desktop:auto;--_ga-d-desktop:flex;--_ga-mw-desktop:calc(100% - 0 - 0);--_ga-m-tablet:0 0 0 0;--_ga-p-tablet:0 0 0 0;--_ga-bg-tablet:transparent none;--_ga-zi-tablet:auto;--_ga-d-tablet:flex;--_ga-mw-tablet:calc(100% - 0 - 0);--_ga-m-mobile:0 0 0 0;--_ga-p-mobile:0 0 0 0;--_ga-bg-mobile:transparent none;--_ga-zi-mobile:auto;--_ga-d-mobile:flex;--_ga-mw-mobile:calc(100% - 0 - 0)\">\n\n<div class=\"wp-block-image\"><figure class=\"alignright size-large\"><a href=\"https:\/\/www.ardpylab.fr\/?page_id=3184\"><img loading=\"lazy\" decoding=\"async\" width=\"50\" height=\"28\" src=\"https:\/\/www.ardpylab.fr\/wp-content\/uploads\/2020\/03\/plus.jpg\" alt=\"\" class=\"wp-image-106\"\/><\/a><\/figure><\/div>\n\n<\/div>\n<\/div><\/div>\n\n\n\n","protected":false},"excerpt":{"rendered":"<p>(DEL &amp; Bouton poussoir) (Cliquez pour afficher la version PDF) \u00a0 L\u2019objectif de l\u2019\u00e9tude de ce premier circuit est de comprendre le principe de fonctionnement des entr\u00e9es et sorties num\u00e9riques de l\u2019Arduino \u00e0 travers 4 activit\u00e9s, programm\u00e9es en Python et en langage Arduino. &nbsp; Le circuit sur un \u201dshield\u201d pour Arduino Uno &nbsp; Liste des [&hellip;]<\/p>\n","protected":false},"author":1,"featured_media":0,"parent":0,"menu_order":0,"comment_status":"closed","ping_status":"closed","template":"","meta":{"footnotes":""},"class_list":["post-3153","page","type-page","status-publish","hentry"],"_links":{"self":[{"href":"https:\/\/www.ardpylab.fr\/index.php?rest_route=\/wp\/v2\/pages\/3153","targetHints":{"allow":["GET"]}}],"collection":[{"href":"https:\/\/www.ardpylab.fr\/index.php?rest_route=\/wp\/v2\/pages"}],"about":[{"href":"https:\/\/www.ardpylab.fr\/index.php?rest_route=\/wp\/v2\/types\/page"}],"author":[{"embeddable":true,"href":"https:\/\/www.ardpylab.fr\/index.php?rest_route=\/wp\/v2\/users\/1"}],"replies":[{"embeddable":true,"href":"https:\/\/www.ardpylab.fr\/index.php?rest_route=%2Fwp%2Fv2%2Fcomments&post=3153"}],"version-history":[{"count":1,"href":"https:\/\/www.ardpylab.fr\/index.php?rest_route=\/wp\/v2\/pages\/3153\/revisions"}],"predecessor-version":[{"id":5614,"href":"https:\/\/www.ardpylab.fr\/index.php?rest_route=\/wp\/v2\/pages\/3153\/revisions\/5614"}],"wp:attachment":[{"href":"https:\/\/www.ardpylab.fr\/index.php?rest_route=%2Fwp%2Fv2%2Fmedia&parent=3153"}],"curies":[{"name":"wp","href":"https:\/\/api.w.org\/{rel}","templated":true}]}}