{"id":3373,"date":"2020-04-24T16:14:21","date_gmt":"2020-04-24T14:14:21","guid":{"rendered":"http:\/\/www.ardpylab.fr\/?page_id=3373"},"modified":"2020-05-10T17:54:11","modified_gmt":"2020-05-10T15:54:11","slug":"projet-2-activite-3","status":"publish","type":"page","link":"https:\/\/www.ardpylab.fr\/?page_id=3373","title":{"rendered":"Projet 2 &#8211; Activit\u00e9 3"},"content":{"rendered":"\n<h2 style=\"text-align: center;\"><em><strong>\u201dR\u00e9glage de la luminosit\u00e9 d\u2019une DEL \u00e0 un niveau fix\u00e9 par une entr\u00e9e analogique<\/strong><\/em><em><strong>\u201d<br><\/strong><\/em><\/h2>\n<p>&nbsp;<\/p>\n\n\n\n<div class=\"wp-block-image\">\n<figure class=\"aligncenter size-large\"><img loading=\"lazy\" decoding=\"async\" class=\"wp-image-3407 aligncenter\" style=\"border: 3px solid #eeeeee; padding: 3px; margin: 3px;\" src=\"https:\/\/www.ardpylab.fr\/wp-content\/uploads\/2020\/04\/projet2-circuit4.png\" alt=\"\" width=\"536\" height=\"336\"><\/figure>\n<\/div>\n\n\n\n<p>\u00a0<\/p>\n<h4><strong><span style=\"color: #3366ff;\">.\u00a0<span style=\"text-decoration: underline;\">Objectif<br \/><br \/><\/span><\/span><\/strong><\/h4>\n<p>Dans cette activit\u00e9, selon le m\u00eame principe que l&rsquo;activit\u00e9 pr\u00e9c\u00e9dente, on va faire varier la luminosit\u00e9 d\u2019une DEL en fonction de l&rsquo;intensit\u00e9 lumineuse re\u00e7ue par la photor\u00e9sistance (voir <a href=\"https:\/\/www.ardpylab.fr\/?page_id=460\/#anc1\" data-wplink-url-error=\"true\">le principe de fonctionnement d&rsquo;une photor\u00e9sistance<\/a>).<\/p>\n<p>La luminosit\u00e9 de la DEL sera inversement proportionnelle \u00e0 l&rsquo;intensit\u00e9 lumineuse re\u00e7ue :<\/p>\n<p>\u00a0\u00a0\u00a0\u00a0\u00a0\u00a0\u00a0 &#8211; La DEL est allum\u00e9e ou \u00e9teinte en appuyant sur le bouton-poussoir,<\/p>\n<p>\u00a0\u00a0\u00a0\u00a0\u00a0\u00a0\u00a0 &#8211; La luminosit\u00e9 de la DEL varie en fonction de la tension de l&rsquo;entr\u00e9e A5.<br \/><br \/><\/p>\n<p>Le code pourra \u00eatre modifi\u00e9 pour voir l\u2019influence des variables (choix de la DEL).<\/p>\n<p>\u00a0<\/p>\n<h4><strong><span style=\"color: #3366ff;\">.\u00a0<span style=\"text-decoration: underline;\">Le programme<br \/><br \/><\/span><\/span><\/strong><\/h4>\n<h4><span style=\"color: #000000;\"><strong><a id=\"prog1\"><\/a>. Programme en Python (\u201d<a href=\"https:\/\/www.ardpylab.fr\/downloads\/projetspython\/projet2\/projet2-activity3.zip\">Projet2\/Activity3\/PY\/Activity3.py<\/a>\u201d)<\/strong><\/span><\/h4>\n\n\n\n<div class=\"wp-block-image\">\n<figure class=\"aligncenter size-large\"><a href=\"https:\/\/www.ardpylab.fr\/downloads\/projetspython\/projet2\/Activity3\/PY\/Activity3.py\" data-wplink-url-error=\"true\"><img loading=\"lazy\" decoding=\"async\" width=\"805\" height=\"1024\" class=\"wp-image-3376 aligncenter\" style=\"border: 3px solid #eeeeee; padding: 3px; margin: 3px;\" src=\"https:\/\/www.ardpylab.fr\/wp-content\/uploads\/2020\/04\/projet2-activity3-2-805x1024.png\" alt=\"\" srcset=\"https:\/\/www.ardpylab.fr\/wp-content\/uploads\/2020\/04\/projet2-activity3-2-805x1024.png 805w, https:\/\/www.ardpylab.fr\/wp-content\/uploads\/2020\/04\/projet2-activity3-2-236x300.png 236w, https:\/\/www.ardpylab.fr\/wp-content\/uploads\/2020\/04\/projet2-activity3-2-768x977.png 768w, https:\/\/www.ardpylab.fr\/wp-content\/uploads\/2020\/04\/projet2-activity3-2.png 909w\" sizes=\"auto, (max-width: 805px) 100vw, 805px\" \/><\/a><\/figure>\n<\/div>\n\n\n\n<p><strong><u>D\u00e9roulement du programme<\/u><\/strong><strong>&nbsp;:<\/strong><\/p>\n<p>&#8211; <u>Importation des librairies&nbsp;et d\u00e9finition de fonctions<\/u> :<\/p>\n<p style=\"padding-left: 40px;\">. Le module <strong>\u201dConnectToArduino.py\u201d, <\/strong>contenant les fonctions de connexion \u00e0 l\u2019Arduino via le protocole <strong>\u201dFirmata standard\u201d<\/strong>,<\/p>\n<p style=\"padding-left: 40px;\">. Le module <strong>\u201d<\/strong><strong>PyFirmataDef.Py\u201d<\/strong> regroupant toutes les fonctions utiles \u00e0 l\u2019utilisation de <strong>\u201d<\/strong><strong>PyFirmata\u201d<\/strong>&nbsp;(fonction de d\u00e9claration des entr\u00e9es et sorties, d\u2019it\u00e9rateur, d\u2019\u00e9critures\u2026)<\/p>\n<p style=\"padding-left: 40px;\">. La biblioth\u00e8que <strong>\u201dt<\/strong><strong>ime\u201d <\/strong>pour la gestion des temps de pause.<br><br><\/p>\n<p>&#8211; <u>D\u00e9claration des constantes et variables<\/u>&nbsp;:<\/p>\n<p style=\"padding-left: 40px;\">. <strong>PinLED = 11<\/strong> (constante correspondant au n\u00b0 de la broche sur laquelle la DEL choisie est connect\u00e9e)<\/p>\n<p style=\"padding-left: 40px;\">. <strong>PinButton = 12 <\/strong>(cst correspondant au n\u00b0 de la broche sur laquelle le bouton poussoir est connect\u00e9)<\/p>\n<p style=\"padding-left: 40px;\">. <strong>ValButton = 0<\/strong> (variable pour stocker la valeur de l\u2019\u00e9tat logique de la broche du bouton poussoir)<\/p>\n<p style=\"padding-left: 40px;\">. <strong>OldValButton = 0<\/strong> (variable pour stocker la valeur pr\u00e9c\u00e9dente de l\u2019\u00e9tat logique de la broche du bouton poussoir)<\/p>\n<p style=\"padding-left: 40px;\">. <strong>PinSensor = 5 <\/strong>(cst correspondant au n\u00b0 de la broche A5 sur laquelle la photor\u00e9sistance est connect\u00e9e)<\/p>\n<p style=\"padding-left: 40px;\">. <strong>ValSensor = 0<\/strong> (variable pour stocker la valeur de la tension de la broche de la photor\u00e9sistance)<\/p>\n<p style=\"padding-left: 40px;\">. <strong>State = 0<\/strong> (variable correspondant \u00e0 l\u2019action \u00e0 effectuer)<\/p>\n<p style=\"padding-left: 40px;\">. <strong>PortComArduino <\/strong>(port COM sur lequel l\u2019Arduino est connect\u00e9)&nbsp;<br><br><\/p>\n<p>&#8211; <u>Connexion \u00e0 l&rsquo;Arduino<\/u>&nbsp;:<\/p>\n<p style=\"padding-left: 40px;\">. D\u00e9tection du port COM, tentative d\u2019ouverture du port COM s\u00e9lectionn\u00e9 et connexion \u00e0 l\u2019Arduino:<\/p>\n<p style=\"padding-left: 80px;\"><strong>PortComArduino = SelectPortCOM()<\/strong><\/p>\n<p style=\"padding-left: 80px;\"><strong>board = OpenPortCom(PortComArduino)<br><br><\/strong><\/p>\n<p style=\"padding-left: 40px;\">. Si la connexion \u00e0 l\u2019Arduino est r\u00e9ussie:<\/p>\n<p style=\"padding-left: 80px;\">&#8211; Lancement de l\u2019it\u00e9rateur&nbsp;:<\/p>\n<p style=\"padding-left: 120px;\"><strong>ArduinoIterateur = Iterateur(board)<\/strong>,<\/p>\n<p style=\"padding-left: 80px;\">&#8211; D\u00e9claration de la broche du bouton poussoir en entr\u00e9e digitale&nbsp;:<\/p>\n<p style=\"padding-left: 120px;\"><strong>InputPin = DigitalInput(board, PinButton)<\/strong>,<\/p>\n<p style=\"padding-left: 80px;\">&#8211; D\u00e9claration de la broche de la photor\u00e9sistance en entr\u00e9e analogique&nbsp;:<\/p>\n<p style=\"padding-left: 120px;\"><strong>PinAnalogInput = AnalogInput(board, PinSensor) <\/strong><\/p>\n<p style=\"padding-left: 80px;\">&#8211; D\u00e9claration de la broche de la DEL en sortie analogique&nbsp;:<\/p>\n<p style=\"padding-left: 120px;\"><strong>PinAnalogOutput = AnalogOutput(board, PinLED),<\/strong><\/p>\n<p style=\"padding-left: 80px;\">&#8211; Attente de 500 ms pour le lancement de l\u2019it\u00e9rateur<br><br><\/p>\n<p>&#8211; <u>Boucle principale du programme (boucle \u201d<\/u><u>while True\u201d<\/u><u>)<\/u> :<\/p>\n\n\n\n<figure class=\"wp-block-image size-large\"><img loading=\"lazy\" decoding=\"async\" width=\"867\" height=\"1024\" src=\"https:\/\/www.ardpylab.fr\/wp-content\/uploads\/2020\/04\/projet2-activity3-1-867x1024.png\" alt=\"\" class=\"wp-image-3378\" srcset=\"https:\/\/www.ardpylab.fr\/wp-content\/uploads\/2020\/04\/projet2-activity3-1-867x1024.png 867w, https:\/\/www.ardpylab.fr\/wp-content\/uploads\/2020\/04\/projet2-activity3-1-254x300.png 254w, https:\/\/www.ardpylab.fr\/wp-content\/uploads\/2020\/04\/projet2-activity3-1-768x907.png 768w, https:\/\/www.ardpylab.fr\/wp-content\/uploads\/2020\/04\/projet2-activity3-1-1300x1536.png 1300w, https:\/\/www.ardpylab.fr\/wp-content\/uploads\/2020\/04\/projet2-activity3-1-1734x2048.png 1734w\" sizes=\"auto, (max-width: 867px) 100vw, 867px\" \/><\/figure>\n\n\n\n<h4>\u00a0<\/h4>\n<h4><span style=\"color: #000000;\"><strong><a id=\"prog2\"><\/a>. Programme en langage Arduino (\u201d<a href=\"https:\/\/www.ardpylab.fr\/downloads\/projetspython\/projet2\/projet2-activity3.zip\">Projet2\/Activity3\/INO\/Activity3.ino<\/a>\u201d)<\/strong><\/span><\/h4>\n\n\n\n<div class=\"wp-block-image\">\n<figure class=\"aligncenter size-large\"><a href=\"https:\/\/www.ardpylab.fr\/downloads\/projetspython\/projet2\/Activity3\/INO\/Activity3\/Activity3.ino\" data-wplink-url-error=\"true\"><img loading=\"lazy\" decoding=\"async\" width=\"754\" height=\"887\" class=\"wp-image-3379 aligncenter\" style=\"border: 3px solid #eeeeee; padding: 3px; margin: 3px;\" src=\"https:\/\/www.ardpylab.fr\/wp-content\/uploads\/2020\/04\/projet2-activity3-3.png\" alt=\"\" srcset=\"https:\/\/www.ardpylab.fr\/wp-content\/uploads\/2020\/04\/projet2-activity3-3.png 754w, https:\/\/www.ardpylab.fr\/wp-content\/uploads\/2020\/04\/projet2-activity3-3-255x300.png 255w\" sizes=\"auto, (max-width: 754px) 100vw, 754px\" \/><\/a><\/figure>\n<\/div>\n<p><strong><u>D\u00e9roulement du programme<\/u><\/strong><strong>\u00a0:<\/strong><\/p>\n\n\n\n<figure class=\"wp-block-image size-large is-resized\"><img loading=\"lazy\" decoding=\"async\" src=\"https:\/\/www.ardpylab.fr\/wp-content\/uploads\/2020\/04\/projet2-activity3-4-636x1024.png\" alt=\"\" class=\"wp-image-3380\" width=\"850\" height=\"1368\" srcset=\"https:\/\/www.ardpylab.fr\/wp-content\/uploads\/2020\/04\/projet2-activity3-4-636x1024.png 636w, https:\/\/www.ardpylab.fr\/wp-content\/uploads\/2020\/04\/projet2-activity3-4-186x300.png 186w, https:\/\/www.ardpylab.fr\/wp-content\/uploads\/2020\/04\/projet2-activity3-4-768x1237.png 768w, https:\/\/www.ardpylab.fr\/wp-content\/uploads\/2020\/04\/projet2-activity3-4-954x1536.png 954w, https:\/\/www.ardpylab.fr\/wp-content\/uploads\/2020\/04\/projet2-activity3-4-1272x2048.png 1272w\" sizes=\"auto, (max-width: 850px) 100vw, 850px\" \/><\/figure>\n\n\n<div  class=\"grids-section grids-is-stretch\" style=\"--_gs-gap-desktop:0px 0px;--_gs-m-desktop:0 0 0 0;--_gs-p-desktop:0 0 0 0;--_gs-bg-desktop:transparent none;--_gs-bg-xp-desktop:0px;--_gs-zi-desktop:auto;--_gs-d-desktop:block;--_gs-mw-desktop:calc(100% - 0 - 0);--_gs-gap-tablet:0px 0px;--_gs-m-tablet:0 0 0 0;--_gs-p-tablet:0 0 0 0;--_gs-bg-tablet:transparent none;--_gs-bg-xp-tablet:0px;--_gs-zi-tablet:auto;--_gs-d-tablet:block;--_gs-mw-tablet:calc(100% - 0 - 0);--_gs-gap-mobile:0px 0px;--_gs-m-mobile:0 0 0 0;--_gs-p-mobile:0 0 0 0;--_gs-bg-mobile:transparent none;--_gs-bg-xp-mobile:0px;--_gs-zi-mobile:auto;--_gs-d-mobile:block;--_gs-mw-mobile:calc(100% - 0 - 0);--_gs-columns:2;--_gs-rows:1\"><div class=\"grids-s-w_i\">\n<div class=\"grids-area\" style=\"--_ga-column:1\/2;--_ga-row:1\/2;--_ga-m-desktop:0 0 0 0;--_ga-p-desktop:0 0 0 0;--_ga-bg-desktop:transparent none;--_ga-zi-desktop:auto;--_ga-d-desktop:flex;--_ga-mw-desktop:calc(100% - 0 - 0);--_ga-m-tablet:0 0 0 0;--_ga-p-tablet:0 0 0 0;--_ga-bg-tablet:transparent none;--_ga-zi-tablet:auto;--_ga-d-tablet:flex;--_ga-mw-tablet:calc(100% - 0 - 0);--_ga-m-mobile:0 0 0 0;--_ga-p-mobile:0 0 0 0;--_ga-bg-mobile:transparent none;--_ga-zi-mobile:auto;--_ga-d-mobile:flex;--_ga-mw-mobile:calc(100% - 0 - 0)\">\n\n<div class=\"wp-block-image\"><figure class=\"alignleft size-large\"><a href=\"https:\/\/www.ardpylab.fr\/?page_id=3343\"><img loading=\"lazy\" decoding=\"async\" width=\"50\" height=\"28\" src=\"https:\/\/www.ardpylab.fr\/wp-content\/uploads\/2020\/03\/moins.jpg\" alt=\"\" class=\"wp-image-107\"\/><\/a><\/figure><\/div>\n\n<\/div>\n\n<div class=\"grids-area\" style=\"--_ga-column:2\/3;--_ga-row:1\/2;--_ga-m-desktop:0 0 0 0;--_ga-p-desktop:0 0 0 0;--_ga-bg-desktop:transparent none;--_ga-zi-desktop:auto;--_ga-d-desktop:flex;--_ga-mw-desktop:calc(100% - 0 - 0);--_ga-m-tablet:0 0 0 0;--_ga-p-tablet:0 0 0 0;--_ga-bg-tablet:transparent none;--_ga-zi-tablet:auto;--_ga-d-tablet:flex;--_ga-mw-tablet:calc(100% - 0 - 0);--_ga-m-mobile:0 0 0 0;--_ga-p-mobile:0 0 0 0;--_ga-bg-mobile:transparent none;--_ga-zi-mobile:auto;--_ga-d-mobile:flex;--_ga-mw-mobile:calc(100% - 0 - 0)\">\n\n<div class=\"wp-block-image\"><figure class=\"alignright size-large\"><a href=\"https:\/\/www.ardpylab.fr\/?page_id=3389\"><img loading=\"lazy\" decoding=\"async\" width=\"50\" height=\"28\" src=\"https:\/\/www.ardpylab.fr\/wp-content\/uploads\/2020\/03\/plus.jpg\" alt=\"\" class=\"wp-image-106\"\/><\/a><\/figure><\/div>\n\n<\/div>\n<\/div><\/div>\n\n\n\n","protected":false},"excerpt":{"rendered":"<p>\u201dR\u00e9glage de la luminosit\u00e9 d\u2019une DEL \u00e0 un niveau fix\u00e9 par une entr\u00e9e analogique\u201d &nbsp; \u00a0 .\u00a0Objectif Dans cette activit\u00e9, selon le m\u00eame principe que l&rsquo;activit\u00e9 pr\u00e9c\u00e9dente, on va faire varier la luminosit\u00e9 d\u2019une DEL en fonction de l&rsquo;intensit\u00e9 lumineuse re\u00e7ue par la photor\u00e9sistance (voir le principe de fonctionnement d&rsquo;une photor\u00e9sistance). La luminosit\u00e9 de la [&hellip;]<\/p>\n","protected":false},"author":1,"featured_media":0,"parent":0,"menu_order":0,"comment_status":"closed","ping_status":"closed","template":"","meta":{"footnotes":""},"class_list":["post-3373","page","type-page","status-publish","hentry"],"_links":{"self":[{"href":"https:\/\/www.ardpylab.fr\/index.php?rest_route=\/wp\/v2\/pages\/3373","targetHints":{"allow":["GET"]}}],"collection":[{"href":"https:\/\/www.ardpylab.fr\/index.php?rest_route=\/wp\/v2\/pages"}],"about":[{"href":"https:\/\/www.ardpylab.fr\/index.php?rest_route=\/wp\/v2\/types\/page"}],"author":[{"embeddable":true,"href":"https:\/\/www.ardpylab.fr\/index.php?rest_route=\/wp\/v2\/users\/1"}],"replies":[{"embeddable":true,"href":"https:\/\/www.ardpylab.fr\/index.php?rest_route=%2Fwp%2Fv2%2Fcomments&post=3373"}],"version-history":[{"count":0,"href":"https:\/\/www.ardpylab.fr\/index.php?rest_route=\/wp\/v2\/pages\/3373\/revisions"}],"wp:attachment":[{"href":"https:\/\/www.ardpylab.fr\/index.php?rest_route=%2Fwp%2Fv2%2Fmedia&parent=3373"}],"curies":[{"name":"wp","href":"https:\/\/api.w.org\/{rel}","templated":true}]}}