{"id":3618,"date":"2020-04-26T18:07:18","date_gmt":"2020-04-26T16:07:18","guid":{"rendered":"http:\/\/www.ardpylab.fr\/?page_id=3618"},"modified":"2020-05-10T18:56:51","modified_gmt":"2020-05-10T16:56:51","slug":"projet-4-activite-1","status":"publish","type":"page","link":"https:\/\/www.ardpylab.fr\/?page_id=3618","title":{"rendered":"Projet 4 &#8211; Activit\u00e9 1"},"content":{"rendered":"\n<h2 style=\"text-align: center;\"><strong><em>\u201dD\u00e9termination de la vitesse du son dans l&rsquo;air<\/em><\/strong><strong><em>\u201d<u><\/u><\/em><\/strong><\/h2>\n<p>&nbsp;<\/p>\n\n\n\n<div class=\"wp-block-image\">\n<figure class=\"aligncenter size-large\"><img loading=\"lazy\" decoding=\"async\" class=\"alignnone wp-image-3619 size-full\" style=\"border: 3px solid #eeeeee; padding: 3px; margin: 3px;\" src=\"https:\/\/www.ardpylab.fr\/wp-content\/uploads\/2020\/04\/projet4-activity1.png\" alt=\"\" width=\"555\" height=\"326\" srcset=\"https:\/\/www.ardpylab.fr\/wp-content\/uploads\/2020\/04\/projet4-activity1.png 555w, https:\/\/www.ardpylab.fr\/wp-content\/uploads\/2020\/04\/projet4-activity1-300x176.png 300w\" sizes=\"auto, (max-width: 555px) 100vw, 555px\" \/><\/figure>\n<\/div>\n\n\n\n<p>&nbsp;<\/p>\n<h4><strong><span style=\"color: #3366ff;\">.&nbsp;<span style=\"text-decoration: underline;\">Objectif<br><br><\/span><\/span><\/strong><\/h4>\n<p>Dans cette activit\u00e9, nous allons d\u00e9terminer exp\u00e9rimentalement la vitesse de propagation des ondes sonores en mesurant, \u00e0 l&rsquo;aide d&rsquo;un capteur \u00e0 ultrasons (par exemple, le HC-SR04), la dur\u00e9e de propagation, <strong>Dt<\/strong>, de l&rsquo;onde sonore entre l&rsquo;\u00e9metteur et le r\u00e9cepteur situ\u00e9s \u00e0 une distance, <strong>d<\/strong>, connue d&rsquo;un obstacle.<\/p>\n\n\n\n<div class=\"wp-block-image\">\n<figure class=\"aligncenter size-large\"><img loading=\"lazy\" decoding=\"async\" width=\"857\" height=\"264\" class=\"wp-image-3621 aligncenter\" style=\"border: 3px solid #eeeeee; padding: 3px; margin: 3px;\" src=\"https:\/\/www.ardpylab.fr\/wp-content\/uploads\/2020\/04\/projet4-activity1-2.png\" alt=\"\" srcset=\"https:\/\/www.ardpylab.fr\/wp-content\/uploads\/2020\/04\/projet4-activity1-2.png 857w, https:\/\/www.ardpylab.fr\/wp-content\/uploads\/2020\/04\/projet4-activity1-2-300x92.png 300w, https:\/\/www.ardpylab.fr\/wp-content\/uploads\/2020\/04\/projet4-activity1-2-768x237.png 768w\" sizes=\"auto, (max-width: 857px) 100vw, 857px\" \/><\/figure>\n<\/div>\n<p>&nbsp;<\/p>\n\n\n\n<p>Le programme ci-dessous est adapt\u00e9 pour un capteur ultrasonique \u00e0 deux broches diff\u00e9rentes pour l\u2019\u00e9mission et la r\u00e9ception des ultrasons.<\/p>\n<p>Dans le cas d\u2019un capteur ultrasonique \u00e0 une broche commune pour l\u2019\u00e9mission et la r\u00e9ception des ultrasons, il suffit de d\u00e9clarer la m\u00eame broche pour \u201dtrigger_pin\u201d (\u00e9metteur US) et \u201decho_pin\u201d (r\u00e9cepteur US).<br><br><br><\/p>\n<h4><strong><span style=\"color: #3366ff;\">.&nbsp;<span style=\"text-decoration: underline;\">Le programme<br><br><\/span><\/span><\/strong><\/h4>\n\n\n\n<h4><strong><span style=\"color: #0000ff;\"><span style=\"color: #000000;\"><a id=\"prog1\"><\/a>. <\/span><span style=\"color: #000000;\">Programme en Python<\/span> <span style=\"color: #000000;\">(\u201d<\/span><a href=\"https:\/\/www.ardpylab.fr\/downloads\/projetspython\/projet4\/projet4-activity1.zip\" data-wplink-url-error=\"true\">Projet4\/Activity1\/PY\/Activity1.py<\/a><span style=\"color: #000000;\">\u201d)<\/span><\/span><\/strong><\/h4>\n\n\n\n<div class=\"wp-block-image\">\n<figure class=\"aligncenter size-large\"><a href=\"https:\/\/www.ardpylab.fr\/downloads\/projetspython\/projet4\/Activity1\/PY\/Activity1.py\" data-wplink-url-error=\"true\"><img loading=\"lazy\" decoding=\"async\" class=\"alignnone wp-image-3649 size-full\" style=\"border: 3px solid #eeeeee; padding: 3px; margin: 3px;\" src=\"https:\/\/www.ardpylab.fr\/wp-content\/uploads\/2020\/04\/projet4-activity1-4-1.png\" alt=\"\" width=\"1074\" height=\"1970\" srcset=\"https:\/\/www.ardpylab.fr\/wp-content\/uploads\/2020\/04\/projet4-activity1-4-1.png 1074w, https:\/\/www.ardpylab.fr\/wp-content\/uploads\/2020\/04\/projet4-activity1-4-1-164x300.png 164w, https:\/\/www.ardpylab.fr\/wp-content\/uploads\/2020\/04\/projet4-activity1-4-1-558x1024.png 558w, https:\/\/www.ardpylab.fr\/wp-content\/uploads\/2020\/04\/projet4-activity1-4-1-768x1409.png 768w, https:\/\/www.ardpylab.fr\/wp-content\/uploads\/2020\/04\/projet4-activity1-4-1-837x1536.png 837w\" sizes=\"auto, (max-width: 1074px) 100vw, 1074px\" \/><\/a><\/figure>\n<\/div>\n\n\n\n<p><strong><u><br>D\u00e9roulement du programme<\/u><\/strong><strong>&nbsp;:<\/strong><\/p>\n<p>&#8211; <u>Importation des librairies&nbsp;et d\u00e9finition de fonctions<\/u> :<\/p>\n<p style=\"padding-left: 40px;\">. Le module <strong>\u201dConnectToArduino.py\u201d, <\/strong>contenant les fonctions de connexion \u00e0 l\u2019Arduino via le protocole <strong>\u201dFirmata Express\u201d<\/strong>,<\/p>\n<p style=\"padding-left: 40px;\">. Le module <strong>\u201d<\/strong><strong>PymataExpressDef.Py\u201d<\/strong> regroupant toutes les fonctions utiles \u00e0 l\u2019utilisation de <strong>\u201d<\/strong><strong>Pymata<\/strong><strong>-express\u201d<\/strong>&nbsp;(fonction de d\u00e9claration des entr\u00e9es et sorties, de lectures, d\u2019\u00e9critures\u2026) ,<\/p>\n<p style=\"padding-left: 40px;\">. La biblioth\u00e8que <strong>\u201d<\/strong><strong>time\u201d <\/strong>pour la gestion des temps de pause,<\/p>\n<p style=\"padding-left: 40px;\">. La fonction <strong>\u201d<\/strong><strong>Get_Dt<\/strong><strong>\u201d <\/strong>pour obtenir la dur\u00e9e de propagation dans l\u2019air de l\u2019onde sonore,<\/p>\n<p style=\"padding-left: 40px;\">. La fonction <strong>\u201dSet_Sonar_Pins\u201d <\/strong>pour d\u00e9clarer les broches du capteur ultrasonique,<\/p>\n<p style=\"padding-left: 40px;\">. La fonction <strong>\u201dSonar_Read\u201d <\/strong>qui appelle la fonction <strong>\u201d<\/strong><strong>Get_Dt<\/strong><strong>\u201d.<br><br><\/strong><\/p>\n<p>&#8211; <u>D\u00e9claration des constantes et variables<\/u>&nbsp;:<\/p>\n<p style=\"padding-left: 40px;\">. <strong>TRIGGER_PIN = 8<\/strong> (cst correspondant au n\u00b0 de la broche sur laquelle l\u2019\u00e9metteur US est connect\u00e9)<\/p>\n<p style=\"padding-left: 40px;\">. <strong>ECHO_PIN = 9<\/strong> (cst correspondant au n\u00b0 de la broche sur laquelle le r\u00e9cepteur US est connect\u00e9)<\/p>\n<p style=\"padding-left: 40px;\">. <strong>PinButton = 7 <\/strong>(cst correspondant au n\u00b0 de la broche sur laquelle le bouton poussoir est connect\u00e9)<\/p>\n<p style=\"padding-left: 40px;\">. <strong>ValButton = 0<\/strong> (variable pour stocker la valeur de l\u2019\u00e9tat logique de la broche du bouton poussoir)<\/p>\n<p style=\"padding-left: 40px;\">. <strong>OldValButton = 0<\/strong> (variable pour stocker la valeur pr\u00e9c\u00e9dente de l\u2019\u00e9tat logique de la broche du bouton poussoir)<\/p>\n<p style=\"padding-left: 40px;\">. <strong>State=0<\/strong> (variable correspondant \u00e0 l\u2019action \u00e0 effectuer)<\/p>\n<p style=\"padding-left: 40px;\">. <strong>OldState = 0<\/strong> (variable pour stocker la valeur pr\u00e9c\u00e9dente de la variable <strong>state<\/strong>)<\/p>\n<p style=\"padding-left: 40px;\">. <strong>Distance = 0<\/strong> (variable correspondant \u00e0 la distance en cm entre le capteur et l\u2019obstacle)<\/p>\n<p style=\"padding-left: 40px;\">. <strong>Vitesse = 0<\/strong> (variable correspondant \u00e0 la vitesse des ondes ultrasonores dans l\u2019air en m\/s)<\/p>\n<p style=\"padding-left: 40px;\">. <strong>Dt = 0<\/strong> (variable correspondant \u00e0 la dur\u00e9e de propagation des ondes ultrasonores en \u00b5s entre le capteur et l\u2019obstacle)<\/p>\n<p style=\"padding-left: 40px;\">. <strong>DtMesure = 0<\/strong> (variable correspondant \u00e0 la dur\u00e9e de propagation des ondes ultrasonores en \u00b5s pr\u00e9c\u00e9dente)<\/p>\n<p style=\"padding-left: 40px;\">. <strong>Distancechoisie = False<\/strong> (variable bool\u00e9enne indiquant si la distance entre le capteur et l\u2019obstacle a \u00e9t\u00e9 saisie)<\/p>\n<p style=\"padding-left: 40px;\">. <strong>PortComArduino <\/strong>(port COM sur lequel l\u2019Arduino est connect\u00e9)<br><br><\/p>\n<p>&#8211; <u>Connexion \u00e0 l&rsquo;Arduino<\/u> :<\/p>\n<p style=\"padding-left: 40px;\">. D\u00e9tection du port COM, tentative d\u2019ouverture du port COM s\u00e9lectionn\u00e9 et connexion \u00e0 l\u2019Arduino:<\/p>\n<p style=\"padding-left: 80px;\"><strong>PortComArduino = SelectPortCOM()<\/strong><\/p>\n<p style=\"padding-left: 80px;\"><strong>board = OpenPortCom(PortComArduino)<br><br><\/strong><\/p>\n<p style=\"padding-left: 40px;\">. Si la connexion \u00e0 l\u2019Arduino est r\u00e9ussie :<\/p>\n<p style=\"padding-left: 80px;\">&#8211; D\u00e9claration des broches du capteur ultrasonique&nbsp;:<\/p>\n<p style=\"padding-left: 120px;\"><strong>Set_Sonar_Pins(board, TRIGGER_PIN, ECHO_PIN) <\/strong><\/p>\n<p style=\"padding-left: 80px;\">&#8211; D\u00e9claration de la broche du bouton poussoir en entr\u00e9e digitale&nbsp;:<\/p>\n<p style=\"padding-left: 120px;\"><strong>Set_DigitalInput_Pin(board, PinButton)<\/strong><\/p>\n<p style=\"padding-left: 120px;\"><strong>&nbsp;<\/strong><\/p>\n<p>&#8211; <u>Boucle principale du programme (boucle \u201d<\/u><u>while True\u201d<\/u><u>)<\/u> :<\/p>\n\n\n\n<figure class=\"wp-block-image size-large is-resized\"><img loading=\"lazy\" decoding=\"async\" src=\"https:\/\/www.ardpylab.fr\/wp-content\/uploads\/2020\/04\/projet4-activity1-3-769x1024.png\" alt=\"\" class=\"wp-image-3630\" width=\"878\" height=\"1169\" srcset=\"https:\/\/www.ardpylab.fr\/wp-content\/uploads\/2020\/04\/projet4-activity1-3-769x1024.png 769w, https:\/\/www.ardpylab.fr\/wp-content\/uploads\/2020\/04\/projet4-activity1-3-225x300.png 225w, https:\/\/www.ardpylab.fr\/wp-content\/uploads\/2020\/04\/projet4-activity1-3-768x1023.png 768w, https:\/\/www.ardpylab.fr\/wp-content\/uploads\/2020\/04\/projet4-activity1-3-1153x1536.png 1153w, https:\/\/www.ardpylab.fr\/wp-content\/uploads\/2020\/04\/projet4-activity1-3-1537x2048.png 1537w\" sizes=\"auto, (max-width: 878px) 100vw, 878px\" \/><\/figure>\n\n\n\n<p><strong><u>R\u00e9sultats dans la fen\u00eatre Python Shell<\/u>&nbsp;:<\/strong><\/p>\n\n\n\n<div class=\"wp-block-image\">\n<figure class=\"aligncenter\"><img loading=\"lazy\" decoding=\"async\" width=\"863\" height=\"592\" class=\"wp-image-3645 aligncenter\" style=\"border: 3px solid #eeeeee; padding: 3px; margin: 3px;\" src=\"https:\/\/www.ardpylab.fr\/wp-content\/uploads\/2020\/04\/projet4-activity1-7.png\" alt=\"\" srcset=\"https:\/\/www.ardpylab.fr\/wp-content\/uploads\/2020\/04\/projet4-activity1-7.png 863w, https:\/\/www.ardpylab.fr\/wp-content\/uploads\/2020\/04\/projet4-activity1-7-300x206.png 300w, https:\/\/www.ardpylab.fr\/wp-content\/uploads\/2020\/04\/projet4-activity1-7-768x527.png 768w\" sizes=\"auto, (max-width: 863px) 100vw, 863px\" \/><\/figure>\n<\/div>\n\n\n\n<h4>\u00a0<\/h4>\n<h4><strong><span style=\"color: #0000ff;\"><span style=\"color: #000000;\"><a id=\"prog2\"><\/a>. Programme en langage Arduino (\u201d<\/span><a href=\"https:\/\/www.ardpylab.fr\/downloads\/projetspython\/projet4\/projet4-activity1.zip\" data-wplink-url-error=\"true\">Projet4\/Activity1\/INO\/Activity1\/.ino<\/a><\/span><span style=\"color: #000000;\">\u201d<\/span><span style=\"color: #0000ff;\"><span style=\"color: #000000;\">)<\/span><\/span><\/strong><\/h4>\n\n\n\n<div class=\"wp-block-image\">\n<figure class=\"aligncenter size-large\"><a href=\"https:\/\/www.ardpylab.fr\/downloads\/projetspython\/projet4\/Activity1\/INO\/Activity1\/Activity1.ino\" data-wplink-url-error=\"true\"><img loading=\"lazy\" decoding=\"async\" class=\"alignnone wp-image-3632 size-full\" style=\"border: 3px solid #eeeeee; padding: 3px; margin: 3px;\" src=\"https:\/\/www.ardpylab.fr\/wp-content\/uploads\/2020\/04\/projet4-activity1-5.png\" alt=\"\" width=\"1022\" height=\"2250\" srcset=\"https:\/\/www.ardpylab.fr\/wp-content\/uploads\/2020\/04\/projet4-activity1-5.png 1022w, https:\/\/www.ardpylab.fr\/wp-content\/uploads\/2020\/04\/projet4-activity1-5-136x300.png 136w, https:\/\/www.ardpylab.fr\/wp-content\/uploads\/2020\/04\/projet4-activity1-5-465x1024.png 465w, https:\/\/www.ardpylab.fr\/wp-content\/uploads\/2020\/04\/projet4-activity1-5-768x1691.png 768w, https:\/\/www.ardpylab.fr\/wp-content\/uploads\/2020\/04\/projet4-activity1-5-698x1536.png 698w, https:\/\/www.ardpylab.fr\/wp-content\/uploads\/2020\/04\/projet4-activity1-5-930x2048.png 930w\" sizes=\"auto, (max-width: 1022px) 100vw, 1022px\" \/><\/a><\/figure>\n<\/div>\n<p><strong><u>D\u00e9roulement du programme<\/u><\/strong><strong>&nbsp;:<\/strong><\/p>\n\n\n\n<div class=\"wp-block-image\"><figure class=\"aligncenter size-full\"><img loading=\"lazy\" decoding=\"async\" width=\"2904\" height=\"6294\" src=\"https:\/\/www.ardpylab.fr\/wp-content\/uploads\/2020\/04\/projet4-activity1-6.png\" alt=\"\" class=\"wp-image-3634\" srcset=\"https:\/\/www.ardpylab.fr\/wp-content\/uploads\/2020\/04\/projet4-activity1-6.png 2904w, https:\/\/www.ardpylab.fr\/wp-content\/uploads\/2020\/04\/projet4-activity1-6-138x300.png 138w, https:\/\/www.ardpylab.fr\/wp-content\/uploads\/2020\/04\/projet4-activity1-6-472x1024.png 472w, https:\/\/www.ardpylab.fr\/wp-content\/uploads\/2020\/04\/projet4-activity1-6-768x1665.png 768w, https:\/\/www.ardpylab.fr\/wp-content\/uploads\/2020\/04\/projet4-activity1-6-709x1536.png 709w, https:\/\/www.ardpylab.fr\/wp-content\/uploads\/2020\/04\/projet4-activity1-6-945x2048.png 945w\" sizes=\"auto, (max-width: 2904px) 100vw, 2904px\" \/><\/figure><\/div>\n\n\n\n<p><strong><u>R\u00e9sultats dans le moniteur s\u00e9rie<\/u>&nbsp;:<\/strong><\/p>\n\n\n\n<div class=\"wp-block-image\">\n<figure class=\"aligncenter size-large\"><img loading=\"lazy\" decoding=\"async\" width=\"914\" height=\"541\" class=\"wp-image-3646 aligncenter\" style=\"border: 3px solid #eeeeee; padding: 3px; margin: 3px;\" src=\"https:\/\/www.ardpylab.fr\/wp-content\/uploads\/2020\/04\/projet4-activity1-8.png\" alt=\"\" srcset=\"https:\/\/www.ardpylab.fr\/wp-content\/uploads\/2020\/04\/projet4-activity1-8.png 914w, https:\/\/www.ardpylab.fr\/wp-content\/uploads\/2020\/04\/projet4-activity1-8-300x178.png 300w, https:\/\/www.ardpylab.fr\/wp-content\/uploads\/2020\/04\/projet4-activity1-8-768x455.png 768w\" sizes=\"auto, (max-width: 914px) 100vw, 914px\" \/><\/figure>\n<\/div>\n<p>\u00a0<\/p>\n\n\n<div  class=\"grids-section grids-is-stretch\" style=\"--_gs-gap-desktop:0px 0px;--_gs-m-desktop:0 0 0 0;--_gs-p-desktop:0 0 0 0;--_gs-bg-desktop:transparent none;--_gs-bg-xp-desktop:0px;--_gs-zi-desktop:auto;--_gs-d-desktop:block;--_gs-mw-desktop:calc(100% - 0 - 0);--_gs-gap-tablet:0px 0px;--_gs-m-tablet:0 0 0 0;--_gs-p-tablet:0 0 0 0;--_gs-bg-tablet:transparent none;--_gs-bg-xp-tablet:0px;--_gs-zi-tablet:auto;--_gs-d-tablet:block;--_gs-mw-tablet:calc(100% - 0 - 0);--_gs-gap-mobile:0px 0px;--_gs-m-mobile:0 0 0 0;--_gs-p-mobile:0 0 0 0;--_gs-bg-mobile:transparent none;--_gs-bg-xp-mobile:0px;--_gs-zi-mobile:auto;--_gs-d-mobile:block;--_gs-mw-mobile:calc(100% - 0 - 0);--_gs-columns:2;--_gs-rows:1\"><div class=\"grids-s-w_i\">\n<div class=\"grids-area\" style=\"--_ga-column:1\/2;--_ga-row:1\/2;--_ga-m-desktop:0 0 0 0;--_ga-p-desktop:0 0 0 0;--_ga-bg-desktop:transparent none;--_ga-zi-desktop:auto;--_ga-d-desktop:flex;--_ga-mw-desktop:calc(100% - 0 - 0);--_ga-m-tablet:0 0 0 0;--_ga-p-tablet:0 0 0 0;--_ga-bg-tablet:transparent none;--_ga-zi-tablet:auto;--_ga-d-tablet:flex;--_ga-mw-tablet:calc(100% - 0 - 0);--_ga-m-mobile:0 0 0 0;--_ga-p-mobile:0 0 0 0;--_ga-bg-mobile:transparent none;--_ga-zi-mobile:auto;--_ga-d-mobile:flex;--_ga-mw-mobile:calc(100% - 0 - 0)\">\n\n<div class=\"wp-block-image\"><figure class=\"alignleft size-large\"><a href=\"https:\/\/www.ardpylab.fr\/?page_id=3602\"><img loading=\"lazy\" decoding=\"async\" width=\"50\" height=\"28\" src=\"https:\/\/www.ardpylab.fr\/wp-content\/uploads\/2020\/03\/moins.jpg\" alt=\"\" class=\"wp-image-107\"\/><\/a><\/figure><\/div>\n\n<\/div>\n\n<div class=\"grids-area\" style=\"--_ga-column:2\/3;--_ga-row:1\/2;--_ga-m-desktop:0 0 0 0;--_ga-p-desktop:0 0 0 0;--_ga-bg-desktop:transparent none;--_ga-zi-desktop:auto;--_ga-d-desktop:flex;--_ga-mw-desktop:calc(100% - 0 - 0);--_ga-m-tablet:0 0 0 0;--_ga-p-tablet:0 0 0 0;--_ga-bg-tablet:transparent none;--_ga-zi-tablet:auto;--_ga-d-tablet:flex;--_ga-mw-tablet:calc(100% - 0 - 0);--_ga-m-mobile:0 0 0 0;--_ga-p-mobile:0 0 0 0;--_ga-bg-mobile:transparent none;--_ga-zi-mobile:auto;--_ga-d-mobile:flex;--_ga-mw-mobile:calc(100% - 0 - 0)\">\n\n<div class=\"wp-block-image\"><figure class=\"alignright size-large\"><a href=\"https:\/\/www.ardpylab.fr\/?page_id=3654\"><img loading=\"lazy\" decoding=\"async\" width=\"50\" height=\"28\" src=\"https:\/\/www.ardpylab.fr\/wp-content\/uploads\/2020\/03\/plus.jpg\" alt=\"\" class=\"wp-image-106\"\/><\/a><\/figure><\/div>\n\n<\/div>\n<\/div><\/div>\n\n\n\n","protected":false},"excerpt":{"rendered":"<p>\u201dD\u00e9termination de la vitesse du son dans l&rsquo;air\u201d &nbsp; &nbsp; .&nbsp;Objectif Dans cette activit\u00e9, nous allons d\u00e9terminer exp\u00e9rimentalement la vitesse de propagation des ondes sonores en mesurant, \u00e0 l&rsquo;aide d&rsquo;un capteur \u00e0 ultrasons (par exemple, le HC-SR04), la dur\u00e9e de propagation, Dt, de l&rsquo;onde sonore entre l&rsquo;\u00e9metteur et le r\u00e9cepteur situ\u00e9s \u00e0 une distance, d, [&hellip;]<\/p>\n","protected":false},"author":1,"featured_media":0,"parent":0,"menu_order":0,"comment_status":"closed","ping_status":"closed","template":"","meta":{"footnotes":""},"class_list":["post-3618","page","type-page","status-publish","hentry"],"_links":{"self":[{"href":"https:\/\/www.ardpylab.fr\/index.php?rest_route=\/wp\/v2\/pages\/3618","targetHints":{"allow":["GET"]}}],"collection":[{"href":"https:\/\/www.ardpylab.fr\/index.php?rest_route=\/wp\/v2\/pages"}],"about":[{"href":"https:\/\/www.ardpylab.fr\/index.php?rest_route=\/wp\/v2\/types\/page"}],"author":[{"embeddable":true,"href":"https:\/\/www.ardpylab.fr\/index.php?rest_route=\/wp\/v2\/users\/1"}],"replies":[{"embeddable":true,"href":"https:\/\/www.ardpylab.fr\/index.php?rest_route=%2Fwp%2Fv2%2Fcomments&post=3618"}],"version-history":[{"count":0,"href":"https:\/\/www.ardpylab.fr\/index.php?rest_route=\/wp\/v2\/pages\/3618\/revisions"}],"wp:attachment":[{"href":"https:\/\/www.ardpylab.fr\/index.php?rest_route=%2Fwp%2Fv2%2Fmedia&parent=3618"}],"curies":[{"name":"wp","href":"https:\/\/api.w.org\/{rel}","templated":true}]}}