{"id":4005,"date":"2020-04-28T18:01:27","date_gmt":"2020-04-28T16:01:27","guid":{"rendered":"http:\/\/www.ardpylab.fr\/?page_id=4005"},"modified":"2020-05-10T18:35:57","modified_gmt":"2020-05-10T16:35:57","slug":"projet-1-activite-1","status":"publish","type":"page","link":"https:\/\/www.ardpylab.fr\/?page_id=4005","title":{"rendered":"Projet 1 \u2013 Activit\u00e9 1"},"content":{"rendered":"\n<h2 style=\"text-align: center;\"><strong><em>\u201dFaire clignoter une DEL\u201d<\/em><\/strong><\/h2>\n<p>&nbsp;<\/p>\n\n\n\n<div class=\"wp-block-image\">\n<figure class=\"aligncenter size-large\"><img loading=\"lazy\" decoding=\"async\" class=\"wp-image-3297 aligncenter\" style=\"border: 3px solid #eeeeee; padding: 3px; margin: 3px;\" src=\"https:\/\/www.ardpylab.fr\/wp-content\/uploads\/2020\/04\/projet1-circuit4.png\" alt=\"\" width=\"476\" height=\"371\"><\/figure>\n<\/div>\n<p>&nbsp;<\/p>\n\n\n\n<p>Comme premi\u00e8re activit\u00e9, nous allons faire clignoter une DEL (rouge, verte, ou bleue), pr\u00e9alablement choisie, connect\u00e9e sur une des broches 8, 7, ou 2.<\/p>\n<p>Cette activit\u00e9 a pour but l&rsquo;apprentissage de l&rsquo;utilisation des sorties digitales de l&rsquo;Arduino qui ne peuvent prendre que 2 valeurs : <strong>0 (niveau bas)<\/strong> ou <strong>1 (niveau haut)<\/strong>, soit \u00e9lectriquement : <strong>0 V ou +5 V<\/strong>.<\/p>\n<p>Donc, pour allumer la DEL, la broche de l&rsquo;Arduino sur laquelle celle-ci est connect\u00e9e, doit \u00eatre au niveau haut (<strong>+5V<\/strong>) et pour l&rsquo;\u00e9teindre, elle doit \u00eatre au niveau bas (<strong>0 V<\/strong>).<strong>&nbsp;<\/strong><\/p>\n<p>Pour r\u00e9aliser cette activit\u00e9, on va demander \u00e0 l\u2019Arduino d&rsquo;allumer une des 3 DELs (<strong>donc d\u2019appliquer un niveau haut sur la broche de la DEL<\/strong>) pendant \u00bd seconde, puis de l\u2019\u00e9teindre (<strong>donc d\u2019appliquer un niveau bas sur la broche de la DEL<\/strong>) pendant une \u00bd seconde, puis \u00e0 nouveau de l\u2019allumer pendant \u00bd seconde et cela ind\u00e9finiment. De cette fa\u00e7on, on verra la DEL choisie clignoter.<br><br><\/p>\n\n\n\n<div class=\"wp-block-image\">\n<figure class=\"aligncenter size-large\">\n<div id=\"attachment_4398\" style=\"width: 730px\" class=\"wp-caption alignnone\"><img loading=\"lazy\" decoding=\"async\" aria-describedby=\"caption-attachment-4398\" class=\"wp-image-4398 size-large\" style=\"border: 3px solid #eeeeee; padding: 3px; margin: 3px;\" src=\"https:\/\/www.ardpylab.fr\/wp-content\/uploads\/2020\/04\/arduinolab-projet1-ce1-1024x576.png\" alt=\"\" width=\"720\" height=\"405\" srcset=\"https:\/\/www.ardpylab.fr\/wp-content\/uploads\/2020\/04\/arduinolab-projet1-ce1-1024x576.png 1024w, https:\/\/www.ardpylab.fr\/wp-content\/uploads\/2020\/04\/arduinolab-projet1-ce1-300x169.png 300w, https:\/\/www.ardpylab.fr\/wp-content\/uploads\/2020\/04\/arduinolab-projet1-ce1-768x432.png 768w, https:\/\/www.ardpylab.fr\/wp-content\/uploads\/2020\/04\/arduinolab-projet1-ce1.png 1366w\" sizes=\"auto, (max-width: 720px) 100vw, 720px\" \/><p id=\"caption-attachment-4398\" class=\"wp-caption-text\">ARDUINO LAB &#8211; Fen\u00eatre \u00ab\u00a0Projet 1 &#8211; Activit\u00e9 1\u00a0\u00bb<\/p><\/div>\n<\/figure>\n<\/div>\n<p>&nbsp;<\/p>\n\n\n<div  class=\"grids-section grids-is-advanced\" style=\"--_gs-gap-desktop:0px 0px;--_gs-m-desktop:0 0 0 0;--_gs-p-desktop:0 0 0 0;--_gs-bg-desktop:transparent none;--_gs-bg-xp-desktop:0px;--_gs-zi-desktop:auto;--_gs-d-desktop:block;--_gs-mw-desktop:calc(100% - 0 - 0);--_gs-gap-tablet:0px 0px;--_gs-m-tablet:0 0 0 0;--_gs-p-tablet:0 0 0 0;--_gs-bg-tablet:transparent none;--_gs-bg-xp-tablet:0px;--_gs-zi-tablet:auto;--_gs-d-tablet:block;--_gs-mw-tablet:calc(100% - 0 - 0);--_gs-gap-mobile:0px 0px;--_gs-m-mobile:0 0 0 0;--_gs-p-mobile:0 0 0 0;--_gs-bg-mobile:transparent none;--_gs-bg-xp-mobile:0px;--_gs-zi-mobile:auto;--_gs-d-mobile:block;--_gs-mw-mobile:calc(100% - 0 - 0);--_gs-columns:12;--_gs-rows:6\"><div class=\"grids-s-w_i\">\n<div class=\"grids-area\" style=\"--_ga-column:1\/9;--_ga-row:1\/2;--_ga-m-desktop:0 0 0 0;--_ga-p-desktop:0 0 0 0;--_ga-bg-desktop:transparent none;--_ga-zi-desktop:auto;--_ga-d-desktop:flex;--_ga-mw-desktop:calc(100% - 0 - 0);--_ga-m-tablet:0 0 0 0;--_ga-p-tablet:0 0 0 0;--_ga-bg-tablet:transparent none;--_ga-zi-tablet:auto;--_ga-d-tablet:flex;--_ga-mw-tablet:calc(100% - 0 - 0);--_ga-m-mobile:0 0 0 0;--_ga-p-mobile:0 0 0 0;--_ga-bg-mobile:transparent none;--_ga-zi-mobile:auto;--_ga-d-mobile:flex;--_ga-mw-mobile:calc(100% - 0 - 0)\">\n\n<p>Apr\u00e8s avoir cliqu\u00e9 sur le connecteur USB, le choix de la DEL est fait par l\u2019interm\u00e9diaire de ce menu&nbsp;:<\/p>\n\n<\/div>\n\n<div class=\"grids-area\" style=\"--_ga-column:9\/13;--_ga-row:1\/2;--_ga-m-desktop:0 0 0 0;--_ga-p-desktop:0 0 0 0;--_ga-bg-desktop:transparent none;--_ga-zi-desktop:auto;--_ga-d-desktop:flex;--_ga-mw-desktop:calc(100% - 0 - 0);--_ga-m-tablet:0 0 0 0;--_ga-p-tablet:0 0 0 0;--_ga-bg-tablet:transparent none;--_ga-zi-tablet:auto;--_ga-d-tablet:flex;--_ga-mw-tablet:calc(100% - 0 - 0);--_ga-m-mobile:0 0 0 0;--_ga-p-mobile:0 0 0 0;--_ga-bg-mobile:transparent none;--_ga-zi-mobile:auto;--_ga-d-mobile:flex;--_ga-mw-mobile:calc(100% - 0 - 0)\">\n\n<div class=\"wp-block-image\">\n<figure class=\"aligncenter size-large\"><img loading=\"lazy\" decoding=\"async\" class=\"wp-image-4006 aligncenter\" style=\"border: 3px solid #eeeeee; padding: 3px; margin: 3px;\" src=\"https:\/\/www.ardpylab.fr\/wp-content\/uploads\/2020\/04\/arduinolab-projet1-1.png\" alt=\"\" width=\"90\" height=\"189\"><\/figure>\n<\/div>\n<p>&nbsp;<\/p>\n\n<\/div>\n<\/div><\/div>\n\n\n<p>Si le mode de fonctionnement est le <strong>\u201dcontr\u00f4le de l\u2019Arduino\u201d<\/strong>, la DEL du circuit r\u00e9el et la DEL sur l\u2019\u00e9cran clignotent :<\/p>\n\n\n\n<div class=\"wp-block-image\">\n<figure class=\"aligncenter size-large\"><img loading=\"lazy\" decoding=\"async\" class=\"wp-image-4011 aligncenter\" style=\"border: 3px solid #eeeeee; padding: 3px; margin: 3px;\" src=\"https:\/\/www.ardpylab.fr\/wp-content\/uploads\/2020\/04\/arduinolab-projet1-2-1024x491.png\" alt=\"\" width=\"580\" height=\"281\"><\/figure>\n<\/div>\n<p>&nbsp;<\/p>\n\n\n\n<p>A tout moment, il est possible de visualiser le code et son algorithme, programm\u00e9 en langage Arduino IDE ou en Python, permettant de r\u00e9aliser cette activit\u00e9, en cliquant sur les boutons&nbsp;:<\/p>\n\n\n<div  class=\"grids-section grids-is-stretch\" style=\"--_gs-gap-desktop:0px 0px;--_gs-m-desktop:0 0 0 0;--_gs-p-desktop:0 0 0 0;--_gs-bg-desktop:transparent none;--_gs-bg-xp-desktop:0px;--_gs-zi-desktop:auto;--_gs-d-desktop:block;--_gs-mw-desktop:calc(100% - 0 - 0);--_gs-gap-tablet:0px 0px;--_gs-m-tablet:0 0 0 0;--_gs-p-tablet:0 0 0 0;--_gs-bg-tablet:transparent none;--_gs-bg-xp-tablet:0px;--_gs-zi-tablet:auto;--_gs-d-tablet:block;--_gs-mw-tablet:calc(100% - 0 - 0);--_gs-gap-mobile:0px 0px;--_gs-m-mobile:0 0 0 0;--_gs-p-mobile:0 0 0 0;--_gs-bg-mobile:transparent none;--_gs-bg-xp-mobile:0px;--_gs-zi-mobile:auto;--_gs-d-mobile:block;--_gs-mw-mobile:calc(100% - 0 - 0);--_gs-columns:2;--_gs-rows:1\"><div class=\"grids-s-w_i\">\n<div class=\"grids-area\" style=\"--_ga-column:1\/2;--_ga-row:1\/2;--_ga-m-desktop:0 0 0 0;--_ga-p-desktop:0 0 0 0;--_ga-bg-desktop:transparent none;--_ga-zi-desktop:auto;--_ga-d-desktop:flex;--_ga-mw-desktop:calc(100% - 0 - 0);--_ga-m-tablet:0 0 0 0;--_ga-p-tablet:0 0 0 0;--_ga-bg-tablet:transparent none;--_ga-zi-tablet:auto;--_ga-d-tablet:flex;--_ga-mw-tablet:calc(100% - 0 - 0);--_ga-m-mobile:0 0 0 0;--_ga-p-mobile:0 0 0 0;--_ga-bg-mobile:transparent none;--_ga-zi-mobile:auto;--_ga-d-mobile:flex;--_ga-mw-mobile:calc(100% - 0 - 0)\">\n\n<div class=\"wp-block-image\">\n<figure class=\"aligncenter size-large\"><a href=\"https:\/\/www.ardpylab.fr\/?page_id=3184\/#prog2\" data-wplink-url-error=\"true\"><img loading=\"lazy\" decoding=\"async\" width=\"61\" height=\"63\" class=\"wp-image-3953 aligncenter\" style=\"border: 3px solid #eeeeee; padding: 3px; margin: 3px;\" src=\"https:\/\/www.ardpylab.fr\/wp-content\/uploads\/2020\/04\/arduinolab-img12.png\" alt=\"\"><\/a><\/figure>\n<\/div>\n<p>&nbsp;<\/p>\n\n<\/div>\n\n<div class=\"grids-area\" style=\"--_ga-column:2\/3;--_ga-row:1\/2;--_ga-m-desktop:0 0 0 0;--_ga-p-desktop:0 0 0 0;--_ga-bg-desktop:transparent none;--_ga-zi-desktop:auto;--_ga-d-desktop:flex;--_ga-mw-desktop:calc(100% - 0 - 0);--_ga-m-tablet:0 0 0 0;--_ga-p-tablet:0 0 0 0;--_ga-bg-tablet:transparent none;--_ga-zi-tablet:auto;--_ga-d-tablet:flex;--_ga-mw-tablet:calc(100% - 0 - 0);--_ga-m-mobile:0 0 0 0;--_ga-p-mobile:0 0 0 0;--_ga-bg-mobile:transparent none;--_ga-zi-mobile:auto;--_ga-d-mobile:flex;--_ga-mw-mobile:calc(100% - 0 - 0)\">\n\n<div class=\"wp-block-image\">\n<figure class=\"aligncenter size-large\"><a href=\"https:\/\/www.ardpylab.fr\/?page_id=3184\/#prog1\" data-wplink-url-error=\"true\"><img loading=\"lazy\" decoding=\"async\" width=\"61\" height=\"63\" class=\"wp-image-3964 aligncenter\" style=\"border: 3px solid #eeeeee; padding: 3px; margin: 3px;\" src=\"https:\/\/www.ardpylab.fr\/wp-content\/uploads\/2020\/04\/arduinolab-img14.png\" alt=\"\"><\/a><\/figure>\n<\/div>\n<p>&nbsp;<\/p>\n\n<\/div>\n<\/div><\/div>\n\n\n<p>Le code pourra \u00eatre modifi\u00e9 pour voir l\u2019influence des variables (dur\u00e9e d\u2019allumage, d\u2019extinction, num\u00e9ro de la broche de la DEL).<\/p>\n<p>\u00a0<\/p>\n\n\n<div  class=\"grids-section grids-is-stretch\" style=\"--_gs-gap-desktop:0px 0px;--_gs-m-desktop:0 0 0 0;--_gs-p-desktop:0 0 0 0;--_gs-bg-desktop:transparent none;--_gs-bg-xp-desktop:0px;--_gs-zi-desktop:auto;--_gs-d-desktop:block;--_gs-mw-desktop:calc(100% - 0 - 0);--_gs-gap-tablet:0px 0px;--_gs-m-tablet:0 0 0 0;--_gs-p-tablet:0 0 0 0;--_gs-bg-tablet:transparent none;--_gs-bg-xp-tablet:0px;--_gs-zi-tablet:auto;--_gs-d-tablet:block;--_gs-mw-tablet:calc(100% - 0 - 0);--_gs-gap-mobile:0px 0px;--_gs-m-mobile:0 0 0 0;--_gs-p-mobile:0 0 0 0;--_gs-bg-mobile:transparent none;--_gs-bg-xp-mobile:0px;--_gs-zi-mobile:auto;--_gs-d-mobile:block;--_gs-mw-mobile:calc(100% - 0 - 0);--_gs-columns:2;--_gs-rows:1\"><div class=\"grids-s-w_i\">\n<div class=\"grids-area\" style=\"--_ga-column:1\/2;--_ga-row:1\/2;--_ga-m-desktop:0 0 0 0;--_ga-p-desktop:0 0 0 0;--_ga-bg-desktop:transparent none;--_ga-zi-desktop:auto;--_ga-d-desktop:flex;--_ga-mw-desktop:calc(100% - 0 - 0);--_ga-m-tablet:0 0 0 0;--_ga-p-tablet:0 0 0 0;--_ga-bg-tablet:transparent none;--_ga-zi-tablet:auto;--_ga-d-tablet:flex;--_ga-mw-tablet:calc(100% - 0 - 0);--_ga-m-mobile:0 0 0 0;--_ga-p-mobile:0 0 0 0;--_ga-bg-mobile:transparent none;--_ga-zi-mobile:auto;--_ga-d-mobile:flex;--_ga-mw-mobile:calc(100% - 0 - 0)\">\n\n<div class=\"wp-block-image\"><figure class=\"alignleft size-large\"><a href=\"https:\/\/www.ardpylab.fr\/?page_id=3998\"><img loading=\"lazy\" decoding=\"async\" width=\"50\" height=\"28\" src=\"https:\/\/www.ardpylab.fr\/wp-content\/uploads\/2020\/03\/moins.jpg\" alt=\"\" class=\"wp-image-107\"\/><\/a><\/figure><\/div>\n\n<\/div>\n\n<div class=\"grids-area\" style=\"--_ga-column:2\/3;--_ga-row:1\/2;--_ga-m-desktop:0 0 0 0;--_ga-p-desktop:0 0 0 0;--_ga-bg-desktop:transparent none;--_ga-zi-desktop:auto;--_ga-d-desktop:flex;--_ga-mw-desktop:calc(100% - 0 - 0);--_ga-m-tablet:0 0 0 0;--_ga-p-tablet:0 0 0 0;--_ga-bg-tablet:transparent none;--_ga-zi-tablet:auto;--_ga-d-tablet:flex;--_ga-mw-tablet:calc(100% - 0 - 0);--_ga-m-mobile:0 0 0 0;--_ga-p-mobile:0 0 0 0;--_ga-bg-mobile:transparent none;--_ga-zi-mobile:auto;--_ga-d-mobile:flex;--_ga-mw-mobile:calc(100% - 0 - 0)\">\n\n<div class=\"wp-block-image\"><figure class=\"alignright size-large\"><a href=\"https:\/\/www.ardpylab.fr\/?page_id=4019\"><img loading=\"lazy\" decoding=\"async\" width=\"50\" height=\"28\" src=\"https:\/\/www.ardpylab.fr\/wp-content\/uploads\/2020\/03\/plus.jpg\" alt=\"\" class=\"wp-image-106\"\/><\/a><\/figure><\/div>\n\n<\/div>\n<\/div><\/div>\n\n\n\n","protected":false},"excerpt":{"rendered":"<p>\u201dFaire clignoter une DEL\u201d &nbsp; &nbsp; Comme premi\u00e8re activit\u00e9, nous allons faire clignoter une DEL (rouge, verte, ou bleue), pr\u00e9alablement choisie, connect\u00e9e sur une des broches 8, 7, ou 2. Cette activit\u00e9 a pour but l&rsquo;apprentissage de l&rsquo;utilisation des sorties digitales de l&rsquo;Arduino qui ne peuvent prendre que 2 valeurs : 0 (niveau bas) ou [&hellip;]<\/p>\n","protected":false},"author":1,"featured_media":0,"parent":0,"menu_order":0,"comment_status":"closed","ping_status":"closed","template":"","meta":{"footnotes":""},"class_list":["post-4005","page","type-page","status-publish","hentry"],"_links":{"self":[{"href":"https:\/\/www.ardpylab.fr\/index.php?rest_route=\/wp\/v2\/pages\/4005","targetHints":{"allow":["GET"]}}],"collection":[{"href":"https:\/\/www.ardpylab.fr\/index.php?rest_route=\/wp\/v2\/pages"}],"about":[{"href":"https:\/\/www.ardpylab.fr\/index.php?rest_route=\/wp\/v2\/types\/page"}],"author":[{"embeddable":true,"href":"https:\/\/www.ardpylab.fr\/index.php?rest_route=\/wp\/v2\/users\/1"}],"replies":[{"embeddable":true,"href":"https:\/\/www.ardpylab.fr\/index.php?rest_route=%2Fwp%2Fv2%2Fcomments&post=4005"}],"version-history":[{"count":0,"href":"https:\/\/www.ardpylab.fr\/index.php?rest_route=\/wp\/v2\/pages\/4005\/revisions"}],"wp:attachment":[{"href":"https:\/\/www.ardpylab.fr\/index.php?rest_route=%2Fwp%2Fv2%2Fmedia&parent=4005"}],"curies":[{"name":"wp","href":"https:\/\/api.w.org\/{rel}","templated":true}]}}