{"id":4053,"date":"2020-04-28T19:21:59","date_gmt":"2020-04-28T17:21:59","guid":{"rendered":"http:\/\/www.ardpylab.fr\/?page_id=4053"},"modified":"2020-05-10T18:39:21","modified_gmt":"2020-05-10T16:39:21","slug":"projet-2-activite-1-2","status":"publish","type":"page","link":"https:\/\/www.ardpylab.fr\/?page_id=4053","title":{"rendered":"Projet 2 &#8211; Activit\u00e9 1"},"content":{"rendered":"\n<h2 style=\"text-align: center;\"><strong><em>\u201dContr\u00f4ler la luminosit\u00e9 d&rsquo;une DEL avec un bouton-poussoir\u201d<\/em><\/strong><\/h2>\n<p>&nbsp;<\/p>\n\n\n\n<div class=\"wp-block-image\">\n<figure class=\"aligncenter size-large\"><img loading=\"lazy\" decoding=\"async\" class=\"alignnone wp-image-3407 \" style=\"border: 3px solid #eeeeee; padding: 3px; margin: 3px;\" src=\"https:\/\/www.ardpylab.fr\/wp-content\/uploads\/2020\/04\/projet2-circuit4.png\" alt=\"\" width=\"515\" height=\"321\" srcset=\"https:\/\/www.ardpylab.fr\/wp-content\/uploads\/2020\/04\/projet2-circuit4.png 634w, https:\/\/www.ardpylab.fr\/wp-content\/uploads\/2020\/04\/projet2-circuit4-300x186.png 300w\" sizes=\"auto, (max-width: 515px) 100vw, 515px\" \/><\/figure>\n<\/div>\n<p>&nbsp;<\/p>\n\n\n\n<p>Contrairement aux sorties num\u00e9riques qui ne peuvent avoir que deux valeurs 0 ou 1 (0 ou 5V), une sortie analogique (ou plut\u00f4t PWM) permet d&rsquo;obtenir une tension entre 0 et 5 V. les broches 3, 5, 6, 9, 10 et 11 peuvent \u00eatre configur\u00e9s en sortie analogique.<\/p>\n<p>C\u2019est pour cela que les anodes de la DEL RVB (\u00e0 cathode commune) de notre circuit sont connect\u00e9es sur les broches&nbsp;:<\/p>\n<p>&nbsp;&nbsp;&nbsp;&nbsp;&nbsp;&nbsp;&nbsp;&nbsp;&nbsp;&nbsp;&nbsp; &#8211; 9 pour la DEL rouge<\/p>\n<p>&nbsp;&nbsp;&nbsp;&nbsp;&nbsp;&nbsp;&nbsp;&nbsp;&nbsp;&nbsp;&nbsp; &#8211; 11 pour la DEL verte<\/p>\n<p>&nbsp;&nbsp;&nbsp;&nbsp;&nbsp;&nbsp;&nbsp;&nbsp;&nbsp;&nbsp;&nbsp; &#8211; 10 pour la DEL Bleue<br><br><\/p>\n<p>Nous allons utiliser ces sorties pour alimenter une DEL (DEL rouge, verte ou bleue de la DEL RVB) et faire varier sa luminosit\u00e9 suivant ce principe de fonctionnement&nbsp;:<\/p>\n<p style=\"padding-left: 40px;\">&#8211; la DEL \u00e9tant \u00e9teinte, si on appuie sur le bouton poussoir, la diode s\u2019allume.<\/p>\n<p style=\"padding-left: 40px;\">&#8211; On r\u00e8gle la luminosit\u00e9 de la DEL en maintenant le bouton poussoir appuy\u00e9, du moins au plus lumineux (broche de la DEL \u00e0 +0V) jusqu\u2019\u00e0 un maximum (broche de la DEL \u00e0 +5V).<\/p>\n<p style=\"padding-left: 40px;\">&#8211; Quand le maximum de la luminosit\u00e9 est atteint et que le bouton poussoir est maintenu appuy\u00e9, la luminosit\u00e9 revient au minimum (broche de la DEL \u00e0 0V).&nbsp;<\/p>\n<p style=\"padding-left: 40px;\">&#8211; La DEL \u00e9tant allum\u00e9e, si on appuie sur le bouton poussoir, elle s\u2019\u00e9teint.<br><br><\/p>\n\n\n\n<div class=\"wp-block-image\">\n<figure class=\"aligncenter size-large\">\n<div id=\"attachment_4382\" style=\"width: 730px\" class=\"wp-caption alignnone\"><img loading=\"lazy\" decoding=\"async\" aria-describedby=\"caption-attachment-4382\" class=\"wp-image-4382 size-large\" style=\"border: 3px solid #eeeeee; padding: 3px; margin: 3px;\" src=\"https:\/\/www.ardpylab.fr\/wp-content\/uploads\/2020\/04\/arduinolab-projet2-ce1-1024x576.png\" alt=\"\" width=\"720\" height=\"405\" srcset=\"https:\/\/www.ardpylab.fr\/wp-content\/uploads\/2020\/04\/arduinolab-projet2-ce1-1024x576.png 1024w, https:\/\/www.ardpylab.fr\/wp-content\/uploads\/2020\/04\/arduinolab-projet2-ce1-300x169.png 300w, https:\/\/www.ardpylab.fr\/wp-content\/uploads\/2020\/04\/arduinolab-projet2-ce1-768x432.png 768w, https:\/\/www.ardpylab.fr\/wp-content\/uploads\/2020\/04\/arduinolab-projet2-ce1.png 1366w\" sizes=\"auto, (max-width: 720px) 100vw, 720px\" \/><p id=\"caption-attachment-4382\" class=\"wp-caption-text\">ARDUINO LAB &#8211; Fen\u00eatre \u00ab\u00a0Projet 2 &#8211; Activit\u00e9 1\u00a0\u00bb<\/p><\/div>\n<\/figure>\n<\/div>\n<p>&nbsp;<\/p>\n\n\n<div  class=\"grids-section grids-is-advanced\" style=\"--_gs-gap-desktop:0px 0px;--_gs-m-desktop:0 0 0 0;--_gs-p-desktop:0 0 0 0;--_gs-bg-desktop:transparent none;--_gs-bg-xp-desktop:0px;--_gs-zi-desktop:auto;--_gs-d-desktop:block;--_gs-mw-desktop:calc(100% - 0 - 0);--_gs-gap-tablet:0px 0px;--_gs-m-tablet:0 0 0 0;--_gs-p-tablet:0 0 0 0;--_gs-bg-tablet:transparent none;--_gs-bg-xp-tablet:0px;--_gs-zi-tablet:auto;--_gs-d-tablet:block;--_gs-mw-tablet:calc(100% - 0 - 0);--_gs-gap-mobile:0px 0px;--_gs-m-mobile:0 0 0 0;--_gs-p-mobile:0 0 0 0;--_gs-bg-mobile:transparent none;--_gs-bg-xp-mobile:0px;--_gs-zi-mobile:auto;--_gs-d-mobile:block;--_gs-mw-mobile:calc(100% - 0 - 0);--_gs-columns:12;--_gs-rows:6\"><div class=\"grids-s-w_i\">\n<div class=\"grids-area\" style=\"--_ga-column:1\/9;--_ga-row:1\/2;--_ga-m-desktop:0 0 0 0;--_ga-p-desktop:0 0 0 0;--_ga-bg-desktop:transparent none;--_ga-zi-desktop:auto;--_ga-d-desktop:flex;--_ga-mw-desktop:calc(100% - 0 - 0);--_ga-m-tablet:0 0 0 0;--_ga-p-tablet:0 0 0 0;--_ga-bg-tablet:transparent none;--_ga-zi-tablet:auto;--_ga-d-tablet:flex;--_ga-mw-tablet:calc(100% - 0 - 0);--_ga-m-mobile:0 0 0 0;--_ga-p-mobile:0 0 0 0;--_ga-bg-mobile:transparent none;--_ga-zi-mobile:auto;--_ga-d-mobile:flex;--_ga-mw-mobile:calc(100% - 0 - 0)\">\n\n<p><br>Apr\u00e8s avoir cliqu\u00e9 sur le connecteur USB, le choix de la DEL est fait par l\u2019interm\u00e9diaire du menu ci-contre:<\/p>\n<p>Une modification dans le choix de la DEL quand une DEL est d\u00e9j\u00e0 allum\u00e9e, entraine une r\u00e9initialisation du programme. Il faut appuyer de nouveau sur le bouton poussoir pour allumer la DEL choisie.<\/p>\n\n<\/div>\n\n<div class=\"grids-area\" style=\"--_ga-column:9\/13;--_ga-row:1\/2;--_ga-m-desktop:0 0 0 0;--_ga-p-desktop:0 0 0 0;--_ga-bg-desktop:transparent none;--_ga-zi-desktop:auto;--_ga-d-desktop:flex;--_ga-mw-desktop:calc(100% - 0 - 0);--_ga-m-tablet:0 0 0 0;--_ga-p-tablet:0 0 0 0;--_ga-bg-tablet:transparent none;--_ga-zi-tablet:auto;--_ga-d-tablet:flex;--_ga-mw-tablet:calc(100% - 0 - 0);--_ga-m-mobile:0 0 0 0;--_ga-p-mobile:0 0 0 0;--_ga-bg-mobile:transparent none;--_ga-zi-mobile:auto;--_ga-d-mobile:flex;--_ga-mw-mobile:calc(100% - 0 - 0)\">\n\n<div class=\"wp-block-image\">\n<figure class=\"aligncenter size-large\"><img loading=\"lazy\" decoding=\"async\" class=\"wp-image-4006 aligncenter\" style=\"border: 3px solid #eeeeee; padding: 3px; margin: 3px;\" src=\"https:\/\/www.ardpylab.fr\/wp-content\/uploads\/2020\/04\/arduinolab-projet1-1.png\" alt=\"\" width=\"90\" height=\"189\"><\/figure>\n<\/div>\n\n<\/div>\n<\/div><\/div>\n\n\n<p><br>Si le mode de fonctionnement est le <strong>\u201dcontr\u00f4le de l\u2019Arduino\u201d<\/strong>, la DEL du circuit r\u00e9el et la DEL sur l\u2019\u00e9cran s\u2019allument ou s\u2019\u00e9teignent en appuyant sur le bouton poussoir du circuit r\u00e9el ou sur celui du circuit affich\u00e9 sur l\u2019\u00e9cran.<\/p>\n\n\n\n<div class=\"wp-block-image\">\n<figure class=\"aligncenter size-large\">\n<div id=\"attachment_4055\" style=\"width: 603px\" class=\"wp-caption alignnone\"><img loading=\"lazy\" decoding=\"async\" aria-describedby=\"caption-attachment-4055\" class=\"wp-image-4055\" style=\"border: 3px solid #eeeeee; padding: 3px; margin: 3px;\" src=\"https:\/\/www.ardpylab.fr\/wp-content\/uploads\/2020\/04\/arduinolab-projet2-1-1024x484.png\" alt=\"\" width=\"593\" height=\"283\"><p id=\"caption-attachment-4055\" class=\"wp-caption-text\">ARDUINO LAB &#8211; \u00ab\u00a0La luminosit\u00e9 de la DEL est r\u00e9gl\u00e9e avec le bouton poussoir\u00a0\u00bb<\/p><\/div>\n<\/figure>\n<\/div>\n<p>&nbsp;<\/p>\n\n\n\n<p>A tout moment, il est possible de visualiser le code et son algorithme, programm\u00e9 en langage Arduino IDE ou en Python, permettant de r\u00e9aliser cette activit\u00e9, en cliquant sur les boutons&nbsp;:<\/p>\n\n\n<div  class=\"grids-section grids-is-stretch\" style=\"--_gs-gap-desktop:0px 0px;--_gs-m-desktop:0 0 0 0;--_gs-p-desktop:0 0 0 0;--_gs-bg-desktop:transparent none;--_gs-bg-xp-desktop:0px;--_gs-zi-desktop:auto;--_gs-d-desktop:block;--_gs-mw-desktop:calc(100% - 0 - 0);--_gs-gap-tablet:0px 0px;--_gs-m-tablet:0 0 0 0;--_gs-p-tablet:0 0 0 0;--_gs-bg-tablet:transparent none;--_gs-bg-xp-tablet:0px;--_gs-zi-tablet:auto;--_gs-d-tablet:block;--_gs-mw-tablet:calc(100% - 0 - 0);--_gs-gap-mobile:0px 0px;--_gs-m-mobile:0 0 0 0;--_gs-p-mobile:0 0 0 0;--_gs-bg-mobile:transparent none;--_gs-bg-xp-mobile:0px;--_gs-zi-mobile:auto;--_gs-d-mobile:block;--_gs-mw-mobile:calc(100% - 0 - 0);--_gs-columns:2;--_gs-rows:1\"><div class=\"grids-s-w_i\">\n<div class=\"grids-area\" style=\"--_ga-column:1\/2;--_ga-row:1\/2;--_ga-m-desktop:0 0 0 0;--_ga-p-desktop:0 0 0 0;--_ga-bg-desktop:transparent none;--_ga-zi-desktop:auto;--_ga-d-desktop:flex;--_ga-mw-desktop:calc(100% - 0 - 0);--_ga-m-tablet:0 0 0 0;--_ga-p-tablet:0 0 0 0;--_ga-bg-tablet:transparent none;--_ga-zi-tablet:auto;--_ga-d-tablet:flex;--_ga-mw-tablet:calc(100% - 0 - 0);--_ga-m-mobile:0 0 0 0;--_ga-p-mobile:0 0 0 0;--_ga-bg-mobile:transparent none;--_ga-zi-mobile:auto;--_ga-d-mobile:flex;--_ga-mw-mobile:calc(100% - 0 - 0)\">\n\n<div class=\"wp-block-image\">\n<figure class=\"aligncenter size-large\"><a href=\"https:\/\/www.ardpylab.fr\/?page_id=3324\/#prog2\" data-wplink-url-error=\"true\"><img loading=\"lazy\" decoding=\"async\" width=\"61\" height=\"63\" class=\"wp-image-3953 aligncenter\" style=\"border: 3px solid #eeeeee; padding: 3px; margin: 3px;\" src=\"https:\/\/www.ardpylab.fr\/wp-content\/uploads\/2020\/04\/arduinolab-img12.png\" alt=\"\"><\/a><\/figure>\n<\/div>\n<p>&nbsp;<\/p>\n\n<\/div>\n\n<div class=\"grids-area\" style=\"--_ga-column:2\/3;--_ga-row:1\/2;--_ga-m-desktop:0 0 0 0;--_ga-p-desktop:0 0 0 0;--_ga-bg-desktop:transparent none;--_ga-zi-desktop:auto;--_ga-d-desktop:flex;--_ga-mw-desktop:calc(100% - 0 - 0);--_ga-m-tablet:0 0 0 0;--_ga-p-tablet:0 0 0 0;--_ga-bg-tablet:transparent none;--_ga-zi-tablet:auto;--_ga-d-tablet:flex;--_ga-mw-tablet:calc(100% - 0 - 0);--_ga-m-mobile:0 0 0 0;--_ga-p-mobile:0 0 0 0;--_ga-bg-mobile:transparent none;--_ga-zi-mobile:auto;--_ga-d-mobile:flex;--_ga-mw-mobile:calc(100% - 0 - 0)\">\n\n<div class=\"wp-block-image\">\n<figure class=\"aligncenter size-large\"><a href=\"https:\/\/www.ardpylab.fr\/?page_id=3324\/#prog1\" data-wplink-url-error=\"true\"><img loading=\"lazy\" decoding=\"async\" width=\"61\" height=\"63\" class=\"wp-image-3964 aligncenter\" style=\"border: 3px solid #eeeeee; padding: 3px; margin: 3px;\" src=\"https:\/\/www.ardpylab.fr\/wp-content\/uploads\/2020\/04\/arduinolab-img14.png\" alt=\"\"><\/a><\/figure>\n<\/div>\n<p>&nbsp;<\/p>\n\n<\/div>\n<\/div><\/div>\n\n\n<p>Le code pourra \u00eatre modifi\u00e9 pour voir l\u2019influence des variables (choix de la DEL).<\/p>\n<p>\u00a0<\/p>\n\n\n<div  class=\"grids-section grids-is-stretch\" style=\"--_gs-gap-desktop:0px 0px;--_gs-m-desktop:0 0 0 0;--_gs-p-desktop:0 0 0 0;--_gs-bg-desktop:transparent none;--_gs-bg-xp-desktop:0px;--_gs-zi-desktop:auto;--_gs-d-desktop:block;--_gs-mw-desktop:calc(100% - 0 - 0);--_gs-gap-tablet:0px 0px;--_gs-m-tablet:0 0 0 0;--_gs-p-tablet:0 0 0 0;--_gs-bg-tablet:transparent none;--_gs-bg-xp-tablet:0px;--_gs-zi-tablet:auto;--_gs-d-tablet:block;--_gs-mw-tablet:calc(100% - 0 - 0);--_gs-gap-mobile:0px 0px;--_gs-m-mobile:0 0 0 0;--_gs-p-mobile:0 0 0 0;--_gs-bg-mobile:transparent none;--_gs-bg-xp-mobile:0px;--_gs-zi-mobile:auto;--_gs-d-mobile:block;--_gs-mw-mobile:calc(100% - 0 - 0);--_gs-columns:2;--_gs-rows:1\"><div class=\"grids-s-w_i\">\n<div class=\"grids-area\" style=\"--_ga-column:1\/2;--_ga-row:1\/2;--_ga-m-desktop:0 0 0 0;--_ga-p-desktop:0 0 0 0;--_ga-bg-desktop:transparent none;--_ga-zi-desktop:auto;--_ga-d-desktop:flex;--_ga-mw-desktop:calc(100% - 0 - 0);--_ga-m-tablet:0 0 0 0;--_ga-p-tablet:0 0 0 0;--_ga-bg-tablet:transparent none;--_ga-zi-tablet:auto;--_ga-d-tablet:flex;--_ga-mw-tablet:calc(100% - 0 - 0);--_ga-m-mobile:0 0 0 0;--_ga-p-mobile:0 0 0 0;--_ga-bg-mobile:transparent none;--_ga-zi-mobile:auto;--_ga-d-mobile:flex;--_ga-mw-mobile:calc(100% - 0 - 0)\">\n\n<div class=\"wp-block-image\"><figure class=\"alignleft size-large\"><a href=\"https:\/\/www.ardpylab.fr\/?page_id=4049\"><img loading=\"lazy\" decoding=\"async\" width=\"50\" height=\"28\" src=\"https:\/\/www.ardpylab.fr\/wp-content\/uploads\/2020\/03\/moins.jpg\" alt=\"\" class=\"wp-image-107\"\/><\/a><\/figure><\/div>\n\n<\/div>\n\n<div class=\"grids-area\" style=\"--_ga-column:2\/3;--_ga-row:1\/2;--_ga-m-desktop:0 0 0 0;--_ga-p-desktop:0 0 0 0;--_ga-bg-desktop:transparent none;--_ga-zi-desktop:auto;--_ga-d-desktop:flex;--_ga-mw-desktop:calc(100% - 0 - 0);--_ga-m-tablet:0 0 0 0;--_ga-p-tablet:0 0 0 0;--_ga-bg-tablet:transparent none;--_ga-zi-tablet:auto;--_ga-d-tablet:flex;--_ga-mw-tablet:calc(100% - 0 - 0);--_ga-m-mobile:0 0 0 0;--_ga-p-mobile:0 0 0 0;--_ga-bg-mobile:transparent none;--_ga-zi-mobile:auto;--_ga-d-mobile:flex;--_ga-mw-mobile:calc(100% - 0 - 0)\">\n\n<div class=\"wp-block-image\"><figure class=\"alignright size-large\"><a href=\"https:\/\/www.ardpylab.fr\/?page_id=4066\"><img loading=\"lazy\" decoding=\"async\" width=\"50\" height=\"28\" src=\"https:\/\/www.ardpylab.fr\/wp-content\/uploads\/2020\/03\/plus.jpg\" alt=\"\" class=\"wp-image-106\"\/><\/a><\/figure><\/div>\n\n<\/div>\n<\/div><\/div>\n\n\n\n","protected":false},"excerpt":{"rendered":"<p>\u201dContr\u00f4ler la luminosit\u00e9 d&rsquo;une DEL avec un bouton-poussoir\u201d &nbsp; &nbsp; Contrairement aux sorties num\u00e9riques qui ne peuvent avoir que deux valeurs 0 ou 1 (0 ou 5V), une sortie analogique (ou plut\u00f4t PWM) permet d&rsquo;obtenir une tension entre 0 et 5 V. les broches 3, 5, 6, 9, 10 et 11 peuvent \u00eatre configur\u00e9s en [&hellip;]<\/p>\n","protected":false},"author":1,"featured_media":0,"parent":0,"menu_order":0,"comment_status":"closed","ping_status":"closed","template":"","meta":{"footnotes":""},"class_list":["post-4053","page","type-page","status-publish","hentry"],"_links":{"self":[{"href":"https:\/\/www.ardpylab.fr\/index.php?rest_route=\/wp\/v2\/pages\/4053","targetHints":{"allow":["GET"]}}],"collection":[{"href":"https:\/\/www.ardpylab.fr\/index.php?rest_route=\/wp\/v2\/pages"}],"about":[{"href":"https:\/\/www.ardpylab.fr\/index.php?rest_route=\/wp\/v2\/types\/page"}],"author":[{"embeddable":true,"href":"https:\/\/www.ardpylab.fr\/index.php?rest_route=\/wp\/v2\/users\/1"}],"replies":[{"embeddable":true,"href":"https:\/\/www.ardpylab.fr\/index.php?rest_route=%2Fwp%2Fv2%2Fcomments&post=4053"}],"version-history":[{"count":0,"href":"https:\/\/www.ardpylab.fr\/index.php?rest_route=\/wp\/v2\/pages\/4053\/revisions"}],"wp:attachment":[{"href":"https:\/\/www.ardpylab.fr\/index.php?rest_route=%2Fwp%2Fv2%2Fmedia&parent=4053"}],"curies":[{"name":"wp","href":"https:\/\/api.w.org\/{rel}","templated":true}]}}