{"id":4106,"date":"2020-04-29T16:13:16","date_gmt":"2020-04-29T14:13:16","guid":{"rendered":"http:\/\/www.ardpylab.fr\/?page_id=4106"},"modified":"2020-05-10T18:45:04","modified_gmt":"2020-05-10T16:45:04","slug":"arduino-lab-projet-3","status":"publish","type":"page","link":"https:\/\/www.ardpylab.fr\/?page_id=4106","title":{"rendered":"ARDUINO LAB &#8211; Projet 3"},"content":{"rendered":"\n<h1 style=\"text-align: center;\"><em><strong>(Ondes sonores : Produire &amp; Exploiter)<br><br><\/strong><\/em><\/h1>\n\n\n\n<p><br>Apr\u00e8s avoir bien travaill\u00e9, maintenant que nous maitrisons le principe des entr\u00e9es et sorties de l\u2019Arduino, nous allons nous d\u00e9tendre en \u00e9coutant un peu de musique\u2026<br><br><\/p>\n\n\n\n<div class=\"wp-block-image\">\n<figure class=\"aligncenter size-large\"><img loading=\"lazy\" decoding=\"async\" class=\"wp-image-3441 aligncenter\" style=\"border: 3px solid #eeeeee; padding: 3px; margin: 3px;\" src=\"https:\/\/www.ardpylab.fr\/wp-content\/uploads\/2020\/04\/projet3-circuit.png\" alt=\"\" width=\"575\" height=\"355\" srcset=\"https:\/\/www.ardpylab.fr\/wp-content\/uploads\/2020\/04\/projet3-circuit.png 769w, https:\/\/www.ardpylab.fr\/wp-content\/uploads\/2020\/04\/projet3-circuit-300x185.png 300w\" sizes=\"auto, (max-width: 575px) 100vw, 575px\" \/><\/figure>\n<\/div>\n<p>&nbsp;<\/p>\n\n\n<div  class=\"grids-section grids-is-stretch\" style=\"--_gs-gap-desktop:0px 0px;--_gs-m-desktop:0 0 0 0;--_gs-p-desktop:0 0 0 0;--_gs-bg-desktop:transparent none;--_gs-bg-xp-desktop:0px;--_gs-zi-desktop:auto;--_gs-d-desktop:block;--_gs-mw-desktop:calc(100% - 0 - 0);--_gs-gap-tablet:0px 0px;--_gs-m-tablet:0 0 0 0;--_gs-p-tablet:0 0 0 0;--_gs-bg-tablet:transparent none;--_gs-bg-xp-tablet:0px;--_gs-zi-tablet:auto;--_gs-d-tablet:block;--_gs-mw-tablet:calc(100% - 0 - 0);--_gs-gap-mobile:0px 0px;--_gs-m-mobile:0 0 0 0;--_gs-p-mobile:0 0 0 0;--_gs-bg-mobile:transparent none;--_gs-bg-xp-mobile:0px;--_gs-zi-mobile:auto;--_gs-d-mobile:block;--_gs-mw-mobile:calc(100% - 0 - 0);--_gs-columns:2;--_gs-rows:1\"><div class=\"grids-s-w_i\">\n<div class=\"grids-area\" style=\"--_ga-column:1\/2;--_ga-row:1\/2;--_ga-m-desktop:0 0 0 0;--_ga-p-desktop:0 0 0 0;--_ga-bg-desktop:transparent none;--_ga-zi-desktop:auto;--_ga-d-desktop:flex;--_ga-mw-desktop:calc(100% - 0 - 0);--_ga-m-tablet:0 0 0 0;--_ga-p-tablet:0 0 0 0;--_ga-bg-tablet:transparent none;--_ga-zi-tablet:auto;--_ga-d-tablet:flex;--_ga-mw-tablet:calc(100% - 0 - 0);--_ga-m-mobile:0 0 0 0;--_ga-p-mobile:0 0 0 0;--_ga-bg-mobile:transparent none;--_ga-zi-mobile:auto;--_ga-d-mobile:flex;--_ga-mw-mobile:calc(100% - 0 - 0)\">\n\n<div class=\"wp-block-image\">\n<figure class=\"aligncenter size-large\"><img loading=\"lazy\" decoding=\"async\" class=\"aligncenter wp-image-3450\" style=\"border: 3px solid #eeeeee; padding: 3px; margin: 3px;\" src=\"https:\/\/www.ardpylab.fr\/wp-content\/uploads\/2020\/04\/projet3-circuit2.png\" alt=\"\" width=\"400\" height=\"249\" srcset=\"https:\/\/www.ardpylab.fr\/wp-content\/uploads\/2020\/04\/projet3-circuit2.png 535w, https:\/\/www.ardpylab.fr\/wp-content\/uploads\/2020\/04\/projet3-circuit2-300x187.png 300w\" sizes=\"auto, (max-width: 400px) 100vw, 400px\" \/><\/figure>\n<\/div>\n\n<\/div>\n\n<div class=\"grids-area\" style=\"--_ga-column:2\/3;--_ga-row:1\/2;--_ga-m-desktop:0 0 0 0;--_ga-p-desktop:0 0 0 0;--_ga-bg-desktop:transparent none;--_ga-zi-desktop:auto;--_ga-d-desktop:flex;--_ga-mw-desktop:calc(100% - 0 - 0);--_ga-m-tablet:0 0 0 0;--_ga-p-tablet:0 0 0 0;--_ga-bg-tablet:transparent none;--_ga-zi-tablet:auto;--_ga-d-tablet:flex;--_ga-mw-tablet:calc(100% - 0 - 0);--_ga-m-mobile:0 0 0 0;--_ga-p-mobile:0 0 0 0;--_ga-bg-mobile:transparent none;--_ga-zi-mobile:auto;--_ga-d-mobile:flex;--_ga-mw-mobile:calc(100% - 0 - 0)\">\n\n<div class=\"wp-block-image\">\n<figure class=\"aligncenter size-large\"><img loading=\"lazy\" decoding=\"async\" class=\"wp-image-3451 aligncenter\" style=\"border: 3px solid #eeeeee; padding: 3px; margin: 3px;\" src=\"https:\/\/www.ardpylab.fr\/wp-content\/uploads\/2020\/04\/projet3-circuit3.png\" alt=\"\" width=\"301\" height=\"236\" srcset=\"https:\/\/www.ardpylab.fr\/wp-content\/uploads\/2020\/04\/projet3-circuit3.png 483w, https:\/\/www.ardpylab.fr\/wp-content\/uploads\/2020\/04\/projet3-circuit3-300x234.png 300w\" sizes=\"auto, (max-width: 301px) 100vw, 301px\" \/><\/figure>\n<\/div>\n\n<\/div>\n<\/div><\/div>\n\n\n<div class=\"wp-block-image\">\n<figure class=\"aligncenter size-large\"><img loading=\"lazy\" decoding=\"async\" class=\"wp-image-3452 aligncenter\" style=\"border: 3px solid #eeeeee; padding: 3px; margin: 3px;\" src=\"https:\/\/www.ardpylab.fr\/wp-content\/uploads\/2020\/04\/projet3-circuit4.png\" alt=\"\" width=\"513\" height=\"317\" srcset=\"https:\/\/www.ardpylab.fr\/wp-content\/uploads\/2020\/04\/projet3-circuit4.png 536w, https:\/\/www.ardpylab.fr\/wp-content\/uploads\/2020\/04\/projet3-circuit4-300x185.png 300w\" sizes=\"auto, (max-width: 513px) 100vw, 513px\" \/><\/figure>\n<\/div>\n\n\n\n<p style=\"text-align: center;\"><span style=\"color: #000000;\">Le circuit sur un \u201dshield\u201d pour Arduino Uno<\/span><\/p>\n<p>&nbsp;<\/p>\n\n\n\n<ul>\n<li>\n<h4><span style=\"color: #0000ff;\"><strong><u>Liste des composants<\/u>\u00a0:<\/strong><\/span><\/h4>\n<\/li>\n<\/ul>\n<p style=\"padding-left: 40px;\">. 1 <a href=\"https:\/\/www.ardpylab.fr\/downloads\/docs\/del.pdf\" data-wplink-url-error=\"true\">DEL<\/a> rouge<br \/>. 1 <a href=\"https:\/\/www.ardpylab.fr\/downloads\/docs\/R220.pdf\" data-wplink-url-error=\"true\">r\u00e9sistance de 220 \u03a9<\/a>\u00a0 (r\u00e9sistances de la DEL)<br \/>. 5 <a href=\"https:\/\/www.ardpylab.fr\/downloads\/docs\/btnpush.pdf\" data-wplink-url-error=\"true\">boutons poussoir<\/a><br \/>. 1 <a href=\"https:\/\/www.ardpylab.fr\/downloads\/docs\/PhotoR.pdf\" data-wplink-url-error=\"true\">photor\u00e9sistance<\/a><br \/>. 5 <a href=\"https:\/\/www.ardpylab.fr\/downloads\/docs\/R10.pdf\" data-wplink-url-error=\"true\">r\u00e9sistances de 10 k\u03a9<\/a> (r\u00e9sistances des boutons poussoir)<br \/>. 1 <a href=\"https:\/\/www.ardpylab.fr\/downloads\/docs\/R10b.pdf\" data-wplink-url-error=\"true\">r\u00e9sistance de 10 k\u03a9<\/a> (r\u00e9sistance en s\u00e9rie avec la photor\u00e9sistance)<br \/>. 2 <a href=\"https:\/\/www.ardpylab.fr\/downloads\/docs\/potentiometre.pdf\" data-wplink-url-error=\"true\">potentiom\u00e8tres<\/a> de 10 k\u03a9<br \/>. 1 <a href=\"https:\/\/www.ardpylab.fr\/downloads\/docs\/rappel-hp.pdf\" data-wplink-url-error=\"true\">haut-parleur<\/a> (ou buzzer)<br \/>. 1 <a href=\"https:\/\/www.ardpylab.fr\/downloads\/docs\/breadboard.pdf\" data-wplink-url-error=\"true\">plaque d\u2019essai<\/a> <br \/>. <a href=\"https:\/\/www.ardpylab.fr\/downloads\/docs\/fils-connexion.pdf\" data-wplink-url-error=\"true\">Fils de connexion<\/a><br \/><br \/><\/p>\n<ul>\n<li>\n<h4><span style=\"color: #0000ff;\"><strong><u>Protocole de communication<\/u> :<\/strong><\/span><\/h4>\n<\/li>\n<\/ul>\n<p style=\"padding-left: 40px;\">. <a href=\"https:\/\/www.ardpylab.fr\/?page_id=2852\" data-wplink-url-error=\"true\">Firmata Express<\/a><br \/><br \/><\/p>\n<p>\u00a0<\/p>\n\n\n\n<div class=\"wp-block-image\">\n<figure class=\"aligncenter size-large\">\n<div id=\"attachment_4342\" style=\"width: 730px\" class=\"wp-caption aligncenter\"><img loading=\"lazy\" decoding=\"async\" aria-describedby=\"caption-attachment-4342\" class=\"wp-image-4342 size-large\" style=\"border: 3px solid #eeeeee; padding: 3px; margin: 3px;\" src=\"https:\/\/www.ardpylab.fr\/wp-content\/uploads\/2020\/04\/arduinolab-projet3-ce0-1024x576.png\" alt=\"\" width=\"720\" height=\"405\" srcset=\"https:\/\/www.ardpylab.fr\/wp-content\/uploads\/2020\/04\/arduinolab-projet3-ce0-1024x576.png 1024w, https:\/\/www.ardpylab.fr\/wp-content\/uploads\/2020\/04\/arduinolab-projet3-ce0-300x169.png 300w, https:\/\/www.ardpylab.fr\/wp-content\/uploads\/2020\/04\/arduinolab-projet3-ce0-768x432.png 768w, https:\/\/www.ardpylab.fr\/wp-content\/uploads\/2020\/04\/arduinolab-projet3-ce0.png 1366w\" sizes=\"auto, (max-width: 720px) 100vw, 720px\" \/><p id=\"caption-attachment-4342\" class=\"wp-caption-text\">ARDUINO LAB &#8211; Fen\u00eatre \u00ab\u00a0Projet 3\u00a0\u00bb<\/p><\/div>\n<\/figure>\n<\/div>\n<p>\u00a0<\/p>\n\n\n\n<h4><span style=\"color: #008080;\"><strong><span style=\"color: #333333;\">. <span style=\"text-decoration: underline;\">Activit\u00e9 1<\/span> : <a href=\"https:\/\/www.ardpylab.fr\/?page_id=4112\" data-wplink-url-error=\"true\">Faire clignoter une DEL et produire un \u00ab\u00a0beep\u00a0\u00bb synchrone<\/a><br \/><br \/><\/span><\/strong><\/span><\/h4>\n<h4><span style=\"color: #008080;\"><strong><span style=\"color: #333333;\">. <span style=\"text-decoration: underline;\">Activit\u00e9 2<\/span> : <a href=\"https:\/\/www.ardpylab.fr\/?page_id=4127\" data-wplink-url-error=\"true\">Alarme sonore par d\u00e9tection de passage<\/a><br \/><br \/><\/span><\/strong><\/span><\/h4>\n<h4><span style=\"color: #008080;\"><strong><span style=\"color: #333333;\">. <span style=\"text-decoration: underline;\">Activit\u00e9 3<\/span> : <a href=\"https:\/\/www.ardpylab.fr\/?page_id=4136\" data-wplink-url-error=\"true\">Emettre une onde sonore avec un bouton-poussoir<\/a><br \/><br \/><\/span><\/strong><\/span><\/h4>\n<h4><span style=\"color: #008080;\"><strong><span style=\"color: #333333;\">. <span style=\"text-decoration: underline;\">Activit\u00e9 4<\/span> : <a href=\"https:\/\/www.ardpylab.fr\/?page_id=4147\" data-wplink-url-error=\"true\">Jouer une m\u00e9lodie avec des boutons poussoir<\/a><br \/><br \/><\/span><\/strong><\/span><\/h4>\n<h4><span style=\"color: #008080;\"><strong><span style=\"color: #333333;\">. <span style=\"text-decoration: underline;\">Activit\u00e9 5<\/span> : <a href=\"https:\/\/www.ardpylab.fr\/?page_id=4207\" data-wplink-url-error=\"true\">R\u00e9gler la fr\u00e9quence d&rsquo;une onde sonore avec deux potentiom\u00e8tres<\/a><\/span><\/strong><\/span><\/h4>\n<h4>\u00a0<\/h4>\n<p>\u00a0<\/p>\n\n\n<div  class=\"grids-section grids-is-stretch\" style=\"--_gs-gap-desktop:0px 0px;--_gs-m-desktop:0 0 0 0;--_gs-p-desktop:0 0 0 0;--_gs-bg-desktop:transparent none;--_gs-bg-xp-desktop:0px;--_gs-zi-desktop:auto;--_gs-d-desktop:block;--_gs-mw-desktop:calc(100% - 0 - 0);--_gs-gap-tablet:0px 0px;--_gs-m-tablet:0 0 0 0;--_gs-p-tablet:0 0 0 0;--_gs-bg-tablet:transparent none;--_gs-bg-xp-tablet:0px;--_gs-zi-tablet:auto;--_gs-d-tablet:block;--_gs-mw-tablet:calc(100% - 0 - 0);--_gs-gap-mobile:0px 0px;--_gs-m-mobile:0 0 0 0;--_gs-p-mobile:0 0 0 0;--_gs-bg-mobile:transparent none;--_gs-bg-xp-mobile:0px;--_gs-zi-mobile:auto;--_gs-d-mobile:block;--_gs-mw-mobile:calc(100% - 0 - 0);--_gs-columns:2;--_gs-rows:1\"><div class=\"grids-s-w_i\">\n<div class=\"grids-area\" style=\"--_ga-column:1\/2;--_ga-row:1\/2;--_ga-m-desktop:0 0 0 0;--_ga-p-desktop:0 0 0 0;--_ga-bg-desktop:transparent none;--_ga-zi-desktop:auto;--_ga-d-desktop:flex;--_ga-mw-desktop:calc(100% - 0 - 0);--_ga-m-tablet:0 0 0 0;--_ga-p-tablet:0 0 0 0;--_ga-bg-tablet:transparent none;--_ga-zi-tablet:auto;--_ga-d-tablet:flex;--_ga-mw-tablet:calc(100% - 0 - 0);--_ga-m-mobile:0 0 0 0;--_ga-p-mobile:0 0 0 0;--_ga-bg-mobile:transparent none;--_ga-zi-mobile:auto;--_ga-d-mobile:flex;--_ga-mw-mobile:calc(100% - 0 - 0)\">\n\n<div class=\"wp-block-image\"><figure class=\"alignleft size-large\"><a href=\"https:\/\/www.ardpylab.fr\/?page_id=3389\"><img loading=\"lazy\" decoding=\"async\" width=\"50\" height=\"28\" src=\"https:\/\/www.ardpylab.fr\/wp-content\/uploads\/2020\/03\/moins.jpg\" alt=\"\" class=\"wp-image-107\"\/><\/a><\/figure><\/div>\n\n<\/div>\n\n<div class=\"grids-area\" style=\"--_ga-column:2\/3;--_ga-row:1\/2;--_ga-m-desktop:0 0 0 0;--_ga-p-desktop:0 0 0 0;--_ga-bg-desktop:transparent none;--_ga-zi-desktop:auto;--_ga-d-desktop:flex;--_ga-mw-desktop:calc(100% - 0 - 0);--_ga-m-tablet:0 0 0 0;--_ga-p-tablet:0 0 0 0;--_ga-bg-tablet:transparent none;--_ga-zi-tablet:auto;--_ga-d-tablet:flex;--_ga-mw-tablet:calc(100% - 0 - 0);--_ga-m-mobile:0 0 0 0;--_ga-p-mobile:0 0 0 0;--_ga-bg-mobile:transparent none;--_ga-zi-mobile:auto;--_ga-d-mobile:flex;--_ga-mw-mobile:calc(100% - 0 - 0)\">\n\n<div class=\"wp-block-image\"><figure class=\"alignright size-large\"><a href=\"https:\/\/www.ardpylab.fr\/?page_id=4112\"><img loading=\"lazy\" decoding=\"async\" width=\"50\" height=\"28\" src=\"https:\/\/www.ardpylab.fr\/wp-content\/uploads\/2020\/03\/plus.jpg\" alt=\"\" class=\"wp-image-106\"\/><\/a><\/figure><\/div>\n\n<\/div>\n<\/div><\/div>\n\n\n\n","protected":false},"excerpt":{"rendered":"<p>(Ondes sonores : Produire &amp; Exploiter) Apr\u00e8s avoir bien travaill\u00e9, maintenant que nous maitrisons le principe des entr\u00e9es et sorties de l\u2019Arduino, nous allons nous d\u00e9tendre en \u00e9coutant un peu de musique\u2026 &nbsp; Le circuit sur un \u201dshield\u201d pour Arduino Uno &nbsp; Liste des composants\u00a0: . 1 DEL rouge. 1 r\u00e9sistance de 220 \u03a9\u00a0 (r\u00e9sistances [&hellip;]<\/p>\n","protected":false},"author":1,"featured_media":0,"parent":0,"menu_order":0,"comment_status":"closed","ping_status":"closed","template":"","meta":{"footnotes":""},"class_list":["post-4106","page","type-page","status-publish","hentry"],"_links":{"self":[{"href":"https:\/\/www.ardpylab.fr\/index.php?rest_route=\/wp\/v2\/pages\/4106","targetHints":{"allow":["GET"]}}],"collection":[{"href":"https:\/\/www.ardpylab.fr\/index.php?rest_route=\/wp\/v2\/pages"}],"about":[{"href":"https:\/\/www.ardpylab.fr\/index.php?rest_route=\/wp\/v2\/types\/page"}],"author":[{"embeddable":true,"href":"https:\/\/www.ardpylab.fr\/index.php?rest_route=\/wp\/v2\/users\/1"}],"replies":[{"embeddable":true,"href":"https:\/\/www.ardpylab.fr\/index.php?rest_route=%2Fwp%2Fv2%2Fcomments&post=4106"}],"version-history":[{"count":0,"href":"https:\/\/www.ardpylab.fr\/index.php?rest_route=\/wp\/v2\/pages\/4106\/revisions"}],"wp:attachment":[{"href":"https:\/\/www.ardpylab.fr\/index.php?rest_route=%2Fwp%2Fv2%2Fmedia&parent=4106"}],"curies":[{"name":"wp","href":"https:\/\/api.w.org\/{rel}","templated":true}]}}