{"id":4127,"date":"2020-04-29T17:02:01","date_gmt":"2020-04-29T15:02:01","guid":{"rendered":"http:\/\/www.ardpylab.fr\/?page_id=4127"},"modified":"2020-05-10T18:45:13","modified_gmt":"2020-05-10T16:45:13","slug":"projet-3-activite-2-2","status":"publish","type":"page","link":"https:\/\/www.ardpylab.fr\/?page_id=4127","title":{"rendered":"Projet 3 &#8211; Activit\u00e9 2"},"content":{"rendered":"\n<h2 style=\"text-align: center;\"><strong><em>\u201dAlarme sonore par d\u00e9tection de passage\u201d<\/em><\/strong><\/h2>\n<p>&nbsp;<\/p>\n\n\n\n<div class=\"wp-block-image\">\n<figure class=\"aligncenter size-large\"><img loading=\"lazy\" decoding=\"async\" class=\"alignnone wp-image-3576 \" style=\"border: 3px solid #eeeeee; padding: 3px; margin: 3px;\" src=\"https:\/\/www.ardpylab.fr\/wp-content\/uploads\/2020\/04\/projet3-circuit6.png\" alt=\"\" width=\"488\" height=\"320\"><\/figure>\n<\/div>\n<p>&nbsp;<\/p>\n\n\n\n<p>Dans cette activit\u00e9, le programme de production d&rsquo;un \u00ab\u00a0beep\u00a0\u00bb de l&rsquo;activit\u00e9 pr\u00e9c\u00e9dente va \u00eatre utilis\u00e9 comme alarme de d\u00e9tection de passage.<\/p>\n<p>On utilise pour cela une photor\u00e9sistance \u00e9clair\u00e9e par une DEL rouge. La sortie de la photor\u00e9sistance est connect\u00e9e \u00e0 l&rsquo;entr\u00e9e analogique <strong>A0<\/strong> de l&rsquo;Arduino.<\/p>\n<p>La valeur de la broche <strong>A0 <\/strong>est alors proportionnelle \u00e0 l&rsquo;intensit\u00e9 lumineuse re\u00e7ue par la photor\u00e9sistance.<\/p>\n<p>En pr\u00e9sence d&rsquo;un obstacle entre la DEL et la photor\u00e9sistance, la tension mesur\u00e9e au niveau de la broche A0 diminue et quand celle-ci est inf\u00e9rieure \u00e0 un seuil (la sensibilit\u00e9 du capteur d\u00e9finie initialement), l&rsquo;alarme sonore est d\u00e9clench\u00e9e.<br><br><\/p>\n\n\n\n<div class=\"wp-block-image\">\n<figure class=\"aligncenter size-large\">\n<div id=\"attachment_4351\" style=\"width: 730px\" class=\"wp-caption alignnone\"><img loading=\"lazy\" decoding=\"async\" aria-describedby=\"caption-attachment-4351\" class=\"wp-image-4351 size-large\" style=\"border: 3px solid #eeeeee; padding: 3px; margin: 3px;\" src=\"https:\/\/www.ardpylab.fr\/wp-content\/uploads\/2020\/04\/arduinolab-projet3-ce2-1024x576.png\" alt=\"\" width=\"720\" height=\"405\" srcset=\"https:\/\/www.ardpylab.fr\/wp-content\/uploads\/2020\/04\/arduinolab-projet3-ce2-1024x576.png 1024w, https:\/\/www.ardpylab.fr\/wp-content\/uploads\/2020\/04\/arduinolab-projet3-ce2-300x169.png 300w, https:\/\/www.ardpylab.fr\/wp-content\/uploads\/2020\/04\/arduinolab-projet3-ce2-768x432.png 768w, https:\/\/www.ardpylab.fr\/wp-content\/uploads\/2020\/04\/arduinolab-projet3-ce2.png 1366w\" sizes=\"auto, (max-width: 720px) 100vw, 720px\" \/><p id=\"caption-attachment-4351\" class=\"wp-caption-text\">ARDUINO LAB &#8211; Fen\u00eatre \u00ab\u00a0Projet 3 &#8211; Activit\u00e9 2\u00a0\u00bb<\/p><\/div>\n<\/figure>\n<\/div>\n<p>&nbsp;<\/p>\n\n\n<div  class=\"grids-section grids-is-advanced\" style=\"--_gs-gap-desktop:0px 0px;--_gs-m-desktop:0 0 0 0;--_gs-p-desktop:0 0 0 0;--_gs-bg-desktop:transparent none;--_gs-bg-xp-desktop:0px;--_gs-zi-desktop:auto;--_gs-d-desktop:block;--_gs-mw-desktop:calc(100% - 0 - 0);--_gs-gap-tablet:0px 0px;--_gs-m-tablet:0 0 0 0;--_gs-p-tablet:0 0 0 0;--_gs-bg-tablet:transparent none;--_gs-bg-xp-tablet:0px;--_gs-zi-tablet:auto;--_gs-d-tablet:block;--_gs-mw-tablet:calc(100% - 0 - 0);--_gs-gap-mobile:0px 0px;--_gs-m-mobile:0 0 0 0;--_gs-p-mobile:0 0 0 0;--_gs-bg-mobile:transparent none;--_gs-bg-xp-mobile:0px;--_gs-zi-mobile:auto;--_gs-d-mobile:block;--_gs-mw-mobile:calc(100% - 0 - 0);--_gs-columns:12;--_gs-rows:6\"><div class=\"grids-s-w_i\">\n<div class=\"grids-area\" style=\"--_ga-column:1\/9;--_ga-row:1\/2;--_ga-m-desktop:0 0 0 0;--_ga-p-desktop:0 0 0 0;--_ga-bg-desktop:transparent none;--_ga-zi-desktop:auto;--_ga-d-desktop:flex;--_ga-mw-desktop:calc(100% - 0 - 0);--_ga-m-tablet:0 0 0 0;--_ga-p-tablet:0 0 0 0;--_ga-bg-tablet:transparent none;--_ga-zi-tablet:auto;--_ga-d-tablet:flex;--_ga-mw-tablet:calc(100% - 0 - 0);--_ga-m-mobile:0 0 0 0;--_ga-p-mobile:0 0 0 0;--_ga-bg-mobile:transparent none;--_ga-zi-mobile:auto;--_ga-d-mobile:flex;--_ga-mw-mobile:calc(100% - 0 - 0)\">\n\n<p><br \/>Apr\u00e8s avoir cliqu\u00e9 sur le connecteur USB, un menu permettant de r\u00e9gler la sensibilit\u00e9 du capteur est affich\u00e9 (sauf en mode <strong>\u201dsimulation\u201d<\/strong>) et les DELs r\u00e9elle et virtuelle s\u2019allument.<\/p>\n<p>Si le mode de fonctionnement est le <strong>\u201dcontr\u00f4le de l\u2019Arduino\u201d<\/strong>, en pr\u00e9sence d\u2019un obstacle entre la DEL et la photor\u00e9sistance r\u00e9elles d\u00e9clenche l\u2019alarme si la sensibilit\u00e9 de d\u00e9clenchement a \u00e9t\u00e9 bien r\u00e9gl\u00e9e.<\/p>\n<p>De m\u00eame, l\u2019alarme est d\u00e9clench\u00e9e lors du passage de la souris entre la DEL et la photor\u00e9sistance virtuelles.<\/p>\n<p>Il s\u2019agit donc bien d\u2019une alarme sonore par d\u00e9tection de passage.<\/p>\n\n<\/div>\n\n<div class=\"grids-area\" style=\"--_ga-column:9\/13;--_ga-row:1\/2;--_ga-m-desktop:0 0 0 0;--_ga-p-desktop:0 0 0 0;--_ga-bg-desktop:transparent none;--_ga-zi-desktop:auto;--_ga-d-desktop:flex;--_ga-mw-desktop:calc(100% - 0 - 0);--_ga-m-tablet:0 0 0 0;--_ga-p-tablet:0 0 0 0;--_ga-bg-tablet:transparent none;--_ga-zi-tablet:auto;--_ga-d-tablet:flex;--_ga-mw-tablet:calc(100% - 0 - 0);--_ga-m-mobile:0 0 0 0;--_ga-p-mobile:0 0 0 0;--_ga-bg-mobile:transparent none;--_ga-zi-mobile:auto;--_ga-d-mobile:flex;--_ga-mw-mobile:calc(100% - 0 - 0)\">\n\n<div class=\"wp-block-image\">\n<figure class=\"aligncenter size-large\"><img loading=\"lazy\" decoding=\"async\" class=\"alignnone wp-image-4129 \" style=\"border: 3px solid #eeeeee; padding: 3px; margin: 3px;\" src=\"https:\/\/www.ardpylab.fr\/wp-content\/uploads\/2020\/04\/arduinolab-projet3-3.png\" alt=\"\" width=\"93\" height=\"409\"><\/figure>\n<\/div>\n\n<\/div>\n<\/div><\/div>\n\n\n<div class=\"wp-block-image\">\n<figure class=\"aligncenter size-large\">\n<div id=\"attachment_4119\" style=\"width: 611px\" class=\"wp-caption alignnone\"><img loading=\"lazy\" decoding=\"async\" aria-describedby=\"caption-attachment-4119\" class=\"wp-image-4119\" style=\"border: 3px solid #eeeeee; padding: 3px; margin: 3px;\" src=\"https:\/\/www.ardpylab.fr\/wp-content\/uploads\/2020\/04\/arduinolab-projet3-2.png\" alt=\"\" width=\"601\" height=\"309\"><p id=\"caption-attachment-4119\" class=\"wp-caption-text\">ARDUINO LAB &#8211; \u00ab\u00a0L&rsquo;alarme est d\u00e9clench\u00e9e en cas d&rsquo;obstacle entre la DEL et la photor\u00e9sistance\u00a0\u00bb<\/p><\/div>\n<\/figure>\n<\/div>\n<p>&nbsp;<\/p>\n\n\n\n<p>A tout moment, il est possible de visualiser le code et son algorithme, programm\u00e9 en langage Arduino IDE ou en Python, permettant de r\u00e9aliser cette activit\u00e9, en cliquant sur les boutons&nbsp;:<\/p>\n\n\n<div  class=\"grids-section grids-is-stretch\" style=\"--_gs-gap-desktop:0px 0px;--_gs-m-desktop:0 0 0 0;--_gs-p-desktop:0 0 0 0;--_gs-bg-desktop:transparent none;--_gs-bg-xp-desktop:0px;--_gs-zi-desktop:auto;--_gs-d-desktop:block;--_gs-mw-desktop:calc(100% - 0 - 0);--_gs-gap-tablet:0px 0px;--_gs-m-tablet:0 0 0 0;--_gs-p-tablet:0 0 0 0;--_gs-bg-tablet:transparent none;--_gs-bg-xp-tablet:0px;--_gs-zi-tablet:auto;--_gs-d-tablet:block;--_gs-mw-tablet:calc(100% - 0 - 0);--_gs-gap-mobile:0px 0px;--_gs-m-mobile:0 0 0 0;--_gs-p-mobile:0 0 0 0;--_gs-bg-mobile:transparent none;--_gs-bg-xp-mobile:0px;--_gs-zi-mobile:auto;--_gs-d-mobile:block;--_gs-mw-mobile:calc(100% - 0 - 0);--_gs-columns:2;--_gs-rows:1\"><div class=\"grids-s-w_i\">\n<div class=\"grids-area\" style=\"--_ga-column:1\/2;--_ga-row:1\/2;--_ga-m-desktop:0 0 0 0;--_ga-p-desktop:0 0 0 0;--_ga-bg-desktop:transparent none;--_ga-zi-desktop:auto;--_ga-d-desktop:flex;--_ga-mw-desktop:calc(100% - 0 - 0);--_ga-m-tablet:0 0 0 0;--_ga-p-tablet:0 0 0 0;--_ga-bg-tablet:transparent none;--_ga-zi-tablet:auto;--_ga-d-tablet:flex;--_ga-mw-tablet:calc(100% - 0 - 0);--_ga-m-mobile:0 0 0 0;--_ga-p-mobile:0 0 0 0;--_ga-bg-mobile:transparent none;--_ga-zi-mobile:auto;--_ga-d-mobile:flex;--_ga-mw-mobile:calc(100% - 0 - 0)\">\n\n<div class=\"wp-block-image\">\n<figure class=\"aligncenter size-large\"><a href=\"https:\/\/www.ardpylab.fr\/?page_id=3476\/#prog2\" data-wplink-url-error=\"true\"><img loading=\"lazy\" decoding=\"async\" width=\"61\" height=\"63\" class=\"wp-image-3953 aligncenter\" style=\"border: 3px solid #eeeeee; padding: 3px; margin: 3px;\" src=\"https:\/\/www.ardpylab.fr\/wp-content\/uploads\/2020\/04\/arduinolab-img12.png\" alt=\"\"><\/a><\/figure>\n<\/div>\n<p>&nbsp;<\/p>\n\n<\/div>\n\n<div class=\"grids-area\" style=\"--_ga-column:2\/3;--_ga-row:1\/2;--_ga-m-desktop:0 0 0 0;--_ga-p-desktop:0 0 0 0;--_ga-bg-desktop:transparent none;--_ga-zi-desktop:auto;--_ga-d-desktop:flex;--_ga-mw-desktop:calc(100% - 0 - 0);--_ga-m-tablet:0 0 0 0;--_ga-p-tablet:0 0 0 0;--_ga-bg-tablet:transparent none;--_ga-zi-tablet:auto;--_ga-d-tablet:flex;--_ga-mw-tablet:calc(100% - 0 - 0);--_ga-m-mobile:0 0 0 0;--_ga-p-mobile:0 0 0 0;--_ga-bg-mobile:transparent none;--_ga-zi-mobile:auto;--_ga-d-mobile:flex;--_ga-mw-mobile:calc(100% - 0 - 0)\">\n\n<div class=\"wp-block-image\">\n<figure class=\"aligncenter size-large\"><a href=\"https:\/\/www.ardpylab.fr\/?page_id=3476\/#prog1\" data-wplink-url-error=\"true\"><img loading=\"lazy\" decoding=\"async\" width=\"61\" height=\"63\" class=\"wp-image-3964 aligncenter\" style=\"border: 3px solid #eeeeee; padding: 3px; margin: 3px;\" src=\"https:\/\/www.ardpylab.fr\/wp-content\/uploads\/2020\/04\/arduinolab-img14.png\" alt=\"\"><\/a><\/figure>\n<\/div>\n<p>&nbsp;<\/p>\n\n<\/div>\n<\/div><\/div>\n\n\n<p>Le code pourra \u00eatre modifi\u00e9 pour voir l\u2019influence des variables (sensibilit\u00e9 du capteur, fr\u00e9quence de l\u2019onde sonore, dur\u00e9e d\u2019\u00e9mission, dur\u00e9e de silence).<\/p>\n<p>\u00a0<\/p>\n\n\n<div  class=\"grids-section grids-is-stretch\" style=\"--_gs-gap-desktop:0px 0px;--_gs-m-desktop:0 0 0 0;--_gs-p-desktop:0 0 0 0;--_gs-bg-desktop:transparent none;--_gs-bg-xp-desktop:0px;--_gs-zi-desktop:auto;--_gs-d-desktop:block;--_gs-mw-desktop:calc(100% - 0 - 0);--_gs-gap-tablet:0px 0px;--_gs-m-tablet:0 0 0 0;--_gs-p-tablet:0 0 0 0;--_gs-bg-tablet:transparent none;--_gs-bg-xp-tablet:0px;--_gs-zi-tablet:auto;--_gs-d-tablet:block;--_gs-mw-tablet:calc(100% - 0 - 0);--_gs-gap-mobile:0px 0px;--_gs-m-mobile:0 0 0 0;--_gs-p-mobile:0 0 0 0;--_gs-bg-mobile:transparent none;--_gs-bg-xp-mobile:0px;--_gs-zi-mobile:auto;--_gs-d-mobile:block;--_gs-mw-mobile:calc(100% - 0 - 0);--_gs-columns:2;--_gs-rows:1\"><div class=\"grids-s-w_i\">\n<div class=\"grids-area\" style=\"--_ga-column:1\/2;--_ga-row:1\/2;--_ga-m-desktop:0 0 0 0;--_ga-p-desktop:0 0 0 0;--_ga-bg-desktop:transparent none;--_ga-zi-desktop:auto;--_ga-d-desktop:flex;--_ga-mw-desktop:calc(100% - 0 - 0);--_ga-m-tablet:0 0 0 0;--_ga-p-tablet:0 0 0 0;--_ga-bg-tablet:transparent none;--_ga-zi-tablet:auto;--_ga-d-tablet:flex;--_ga-mw-tablet:calc(100% - 0 - 0);--_ga-m-mobile:0 0 0 0;--_ga-p-mobile:0 0 0 0;--_ga-bg-mobile:transparent none;--_ga-zi-mobile:auto;--_ga-d-mobile:flex;--_ga-mw-mobile:calc(100% - 0 - 0)\">\n\n<div class=\"wp-block-image\"><figure class=\"alignleft size-large\"><a href=\"https:\/\/www.ardpylab.fr\/?page_id=4112\"><img loading=\"lazy\" decoding=\"async\" width=\"50\" height=\"28\" src=\"https:\/\/www.ardpylab.fr\/wp-content\/uploads\/2020\/03\/moins.jpg\" alt=\"\" class=\"wp-image-107\"\/><\/a><\/figure><\/div>\n\n<\/div>\n\n<div class=\"grids-area\" style=\"--_ga-column:2\/3;--_ga-row:1\/2;--_ga-m-desktop:0 0 0 0;--_ga-p-desktop:0 0 0 0;--_ga-bg-desktop:transparent none;--_ga-zi-desktop:auto;--_ga-d-desktop:flex;--_ga-mw-desktop:calc(100% - 0 - 0);--_ga-m-tablet:0 0 0 0;--_ga-p-tablet:0 0 0 0;--_ga-bg-tablet:transparent none;--_ga-zi-tablet:auto;--_ga-d-tablet:flex;--_ga-mw-tablet:calc(100% - 0 - 0);--_ga-m-mobile:0 0 0 0;--_ga-p-mobile:0 0 0 0;--_ga-bg-mobile:transparent none;--_ga-zi-mobile:auto;--_ga-d-mobile:flex;--_ga-mw-mobile:calc(100% - 0 - 0)\">\n\n<div class=\"wp-block-image\"><figure class=\"alignright size-large\"><a href=\"https:\/\/www.ardpylab.fr\/?page_id=4136\"><img loading=\"lazy\" decoding=\"async\" width=\"50\" height=\"28\" src=\"https:\/\/www.ardpylab.fr\/wp-content\/uploads\/2020\/03\/plus.jpg\" alt=\"\" class=\"wp-image-106\"\/><\/a><\/figure><\/div>\n\n<\/div>\n<\/div><\/div>\n\n\n\n","protected":false},"excerpt":{"rendered":"<p>\u201dAlarme sonore par d\u00e9tection de passage\u201d &nbsp; &nbsp; Dans cette activit\u00e9, le programme de production d&rsquo;un \u00ab\u00a0beep\u00a0\u00bb de l&rsquo;activit\u00e9 pr\u00e9c\u00e9dente va \u00eatre utilis\u00e9 comme alarme de d\u00e9tection de passage. On utilise pour cela une photor\u00e9sistance \u00e9clair\u00e9e par une DEL rouge. La sortie de la photor\u00e9sistance est connect\u00e9e \u00e0 l&rsquo;entr\u00e9e analogique A0 de l&rsquo;Arduino. La valeur [&hellip;]<\/p>\n","protected":false},"author":1,"featured_media":0,"parent":0,"menu_order":0,"comment_status":"closed","ping_status":"closed","template":"","meta":{"footnotes":""},"class_list":["post-4127","page","type-page","status-publish","hentry"],"_links":{"self":[{"href":"https:\/\/www.ardpylab.fr\/index.php?rest_route=\/wp\/v2\/pages\/4127","targetHints":{"allow":["GET"]}}],"collection":[{"href":"https:\/\/www.ardpylab.fr\/index.php?rest_route=\/wp\/v2\/pages"}],"about":[{"href":"https:\/\/www.ardpylab.fr\/index.php?rest_route=\/wp\/v2\/types\/page"}],"author":[{"embeddable":true,"href":"https:\/\/www.ardpylab.fr\/index.php?rest_route=\/wp\/v2\/users\/1"}],"replies":[{"embeddable":true,"href":"https:\/\/www.ardpylab.fr\/index.php?rest_route=%2Fwp%2Fv2%2Fcomments&post=4127"}],"version-history":[{"count":0,"href":"https:\/\/www.ardpylab.fr\/index.php?rest_route=\/wp\/v2\/pages\/4127\/revisions"}],"wp:attachment":[{"href":"https:\/\/www.ardpylab.fr\/index.php?rest_route=%2Fwp%2Fv2%2Fmedia&parent=4127"}],"curies":[{"name":"wp","href":"https:\/\/api.w.org\/{rel}","templated":true}]}}