{"id":4686,"date":"2020-05-08T11:23:14","date_gmt":"2020-05-08T09:23:14","guid":{"rendered":"http:\/\/www.ardpylab.fr\/?page_id=4686"},"modified":"2020-05-20T15:42:16","modified_gmt":"2020-05-20T13:42:16","slug":"projet-6-pression","status":"publish","type":"page","link":"https:\/\/www.ardpylab.fr\/?page_id=4686","title":{"rendered":"Projet 6 &#8211; Pression"},"content":{"rendered":"\n<h2 style=\"text-align: center;\"><em><strong>(Mesurer &amp; Exploiter)<\/strong><br><br><\/em><\/h2>\n\n\n\n<h6><span style=\"color: #999999;\"><br>(<em>Cliquez pour afficher la version PDF)<\/em><\/span><\/h6>\n\n\n\n<div class=\"wp-block-file\"><a href=\"https:\/\/www.ardpylab.fr\/wp-content\/uploads\/2020\/05\/pression.pdf\">Pression<\/a><a href=\"https:\/\/www.ardpylab.fr\/wp-content\/uploads\/2020\/05\/pression.pdf\" class=\"wp-block-file__button\" download>T\u00e9l\u00e9charger<\/a><\/div>\n\n\n\n<p><br>Dans le domaine des sciences, une autre grandeur physique fr\u00e9quemment utilis\u00e9e est la pression exprim\u00e9e en Pascal (Pa).<\/p>\n<p>Pour mesurer cette grandeur avec un Arduino, on utilisera le capteur de pression <strong>MPX4250AP<\/strong> dont la sensibilit\u00e9 est de 20 mv\/kPa pour une plage de mesure allant de 20 \u00e0 250 kPa (soit, une tension de sortie du capteur entre 0,2 V et 4,8 V). <br>Ce capteur est donc parfaitement adapt\u00e9 \u00e0 une utilisation avec un Arduino.<\/p>\n<p>Toutes les activit\u00e9s de mesure de pression et d\u2019exploitation seront r\u00e9alis\u00e9es avec le circuit suivant&nbsp;:<br><br><\/p>\n\n\n\n<div class=\"wp-block-image\">\n<figure class=\"aligncenter size-large\"><img loading=\"lazy\" decoding=\"async\" class=\"wp-image-1144 aligncenter\" style=\"border: 3px solid #eeeeee; padding: 3px; margin: 3px;\" src=\"https:\/\/www.ardpylab.fr\/wp-content\/uploads\/2020\/03\/pression-circuit-1024x546.png\" alt=\"\" width=\"561\" height=\"299\" srcset=\"https:\/\/www.ardpylab.fr\/wp-content\/uploads\/2020\/03\/pression-circuit-1024x546.png 1024w, https:\/\/www.ardpylab.fr\/wp-content\/uploads\/2020\/03\/pression-circuit-300x160.png 300w, https:\/\/www.ardpylab.fr\/wp-content\/uploads\/2020\/03\/pression-circuit-768x409.png 768w, https:\/\/www.ardpylab.fr\/wp-content\/uploads\/2020\/03\/pression-circuit.png 1073w\" sizes=\"auto, (max-width: 561px) 100vw, 561px\" \/><\/figure>\n<p>&nbsp;<\/p>\n<\/div>\n\n\n<div  class=\"grids-section grids-is-stretch\" style=\"--_gs-gap-desktop:0px 0px;--_gs-m-desktop:0 0 0 0;--_gs-p-desktop:0 0 0 0;--_gs-bg-desktop:transparent none;--_gs-bg-xp-desktop:0px;--_gs-zi-desktop:auto;--_gs-d-desktop:block;--_gs-mw-desktop:calc(100% - 0 - 0);--_gs-gap-tablet:0px 0px;--_gs-m-tablet:0 0 0 0;--_gs-p-tablet:0 0 0 0;--_gs-bg-tablet:transparent none;--_gs-bg-xp-tablet:0px;--_gs-zi-tablet:auto;--_gs-d-tablet:block;--_gs-mw-tablet:calc(100% - 0 - 0);--_gs-gap-mobile:0px 0px;--_gs-m-mobile:0 0 0 0;--_gs-p-mobile:0 0 0 0;--_gs-bg-mobile:transparent none;--_gs-bg-xp-mobile:0px;--_gs-zi-mobile:auto;--_gs-d-mobile:block;--_gs-mw-mobile:calc(100% - 0 - 0);--_gs-columns:2;--_gs-rows:1\"><div class=\"grids-s-w_i\">\n<div class=\"grids-area\" style=\"--_ga-column:1\/2;--_ga-row:1\/2;--_ga-m-desktop:0 0 0 0;--_ga-p-desktop:0 0 0 0;--_ga-bg-desktop:transparent none;--_ga-zi-desktop:auto;--_ga-d-desktop:flex;--_ga-mw-desktop:calc(100% - 0 - 0);--_ga-m-tablet:0 0 0 0;--_ga-p-tablet:0 0 0 0;--_ga-bg-tablet:transparent none;--_ga-zi-tablet:auto;--_ga-d-tablet:flex;--_ga-mw-tablet:calc(100% - 0 - 0);--_ga-m-mobile:0 0 0 0;--_ga-p-mobile:0 0 0 0;--_ga-bg-mobile:transparent none;--_ga-zi-mobile:auto;--_ga-d-mobile:flex;--_ga-mw-mobile:calc(100% - 0 - 0)\">\n\n<div class=\"wp-block-image\">\n<figure class=\"aligncenter size-large\"><img loading=\"lazy\" decoding=\"async\" width=\"577\" height=\"433\" class=\"wp-image-4695 aligncenter\" style=\"border: 3px solid #eeeeee; padding: 3px; margin: 3px;\" src=\"https:\/\/www.ardpylab.fr\/wp-content\/uploads\/2020\/05\/projetpython6-1.png\" alt=\"\" srcset=\"https:\/\/www.ardpylab.fr\/wp-content\/uploads\/2020\/05\/projetpython6-1.png 577w, https:\/\/www.ardpylab.fr\/wp-content\/uploads\/2020\/05\/projetpython6-1-300x225.png 300w\" sizes=\"auto, (max-width: 577px) 100vw, 577px\" \/><\/figure>\n<\/div>\n\n<\/div>\n\n<div class=\"grids-area\" style=\"--_ga-column:2\/3;--_ga-row:1\/2;--_ga-m-desktop:0 0 0 0;--_ga-p-desktop:0 0 0 0;--_ga-bg-desktop:transparent none;--_ga-zi-desktop:auto;--_ga-d-desktop:flex;--_ga-mw-desktop:calc(100% - 0 - 0);--_ga-m-tablet:0 0 0 0;--_ga-p-tablet:0 0 0 0;--_ga-bg-tablet:transparent none;--_ga-zi-tablet:auto;--_ga-d-tablet:flex;--_ga-mw-tablet:calc(100% - 0 - 0);--_ga-m-mobile:0 0 0 0;--_ga-p-mobile:0 0 0 0;--_ga-bg-mobile:transparent none;--_ga-zi-mobile:auto;--_ga-d-mobile:flex;--_ga-mw-mobile:calc(100% - 0 - 0)\">\n\n<div class=\"wp-block-image\">\n<figure class=\"aligncenter size-large\"><img loading=\"lazy\" decoding=\"async\" width=\"574\" height=\"385\" class=\"wp-image-4696 aligncenter\" style=\"border: 3px solid #eeeeee; padding: 3px; margin: 3px;\" src=\"https:\/\/www.ardpylab.fr\/wp-content\/uploads\/2020\/05\/projetpython6-2.png\" alt=\"\" srcset=\"https:\/\/www.ardpylab.fr\/wp-content\/uploads\/2020\/05\/projetpython6-2.png 574w, https:\/\/www.ardpylab.fr\/wp-content\/uploads\/2020\/05\/projetpython6-2-300x201.png 300w\" sizes=\"auto, (max-width: 574px) 100vw, 574px\" \/><\/figure>\n<\/div>\n\n<\/div>\n<\/div><\/div>\n\n\n<p style=\"text-align: center;\"><strong>Le circuit sur un \u201dshield\u201d pour Arduino Uno<\/strong><\/p>\n\n\n\n<p>&nbsp;<\/p>\n<ul>\n<li>\n<h4><span style=\"color: #0000ff;\"><strong><u>Liste des composants<\/u>&nbsp;:<\/strong><\/span><\/h4>\n<\/li>\n<\/ul>\n<p style=\"padding-left: 40px;\">. 1 <a href=\"https:\/\/www.ardpylab.fr\/?page_id=1140\/#anc1\" data-wplink-url-error=\"true\" data-wplink-edit=\"true\">capteur de pression MPX4250AP<\/a><br>. 1 <a href=\"https:\/\/www.ardpylab.fr\/downloads\/docs\/del.pdf\" data-wplink-url-error=\"true\">DEL<\/a> rouge<br>. 1 <a href=\"https:\/\/www.ardpylab.fr\/downloads\/docs\/R220.pdf\" data-wplink-url-error=\"true\">r\u00e9sistance de 220 \u03a9<\/a> (r\u00e9sistance de protection de la DEL)<br>. 1 <a href=\"https:\/\/www.ardpylab.fr\/downloads\/docs\/R10.pdf\" data-wplink-url-error=\"true\">r\u00e9sistance de 10 k\u03a9<\/a> (r\u00e9sistance du bouton poussoir)<br>. 1 <a href=\"https:\/\/www.ardpylab.fr\/downloads\/docs\/btnpush.pdf\" data-wplink-url-error=\"true\">bouton poussoir<\/a><br>. 1 <a href=\"https:\/\/www.ardpylab.fr\/downloads\/docs\/breadboard.pdf\" data-wplink-url-error=\"true\">plaque d&rsquo;essais<\/a><br>. <a href=\"https:\/\/www.ardpylab.fr\/downloads\/docs\/fils-connexion.pdf\" data-wplink-url-error=\"true\">Fils de connexion<\/a><br><br><\/p>\n\n\n\n<ul>\n<li>\n<h4><span style=\"color: #0000ff;\"><strong><u>Protocole de communication<\/u> :<\/strong><\/span><\/h4>\n<\/li>\n<\/ul>\n<p style=\"padding-left: 40px;\">. <a href=\"https:\/\/www.ardpylab.fr\/?page_id=2739\" data-wplink-url-error=\"true\">Firmata Standard<\/a><\/p>\n<p>&nbsp;<\/p>\n\n\n\n<ul>\n<li>\n<h4><span style=\"color: #0000ff;\"><strong><u>Rappels<\/u>&nbsp;:<\/strong><\/span><\/h4>\n<\/li>\n<\/ul>\n<p style=\"padding-left: 40px;\"><span style=\"color: #3366ff;\"><span style=\"color: #333333;\">. <a href=\"https:\/\/www.ardpylab.fr\/?page_id=1140\/#anc1\" data-wplink-url-error=\"true\">Les capteurs de pression<\/a><br>. <a href=\"https:\/\/www.ardpylab.fr\/?page_id=3031\/#anc1\" data-wplink-url-error=\"true\">La gestion des entr\u00e9es et sorties de l\u2019Arduino par le protocole de communication \u201d<strong>Firmata Standard\u201d<\/strong><\/a><br>. <a href=\"https:\/\/www.ardpylab.fr\/?page_id=2754\/#connect\">La connexion \u00e0 l&rsquo;Arduino avec le protocole de communication \u201d<strong>Firmata Standard\u201d<\/strong><\/a><\/span><\/span><\/p>\n<p>&nbsp;<\/p>\n\n\n\n<h4>. <strong>Activit\u00e9 1:<\/strong> <strong><em><a href=\"https:\/\/www.ardpylab.fr\/?page_id=4706\" data-wplink-url-error=\"true\">Mesure d\u2019une pression absolue avec un capteur MPX4250AP<\/a><br><br><\/em><\/strong>. <strong>Activit\u00e9 2:<\/strong> <strong><em><a href=\"https:\/\/www.ardpylab.fr\/?page_id=4712\" data-wplink-url-error=\"true\">Indicateur de pression<\/a><br><br><\/em><\/strong>. <strong>Activit\u00e9 3:<\/strong> <strong><em><a href=\"https:\/\/www.ardpylab.fr\/?page_id=4716\" data-wplink-url-error=\"true\">V\u00e9rification de la loi de Boyle-Mariotte<\/a><br><br><\/em><\/strong><strong><em>. <\/em>Activit\u00e9 4:<\/strong> <a href=\"https:\/\/www.ardpylab.fr\/?page_id=4721\" data-wplink-url-error=\"true\"><strong><em>Principe fondamental de la<\/em><\/strong> <strong><em>statique des fluides<\/em><\/strong><\/a><\/h4>\n\n\n\n<p>\u00a0 \u00a0 \u00a0 \u00a0 \u00a0<\/p>\n\n\n<div  class=\"grids-section grids-is-stretch\" style=\"--_gs-gap-desktop:0px 0px;--_gs-m-desktop:0 0 0 0;--_gs-p-desktop:0 0 0 0;--_gs-bg-desktop:transparent none;--_gs-bg-xp-desktop:0px;--_gs-zi-desktop:auto;--_gs-d-desktop:block;--_gs-mw-desktop:calc(100% - 0 - 0);--_gs-gap-tablet:0px 0px;--_gs-m-tablet:0 0 0 0;--_gs-p-tablet:0 0 0 0;--_gs-bg-tablet:transparent none;--_gs-bg-xp-tablet:0px;--_gs-zi-tablet:auto;--_gs-d-tablet:block;--_gs-mw-tablet:calc(100% - 0 - 0);--_gs-gap-mobile:0px 0px;--_gs-m-mobile:0 0 0 0;--_gs-p-mobile:0 0 0 0;--_gs-bg-mobile:transparent none;--_gs-bg-xp-mobile:0px;--_gs-zi-mobile:auto;--_gs-d-mobile:block;--_gs-mw-mobile:calc(100% - 0 - 0);--_gs-columns:2;--_gs-rows:1\"><div class=\"grids-s-w_i\">\n<div class=\"grids-area\" style=\"--_ga-column:1\/2;--_ga-row:1\/2;--_ga-m-desktop:0 0 0 0;--_ga-p-desktop:0 0 0 0;--_ga-bg-desktop:transparent none;--_ga-zi-desktop:auto;--_ga-d-desktop:flex;--_ga-mw-desktop:calc(100% - 0 - 0);--_ga-m-tablet:0 0 0 0;--_ga-p-tablet:0 0 0 0;--_ga-bg-tablet:transparent none;--_ga-zi-tablet:auto;--_ga-d-tablet:flex;--_ga-mw-tablet:calc(100% - 0 - 0);--_ga-m-mobile:0 0 0 0;--_ga-p-mobile:0 0 0 0;--_ga-bg-mobile:transparent none;--_ga-zi-mobile:auto;--_ga-d-mobile:flex;--_ga-mw-mobile:calc(100% - 0 - 0)\">\n\n<div class=\"wp-block-image\"><figure class=\"alignleft size-large\"><a href=\"https:\/\/www.ardpylab.fr\/?page_id=4675\"><img loading=\"lazy\" decoding=\"async\" width=\"50\" height=\"28\" src=\"https:\/\/www.ardpylab.fr\/wp-content\/uploads\/2020\/03\/moins.jpg\" alt=\"\" class=\"wp-image-107\"\/><\/a><\/figure><\/div>\n\n<\/div>\n\n<div class=\"grids-area\" style=\"--_ga-column:2\/3;--_ga-row:1\/2;--_ga-m-desktop:0 0 0 0;--_ga-p-desktop:0 0 0 0;--_ga-bg-desktop:transparent none;--_ga-zi-desktop:auto;--_ga-d-desktop:flex;--_ga-mw-desktop:calc(100% - 0 - 0);--_ga-m-tablet:0 0 0 0;--_ga-p-tablet:0 0 0 0;--_ga-bg-tablet:transparent none;--_ga-zi-tablet:auto;--_ga-d-tablet:flex;--_ga-mw-tablet:calc(100% - 0 - 0);--_ga-m-mobile:0 0 0 0;--_ga-p-mobile:0 0 0 0;--_ga-bg-mobile:transparent none;--_ga-zi-mobile:auto;--_ga-d-mobile:flex;--_ga-mw-mobile:calc(100% - 0 - 0)\">\n\n<div class=\"wp-block-image\"><figure class=\"alignright size-large\"><a href=\"https:\/\/www.ardpylab.fr\/?page_id=4706\"><img loading=\"lazy\" decoding=\"async\" width=\"50\" height=\"28\" src=\"https:\/\/www.ardpylab.fr\/wp-content\/uploads\/2020\/03\/plus.jpg\" alt=\"\" class=\"wp-image-106\"\/><\/a><\/figure><\/div>\n\n<\/div>\n<\/div><\/div>\n\n\n\n","protected":false},"excerpt":{"rendered":"<p>(Mesurer &amp; Exploiter) (Cliquez pour afficher la version PDF) Dans le domaine des sciences, une autre grandeur physique fr\u00e9quemment utilis\u00e9e est la pression exprim\u00e9e en Pascal (Pa). Pour mesurer cette grandeur avec un Arduino, on utilisera le capteur de pression MPX4250AP dont la sensibilit\u00e9 est de 20 mv\/kPa pour une plage de mesure allant de [&hellip;]<\/p>\n","protected":false},"author":1,"featured_media":0,"parent":0,"menu_order":0,"comment_status":"closed","ping_status":"closed","template":"","meta":{"footnotes":""},"class_list":["post-4686","page","type-page","status-publish","hentry"],"_links":{"self":[{"href":"https:\/\/www.ardpylab.fr\/index.php?rest_route=\/wp\/v2\/pages\/4686","targetHints":{"allow":["GET"]}}],"collection":[{"href":"https:\/\/www.ardpylab.fr\/index.php?rest_route=\/wp\/v2\/pages"}],"about":[{"href":"https:\/\/www.ardpylab.fr\/index.php?rest_route=\/wp\/v2\/types\/page"}],"author":[{"embeddable":true,"href":"https:\/\/www.ardpylab.fr\/index.php?rest_route=\/wp\/v2\/users\/1"}],"replies":[{"embeddable":true,"href":"https:\/\/www.ardpylab.fr\/index.php?rest_route=%2Fwp%2Fv2%2Fcomments&post=4686"}],"version-history":[{"count":3,"href":"https:\/\/www.ardpylab.fr\/index.php?rest_route=\/wp\/v2\/pages\/4686\/revisions"}],"predecessor-version":[{"id":5306,"href":"https:\/\/www.ardpylab.fr\/index.php?rest_route=\/wp\/v2\/pages\/4686\/revisions\/5306"}],"wp:attachment":[{"href":"https:\/\/www.ardpylab.fr\/index.php?rest_route=%2Fwp%2Fv2%2Fmedia&parent=4686"}],"curies":[{"name":"wp","href":"https:\/\/api.w.org\/{rel}","templated":true}]}}