{"id":4716,"date":"2020-05-08T13:01:40","date_gmt":"2020-05-08T11:01:40","guid":{"rendered":"http:\/\/www.ardpylab.fr\/?page_id=4716"},"modified":"2020-05-20T15:27:40","modified_gmt":"2020-05-20T13:27:40","slug":"projet-6-activite-3","status":"publish","type":"page","link":"https:\/\/www.ardpylab.fr\/?page_id=4716","title":{"rendered":"Projet 6 &#8211; Activit\u00e9 3"},"content":{"rendered":"\n<h2 style=\"text-align: center;\"><em>\u201d<strong>V\u00e9rification de la loi de Boyle-Mariotte<\/strong><\/em><em>\u201d<br><br><\/em><\/h2>\n\n\n\n<h4><span style=\"color: #3366ff;\"><strong><br>. <span style=\"text-decoration: underline;\">Objectif<br><br><\/span><\/strong><\/span><\/h4>\n<p>L\u2019objectif de cette activit\u00e9 est de v\u00e9rifier la loi de Boyle-Mariotte \u00e0 l\u2019aide de notre capteur de pression MPX4250AP et de la seringue d\u2019un volume utile de 60 mL selon le m\u00eame montage que l\u2019activit\u00e9 pr\u00e9c\u00e9dente.<br><br><\/p>\n\n\n\n<div class=\"wp-block-image\">\n<figure class=\"aligncenter size-large\"><img loading=\"lazy\" decoding=\"async\" class=\"alignnone wp-image-4707 \" style=\"border: 3px solid #eeeeee; padding: 3px; margin: 3px;\" src=\"https:\/\/www.ardpylab.fr\/wp-content\/uploads\/2020\/05\/projetpython6-3.png\" alt=\"\" width=\"596\" height=\"448\" srcset=\"https:\/\/www.ardpylab.fr\/wp-content\/uploads\/2020\/05\/projetpython6-3.png 577w, https:\/\/www.ardpylab.fr\/wp-content\/uploads\/2020\/05\/projetpython6-3-300x225.png 300w\" sizes=\"auto, (max-width: 596px) 100vw, 596px\" \/><\/figure>\n<\/div>\n\n\n\n<p>&nbsp;<\/p>\n<h4><span style=\"color: #3366ff;\"><strong>. <u>\u00c9nonc\u00e9 de la loi de Boyle-Mariotte<\/u><\/strong><strong>&nbsp;:<br><br><\/strong><\/span><\/h4>\n<p>\u00c0 temp\u00e9rature constante, pour une quantit\u00e9 de mati\u00e8re donn\u00e9e de gaz, le produit de la pression P par le volume V de ce gaz ne varie pas :<\/p>\n<p style=\"padding-left: 40px;\"><strong>P \u00d7 V = constante<br><br><\/strong><\/p>\n<p>Si un gaz subit une transformation qui l\u2019am\u00e8ne d\u2019un \u00e9tat n\u00b01 (son volume est V1 et sa pression P1) \u00e0 un \u00e9tat n\u00b02 (son volume est V2 et sa pression P2) alors la loi de Boyle-Mariotte peut s\u2019\u00e9crire:<\/p>\n<p style=\"padding-left: 40px;\"><strong>P1.V1 = P2.V2<\/strong><\/p>\n<p>Cette relation est valable \u00e0 condition que:<\/p>\n<p style=\"padding-left: 40px;\">&#8211; La transformation soit \u00e0 temp\u00e9rature constante,<\/p>\n<p style=\"padding-left: 40px;\">&#8211; Les deux pressions P1 et P2 soient exprim\u00e9es dans la m\u00eame unit\u00e9 de pression qui peut \u00eatre le pascal, l\u2019hectopascal, le bar, etc\u2026,<\/p>\n<p style=\"padding-left: 40px;\">-Les deux volumes soient exprim\u00e9s dans la m\u00eame unit\u00e9 de volume qui peut \u00eatre le litre, le m\u00e8tre cube, le centim\u00e8tre cube, etc.<\/p>\n\n\n\n<div class=\"wp-block-image\">\n<figure class=\"aligncenter size-large\"><img loading=\"lazy\" decoding=\"async\" width=\"221\" height=\"175\" class=\"wp-image-1214 aligncenter\" style=\"border: 3px solid #eeeeee; padding: 3px; margin: 3px;\" src=\"https:\/\/www.ardpylab.fr\/wp-content\/uploads\/2020\/03\/image-125.png\" alt=\"\"><\/figure>\n<\/div>\n<p>&nbsp;<\/p>\n\n\n\n<h4><span style=\"color: #3366ff;\"><strong>. <u>Descriptif&nbsp;de l\u2019activit\u00e9<br><br><\/u><\/strong><\/span><\/h4>\n<p>En d\u00e9pla\u00e7ant le piston, initialement plac\u00e9 sur la graduation 30 mL, on fait varier le volume de l\u2019air enferm\u00e9 dans le corps de la seringue reli\u00e9e au capteur de pression.<\/p>\n<p>Apr\u00e8s avoir appuy\u00e9 sur le bouton poussoir, le volume lu (entre 10 et 60 mL) sur le corps de la seringue est saisi au clavier dans la fen\u00eatre Python Shell ou le moniteur s\u00e9rie.<\/p>\n<p>La pression est ensuite mesur\u00e9e par le capteur qui d\u00e9livre une tension \u00e9lectrique proportionnelle \u00e0 la pression. Une moyenne est r\u00e9alis\u00e9e sur dix mesures et le r\u00e9sultat de la pression moyenne (p en kPa) pour le volume (V en mL) est affich\u00e9 dans la fen\u00eatre Python Shell ou le moniteur s\u00e9rie.<\/p>\n<p>Les mesures pour le volume V sont arr\u00eat\u00e9es en appuyant sur le bouton poussoir.<\/p>\n<p>Une nouvelle mesure de la pression pour un volume diff\u00e9rent est r\u00e9alisable en appuyant de nouveau sur le bouton poussoir.<\/p>\n<p>Il est donc possible d\u2019acqu\u00e9rir des couples de donn\u00e9es (p, V) afin de v\u00e9rifier la loi de Boyle-Mariotte.<br><br><\/p>\n<p><strong><u>Remarque&nbsp;:<\/u><\/strong><\/p>\n<p>La DEL rouge est allum\u00e9e si la pression est inf\u00e9rieure ou sup\u00e9rieure aux seuils de pression correspondant \u00e0 un volume de 10 ou de 60 mL.<\/p>\n\n\n\n<p>&nbsp;<\/p>\n<h4><span style=\"color: #3366ff;\"><strong>. <span style=\"text-decoration: underline;\">Le programme<\/span><\/strong><\/span><\/h4>\n<p><br>Voici le code de l\u2019activit\u00e9 en Python et en langage Arduino&nbsp;:<br><br><\/p>\n<p>. <u>Programme en Python (<strong>\u201d<a href=\"https:\/\/www.ardpylab.fr\/downloads\/projetspython\/projet6\/projet6-activity3.zip\">Projet6\\Activity3\\PY\\Activity3.py<\/a>\u201d<\/strong>)<br><br><\/u><\/p>\n\n\n\n<div class=\"wp-block-image\">\n<figure class=\"aligncenter size-large\"><a href=\"https:\/\/www.ardpylab.fr\/downloads\/projetspython\/projet6\/Activity3\/PY\/Activity3.py\"><img loading=\"lazy\" decoding=\"async\" class=\"aligncenter wp-image-5259 size-full\" style=\"border: 3px solid #eeeeee; padding: 3px; margin: 3px;\" src=\"https:\/\/www.ardpylab.fr\/wp-content\/uploads\/2020\/05\/ProjetPython-6-3-1.png\" alt=\"\" width=\"1055\" height=\"2199\" srcset=\"https:\/\/www.ardpylab.fr\/wp-content\/uploads\/2020\/05\/ProjetPython-6-3-1.png 1055w, https:\/\/www.ardpylab.fr\/wp-content\/uploads\/2020\/05\/ProjetPython-6-3-1-144x300.png 144w, https:\/\/www.ardpylab.fr\/wp-content\/uploads\/2020\/05\/ProjetPython-6-3-1-491x1024.png 491w, https:\/\/www.ardpylab.fr\/wp-content\/uploads\/2020\/05\/ProjetPython-6-3-1-768x1601.png 768w, https:\/\/www.ardpylab.fr\/wp-content\/uploads\/2020\/05\/ProjetPython-6-3-1-737x1536.png 737w, https:\/\/www.ardpylab.fr\/wp-content\/uploads\/2020\/05\/ProjetPython-6-3-1-983x2048.png 983w\" sizes=\"auto, (max-width: 1055px) 100vw, 1055px\" \/><\/a><\/figure>\n<\/div>\n\n\n\n<p><strong><u><br \/>D\u00e9roulement du programme<\/u><\/strong><strong>\u00a0:<\/strong><\/p>\n<p>&#8211; <u>Importation des librairies\u00a0et d\u00e9finition de fonctions<\/u> :<\/p>\n<p style=\"padding-left: 40px;\">. Le module <strong>\u201dConnectToArduino.py\u201d, <\/strong>contenant les fonctions de connexion \u00e0 l\u2019Arduino via le protocole <strong>\u201dFirmata Satandard\u201d<\/strong>,<\/p>\n<p style=\"padding-left: 40px;\">. Le module <strong>\u201dPyFirmataDef.py\u201d<\/strong> regroupant toutes les fonctions utiles \u00e0 l\u2019utilisation de <strong>\u201d<\/strong><strong>PyFirmata<\/strong><strong>\u201d<\/strong> (fonction de d\u00e9claration des entr\u00e9es et sorties, de lectures, d\u2019\u00e9critures\u2026),<\/p>\n<p style=\"padding-left: 40px;\">. La biblioth\u00e8que <strong>\u201d<\/strong><strong>time<\/strong><strong>\u201d<\/strong> pour la gestion des temps de pause,<\/p>\n<p style=\"padding-left: 40px;\">. La fonction <strong>\u201d<\/strong><strong>InputVal<\/strong><strong>\u201d <\/strong>pour la saisie du volume de la seringue en mL.<br \/><br \/><\/p>\n<p>&#8211; <u>D\u00e9claration des constantes et variables<\/u>\u00a0:<\/p>\n<p style=\"padding-left: 40px;\">. <strong>PinSensor = 0 <\/strong>(cst correspondant au n\u00b0 de la broche A0 sur laquelle le capteur de pression est connect\u00e9)<\/p>\n<p style=\"padding-left: 40px;\">. <strong>PinButton= 12 <\/strong>(cst correspondant au n\u00b0 de la broche sur laquelle le bouton poussoir est connect\u00e9)<\/p>\n<p style=\"padding-left: 40px;\">. <strong>PinLed = 9<\/strong> (cst correspondant au n\u00b0 de la broche sur laquelle la DEL est connect\u00e9e)<\/p>\n<p style=\"padding-left: 40px;\">. <strong>PMax = 240<\/strong> (Pression maximale admissible en kPa)<\/p>\n<p style=\"padding-left: 40px;\">. <strong>PMin = 50<\/strong> (Pression minimale admissible en kPa)<\/p>\n<p style=\"padding-left: 40px;\">. <strong>ValSensor = 0 <\/strong>(variable pour stocker la valeur de la broche du capteur de pression)<\/p>\n<p style=\"padding-left: 40px;\">. <strong>tension = 0 <\/strong>(variable correspondant \u00e0 la valeur de la tension en V de la broche du capteur de pression)<\/p>\n<p style=\"padding-left: 40px;\">. <strong>Pression = 0<\/strong> (variable correspondant \u00e0 la pression en kPa calcul\u00e9e \u00e0 partir de la valeur de la broche du capteur)<\/p>\n<p style=\"padding-left: 40px;\">. <strong>OldPression = 0<\/strong> (variable correspondant \u00e0 la pression en kPa calcul\u00e9e pr\u00e9c\u00e9demment)<\/p>\n<p style=\"padding-left: 40px;\">. <strong>Vol=0<\/strong> (variable correspondant au volume de la seringue en mL)<\/p>\n<p style=\"padding-left: 40px;\">. <strong>ValButton = 0<\/strong> (variable pour stocker la valeur de l\u2019\u00e9tat logique de la broche du bouton poussoir)<\/p>\n<p style=\"padding-left: 40px;\">. <strong>OldValButton = 0<\/strong> (variable pour stocker la valeur pr\u00e9c\u00e9dente de l\u2019\u00e9tat logique de la broche du bouton poussoir)<\/p>\n<p style=\"padding-left: 40px;\">. <strong>State=0<\/strong> (variable correspondant \u00e0 l\u2019action \u00e0 effectuer)<\/p>\n<p style=\"padding-left: 40px;\">. <strong>OldState = 0<\/strong> (variable pour stocker la valeur pr\u00e9c\u00e9dente de la variable <strong>state<\/strong>)<\/p>\n<p style=\"padding-left: 40px;\">. <strong>PortComArduino <\/strong>(port COM sur lequel l\u2019Arduino est connect\u00e9)\u00a0<br \/><br \/><\/p>\n<p>&#8211; <u>Connexion \u00e0 l&rsquo;Arduino<\/u>\u00a0:<\/p>\n<p style=\"padding-left: 40px;\">. D\u00e9tection du port COM, tentative d\u2019ouverture du port COM s\u00e9lectionn\u00e9 et connexion \u00e0 l\u2019Arduino:<\/p>\n<p style=\"padding-left: 80px;\"><strong>PortComArduino = SelectPortCOM()<\/strong><\/p>\n<p style=\"padding-left: 80px;\"><strong>board = OpenPortCom(PortComArduino)<br \/><br \/><\/strong><\/p>\n<p style=\"padding-left: 40px;\">. Si la connexion \u00e0 l\u2019Arduino est r\u00e9ussie :<\/p>\n<p style=\"padding-left: 80px;\">&#8211; D\u00e9claration de la broche du capteur de pression en entr\u00e9e analogique\u00a0:<\/p>\n<p style=\"padding-left: 120px;\"><strong>InputPinSensor = AnalogInput(board, PinSensor) <\/strong><\/p>\n<p style=\"padding-left: 80px;\">&#8211; D\u00e9claration de la broche du bouton poussoir en entr\u00e9e num\u00e9rique\u00a0:<\/p>\n<p style=\"padding-left: 120px;\"><strong>InputPinButton = DigitalInput(board, PinButton)<\/strong><\/p>\n<p style=\"padding-left: 80px;\">&#8211; Lancement de l\u2019it\u00e9rateur :<\/p>\n<p style=\"padding-left: 120px;\"><strong>ArduinoIterateur = Iterateur(board)<\/strong><\/p>\n<p style=\"padding-left: 80px;\">&#8211; Attente de 500 ms pour le lancement de l\u2019it\u00e9rateur\u00a0:<\/p>\n<p style=\"padding-left: 120px;\"><strong>time.sleep(0.5)<br \/><br \/><\/strong><\/p>\n<p>&#8211; <u>Boucle principale du programme (boucle \u201d<\/u><u>while True\u201d<\/u><u>)<\/u> :<\/p>\n\n\n\n<div class=\"wp-block-image\">\n<figure class=\"aligncenter size-large\"><img loading=\"lazy\" decoding=\"async\" class=\"aligncenter wp-image-5261 size-full\" src=\"https:\/\/www.ardpylab.fr\/wp-content\/uploads\/2020\/05\/ProjetPython-6-3-3.png\" alt=\"\" width=\"1109\" height=\"2077\" srcset=\"https:\/\/www.ardpylab.fr\/wp-content\/uploads\/2020\/05\/ProjetPython-6-3-3.png 1109w, https:\/\/www.ardpylab.fr\/wp-content\/uploads\/2020\/05\/ProjetPython-6-3-3-160x300.png 160w, https:\/\/www.ardpylab.fr\/wp-content\/uploads\/2020\/05\/ProjetPython-6-3-3-547x1024.png 547w, https:\/\/www.ardpylab.fr\/wp-content\/uploads\/2020\/05\/ProjetPython-6-3-3-768x1438.png 768w, https:\/\/www.ardpylab.fr\/wp-content\/uploads\/2020\/05\/ProjetPython-6-3-3-820x1536.png 820w, https:\/\/www.ardpylab.fr\/wp-content\/uploads\/2020\/05\/ProjetPython-6-3-3-1094x2048.png 1094w\" sizes=\"auto, (max-width: 1109px) 100vw, 1109px\" \/><\/figure>\n<\/div>\n<p>&nbsp;<\/p>\n\n\n\n<p><strong><u>R\u00e9sultats dans la fen\u00eatre Python Shell<\/u><\/strong><strong>&nbsp;:<br><br><\/strong><\/p>\n\n\n\n<div class=\"wp-block-image\">\n<figure class=\"aligncenter size-large\"><img loading=\"lazy\" decoding=\"async\" class=\"wp-image-5262\" style=\"border: 3px solid #eeeeee; padding: 3px; margin: 3px;\" src=\"https:\/\/www.ardpylab.fr\/wp-content\/uploads\/2020\/05\/ProjetPython-6-3-2.png\" alt=\"\" width=\"587\" height=\"524\" srcset=\"https:\/\/www.ardpylab.fr\/wp-content\/uploads\/2020\/05\/ProjetPython-6-3-2.png 805w, https:\/\/www.ardpylab.fr\/wp-content\/uploads\/2020\/05\/ProjetPython-6-3-2-300x268.png 300w, https:\/\/www.ardpylab.fr\/wp-content\/uploads\/2020\/05\/ProjetPython-6-3-2-768x686.png 768w\" sizes=\"auto, (max-width: 587px) 100vw, 587px\" \/><\/figure>\n<\/div>\n<p>&nbsp;<\/p>\n\n\n\n<p><strong>. <u>Programme en langage Arduino (\u201d<a href=\"https:\/\/www.ardpylab.fr\/downloads\/projetspython\/projet6\/projet6-activity3.zip\">Projet6\\Activity3\\INO\\Activity3.ino<\/a>\u201d)<\/u><\/strong><\/p>\n<p><br>Le code de l\u2019activit\u00e9 en langage Arduino a d\u00e9j\u00e0 \u00e9t\u00e9 \u00e9tudi\u00e9 dans la partie:<\/p>\n<p>\u201d<a href=\"https:\/\/www.ardpylab.fr\/?page_id=1210\/#prog\"><strong>Activit\u00e9s pour les lyc\u00e9es \/ Pression \/ Activit\u00e9 3<\/strong><\/a>\u201d<br><br><\/p>\n\n\n\n<h4><strong><span style=\"color: #3366ff;\"><br>.&nbsp;<span style=\"text-decoration: underline;\">Exploitation des mesures<\/span><\/span><br><br><\/strong><\/h4>\n<p>L\u2019exploitation des mesures a \u00e9galement d\u00e9j\u00e0 \u00e9t\u00e9 \u00e9tudi\u00e9e dans la partie:<\/p>\n<p>\u201d<a href=\"https:\/\/www.ardpylab.fr\/?page_id=1210\/#exploit\"><strong>Activit\u00e9s pour les lyc\u00e9es \/ Pression \/ Activit\u00e9 3 \/ Exploitation des mesures<\/strong><\/a>\u201d<\/p>\n<p>&nbsp;<\/p>\n\n\n<div  class=\"grids-section grids-is-stretch\" style=\"--_gs-gap-desktop:0px 0px;--_gs-m-desktop:0 0 0 0;--_gs-p-desktop:0 0 0 0;--_gs-bg-desktop:transparent none;--_gs-bg-xp-desktop:0px;--_gs-zi-desktop:auto;--_gs-d-desktop:block;--_gs-mw-desktop:calc(100% - 0 - 0);--_gs-gap-tablet:0px 0px;--_gs-m-tablet:0 0 0 0;--_gs-p-tablet:0 0 0 0;--_gs-bg-tablet:transparent none;--_gs-bg-xp-tablet:0px;--_gs-zi-tablet:auto;--_gs-d-tablet:block;--_gs-mw-tablet:calc(100% - 0 - 0);--_gs-gap-mobile:0px 0px;--_gs-m-mobile:0 0 0 0;--_gs-p-mobile:0 0 0 0;--_gs-bg-mobile:transparent none;--_gs-bg-xp-mobile:0px;--_gs-zi-mobile:auto;--_gs-d-mobile:block;--_gs-mw-mobile:calc(100% - 0 - 0);--_gs-columns:2;--_gs-rows:1\"><div class=\"grids-s-w_i\">\n<div class=\"grids-area\" style=\"--_ga-column:1\/2;--_ga-row:1\/2;--_ga-m-desktop:0 0 0 0;--_ga-p-desktop:0 0 0 0;--_ga-bg-desktop:transparent none;--_ga-zi-desktop:auto;--_ga-d-desktop:flex;--_ga-mw-desktop:calc(100% - 0 - 0);--_ga-m-tablet:0 0 0 0;--_ga-p-tablet:0 0 0 0;--_ga-bg-tablet:transparent none;--_ga-zi-tablet:auto;--_ga-d-tablet:flex;--_ga-mw-tablet:calc(100% - 0 - 0);--_ga-m-mobile:0 0 0 0;--_ga-p-mobile:0 0 0 0;--_ga-bg-mobile:transparent none;--_ga-zi-mobile:auto;--_ga-d-mobile:flex;--_ga-mw-mobile:calc(100% - 0 - 0)\">\n\n<div class=\"wp-block-image\"><figure class=\"alignleft size-large\"><a href=\"https:\/\/www.ardpylab.fr\/?page_id=4712\"><img loading=\"lazy\" decoding=\"async\" width=\"50\" height=\"28\" src=\"https:\/\/www.ardpylab.fr\/wp-content\/uploads\/2020\/03\/moins.jpg\" alt=\"\" class=\"wp-image-107\"\/><\/a><\/figure><\/div>\n\n<\/div>\n\n<div class=\"grids-area\" style=\"--_ga-column:2\/3;--_ga-row:1\/2;--_ga-m-desktop:0 0 0 0;--_ga-p-desktop:0 0 0 0;--_ga-bg-desktop:transparent none;--_ga-zi-desktop:auto;--_ga-d-desktop:flex;--_ga-mw-desktop:calc(100% - 0 - 0);--_ga-m-tablet:0 0 0 0;--_ga-p-tablet:0 0 0 0;--_ga-bg-tablet:transparent none;--_ga-zi-tablet:auto;--_ga-d-tablet:flex;--_ga-mw-tablet:calc(100% - 0 - 0);--_ga-m-mobile:0 0 0 0;--_ga-p-mobile:0 0 0 0;--_ga-bg-mobile:transparent none;--_ga-zi-mobile:auto;--_ga-d-mobile:flex;--_ga-mw-mobile:calc(100% - 0 - 0)\">\n\n<div class=\"wp-block-image\"><figure class=\"alignright size-large\"><a href=\"https:\/\/www.ardpylab.fr\/?page_id=4721\"><img loading=\"lazy\" decoding=\"async\" width=\"50\" height=\"28\" src=\"https:\/\/www.ardpylab.fr\/wp-content\/uploads\/2020\/03\/plus.jpg\" alt=\"\" class=\"wp-image-106\"\/><\/a><\/figure><\/div>\n\n<\/div>\n<\/div><\/div>\n\n\n\n","protected":false},"excerpt":{"rendered":"<p>\u201dV\u00e9rification de la loi de Boyle-Mariotte\u201d . Objectif L\u2019objectif de cette activit\u00e9 est de v\u00e9rifier la loi de Boyle-Mariotte \u00e0 l\u2019aide de notre capteur de pression MPX4250AP et de la seringue d\u2019un volume utile de 60 mL selon le m\u00eame montage que l\u2019activit\u00e9 pr\u00e9c\u00e9dente. &nbsp; . \u00c9nonc\u00e9 de la loi de Boyle-Mariotte&nbsp;: \u00c0 temp\u00e9rature constante, [&hellip;]<\/p>\n","protected":false},"author":1,"featured_media":0,"parent":0,"menu_order":0,"comment_status":"closed","ping_status":"closed","template":"","meta":{"footnotes":""},"class_list":["post-4716","page","type-page","status-publish","hentry"],"_links":{"self":[{"href":"https:\/\/www.ardpylab.fr\/index.php?rest_route=\/wp\/v2\/pages\/4716","targetHints":{"allow":["GET"]}}],"collection":[{"href":"https:\/\/www.ardpylab.fr\/index.php?rest_route=\/wp\/v2\/pages"}],"about":[{"href":"https:\/\/www.ardpylab.fr\/index.php?rest_route=\/wp\/v2\/types\/page"}],"author":[{"embeddable":true,"href":"https:\/\/www.ardpylab.fr\/index.php?rest_route=\/wp\/v2\/users\/1"}],"replies":[{"embeddable":true,"href":"https:\/\/www.ardpylab.fr\/index.php?rest_route=%2Fwp%2Fv2%2Fcomments&post=4716"}],"version-history":[{"count":10,"href":"https:\/\/www.ardpylab.fr\/index.php?rest_route=\/wp\/v2\/pages\/4716\/revisions"}],"predecessor-version":[{"id":5301,"href":"https:\/\/www.ardpylab.fr\/index.php?rest_route=\/wp\/v2\/pages\/4716\/revisions\/5301"}],"wp:attachment":[{"href":"https:\/\/www.ardpylab.fr\/index.php?rest_route=%2Fwp%2Fv2%2Fmedia&parent=4716"}],"curies":[{"name":"wp","href":"https:\/\/api.w.org\/{rel}","templated":true}]}}