{"id":4721,"date":"2020-05-08T13:07:27","date_gmt":"2020-05-08T11:07:27","guid":{"rendered":"http:\/\/www.ardpylab.fr\/?page_id=4721"},"modified":"2020-05-20T15:24:28","modified_gmt":"2020-05-20T13:24:28","slug":"projet-6-activite-4","status":"publish","type":"page","link":"https:\/\/www.ardpylab.fr\/?page_id=4721","title":{"rendered":"Projet 6 &#8211; Activit\u00e9 4"},"content":{"rendered":"\n<h2 style=\"text-align: center;\"><em>\u201d<strong>Principe fondamental de la statique des fluides<\/strong><\/em><em>\u201d<br><br><\/em><\/h2>\n\n\n\n<h4><span style=\"color: #3366ff;\"><strong><br>. <span style=\"text-decoration: underline;\">Objectif<br><br><\/span><\/strong><\/span><\/h4>\n<p>L\u2019objectif de cette activit\u00e9 est de d\u00e9termin\u00e9 la profondeur d\u2019immersion dans une colonne d\u2019eau d\u2019un tuyau reli\u00e9 \u00e0 un capteur de pression MPX4250AP en appliquant le principe fondamental de la statique des fluides au montage suivant&nbsp;:<br><br><\/p>\n\n\n\n<div class=\"wp-block-image\">\n<figure class=\"aligncenter size-large\"><img loading=\"lazy\" decoding=\"async\" class=\"alignnone wp-image-1248 \" style=\"border: 3px solid #eeeeee; padding: 3px; margin: 3px;\" src=\"https:\/\/www.ardpylab.fr\/wp-content\/uploads\/2020\/03\/pression-circuit4.png\" alt=\"\" width=\"518\" height=\"359\" srcset=\"https:\/\/www.ardpylab.fr\/wp-content\/uploads\/2020\/03\/pression-circuit4.png 632w, https:\/\/www.ardpylab.fr\/wp-content\/uploads\/2020\/03\/pression-circuit4-300x207.png 300w\" sizes=\"auto, (max-width: 518px) 100vw, 518px\" \/><\/figure>\n<\/div>\n\n\n\n<h4>&nbsp;<\/h4>\n<h4><span style=\"color: #3366ff;\"><strong>. <u>\u00c9nonc\u00e9 du principe<\/u><\/strong> <strong><u>fondamental de la statique des fluides<br><br><\/u><\/strong><\/span><\/h4>\n<p>La statique des fluides constitue l\u2019\u00e9tude des fluides au repos.<\/p>\n<p>Les fluides se d\u00e9forment sous l\u2019effet de forces tr\u00e8s faibles, un fluide n\u2019a pas de forme propre.<\/p>\n<p>On distingue les liquides et les gaz :<\/p>\n<p style=\"padding-left: 40px;\">&#8211; Le liquide prend la forme du r\u00e9cipient qui le contient, mais il est incompressible (\u03c1 varie peu avec P et T).<\/p>\n<p style=\"padding-left: 40px;\">&#8211; Le gaz occupe tout le volume mis \u00e0 sa disposition et il est compressible (\u03c1 varie beaucoup avec P et T)<\/p>\n<p>La pression est la m\u00eame en tout point d\u2019un m\u00eame plan horizontal d\u2019un fluide homog\u00e8ne au repos.<\/p>\n<p>La diff\u00e9rence de pression (en Pa) entre deux points A et B (Cf. sch\u00e9ma ci-dessous) d\u2019un fluide homog\u00e8ne au repos est \u00e9gale \u00e0 :<\/p>\n\n\n<div  class=\"grids-section grids-is-advanced\" style=\"--_gs-gap-desktop:0px 0px;--_gs-m-desktop:0 0 0 0;--_gs-p-desktop:0 0 0 0;--_gs-bg-desktop:transparent none;--_gs-bg-xp-desktop:0px;--_gs-zi-desktop:auto;--_gs-d-desktop:block;--_gs-mw-desktop:calc(100% - 0 - 0);--_gs-gap-tablet:0px 0px;--_gs-m-tablet:0 0 0 0;--_gs-p-tablet:0 0 0 0;--_gs-bg-tablet:transparent none;--_gs-bg-xp-tablet:0px;--_gs-zi-tablet:auto;--_gs-d-tablet:block;--_gs-mw-tablet:calc(100% - 0 - 0);--_gs-gap-mobile:0px 0px;--_gs-m-mobile:0 0 0 0;--_gs-p-mobile:0 0 0 0;--_gs-bg-mobile:transparent none;--_gs-bg-xp-mobile:0px;--_gs-zi-mobile:auto;--_gs-d-mobile:block;--_gs-mw-mobile:calc(100% - 0 - 0);--_gs-columns:12;--_gs-rows:6\"><div class=\"grids-s-w_i\">\n<div class=\"grids-area\" style=\"--_ga-column:1\/11;--_ga-row:1\/2;--_ga-m-desktop:0 0 0 0;--_ga-p-desktop:0 0 0 0;--_ga-bg-desktop:transparent none;--_ga-zi-desktop:auto;--_ga-d-desktop:flex;--_ga-mw-desktop:calc(100% - 0 - 0);--_ga-m-tablet:0 0 0 0;--_ga-p-tablet:0 0 0 0;--_ga-bg-tablet:transparent none;--_ga-zi-tablet:auto;--_ga-d-tablet:flex;--_ga-mw-tablet:calc(100% - 0 - 0);--_ga-m-mobile:0 0 0 0;--_ga-p-mobile:0 0 0 0;--_ga-bg-mobile:transparent none;--_ga-zi-mobile:auto;--_ga-d-mobile:flex;--_ga-mw-mobile:calc(100% - 0 - 0)\">\n\n<h4 style=\"padding-left: 40px;\"><strong><em>P<sub>B<\/sub> \u2013 P<sub>A<\/sub> = \u03c1<\/em><\/strong><strong><em>&nbsp;g (Z<sub>B<\/sub> &#8211; Z<sub>A<\/sub>)<\/em><\/strong><\/h4>\n<p><br>O\u00f9&nbsp;:&nbsp; . B est en-dessous de A,<\/p>\n<p>&nbsp; &nbsp; &nbsp; &nbsp; &nbsp;. \u03c1 = masse volumique du fluide en kg.m<sup>-3<\/sup>,<\/p>\n<p>&nbsp; &nbsp; &nbsp; &nbsp; &nbsp;. g = champ de pesanteur (g = 9,81 m.s<sup>-2<\/sup>),<\/p>\n<p>&nbsp; &nbsp; &nbsp; &nbsp; &nbsp;. Z<sub>B<\/sub> &#8211; Z<sub>A<\/sub> = distance entre les plans horizontaux passant par A et B en m.<\/p>\n\n<\/div>\n\n<div class=\"grids-area\" style=\"--_ga-column:11\/13;--_ga-row:1\/2;--_ga-m-desktop:0 0 0 0;--_ga-p-desktop:0 0 0 0;--_ga-bg-desktop:transparent none;--_ga-zi-desktop:auto;--_ga-d-desktop:flex;--_ga-mw-desktop:calc(100% - 0 - 0);--_ga-m-tablet:0 0 0 0;--_ga-p-tablet:0 0 0 0;--_ga-bg-tablet:transparent none;--_ga-zi-tablet:auto;--_ga-d-tablet:flex;--_ga-mw-tablet:calc(100% - 0 - 0);--_ga-m-mobile:0 0 0 0;--_ga-p-mobile:0 0 0 0;--_ga-bg-mobile:transparent none;--_ga-zi-mobile:auto;--_ga-d-mobile:flex;--_ga-mw-mobile:calc(100% - 0 - 0)\">\n\n<figure class=\"wp-block-image size-large\"><img loading=\"lazy\" decoding=\"async\" width=\"272\" height=\"407\" src=\"https:\/\/www.ardpylab.fr\/wp-content\/uploads\/2020\/05\/ProjetPython-6-4-1.png\" alt=\"\" class=\"wp-image-5277\" srcset=\"https:\/\/www.ardpylab.fr\/wp-content\/uploads\/2020\/05\/ProjetPython-6-4-1.png 272w, https:\/\/www.ardpylab.fr\/wp-content\/uploads\/2020\/05\/ProjetPython-6-4-1-200x300.png 200w\" sizes=\"auto, (max-width: 272px) 100vw, 272px\" \/><\/figure>\n\n<\/div>\n<\/div><\/div>\n\n\n<h4><span style=\"color: #3366ff;\"><strong><br>. <u>Descriptif&nbsp;de l\u2019activit\u00e9<\/u><\/strong><\/span><\/h4>\n<p>Apr\u00e8s avoir positionn\u00e9 le tuyau au niveau du point A, constituant l\u2019origine du rep\u00e8re (Z<sub>A<\/sub>=0), et mesur\u00e9 la pression P<sub>A<\/sub> de ce point, on d\u00e9placera l\u2019extr\u00e9mit\u00e9 du tuyau (Point B) dans la colonne d\u2019eau. Le microcontr\u00f4leur mesurera en continu la pression du point B et calculera la distance (en m) entre les 2 points :<\/p>\n\n\n\n<figure class=\"wp-block-image size-large\"><img loading=\"lazy\" decoding=\"async\" width=\"415\" height=\"191\" src=\"https:\/\/www.ardpylab.fr\/wp-content\/uploads\/2020\/03\/image-134.png\" alt=\"\" class=\"wp-image-1255\" srcset=\"https:\/\/www.ardpylab.fr\/wp-content\/uploads\/2020\/03\/image-134.png 415w, https:\/\/www.ardpylab.fr\/wp-content\/uploads\/2020\/03\/image-134-300x138.png 300w\" sizes=\"auto, (max-width: 415px) 100vw, 415px\" \/><\/figure>\n\n\n\n<p><u>Remarques<\/u>&nbsp;:<\/p>\n<p>La sensibilit\u00e9 du capteur de pression MPX4250AP est de 20 mv\/kPa.<\/p>\n<p>La r\u00e9solution par d\u00e9faut du convertisseur analogique\/num\u00e9rique de l&rsquo;Arduino \u00e9tant de l&rsquo;ordre de 5 mV, il est possible de mesurer des diff\u00e9rences de pression de 0,25 kPa, soit une diff\u00e9rence de profondeur d\u2019immersion (Dz) d\u2019environ 0,025 m (2,5 cm).<\/p>\n<p>La pr\u00e9cision de la mesure de Dz (Z<sub>B<\/sub> &#8211; Z<sub>A<\/sub>) sera donc de \u00b1 2,5 cm.<\/p>\n<p>&nbsp;<\/p>\n<h4><span style=\"color: #3366ff;\"><strong>. <span style=\"text-decoration: underline;\">Le programme<\/span><\/strong><\/span><\/h4>\n<p><br>Voici le code de l\u2019activit\u00e9 en Python et en langage Arduino&nbsp;:<br><br><\/p>\n<p><strong>. <u>Programme en Python (\u201d<a href=\"https:\/\/www.ardpylab.fr\/downloads\/projetspython\/projet6\/projet6-activity4.zip\">Projet6\\Activity4\\PY\\Activity4.py<\/a>\u201d)<br><br><\/u><\/strong><\/p>\n\n\n\n<div class=\"wp-block-image\">\n<figure class=\"aligncenter size-large\"><a href=\"https:\/\/www.ardpylab.fr\/downloads\/projetspython\/projet6\/Activity4\/PY\/Activity4.py\"><img loading=\"lazy\" decoding=\"async\" class=\"aligncenter wp-image-5282 size-full\" style=\"border: 3px solid #eeeeee; padding: 3px; margin: 3px;\" src=\"https:\/\/www.ardpylab.fr\/wp-content\/uploads\/2020\/05\/ProjetPython-6-4-2.png\" alt=\"\" width=\"930\" height=\"1865\" srcset=\"https:\/\/www.ardpylab.fr\/wp-content\/uploads\/2020\/05\/ProjetPython-6-4-2.png 930w, https:\/\/www.ardpylab.fr\/wp-content\/uploads\/2020\/05\/ProjetPython-6-4-2-150x300.png 150w, https:\/\/www.ardpylab.fr\/wp-content\/uploads\/2020\/05\/ProjetPython-6-4-2-511x1024.png 511w, https:\/\/www.ardpylab.fr\/wp-content\/uploads\/2020\/05\/ProjetPython-6-4-2-768x1540.png 768w, https:\/\/www.ardpylab.fr\/wp-content\/uploads\/2020\/05\/ProjetPython-6-4-2-766x1536.png 766w\" sizes=\"auto, (max-width: 930px) 100vw, 930px\" \/><\/a><\/figure>\n<\/div>\n\n\n\n<p><strong><u><br>D\u00e9roulement du programme<\/u><\/strong><strong>&nbsp;:<\/strong><\/p>\n<p style=\"padding-left: 40px;\">&#8211; <u>Importation des librairies&nbsp;et d\u00e9finition de fonctions<\/u> :<\/p>\n<p style=\"padding-left: 80px;\">. Le module <strong>\u201dConnectToArduino.py\u201d, <\/strong>contenant les fonctions de connexion \u00e0 l\u2019Arduino via le protocole <strong>\u201dFirmata Satandard\u201d<\/strong>,<\/p>\n<p style=\"padding-left: 80px;\">. Le module <strong>\u201dPyFirmataDef.py\u201d<\/strong> regroupant toutes les fonctions utiles \u00e0 l\u2019utilisation de <strong>\u201d<\/strong><strong>PyFirmata<\/strong><strong>\u201d<\/strong> (fonction de d\u00e9claration des entr\u00e9es et sorties, de lectures, d\u2019\u00e9critures\u2026),<\/p>\n<p style=\"padding-left: 80px;\">. La biblioth\u00e8que <strong>\u201d<\/strong><strong>time<\/strong><strong>\u201d<\/strong> pour la gestion des temps de pause.<br><br><\/p>\n<p>&#8211; <u>D\u00e9claration des constantes et variables<\/u>&nbsp;:<\/p>\n<p style=\"padding-left: 40px;\">. <strong>PinSensor = 0 <\/strong>(cst correspondant au n\u00b0 de la broche A0 sur laquelle le capteur de pression est connect\u00e9)<\/p>\n<p style=\"padding-left: 40px;\">. <strong>PinButton= 12 <\/strong>(cst correspondant au n\u00b0 de la broche sur laquelle le bouton poussoir est connect\u00e9)<\/p>\n<p style=\"padding-left: 40px;\">. <strong>ValSensor = 0 <\/strong>(variable pour stocker la valeur de la broche du capteur de pression)<\/p>\n<p style=\"padding-left: 40px;\">. <strong>tension = 0 <\/strong>(variable correspondant \u00e0 la valeur de la tension en V de la broche du capteur de pression)<\/p>\n<p style=\"padding-left: 40px;\">. <strong>Pression = 0<\/strong> (variable correspondant \u00e0 la pression en kPa calcul\u00e9e \u00e0 partir de la valeur de la broche du capteur)<\/p>\n<p style=\"padding-left: 40px;\">. <strong>PRef = 0 <\/strong>(variable correspondant \u00e0 la pression en kPa du point de r\u00e9f\u00e9rence)<\/p>\n<p style=\"padding-left: 40px;\">. <strong>Dz=0 <\/strong>(variable correspondant \u00e0 la profondeur d\u2019immersion du tuyau en cm)<\/p>\n<p style=\"padding-left: 40px;\">. <strong>OldDz = 0 <\/strong>(variable correspondant \u00e0 la profondeur d\u2019immersion du tuyau en cm pr\u00e9c\u00e9dente)<\/p>\n<p style=\"padding-left: 40px;\">. <strong>ValButton = 0<\/strong> (variable pour stocker la valeur de l\u2019\u00e9tat logique de la broche du bouton poussoir)<\/p>\n<p style=\"padding-left: 40px;\">. <strong>OldValButton = 0<\/strong> (variable pour stocker la valeur pr\u00e9c\u00e9dente de l\u2019\u00e9tat logique de la broche du bouton poussoir)<\/p>\n<p style=\"padding-left: 40px;\">. <strong>State=0<\/strong> (variable correspondant \u00e0 l\u2019action \u00e0 effectuer)<\/p>\n<p style=\"padding-left: 40px;\">. <strong>OldState = 0<\/strong> (variable pour stocker la valeur pr\u00e9c\u00e9dente de la variable <strong>State<\/strong>)<\/p>\n<p style=\"padding-left: 40px;\">. <strong>BtnAppui = False <\/strong>(variable bool\u00e9enne permettant de savoir si le bouton poussoir a \u00e9t\u00e9 appuy\u00e9)<\/p>\n<p style=\"padding-left: 40px;\">. <strong>PortComArduino <\/strong>(port COM sur lequel l\u2019Arduino est connect\u00e9)&nbsp;<br><br><\/p>\n<p>&#8211; <u>Connexion \u00e0 l&rsquo;Arduino<\/u>&nbsp;:<\/p>\n<p style=\"padding-left: 40px;\">. D\u00e9tection du port COM, tentative d\u2019ouverture du port COM s\u00e9lectionn\u00e9 et connexion \u00e0 l\u2019Arduino:<\/p>\n<p style=\"padding-left: 80px;\"><strong>PortComArduino = SelectPortCOM()<\/strong><\/p>\n<p style=\"padding-left: 80px;\"><strong>board = OpenPortCom(PortComArduino)<br><br><\/strong><\/p>\n<p style=\"padding-left: 40px;\">. Si la connexion \u00e0 l\u2019Arduino est r\u00e9ussie :<\/p>\n<p style=\"padding-left: 80px;\">&#8211; D\u00e9claration de la broche du capteur de pression en entr\u00e9e analogique&nbsp;:<\/p>\n<p style=\"padding-left: 120px;\"><strong>InputPinSensor = AnalogInput(board, PinSensor) <\/strong><\/p>\n<p style=\"padding-left: 80px;\">&#8211; D\u00e9claration de la broche du bouton poussoir en entr\u00e9e num\u00e9rique&nbsp;:<\/p>\n<p style=\"padding-left: 120px;\"><strong>InputPinButton = DigitalInput(board, PinButton)<\/strong><\/p>\n<p style=\"padding-left: 80px;\">&#8211; Lancement de l\u2019it\u00e9rateur :<\/p>\n<p style=\"padding-left: 120px;\"><strong>ArduinoIterateur = Iterateur(board)<\/strong><\/p>\n<p style=\"padding-left: 80px;\">&#8211; Attente de 500 ms pour le lancement de l\u2019it\u00e9rateur&nbsp;:<\/p>\n<p style=\"padding-left: 120px;\"><strong>time.sleep(0.5)<\/strong><\/p>\n<p style=\"padding-left: 80px;\"><strong>&#8211; <\/strong>Mesure de la pression \u00e0 la position de r\u00e9f\u00e9rence.<br><br><\/p>\n<p>&#8211; <u>Boucle principale du programme (boucle \u201d<\/u><u>while True\u201d)<\/u> :<br><br><\/p>\n\n\n\n<div class=\"wp-block-image\">\n<figure class=\"aligncenter size-large\"><img loading=\"lazy\" decoding=\"async\" class=\"aligncenter wp-image-5287 size-full\" src=\"https:\/\/www.ardpylab.fr\/wp-content\/uploads\/2020\/05\/ProjetPython-6-4-4.png\" alt=\"\" width=\"1184\" height=\"1772\" srcset=\"https:\/\/www.ardpylab.fr\/wp-content\/uploads\/2020\/05\/ProjetPython-6-4-4.png 1184w, https:\/\/www.ardpylab.fr\/wp-content\/uploads\/2020\/05\/ProjetPython-6-4-4-200x300.png 200w, https:\/\/www.ardpylab.fr\/wp-content\/uploads\/2020\/05\/ProjetPython-6-4-4-684x1024.png 684w, https:\/\/www.ardpylab.fr\/wp-content\/uploads\/2020\/05\/ProjetPython-6-4-4-768x1149.png 768w, https:\/\/www.ardpylab.fr\/wp-content\/uploads\/2020\/05\/ProjetPython-6-4-4-1026x1536.png 1026w\" sizes=\"auto, (max-width: 1184px) 100vw, 1184px\" \/><\/figure>\n<\/div>\n<p>&nbsp;<\/p>\n\n\n\n<p><strong>. <u>R\u00e9sultats dans la fen\u00eatre Python Shell<\/u><\/strong>&nbsp;:<\/p>\n\n\n\n<div class=\"wp-block-image\">\n<figure class=\"aligncenter size-large\"><img loading=\"lazy\" decoding=\"async\" class=\"aligncenter wp-image-5284 \" style=\"border: 3px solid #eeeeee; padding: 3px; margin: 3px;\" src=\"https:\/\/www.ardpylab.fr\/wp-content\/uploads\/2020\/05\/ProjetPython-6-4-3.png\" alt=\"\" width=\"552\" height=\"474\" srcset=\"https:\/\/www.ardpylab.fr\/wp-content\/uploads\/2020\/05\/ProjetPython-6-4-3.png 797w, https:\/\/www.ardpylab.fr\/wp-content\/uploads\/2020\/05\/ProjetPython-6-4-3-300x257.png 300w, https:\/\/www.ardpylab.fr\/wp-content\/uploads\/2020\/05\/ProjetPython-6-4-3-768x658.png 768w\" sizes=\"auto, (max-width: 552px) 100vw, 552px\" \/><\/figure>\n<\/div>\n<p>&nbsp;<\/p>\n\n\n\n<p><strong>. <u>Programme en langage Arduino (\u201d<a href=\"https:\/\/www.ardpylab.fr\/downloads\/projetspython\/projet6\/projet6-activity4.zip\">Projet6\\Activity4\\INO\\Activity4.ino<\/a>\u201d)<\/u><\/strong><\/p>\n<p><br \/>Le code de l\u2019activit\u00e9 en langage Arduino a d\u00e9j\u00e0 \u00e9t\u00e9 \u00e9tudi\u00e9 dans la partie:<\/p>\n<p>\u201d<a href=\"https:\/\/www.ardpylab.fr\/?page_id=1245\/#prog\"><strong>Activit\u00e9s pour les lyc\u00e9es \/ Pression \/ Activit\u00e9 4<\/strong><\/a>\u201d<\/p>\n<p>\u00a0<\/p>\n\n\n<div  class=\"grids-section grids-is-stretch\" style=\"--_gs-gap-desktop:0px 0px;--_gs-m-desktop:0 0 0 0;--_gs-p-desktop:0 0 0 0;--_gs-bg-desktop:transparent none;--_gs-bg-xp-desktop:0px;--_gs-zi-desktop:auto;--_gs-d-desktop:block;--_gs-mw-desktop:calc(100% - 0 - 0);--_gs-gap-tablet:0px 0px;--_gs-m-tablet:0 0 0 0;--_gs-p-tablet:0 0 0 0;--_gs-bg-tablet:transparent none;--_gs-bg-xp-tablet:0px;--_gs-zi-tablet:auto;--_gs-d-tablet:block;--_gs-mw-tablet:calc(100% - 0 - 0);--_gs-gap-mobile:0px 0px;--_gs-m-mobile:0 0 0 0;--_gs-p-mobile:0 0 0 0;--_gs-bg-mobile:transparent none;--_gs-bg-xp-mobile:0px;--_gs-zi-mobile:auto;--_gs-d-mobile:block;--_gs-mw-mobile:calc(100% - 0 - 0);--_gs-columns:2;--_gs-rows:1\"><div class=\"grids-s-w_i\">\n<div class=\"grids-area\" style=\"--_ga-column:1\/2;--_ga-row:1\/2;--_ga-m-desktop:0 0 0 0;--_ga-p-desktop:0 0 0 0;--_ga-bg-desktop:transparent none;--_ga-zi-desktop:auto;--_ga-d-desktop:flex;--_ga-mw-desktop:calc(100% - 0 - 0);--_ga-m-tablet:0 0 0 0;--_ga-p-tablet:0 0 0 0;--_ga-bg-tablet:transparent none;--_ga-zi-tablet:auto;--_ga-d-tablet:flex;--_ga-mw-tablet:calc(100% - 0 - 0);--_ga-m-mobile:0 0 0 0;--_ga-p-mobile:0 0 0 0;--_ga-bg-mobile:transparent none;--_ga-zi-mobile:auto;--_ga-d-mobile:flex;--_ga-mw-mobile:calc(100% - 0 - 0)\">\n\n<div class=\"wp-block-image\"><figure class=\"alignleft size-large\"><a href=\"https:\/\/www.ardpylab.fr\/?page_id=4716\"><img loading=\"lazy\" decoding=\"async\" width=\"50\" height=\"28\" src=\"https:\/\/www.ardpylab.fr\/wp-content\/uploads\/2020\/03\/moins.jpg\" alt=\"\" class=\"wp-image-107\"\/><\/a><\/figure><\/div>\n\n<\/div>\n\n<div class=\"grids-area\" style=\"--_ga-column:2\/3;--_ga-row:1\/2;--_ga-m-desktop:0 0 0 0;--_ga-p-desktop:0 0 0 0;--_ga-bg-desktop:transparent none;--_ga-zi-desktop:auto;--_ga-d-desktop:flex;--_ga-mw-desktop:calc(100% - 0 - 0);--_ga-m-tablet:0 0 0 0;--_ga-p-tablet:0 0 0 0;--_ga-bg-tablet:transparent none;--_ga-zi-tablet:auto;--_ga-d-tablet:flex;--_ga-mw-tablet:calc(100% - 0 - 0);--_ga-m-mobile:0 0 0 0;--_ga-p-mobile:0 0 0 0;--_ga-bg-mobile:transparent none;--_ga-zi-mobile:auto;--_ga-d-mobile:flex;--_ga-mw-mobile:calc(100% - 0 - 0)\">\n\n<div class=\"wp-block-image\"><figure class=\"alignright size-large\"><a href=\"https:\/\/www.ardpylab.fr\/?page_id=4736\"><img loading=\"lazy\" decoding=\"async\" width=\"50\" height=\"28\" src=\"https:\/\/www.ardpylab.fr\/wp-content\/uploads\/2020\/03\/plus.jpg\" alt=\"\" class=\"wp-image-106\"\/><\/a><\/figure><\/div>\n\n<\/div>\n<\/div><\/div>\n\n\n\n","protected":false},"excerpt":{"rendered":"<p>\u201dPrincipe fondamental de la statique des fluides\u201d . Objectif L\u2019objectif de cette activit\u00e9 est de d\u00e9termin\u00e9 la profondeur d\u2019immersion dans une colonne d\u2019eau d\u2019un tuyau reli\u00e9 \u00e0 un capteur de pression MPX4250AP en appliquant le principe fondamental de la statique des fluides au montage suivant&nbsp;: &nbsp; . \u00c9nonc\u00e9 du principe fondamental de la statique des [&hellip;]<\/p>\n","protected":false},"author":1,"featured_media":0,"parent":0,"menu_order":0,"comment_status":"closed","ping_status":"closed","template":"","meta":{"footnotes":""},"class_list":["post-4721","page","type-page","status-publish","hentry"],"_links":{"self":[{"href":"https:\/\/www.ardpylab.fr\/index.php?rest_route=\/wp\/v2\/pages\/4721","targetHints":{"allow":["GET"]}}],"collection":[{"href":"https:\/\/www.ardpylab.fr\/index.php?rest_route=\/wp\/v2\/pages"}],"about":[{"href":"https:\/\/www.ardpylab.fr\/index.php?rest_route=\/wp\/v2\/types\/page"}],"author":[{"embeddable":true,"href":"https:\/\/www.ardpylab.fr\/index.php?rest_route=\/wp\/v2\/users\/1"}],"replies":[{"embeddable":true,"href":"https:\/\/www.ardpylab.fr\/index.php?rest_route=%2Fwp%2Fv2%2Fcomments&post=4721"}],"version-history":[{"count":15,"href":"https:\/\/www.ardpylab.fr\/index.php?rest_route=\/wp\/v2\/pages\/4721\/revisions"}],"predecessor-version":[{"id":5299,"href":"https:\/\/www.ardpylab.fr\/index.php?rest_route=\/wp\/v2\/pages\/4721\/revisions\/5299"}],"wp:attachment":[{"href":"https:\/\/www.ardpylab.fr\/index.php?rest_route=%2Fwp%2Fv2%2Fmedia&parent=4721"}],"curies":[{"name":"wp","href":"https:\/\/api.w.org\/{rel}","templated":true}]}}