{"id":5460,"date":"2021-03-24T10:56:50","date_gmt":"2021-03-24T09:56:50","guid":{"rendered":"https:\/\/www.ardpylab.fr\/?page_id=5460"},"modified":"2021-03-26T10:39:20","modified_gmt":"2021-03-26T09:39:20","slug":"linterface-graphique-les-menus-2","status":"publish","type":"page","link":"https:\/\/www.ardpylab.fr\/?page_id=5460","title":{"rendered":"L\u2019interface graphique"},"content":{"rendered":"\n<div class=\"wp-block-image\"><figure class=\"aligncenter size-large is-resized\"><img loading=\"lazy\" decoding=\"async\" src=\"https:\/\/www.ardpylab.fr\/wp-content\/uploads\/2021\/03\/ArdPyLog12-1024x576.png\" alt=\"\" class=\"wp-image-5466\" width=\"768\" height=\"432\" srcset=\"https:\/\/www.ardpylab.fr\/wp-content\/uploads\/2021\/03\/ArdPyLog12-1024x576.png 1024w, https:\/\/www.ardpylab.fr\/wp-content\/uploads\/2021\/03\/ArdPyLog12-300x169.png 300w, https:\/\/www.ardpylab.fr\/wp-content\/uploads\/2021\/03\/ArdPyLog12-768x432.png 768w, https:\/\/www.ardpylab.fr\/wp-content\/uploads\/2021\/03\/ArdPyLog12-1536x864.png 1536w, https:\/\/www.ardpylab.fr\/wp-content\/uploads\/2021\/03\/ArdPyLog12.png 1920w\" sizes=\"auto, (max-width: 768px) 100vw, 768px\" \/><\/figure><\/div>\n\n\n\n<h6 style=\"text-align: center;\"><strong><em>Fen\u00eatre principale d&rsquo;ArdPyLog<\/em><\/strong><\/h6>\n\n\n\n<p><br>Toutes les fonctionnalit\u00e9s d&rsquo;ArdPylog sont accessibles \u00e0 partir de la fen\u00eatre principale en cliquant sur les boutons de la barre de menu principale ou de gestion des sketchs.<br><br><\/p>\n<h4><strong>1. <u><a href=\"https:\/\/www.ardpylab.fr\/?page_id=5541\">La fen\u00eatre principale<\/a><br><br><\/u><\/strong><\/h4>\n\n\n\n<h4><strong>2. <u><a href=\"https:\/\/www.ardpylab.fr\/?page_id=5551\">La barre de menu principale<\/a><br><\/u><\/strong><\/h4>\n\n\n\n<p style=\"padding-left: 40px;\"><strong>2.1 <a href=\"https:\/\/www.ardpylab.fr\/?page_id=5551\/#anc1\">Ajouter un sketch<\/a><\/strong><\/p>\n<p style=\"padding-left: 40px;\"><strong>2.2 <a href=\"https:\/\/www.ardpylab.fr\/?page_id=5551\/#anc2\">Supprimer un sketch<\/a><\/strong><\/p>\n<p style=\"padding-left: 40px;\"><strong>2.3 <a href=\"https:\/\/www.ardpylab.fr\/?page_id=5551\/#anc3\">Modifier les donn\u00e9es d\u2019un sketch<\/a><br><\/strong>&nbsp; &nbsp; &nbsp; 2.3.1 <a href=\"https:\/\/www.ardpylab.fr\/?page_id=5551\/#anc31\">modification de l\u2019image du circuit<\/a><strong><br><\/strong>&nbsp; &nbsp; &nbsp; 2.3.2 <a href=\"https:\/\/www.ardpylab.fr\/?page_id=5551\/#anc32\">modification du descriptif et\/ou du code<\/a><br>&nbsp; &nbsp; &nbsp; 2.3.3 <a href=\"https:\/\/www.ardpylab.fr\/?page_id=5551\/#anc33\">D\u00e9finition ou modification du document PDF<\/a><\/p>\n<p style=\"padding-left: 40px;\"><strong>2.4 <a href=\"https:\/\/www.ardpylab.fr\/?page_id=5551\/#anc4\">Mode \u00ab Tableur \u00bb<\/a><\/strong><\/p>\n<p style=\"padding-left: 40px;\"><strong>2.5 <a href=\"https:\/\/www.ardpylab.fr\/?page_id=5551\/#anc5\">Mode \u00ab Acquisition \u00bb<\/a><br><\/strong><br><u><\/u><\/p>\n\n\n\n<h4><strong>3. <a href=\"https:\/\/www.ardpylab.fr\/?page_id=5556\"><u>La barre de gestion des sketchs<\/u><\/a><\/strong><\/h4>\n<p style=\"padding-left: 40px;\"><strong>3.1 <a href=\"https:\/\/www.ardpylab.fr\/?page_id=5556\/#anc1\">Affichage des circuits \u00e9lectroniques ou du code<\/a><\/strong><\/p>\n<p style=\"padding-left: 40px;\"><strong>3.2 <a href=\"https:\/\/www.ardpylab.fr\/?page_id=5556\/#anc2\">Recherche de sketchs par nom ou par cat\u00e9gorie<\/a><\/strong><\/p>\n<p style=\"padding-left: 40px;\"><u><\/u><strong>3.3 <a href=\"https:\/\/www.ardpylab.fr\/?page_id=5556\/#anc3\">Affichage du moniteur s\u00e9rie<\/a><\/strong><\/p>\n<p style=\"padding-left: 40px;\"><strong>3.4 <a href=\"https:\/\/www.ardpylab.fr\/?page_id=5556\/#anc4\">Modifications des param\u00e8tres d\u2019ArdPyLog<\/a><\/strong><\/p>\n<p style=\"padding-left: 40px;\"><strong>3.5 <a href=\"https:\/\/www.ardpylab.fr\/?page_id=5556\/#anc5\">Retour \u00e0 la fen\u00eatre d\u2019accueil d\u2019ArdPyLog<\/a><br><br><\/strong><\/p>\n\n\n\n<h4><strong>4. <u><a href=\"https:\/\/www.ardpylab.fr\/?page_id=5585\">Le panneau des circuits \u00e9lectroniques<\/a><br><br><\/u><\/strong><\/h4>\n\n\n\n<h4><strong>5. <a href=\"https:\/\/www.ardpylab.fr\/?page_id=5598\"><u>le panneau des d\u00e9tails du sketch<\/u><\/a><\/strong><\/h4>\n<p>\u00a0<\/p>\n\n\n<div  class=\"grids-section grids-is-stretch\" style=\"--_gs-gap-desktop:0px 0px;--_gs-m-desktop:0 0 0 0;--_gs-p-desktop:0 0 0 0;--_gs-bg-desktop:transparent none;--_gs-bg-xp-desktop:0px;--_gs-zi-desktop:auto;--_gs-d-desktop:block;--_gs-mw-desktop:calc(100% - 0 - 0);--_gs-gap-tablet:0px 0px;--_gs-m-tablet:0 0 0 0;--_gs-p-tablet:0 0 0 0;--_gs-bg-tablet:transparent none;--_gs-bg-xp-tablet:0px;--_gs-zi-tablet:auto;--_gs-d-tablet:block;--_gs-mw-tablet:calc(100% - 0 - 0);--_gs-gap-mobile:0px 0px;--_gs-m-mobile:0 0 0 0;--_gs-p-mobile:0 0 0 0;--_gs-bg-mobile:transparent none;--_gs-bg-xp-mobile:0px;--_gs-zi-mobile:auto;--_gs-d-mobile:block;--_gs-mw-mobile:calc(100% - 0 - 0);--_gs-columns:2;--_gs-rows:1\"><div class=\"grids-s-w_i\">\n<div class=\"grids-area\" style=\"--_ga-column:1\/2;--_ga-row:1\/2;--_ga-m-desktop:0 0 0 0;--_ga-p-desktop:0 0 0 0;--_ga-bg-desktop:transparent none;--_ga-zi-desktop:auto;--_ga-d-desktop:flex;--_ga-mw-desktop:calc(100% - 0 - 0);--_ga-m-tablet:0 0 0 0;--_ga-p-tablet:0 0 0 0;--_ga-bg-tablet:transparent none;--_ga-zi-tablet:auto;--_ga-d-tablet:flex;--_ga-mw-tablet:calc(100% - 0 - 0);--_ga-m-mobile:0 0 0 0;--_ga-p-mobile:0 0 0 0;--_ga-bg-mobile:transparent none;--_ga-zi-mobile:auto;--_ga-d-mobile:flex;--_ga-mw-mobile:calc(100% - 0 - 0)\">\n\n<figure class=\"wp-block-image size-large\"><a href=\"https:\/\/www.ardpylab.fr\/?page_id=5426\"><img loading=\"lazy\" decoding=\"async\" width=\"50\" height=\"28\" src=\"https:\/\/www.ardpylab.fr\/wp-content\/uploads\/2020\/03\/moins.jpg\" alt=\"\" class=\"wp-image-107\"\/><\/a><\/figure>\n\n<\/div>\n\n<div class=\"grids-area\" style=\"--_ga-column:2\/3;--_ga-row:1\/2;--_ga-m-desktop:0 0 0 0;--_ga-p-desktop:0 0 0 0;--_ga-bg-desktop:transparent none;--_ga-zi-desktop:auto;--_ga-d-desktop:flex;--_ga-mw-desktop:calc(100% - 0 - 0);--_ga-m-tablet:0 0 0 0;--_ga-p-tablet:0 0 0 0;--_ga-bg-tablet:transparent none;--_ga-zi-tablet:auto;--_ga-d-tablet:flex;--_ga-mw-tablet:calc(100% - 0 - 0);--_ga-m-mobile:0 0 0 0;--_ga-p-mobile:0 0 0 0;--_ga-bg-mobile:transparent none;--_ga-zi-mobile:auto;--_ga-d-mobile:flex;--_ga-mw-mobile:calc(100% - 0 - 0)\">\n\n<div class=\"wp-block-image\"><figure class=\"alignright size-large\"><a href=\"https:\/\/www.ardpylab.fr\/?page_id=5541\"><img loading=\"lazy\" decoding=\"async\" width=\"50\" height=\"28\" src=\"https:\/\/www.ardpylab.fr\/wp-content\/uploads\/2020\/03\/plus.jpg\" alt=\"\" class=\"wp-image-106\"\/><\/a><\/figure><\/div>\n\n<\/div>\n<\/div><\/div>\n\n\n\n","protected":false},"excerpt":{"rendered":"<p>Fen\u00eatre principale d&rsquo;ArdPyLog Toutes les fonctionnalit\u00e9s d&rsquo;ArdPylog sont accessibles \u00e0 partir de la fen\u00eatre principale en cliquant sur les boutons de la barre de menu principale ou de gestion des sketchs. 1. La fen\u00eatre principale 2. La barre de menu principale 2.1 Ajouter un sketch 2.2 Supprimer un sketch 2.3 Modifier les donn\u00e9es d\u2019un sketch&nbsp; [&hellip;]<\/p>\n","protected":false},"author":1,"featured_media":0,"parent":0,"menu_order":0,"comment_status":"closed","ping_status":"closed","template":"","meta":{"footnotes":""},"class_list":["post-5460","page","type-page","status-publish","hentry"],"_links":{"self":[{"href":"https:\/\/www.ardpylab.fr\/index.php?rest_route=\/wp\/v2\/pages\/5460","targetHints":{"allow":["GET"]}}],"collection":[{"href":"https:\/\/www.ardpylab.fr\/index.php?rest_route=\/wp\/v2\/pages"}],"about":[{"href":"https:\/\/www.ardpylab.fr\/index.php?rest_route=\/wp\/v2\/types\/page"}],"author":[{"embeddable":true,"href":"https:\/\/www.ardpylab.fr\/index.php?rest_route=\/wp\/v2\/users\/1"}],"replies":[{"embeddable":true,"href":"https:\/\/www.ardpylab.fr\/index.php?rest_route=%2Fwp%2Fv2%2Fcomments&post=5460"}],"version-history":[{"count":40,"href":"https:\/\/www.ardpylab.fr\/index.php?rest_route=\/wp\/v2\/pages\/5460\/revisions"}],"predecessor-version":[{"id":5893,"href":"https:\/\/www.ardpylab.fr\/index.php?rest_route=\/wp\/v2\/pages\/5460\/revisions\/5893"}],"wp:attachment":[{"href":"https:\/\/www.ardpylab.fr\/index.php?rest_route=%2Fwp%2Fv2%2Fmedia&parent=5460"}],"curies":[{"name":"wp","href":"https:\/\/api.w.org\/{rel}","templated":true}]}}