{"id":5598,"date":"2021-03-24T15:48:14","date_gmt":"2021-03-24T14:48:14","guid":{"rendered":"https:\/\/www.ardpylab.fr\/?page_id=5598"},"modified":"2021-03-29T14:09:46","modified_gmt":"2021-03-29T12:09:46","slug":"le-panneau-des-details-du-sketch","status":"publish","type":"page","link":"https:\/\/www.ardpylab.fr\/?page_id=5598","title":{"rendered":"le panneau des d\u00e9tails du sketch"},"content":{"rendered":"\n<p><br>Quand un sketch est s\u00e9lectionn\u00e9, le panneau de droite affiche les d\u00e9tails du sketch sur 4 volets&nbsp;:<\/p>\n<p style=\"padding-left: 40px;\">&#8211; Le circuit \u00e9lectronique associ\u00e9,<br>&#8211; La liste des composants et l\u2019objectif du sketch,<br>&#8211; Le code en langage Arduino,<br>&#8211; Le document PDF de synth\u00e8se.<\/p>\n<p>La navigation entre les diff\u00e9rents volets du panneau des d\u00e9tails du sketch se fait avec la barre de menu suivante :<\/p>\n\n\n\n<div class=\"wp-block-image\"><figure class=\"aligncenter size-large\"><img loading=\"lazy\" decoding=\"async\" width=\"465\" height=\"30\" src=\"https:\/\/www.ardpylab.fr\/wp-content\/uploads\/2021\/03\/ArdPyLog57.png\" alt=\"\" class=\"wp-image-5599\" srcset=\"https:\/\/www.ardpylab.fr\/wp-content\/uploads\/2021\/03\/ArdPyLog57.png 465w, https:\/\/www.ardpylab.fr\/wp-content\/uploads\/2021\/03\/ArdPyLog57-300x19.png 300w\" sizes=\"auto, (max-width: 465px) 100vw, 465px\" \/><\/figure><\/div>\n\n\n\n<p>&nbsp; &nbsp;<\/p>\n\n\n<div  class=\"grids-section grids-is-stretch\" style=\"--_gs-gap-desktop:0px 0px;--_gs-m-desktop:0 0 0 0;--_gs-p-desktop:0 0 0 0;--_gs-bg-desktop:transparent none;--_gs-bg-xp-desktop:0px;--_gs-zi-desktop:auto;--_gs-d-desktop:block;--_gs-mw-desktop:calc(100% - 0 - 0);--_gs-gap-tablet:0px 0px;--_gs-m-tablet:0 0 0 0;--_gs-p-tablet:0 0 0 0;--_gs-bg-tablet:transparent none;--_gs-bg-xp-tablet:0px;--_gs-zi-tablet:auto;--_gs-d-tablet:block;--_gs-mw-tablet:calc(100% - 0 - 0);--_gs-gap-mobile:0px 0px;--_gs-m-mobile:0 0 0 0;--_gs-p-mobile:0 0 0 0;--_gs-bg-mobile:transparent none;--_gs-bg-xp-mobile:0px;--_gs-zi-mobile:auto;--_gs-d-mobile:block;--_gs-mw-mobile:calc(100% - 0 - 0);--_gs-columns:4;--_gs-rows:1\"><div class=\"grids-s-w_i\">\n<div class=\"grids-area\" style=\"--_ga-column:1\/2;--_ga-row:1\/2;--_ga-m-desktop:0 0 0 0;--_ga-p-desktop:0 0 0 0;--_ga-bg-desktop:transparent none;--_ga-zi-desktop:auto;--_ga-d-desktop:flex;--_ga-mw-desktop:calc(100% - 0 - 0);--_ga-m-tablet:0 0 0 0;--_ga-p-tablet:0 0 0 0;--_ga-bg-tablet:transparent none;--_ga-zi-tablet:auto;--_ga-d-tablet:flex;--_ga-mw-tablet:calc(100% - 0 - 0);--_ga-m-mobile:0 0 0 0;--_ga-p-mobile:0 0 0 0;--_ga-bg-mobile:transparent none;--_ga-zi-mobile:auto;--_ga-d-mobile:flex;--_ga-mw-mobile:calc(100% - 0 - 0)\">\n\n<figure class=\"wp-block-image size-large\"><img loading=\"lazy\" decoding=\"async\" width=\"480\" height=\"968\" src=\"https:\/\/www.ardpylab.fr\/wp-content\/uploads\/2021\/03\/ArdPyLog58.png\" alt=\"\" class=\"wp-image-5600\" srcset=\"https:\/\/www.ardpylab.fr\/wp-content\/uploads\/2021\/03\/ArdPyLog58.png 480w, https:\/\/www.ardpylab.fr\/wp-content\/uploads\/2021\/03\/ArdPyLog58-149x300.png 149w\" sizes=\"auto, (max-width: 480px) 100vw, 480px\" \/><\/figure>\n\n<\/div>\n\n<div class=\"grids-area\" style=\"--_ga-column:2\/3;--_ga-row:1\/2;--_ga-m-desktop:0 0 0 0;--_ga-p-desktop:0 0 0 0;--_ga-bg-desktop:transparent none;--_ga-zi-desktop:auto;--_ga-d-desktop:flex;--_ga-mw-desktop:calc(100% - 0 - 0);--_ga-m-tablet:0 0 0 0;--_ga-p-tablet:0 0 0 0;--_ga-bg-tablet:transparent none;--_ga-zi-tablet:auto;--_ga-d-tablet:flex;--_ga-mw-tablet:calc(100% - 0 - 0);--_ga-m-mobile:0 0 0 0;--_ga-p-mobile:0 0 0 0;--_ga-bg-mobile:transparent none;--_ga-zi-mobile:auto;--_ga-d-mobile:flex;--_ga-mw-mobile:calc(100% - 0 - 0)\">\n\n<figure class=\"wp-block-image size-large\"><img loading=\"lazy\" decoding=\"async\" width=\"478\" height=\"976\" src=\"https:\/\/www.ardpylab.fr\/wp-content\/uploads\/2021\/03\/ArdPyLog59.png\" alt=\"\" class=\"wp-image-5601\" srcset=\"https:\/\/www.ardpylab.fr\/wp-content\/uploads\/2021\/03\/ArdPyLog59.png 478w, https:\/\/www.ardpylab.fr\/wp-content\/uploads\/2021\/03\/ArdPyLog59-147x300.png 147w\" sizes=\"auto, (max-width: 478px) 100vw, 478px\" \/><\/figure>\n\n<\/div>\n\n<div class=\"grids-area\" style=\"--_ga-column:3\/4;--_ga-row:1\/2;--_ga-m-desktop:0 0 0 0;--_ga-p-desktop:0 0 0 0;--_ga-bg-desktop:transparent none;--_ga-zi-desktop:auto;--_ga-d-desktop:flex;--_ga-mw-desktop:calc(100% - 0 - 0);--_ga-m-tablet:0 0 0 0;--_ga-p-tablet:0 0 0 0;--_ga-bg-tablet:transparent none;--_ga-zi-tablet:auto;--_ga-d-tablet:flex;--_ga-mw-tablet:calc(100% - 0 - 0);--_ga-m-mobile:0 0 0 0;--_ga-p-mobile:0 0 0 0;--_ga-bg-mobile:transparent none;--_ga-zi-mobile:auto;--_ga-d-mobile:flex;--_ga-mw-mobile:calc(100% - 0 - 0)\">\n\n<figure class=\"wp-block-image size-large\"><img loading=\"lazy\" decoding=\"async\" width=\"477\" height=\"970\" src=\"https:\/\/www.ardpylab.fr\/wp-content\/uploads\/2021\/03\/ArdPyLog60.png\" alt=\"\" class=\"wp-image-5602\" srcset=\"https:\/\/www.ardpylab.fr\/wp-content\/uploads\/2021\/03\/ArdPyLog60.png 477w, https:\/\/www.ardpylab.fr\/wp-content\/uploads\/2021\/03\/ArdPyLog60-148x300.png 148w\" sizes=\"auto, (max-width: 477px) 100vw, 477px\" \/><\/figure>\n\n<\/div>\n\n<div class=\"grids-area\" style=\"--_ga-column:4\/5;--_ga-row:1\/2;--_ga-m-desktop:0 0 0 0;--_ga-p-desktop:0 0 0 0;--_ga-bg-desktop:transparent none;--_ga-zi-desktop:auto;--_ga-d-desktop:flex;--_ga-mw-desktop:calc(100% - 0 - 0);--_ga-m-tablet:0 0 0 0;--_ga-p-tablet:0 0 0 0;--_ga-bg-tablet:transparent none;--_ga-zi-tablet:auto;--_ga-d-tablet:flex;--_ga-mw-tablet:calc(100% - 0 - 0);--_ga-m-mobile:0 0 0 0;--_ga-p-mobile:0 0 0 0;--_ga-bg-mobile:transparent none;--_ga-zi-mobile:auto;--_ga-d-mobile:flex;--_ga-mw-mobile:calc(100% - 0 - 0)\">\n\n<figure class=\"wp-block-image size-large\"><img loading=\"lazy\" decoding=\"async\" width=\"477\" height=\"972\" src=\"https:\/\/www.ardpylab.fr\/wp-content\/uploads\/2021\/03\/ArdPyLog61.png\" alt=\"\" class=\"wp-image-5603\" srcset=\"https:\/\/www.ardpylab.fr\/wp-content\/uploads\/2021\/03\/ArdPyLog61.png 477w, https:\/\/www.ardpylab.fr\/wp-content\/uploads\/2021\/03\/ArdPyLog61-147x300.png 147w\" sizes=\"auto, (max-width: 477px) 100vw, 477px\" \/><\/figure>\n\n<\/div>\n<\/div><\/div>\n\n\n<p><br>Un double clic sur le circuit, la liste des composants, l\u2019objectif, le code ou le document PDF effectue un zoom sur l\u2019\u00e9l\u00e9ment s\u00e9lectionn\u00e9 qui est alors affich\u00e9 au niveau du panneau central.<\/p>\n\n\n\n<figure class=\"wp-block-image size-large is-resized\"><img loading=\"lazy\" decoding=\"async\" src=\"https:\/\/www.ardpylab.fr\/wp-content\/uploads\/2021\/03\/ArdPyLog62-1024x576.png\" alt=\"\" class=\"wp-image-5604\" width=\"1024\" height=\"576\" srcset=\"https:\/\/www.ardpylab.fr\/wp-content\/uploads\/2021\/03\/ArdPyLog62-1024x576.png 1024w, https:\/\/www.ardpylab.fr\/wp-content\/uploads\/2021\/03\/ArdPyLog62-300x169.png 300w, https:\/\/www.ardpylab.fr\/wp-content\/uploads\/2021\/03\/ArdPyLog62-768x432.png 768w, https:\/\/www.ardpylab.fr\/wp-content\/uploads\/2021\/03\/ArdPyLog62-1536x864.png 1536w, https:\/\/www.ardpylab.fr\/wp-content\/uploads\/2021\/03\/ArdPyLog62.png 1920w\" sizes=\"auto, (max-width: 1024px) 100vw, 1024px\" \/><\/figure>\n\n\n\n<h6 style=\"text-align: center;\"><em><strong data-rich-text-format-boundary=\"true\">Zoom sur le circuit \u00e9lectronique<\/strong><\/em><\/h6>\n<p>\u00a0<\/p>\n\n\n\n<p><u>Remarque<\/u>\u00a0:\u00a0<\/p>\n<p>Si un lecteur de documents PDF est install\u00e9 sur l\u2019ordinateur h\u00f4te, un double clic avec la roulette de la souris sur le document PDF, affich\u00e9 dans ArdPyLog, lance le lecteur et l\u2019ouverture de ce document pour une lecture plus facile.<\/p>\n<p>\u00a0<\/p>\n\n\n\n<div class=\"wp-block-image\"><figure class=\"aligncenter size-large is-resized\"><img loading=\"lazy\" decoding=\"async\" src=\"https:\/\/www.ardpylab.fr\/wp-content\/uploads\/2021\/03\/ArdPyLog63-1024x896.png\" alt=\"\" class=\"wp-image-5654\" width=\"768\" height=\"672\" srcset=\"https:\/\/www.ardpylab.fr\/wp-content\/uploads\/2021\/03\/ArdPyLog63-1024x896.png 1024w, https:\/\/www.ardpylab.fr\/wp-content\/uploads\/2021\/03\/ArdPyLog63-300x263.png 300w, https:\/\/www.ardpylab.fr\/wp-content\/uploads\/2021\/03\/ArdPyLog63-768x672.png 768w, https:\/\/www.ardpylab.fr\/wp-content\/uploads\/2021\/03\/ArdPyLog63.png 1108w\" sizes=\"auto, (max-width: 768px) 100vw, 768px\" \/><\/figure><\/div>\n\n\n\n<h6 style=\"text-align: center;\"><em><strong data-rich-text-format-boundary=\"true\">Zoom sur le document PDF<\/strong><\/em><\/h6>\n\n\n\n<p>\u00a0 \u00a0<\/p>\n\n\n<div  class=\"grids-section grids-is-stretch\" style=\"--_gs-gap-desktop:0px 0px;--_gs-m-desktop:0 0 0 0;--_gs-p-desktop:0 0 0 0;--_gs-bg-desktop:transparent none;--_gs-bg-xp-desktop:0px;--_gs-zi-desktop:auto;--_gs-d-desktop:block;--_gs-mw-desktop:calc(100% - 0 - 0);--_gs-gap-tablet:0px 0px;--_gs-m-tablet:0 0 0 0;--_gs-p-tablet:0 0 0 0;--_gs-bg-tablet:transparent none;--_gs-bg-xp-tablet:0px;--_gs-zi-tablet:auto;--_gs-d-tablet:block;--_gs-mw-tablet:calc(100% - 0 - 0);--_gs-gap-mobile:0px 0px;--_gs-m-mobile:0 0 0 0;--_gs-p-mobile:0 0 0 0;--_gs-bg-mobile:transparent none;--_gs-bg-xp-mobile:0px;--_gs-zi-mobile:auto;--_gs-d-mobile:block;--_gs-mw-mobile:calc(100% - 0 - 0);--_gs-columns:2;--_gs-rows:1\"><div class=\"grids-s-w_i\">\n<div class=\"grids-area\" style=\"--_ga-column:1\/2;--_ga-row:1\/2;--_ga-m-desktop:0 0 0 0;--_ga-p-desktop:0 0 0 0;--_ga-bg-desktop:transparent none;--_ga-zi-desktop:auto;--_ga-d-desktop:flex;--_ga-mw-desktop:calc(100% - 0 - 0);--_ga-m-tablet:0 0 0 0;--_ga-p-tablet:0 0 0 0;--_ga-bg-tablet:transparent none;--_ga-zi-tablet:auto;--_ga-d-tablet:flex;--_ga-mw-tablet:calc(100% - 0 - 0);--_ga-m-mobile:0 0 0 0;--_ga-p-mobile:0 0 0 0;--_ga-bg-mobile:transparent none;--_ga-zi-mobile:auto;--_ga-d-mobile:flex;--_ga-mw-mobile:calc(100% - 0 - 0)\">\n\n<figure class=\"wp-block-image size-large\"><a href=\"https:\/\/www.ardpylab.fr\/?page_id=5585\"><img loading=\"lazy\" decoding=\"async\" width=\"50\" height=\"28\" src=\"https:\/\/www.ardpylab.fr\/wp-content\/uploads\/2020\/03\/moins.jpg\" alt=\"\" class=\"wp-image-107\"\/><\/a><\/figure>\n\n<\/div>\n\n<div class=\"grids-area\" style=\"--_ga-column:2\/3;--_ga-row:1\/2;--_ga-m-desktop:0 0 0 0;--_ga-p-desktop:0 0 0 0;--_ga-bg-desktop:transparent none;--_ga-zi-desktop:auto;--_ga-d-desktop:flex;--_ga-mw-desktop:calc(100% - 0 - 0);--_ga-m-tablet:0 0 0 0;--_ga-p-tablet:0 0 0 0;--_ga-bg-tablet:transparent none;--_ga-zi-tablet:auto;--_ga-d-tablet:flex;--_ga-mw-tablet:calc(100% - 0 - 0);--_ga-m-mobile:0 0 0 0;--_ga-p-mobile:0 0 0 0;--_ga-bg-mobile:transparent none;--_ga-zi-mobile:auto;--_ga-d-mobile:flex;--_ga-mw-mobile:calc(100% - 0 - 0)\">\n\n<div class=\"wp-block-image\"><figure class=\"alignright size-large\"><a href=\"https:\/\/www.ardpylab.fr\/?page_id=5657\"><img loading=\"lazy\" decoding=\"async\" width=\"50\" height=\"28\" src=\"https:\/\/www.ardpylab.fr\/wp-content\/uploads\/2020\/03\/plus.jpg\" alt=\"\" class=\"wp-image-106\"\/><\/a><\/figure><\/div>\n\n<\/div>\n<\/div><\/div>","protected":false},"excerpt":{"rendered":"<p>Quand un sketch est s\u00e9lectionn\u00e9, le panneau de droite affiche les d\u00e9tails du sketch sur 4 volets&nbsp;: &#8211; Le circuit \u00e9lectronique associ\u00e9,&#8211; La liste des composants et l\u2019objectif du sketch,&#8211; Le code en langage Arduino,&#8211; Le document PDF de synth\u00e8se. La navigation entre les diff\u00e9rents volets du panneau des d\u00e9tails du sketch se fait avec [&hellip;]<\/p>\n","protected":false},"author":1,"featured_media":0,"parent":0,"menu_order":0,"comment_status":"closed","ping_status":"closed","template":"","meta":{"footnotes":""},"class_list":["post-5598","page","type-page","status-publish","hentry"],"_links":{"self":[{"href":"https:\/\/www.ardpylab.fr\/index.php?rest_route=\/wp\/v2\/pages\/5598","targetHints":{"allow":["GET"]}}],"collection":[{"href":"https:\/\/www.ardpylab.fr\/index.php?rest_route=\/wp\/v2\/pages"}],"about":[{"href":"https:\/\/www.ardpylab.fr\/index.php?rest_route=\/wp\/v2\/types\/page"}],"author":[{"embeddable":true,"href":"https:\/\/www.ardpylab.fr\/index.php?rest_route=\/wp\/v2\/users\/1"}],"replies":[{"embeddable":true,"href":"https:\/\/www.ardpylab.fr\/index.php?rest_route=%2Fwp%2Fv2%2Fcomments&post=5598"}],"version-history":[{"count":10,"href":"https:\/\/www.ardpylab.fr\/index.php?rest_route=\/wp\/v2\/pages\/5598\/revisions"}],"predecessor-version":[{"id":5919,"href":"https:\/\/www.ardpylab.fr\/index.php?rest_route=\/wp\/v2\/pages\/5598\/revisions\/5919"}],"wp:attachment":[{"href":"https:\/\/www.ardpylab.fr\/index.php?rest_route=%2Fwp%2Fv2%2Fmedia&parent=5598"}],"curies":[{"name":"wp","href":"https:\/\/api.w.org\/{rel}","templated":true}]}}