{"id":5687,"date":"2021-03-25T13:26:59","date_gmt":"2021-03-25T12:26:59","guid":{"rendered":"https:\/\/www.ardpylab.fr\/?page_id=5687"},"modified":"2021-03-29T14:19:27","modified_gmt":"2021-03-29T12:19:27","slug":"le-mode-tableur","status":"publish","type":"page","link":"https:\/\/www.ardpylab.fr\/?page_id=5687","title":{"rendered":"Enregistrement des donn\u00e9es envoy\u00e9es par l\u2019Arduino Uno"},"content":{"rendered":"\n<p><br>Dans un premier temps pour faire l\u2019acquisition des donn\u00e9es envoy\u00e9es par l\u2019Arduino Uno, on utilise le moniteur s\u00e9rie, comme dans l\u2019exemple ci-dessous o\u00f9 la charge du condensateur d\u2019un dip\u00f4le RC est \u00e9tudi\u00e9e, l\u2019Arduino mesurant la tension du condensateur en fonction du temps :<br><br><\/p>\n\n\n\n<figure class=\"wp-block-image size-large is-resized\"><img loading=\"lazy\" decoding=\"async\" src=\"https:\/\/www.ardpylab.fr\/wp-content\/uploads\/2021\/03\/ArdPyLog80-1024x576.png\" alt=\"\" class=\"wp-image-5693\" width=\"1024\" height=\"576\" srcset=\"https:\/\/www.ardpylab.fr\/wp-content\/uploads\/2021\/03\/ArdPyLog80-1024x576.png 1024w, https:\/\/www.ardpylab.fr\/wp-content\/uploads\/2021\/03\/ArdPyLog80-300x169.png 300w, https:\/\/www.ardpylab.fr\/wp-content\/uploads\/2021\/03\/ArdPyLog80-768x432.png 768w, https:\/\/www.ardpylab.fr\/wp-content\/uploads\/2021\/03\/ArdPyLog80-1536x864.png 1536w, https:\/\/www.ardpylab.fr\/wp-content\/uploads\/2021\/03\/ArdPyLog80.png 1920w\" sizes=\"auto, (max-width: 1024px) 100vw, 1024px\" \/><\/figure>\n\n\n\n<p>&nbsp;&nbsp;<\/p>\n\n\n<div  class=\"grids-section grids-is-advanced\" style=\"--_gs-gap-desktop:0px 0px;--_gs-m-desktop:0 0 0 0;--_gs-p-desktop:0 0 0 0;--_gs-bg-desktop:transparent none;--_gs-bg-xp-desktop:0px;--_gs-zi-desktop:auto;--_gs-d-desktop:block;--_gs-mw-desktop:calc(100% - 0 - 0);--_gs-gap-tablet:0px 0px;--_gs-m-tablet:0 0 0 0;--_gs-p-tablet:0 0 0 0;--_gs-bg-tablet:transparent none;--_gs-bg-xp-tablet:0px;--_gs-zi-tablet:auto;--_gs-d-tablet:block;--_gs-mw-tablet:calc(100% - 0 - 0);--_gs-gap-mobile:0px 0px;--_gs-m-mobile:0 0 0 0;--_gs-p-mobile:0 0 0 0;--_gs-bg-mobile:transparent none;--_gs-bg-xp-mobile:0px;--_gs-zi-mobile:auto;--_gs-d-mobile:block;--_gs-mw-mobile:calc(100% - 0 - 0);--_gs-columns:12;--_gs-rows:6\"><div class=\"grids-s-w_i\">\n<div class=\"grids-area\" style=\"--_ga-column:1\/11;--_ga-row:1\/2;--_ga-m-desktop:0 0 0 0;--_ga-p-desktop:0 0 0 0;--_ga-bg-desktop:transparent none;--_ga-zi-desktop:auto;--_ga-d-desktop:flex;--_ga-mw-desktop:calc(100% - 0 - 0);--_ga-m-tablet:0 0 0 0;--_ga-p-tablet:0 0 0 0;--_ga-bg-tablet:transparent none;--_ga-zi-tablet:auto;--_ga-d-tablet:flex;--_ga-mw-tablet:calc(100% - 0 - 0);--_ga-m-mobile:0 0 0 0;--_ga-p-mobile:0 0 0 0;--_ga-bg-mobile:transparent none;--_ga-zi-mobile:auto;--_ga-d-mobile:flex;--_ga-mw-mobile:calc(100% - 0 - 0)\">\n\n<p>L\u2019enregistrement des donn\u00e9es affich\u00e9es dans le moniteur s\u00e9rie se fait en passant en mode tableur en cliquant sur le bouton en haut du panneau central&nbsp;:<\/p>\n\n<\/div>\n\n<div class=\"grids-area\" style=\"--_ga-column:11\/13;--_ga-row:1\/2;--_ga-m-desktop:0 0 0 0;--_ga-p-desktop:0 0 0 0;--_ga-bg-desktop:transparent none;--_ga-zi-desktop:auto;--_ga-d-desktop:flex;--_ga-mw-desktop:calc(100% - 0 - 0);--_ga-m-tablet:0 0 0 0;--_ga-p-tablet:0 0 0 0;--_ga-bg-tablet:transparent none;--_ga-zi-tablet:auto;--_ga-d-tablet:flex;--_ga-mw-tablet:calc(100% - 0 - 0);--_ga-m-mobile:0 0 0 0;--_ga-p-mobile:0 0 0 0;--_ga-bg-mobile:transparent none;--_ga-zi-mobile:auto;--_ga-d-mobile:flex;--_ga-mw-mobile:calc(100% - 0 - 0)\">\n\n<figure class=\"wp-block-image size-large\"><img loading=\"lazy\" decoding=\"async\" width=\"38\" height=\"44\" src=\"https:\/\/www.ardpylab.fr\/wp-content\/uploads\/2021\/03\/ArdPyLog77.png\" alt=\"\" class=\"wp-image-5688\"\/><\/figure>\n\n<\/div>\n<\/div><\/div>\n\n\n<p><br>Le tableur est affich\u00e9 dans le panneau central et les donn\u00e9es re\u00e7ues par le moniteur s\u00e9rie sont visibles dans le panneau de droite&nbsp;:<\/p>\n\n\n\n<div class=\"wp-block-image\"><figure class=\"aligncenter size-large\"><img loading=\"lazy\" decoding=\"async\" width=\"479\" height=\"451\" src=\"https:\/\/www.ardpylab.fr\/wp-content\/uploads\/2021\/03\/ArdPyLog81.png\" alt=\"\" class=\"wp-image-5696\" srcset=\"https:\/\/www.ardpylab.fr\/wp-content\/uploads\/2021\/03\/ArdPyLog81.png 479w, https:\/\/www.ardpylab.fr\/wp-content\/uploads\/2021\/03\/ArdPyLog81-300x282.png 300w\" sizes=\"auto, (max-width: 479px) 100vw, 479px\" \/><\/figure><\/div>\n\n\n\n<p><br>Pour transf\u00e9rer les donn\u00e9es re\u00e7ues dans le moniteur s\u00e9rie, il faut s\u00e9lectionner les donn\u00e9es que l\u2019on souhaite conserver et exploiter, puis cliquer sur le bouton <img loading=\"lazy\" decoding=\"async\" class=\"alignnone size-full wp-image-5698\" src=\"https:\/\/www.ardpylab.fr\/wp-content\/uploads\/2021\/03\/ArdPyLog82.png\" alt=\"\" width=\"34\" height=\"32\">.<\/p>\n\n\n\n<figure class=\"wp-block-image size-large\"><img loading=\"lazy\" decoding=\"async\" width=\"1024\" height=\"628\" src=\"https:\/\/www.ardpylab.fr\/wp-content\/uploads\/2021\/03\/ArdPyLog83-1024x628.png\" alt=\"\" class=\"wp-image-5699\" srcset=\"https:\/\/www.ardpylab.fr\/wp-content\/uploads\/2021\/03\/ArdPyLog83-1024x628.png 1024w, https:\/\/www.ardpylab.fr\/wp-content\/uploads\/2021\/03\/ArdPyLog83-300x184.png 300w, https:\/\/www.ardpylab.fr\/wp-content\/uploads\/2021\/03\/ArdPyLog83-768x471.png 768w, https:\/\/www.ardpylab.fr\/wp-content\/uploads\/2021\/03\/ArdPyLog83-1536x941.png 1536w, https:\/\/www.ardpylab.fr\/wp-content\/uploads\/2021\/03\/ArdPyLog83.png 1586w\" sizes=\"auto, (max-width: 1024px) 100vw, 1024px\" \/><\/figure>\n\n\n\n<p><br>Les donn\u00e9es s\u00e9lectionn\u00e9es sont alors transf\u00e9r\u00e9es dans le tableur&nbsp;:<\/p>\n\n\n\n<div class=\"wp-block-image\"><figure class=\"aligncenter size-large is-resized\"><img loading=\"lazy\" decoding=\"async\" src=\"https:\/\/www.ardpylab.fr\/wp-content\/uploads\/2021\/03\/ArdPyLog84.png\" alt=\"\" class=\"wp-image-5700\" width=\"431\" height=\"671\" srcset=\"https:\/\/www.ardpylab.fr\/wp-content\/uploads\/2021\/03\/ArdPyLog84.png 574w, https:\/\/www.ardpylab.fr\/wp-content\/uploads\/2021\/03\/ArdPyLog84-193x300.png 193w\" sizes=\"auto, (max-width: 431px) 100vw, 431px\" \/><\/figure><\/div>\n\n\n\n<p><br \/>Il est alors conseill\u00e9 d\u2019<a href=\"https:\/\/www.ardpylab.fr\/?page_id=5716\/#anc1\">enregistrer les donn\u00e9es du tableur dans un fichier CSV<\/a>.<\/p>\n<p>\u00a0<\/p>\n\n\n<div  class=\"grids-section grids-is-advanced\" style=\"--_gs-gap-desktop:0px 0px;--_gs-m-desktop:0 0 0 0;--_gs-p-desktop:0 0 0 0;--_gs-bg-desktop:transparent none;--_gs-bg-xp-desktop:0px;--_gs-zi-desktop:auto;--_gs-d-desktop:block;--_gs-mw-desktop:calc(100% - 0 - 0);--_gs-gap-tablet:0px 0px;--_gs-m-tablet:0 0 0 0;--_gs-p-tablet:0 0 0 0;--_gs-bg-tablet:transparent none;--_gs-bg-xp-tablet:0px;--_gs-zi-tablet:auto;--_gs-d-tablet:block;--_gs-mw-tablet:calc(100% - 0 - 0);--_gs-gap-mobile:0px 0px;--_gs-m-mobile:0 0 0 0;--_gs-p-mobile:0 0 0 0;--_gs-bg-mobile:transparent none;--_gs-bg-xp-mobile:0px;--_gs-zi-mobile:auto;--_gs-d-mobile:block;--_gs-mw-mobile:calc(100% - 0 - 0);--_gs-columns:12;--_gs-rows:6\"><div class=\"grids-s-w_i\">\n<div class=\"grids-area\" style=\"--_ga-column:1\/2;--_ga-row:1\/2;--_ga-m-desktop:0 0 0 0;--_ga-p-desktop:0 0 0 0;--_ga-bg-desktop:transparent none;--_ga-zi-desktop:auto;--_ga-d-desktop:flex;--_ga-mw-desktop:calc(100% - 0 - 0);--_ga-m-tablet:0 0 0 0;--_ga-p-tablet:0 0 0 0;--_ga-bg-tablet:transparent none;--_ga-zi-tablet:auto;--_ga-d-tablet:flex;--_ga-mw-tablet:calc(100% - 0 - 0);--_ga-m-mobile:0 0 0 0;--_ga-p-mobile:0 0 0 0;--_ga-bg-mobile:transparent none;--_ga-zi-mobile:auto;--_ga-d-mobile:flex;--_ga-mw-mobile:calc(100% - 0 - 0)\">\n\n<figure class=\"wp-block-image size-large\"><a href=\"https:\/\/www.ardpylab.fr\/?page_id=5704\"><img loading=\"lazy\" decoding=\"async\" width=\"50\" height=\"28\" src=\"https:\/\/www.ardpylab.fr\/wp-content\/uploads\/2020\/03\/moins.jpg\" alt=\"\" class=\"wp-image-107\"\/><\/a><\/figure>\n\n<\/div>\n\n<div class=\"grids-area\" style=\"--_ga-column:12\/13;--_ga-row:1\/2;--_ga-m-desktop:0 0 0 0;--_ga-p-desktop:0 0 0 0;--_ga-bg-desktop:transparent none;--_ga-zi-desktop:auto;--_ga-d-desktop:flex;--_ga-mw-desktop:calc(100% - 0 - 0);--_ga-m-tablet:0 0 0 0;--_ga-p-tablet:0 0 0 0;--_ga-bg-tablet:transparent none;--_ga-zi-tablet:auto;--_ga-d-tablet:flex;--_ga-mw-tablet:calc(100% - 0 - 0);--_ga-m-mobile:0 0 0 0;--_ga-p-mobile:0 0 0 0;--_ga-bg-mobile:transparent none;--_ga-zi-mobile:auto;--_ga-d-mobile:flex;--_ga-mw-mobile:calc(100% - 0 - 0)\">\n\n<figure class=\"wp-block-image size-large\"><a href=\"https:\/\/www.ardpylab.fr\/?page_id=5716\"><img loading=\"lazy\" decoding=\"async\" width=\"50\" height=\"28\" src=\"https:\/\/www.ardpylab.fr\/wp-content\/uploads\/2020\/03\/plus.jpg\" alt=\"\" class=\"wp-image-106\"\/><\/a><\/figure>\n\n<\/div>\n<\/div><\/div>","protected":false},"excerpt":{"rendered":"<p>Dans un premier temps pour faire l\u2019acquisition des donn\u00e9es envoy\u00e9es par l\u2019Arduino Uno, on utilise le moniteur s\u00e9rie, comme dans l\u2019exemple ci-dessous o\u00f9 la charge du condensateur d\u2019un dip\u00f4le RC est \u00e9tudi\u00e9e, l\u2019Arduino mesurant la tension du condensateur en fonction du temps : &nbsp;&nbsp; Le tableur est affich\u00e9 dans le panneau central et les donn\u00e9es [&hellip;]<\/p>\n","protected":false},"author":1,"featured_media":0,"parent":0,"menu_order":0,"comment_status":"closed","ping_status":"closed","template":"","meta":{"footnotes":""},"class_list":["post-5687","page","type-page","status-publish","hentry"],"_links":{"self":[{"href":"https:\/\/www.ardpylab.fr\/index.php?rest_route=\/wp\/v2\/pages\/5687","targetHints":{"allow":["GET"]}}],"collection":[{"href":"https:\/\/www.ardpylab.fr\/index.php?rest_route=\/wp\/v2\/pages"}],"about":[{"href":"https:\/\/www.ardpylab.fr\/index.php?rest_route=\/wp\/v2\/types\/page"}],"author":[{"embeddable":true,"href":"https:\/\/www.ardpylab.fr\/index.php?rest_route=\/wp\/v2\/users\/1"}],"replies":[{"embeddable":true,"href":"https:\/\/www.ardpylab.fr\/index.php?rest_route=%2Fwp%2Fv2%2Fcomments&post=5687"}],"version-history":[{"count":9,"href":"https:\/\/www.ardpylab.fr\/index.php?rest_route=\/wp\/v2\/pages\/5687\/revisions"}],"predecessor-version":[{"id":5923,"href":"https:\/\/www.ardpylab.fr\/index.php?rest_route=\/wp\/v2\/pages\/5687\/revisions\/5923"}],"wp:attachment":[{"href":"https:\/\/www.ardpylab.fr\/index.php?rest_route=%2Fwp%2Fv2%2Fmedia&parent=5687"}],"curies":[{"name":"wp","href":"https:\/\/api.w.org\/{rel}","templated":true}]}}