{"id":5704,"date":"2021-03-25T13:43:57","date_gmt":"2021-03-25T12:43:57","guid":{"rendered":"https:\/\/www.ardpylab.fr\/?page_id=5704"},"modified":"2021-03-25T15:42:47","modified_gmt":"2021-03-25T14:42:47","slug":"le-mode-tableur-2","status":"publish","type":"page","link":"https:\/\/www.ardpylab.fr\/?page_id=5704","title":{"rendered":"Le mode \u00ab Tableur \u00bb"},"content":{"rendered":"\n<p>&nbsp; &nbsp;<\/p>\n\n\n<div  class=\"grids-section grids-is-advanced\" style=\"--_gs-gap-desktop:0px 0px;--_gs-m-desktop:0 0 0 0;--_gs-p-desktop:0 0 0 0;--_gs-bg-desktop:transparent none;--_gs-bg-xp-desktop:0px;--_gs-zi-desktop:auto;--_gs-d-desktop:block;--_gs-mw-desktop:calc(100% - 0 - 0);--_gs-gap-tablet:0px 0px;--_gs-m-tablet:0 0 0 0;--_gs-p-tablet:0 0 0 0;--_gs-bg-tablet:transparent none;--_gs-bg-xp-tablet:0px;--_gs-zi-tablet:auto;--_gs-d-tablet:block;--_gs-mw-tablet:calc(100% - 0 - 0);--_gs-gap-mobile:0px 0px;--_gs-m-mobile:0 0 0 0;--_gs-p-mobile:0 0 0 0;--_gs-bg-mobile:transparent none;--_gs-bg-xp-mobile:0px;--_gs-zi-mobile:auto;--_gs-d-mobile:block;--_gs-mw-mobile:calc(100% - 0 - 0);--_gs-columns:12;--_gs-rows:6\"><div class=\"grids-s-w_i\">\n<div class=\"grids-area\" style=\"--_ga-column:1\/11;--_ga-row:1\/2;--_ga-m-desktop:0 0 0 0;--_ga-p-desktop:0 0 0 0;--_ga-bg-desktop:transparent none;--_ga-zi-desktop:auto;--_ga-d-desktop:flex;--_ga-mw-desktop:calc(100% - 0 - 0);--_ga-m-tablet:0 0 0 0;--_ga-p-tablet:0 0 0 0;--_ga-bg-tablet:transparent none;--_ga-zi-tablet:auto;--_ga-d-tablet:flex;--_ga-mw-tablet:calc(100% - 0 - 0);--_ga-m-mobile:0 0 0 0;--_ga-p-mobile:0 0 0 0;--_ga-bg-mobile:transparent none;--_ga-zi-mobile:auto;--_ga-d-mobile:flex;--_ga-mw-mobile:calc(100% - 0 - 0)\">\n\n<p><strong>ArdPyLog <\/strong>dispose d\u2019un tableur pour l\u2019exploitation des donn\u00e9es envoy\u00e9es par l\u2019Arduino Uno. Celui-ci est accessible en cliquant sur&nbsp;:<\/p>\n\n<\/div>\n\n<div class=\"grids-area\" style=\"--_ga-column:11\/13;--_ga-row:1\/2;--_ga-m-desktop:0 0 0 0;--_ga-p-desktop:0 0 0 0;--_ga-bg-desktop:transparent none;--_ga-zi-desktop:auto;--_ga-d-desktop:flex;--_ga-mw-desktop:calc(100% - 0 - 0);--_ga-m-tablet:0 0 0 0;--_ga-p-tablet:0 0 0 0;--_ga-bg-tablet:transparent none;--_ga-zi-tablet:auto;--_ga-d-tablet:flex;--_ga-mw-tablet:calc(100% - 0 - 0);--_ga-m-mobile:0 0 0 0;--_ga-p-mobile:0 0 0 0;--_ga-bg-mobile:transparent none;--_ga-zi-mobile:auto;--_ga-d-mobile:flex;--_ga-mw-mobile:calc(100% - 0 - 0)\">\n\n<figure class=\"wp-block-image size-large\"><img loading=\"lazy\" decoding=\"async\" width=\"38\" height=\"44\" src=\"https:\/\/www.ardpylab.fr\/wp-content\/uploads\/2021\/03\/ArdPyLog77.png\" alt=\"\" class=\"wp-image-5688\"\/><\/figure>\n\n<\/div>\n<\/div><\/div>\n\n\n<p>Ce bouton est situ\u00e9 dans la barre de menu principale&nbsp;:<\/p>\n\n\n\n<div class=\"wp-block-image\"><figure class=\"aligncenter size-large\"><img loading=\"lazy\" decoding=\"async\" width=\"367\" height=\"83\" src=\"https:\/\/www.ardpylab.fr\/wp-content\/uploads\/2021\/03\/ArdPyLog78.png\" alt=\"\" class=\"wp-image-5689\" srcset=\"https:\/\/www.ardpylab.fr\/wp-content\/uploads\/2021\/03\/ArdPyLog78.png 367w, https:\/\/www.ardpylab.fr\/wp-content\/uploads\/2021\/03\/ArdPyLog78-300x68.png 300w\" sizes=\"auto, (max-width: 367px) 100vw, 367px\" \/><\/figure><\/div>\n\n\n\n<p><br>ou dans la fen\u00eatre du moniteur s\u00e9rie (voir page \u00ab<a href=\"https:\/\/www.ardpylab.fr\/?page_id=5657\/#anc2\">Le moniteur s\u00e9rie<\/a>\u00bb).<\/p>\n\n\n\n<figure class=\"wp-block-image size-large\"><img loading=\"lazy\" decoding=\"async\" width=\"1024\" height=\"897\" src=\"https:\/\/www.ardpylab.fr\/wp-content\/uploads\/2021\/03\/ArdPyLog79-1024x897.png\" alt=\"\" class=\"wp-image-5690\" srcset=\"https:\/\/www.ardpylab.fr\/wp-content\/uploads\/2021\/03\/ArdPyLog79-1024x897.png 1024w, https:\/\/www.ardpylab.fr\/wp-content\/uploads\/2021\/03\/ArdPyLog79-300x263.png 300w, https:\/\/www.ardpylab.fr\/wp-content\/uploads\/2021\/03\/ArdPyLog79-768x673.png 768w, https:\/\/www.ardpylab.fr\/wp-content\/uploads\/2021\/03\/ArdPyLog79.png 1106w\" sizes=\"auto, (max-width: 1024px) 100vw, 1024px\" \/><\/figure>\n\n\n\n<p style=\"text-align: center;\"><strong><em><u>Tableur d\u2019ArdPylog<\/u><\/em><\/strong><\/p>\n\n\n\n<p>\u00a0<\/p>\n<h4><strong>1.\u00a0 <\/strong><a href=\"https:\/\/www.ardpylab.fr\/?page_id=5687\"><strong><u>Enregistrement des donn\u00e9es envoy\u00e9es par l\u2019Arduino Uno<\/u><\/strong><\/a><br \/><br \/><\/h4>\n<h4><strong>2.\u00a0 <\/strong><a href=\"https:\/\/www.ardpylab.fr\/?page_id=5716\"><strong><u>Utilisation du tableur<\/u><\/strong><\/a><\/h4>\n<p style=\"padding-left: 40px;\"><strong>2.1 <a href=\"https:\/\/www.ardpylab.fr\/?page_id=5716\/#anc1\">La barre de menu de gestion des fichiers CSV<\/a><\/strong><\/p>\n<p style=\"padding-left: 40px;\"><strong>2.2 <a href=\"https:\/\/www.ardpylab.fr\/?page_id=5716\/#anc2\">La barre de gestion des variables et des donn\u00e9es du tableur<\/a><\/strong><\/p>\n<p style=\"padding-left: 40px;\"><strong>2.3 <a href=\"https:\/\/www.ardpylab.fr\/?page_id=5716\/#anc3\">Manipulation des donn\u00e9es et des variables<\/a><\/strong><\/p>\n<h4><br \/><strong>3.\u00a0 <\/strong><a href=\"https:\/\/www.ardpylab.fr\/?page_id=5755\"><strong><u>Exploitation graphique des donn\u00e9es du tableur<\/u><\/strong><\/a><\/h4>\n<p style=\"padding-left: 40px;\"><strong>3.1 <a href=\"https:\/\/www.ardpylab.fr\/?page_id=5755\/#anc1\">Modification des param\u00e8tres du graphe<\/a><\/strong><\/p>\n<p style=\"padding-left: 40px;\"><strong>3.2 <a href=\"https:\/\/www.ardpylab.fr\/?page_id=5755\/#anc2\">Mod\u00e9lisation des fonctions Y=F(X)<\/a><\/strong><\/p>\n<p style=\"padding-left: 40px;\"><strong>3.3 <a href=\"https:\/\/www.ardpylab.fr\/?page_id=5755\/#anc3\">Les outils graphiques<\/a><\/strong><\/p>\n<p style=\"padding-left: 40px;\"><strong>3.4 <a href=\"https:\/\/www.ardpylab.fr\/?page_id=5755\/#anc4\">L\u2019onglet \u00ab\u00a0Tableur\u00a0\u00bb<\/a><\/strong><\/p>\n<p>\u00a0<\/p>\n\n\n<div  class=\"grids-section grids-is-advanced\" style=\"--_gs-gap-desktop:0px 0px;--_gs-m-desktop:0 0 0 0;--_gs-p-desktop:0 0 0 0;--_gs-bg-desktop:transparent none;--_gs-bg-xp-desktop:0px;--_gs-zi-desktop:auto;--_gs-d-desktop:block;--_gs-mw-desktop:calc(100% - 0 - 0);--_gs-gap-tablet:0px 0px;--_gs-m-tablet:0 0 0 0;--_gs-p-tablet:0 0 0 0;--_gs-bg-tablet:transparent none;--_gs-bg-xp-tablet:0px;--_gs-zi-tablet:auto;--_gs-d-tablet:block;--_gs-mw-tablet:calc(100% - 0 - 0);--_gs-gap-mobile:0px 0px;--_gs-m-mobile:0 0 0 0;--_gs-p-mobile:0 0 0 0;--_gs-bg-mobile:transparent none;--_gs-bg-xp-mobile:0px;--_gs-zi-mobile:auto;--_gs-d-mobile:block;--_gs-mw-mobile:calc(100% - 0 - 0);--_gs-columns:12;--_gs-rows:6\"><div class=\"grids-s-w_i\">\n<div class=\"grids-area\" style=\"--_ga-column:1\/2;--_ga-row:1\/2;--_ga-m-desktop:0 0 0 0;--_ga-p-desktop:0 0 0 0;--_ga-bg-desktop:transparent none;--_ga-zi-desktop:auto;--_ga-d-desktop:flex;--_ga-mw-desktop:calc(100% - 0 - 0);--_ga-m-tablet:0 0 0 0;--_ga-p-tablet:0 0 0 0;--_ga-bg-tablet:transparent none;--_ga-zi-tablet:auto;--_ga-d-tablet:flex;--_ga-mw-tablet:calc(100% - 0 - 0);--_ga-m-mobile:0 0 0 0;--_ga-p-mobile:0 0 0 0;--_ga-bg-mobile:transparent none;--_ga-zi-mobile:auto;--_ga-d-mobile:flex;--_ga-mw-mobile:calc(100% - 0 - 0)\">\n\n<figure class=\"wp-block-image size-large\"><a href=\"https:\/\/www.ardpylab.fr\/?page_id=5657\"><img loading=\"lazy\" decoding=\"async\" width=\"50\" height=\"28\" src=\"https:\/\/www.ardpylab.fr\/wp-content\/uploads\/2020\/03\/moins.jpg\" alt=\"\" class=\"wp-image-107\"\/><\/a><\/figure>\n\n<\/div>\n\n<div class=\"grids-area\" style=\"--_ga-column:12\/13;--_ga-row:1\/2;--_ga-m-desktop:0 0 0 0;--_ga-p-desktop:0 0 0 0;--_ga-bg-desktop:transparent none;--_ga-zi-desktop:auto;--_ga-d-desktop:flex;--_ga-mw-desktop:calc(100% - 0 - 0);--_ga-m-tablet:0 0 0 0;--_ga-p-tablet:0 0 0 0;--_ga-bg-tablet:transparent none;--_ga-zi-tablet:auto;--_ga-d-tablet:flex;--_ga-mw-tablet:calc(100% - 0 - 0);--_ga-m-mobile:0 0 0 0;--_ga-p-mobile:0 0 0 0;--_ga-bg-mobile:transparent none;--_ga-zi-mobile:auto;--_ga-d-mobile:flex;--_ga-mw-mobile:calc(100% - 0 - 0)\">\n\n<figure class=\"wp-block-image size-large\"><a href=\"https:\/\/www.ardpylab.fr\/?page_id=5687\"><img loading=\"lazy\" decoding=\"async\" width=\"50\" height=\"28\" src=\"https:\/\/www.ardpylab.fr\/wp-content\/uploads\/2020\/03\/plus.jpg\" alt=\"\" class=\"wp-image-106\"\/><\/a><\/figure>\n\n<\/div>\n<\/div><\/div>","protected":false},"excerpt":{"rendered":"<p>&nbsp; &nbsp; Ce bouton est situ\u00e9 dans la barre de menu principale&nbsp;: ou dans la fen\u00eatre du moniteur s\u00e9rie (voir page \u00abLe moniteur s\u00e9rie\u00bb). Tableur d\u2019ArdPylog \u00a0 1.\u00a0 Enregistrement des donn\u00e9es envoy\u00e9es par l\u2019Arduino Uno 2.\u00a0 Utilisation du tableur 2.1 La barre de menu de gestion des fichiers CSV 2.2 La barre de gestion des [&hellip;]<\/p>\n","protected":false},"author":1,"featured_media":0,"parent":0,"menu_order":0,"comment_status":"closed","ping_status":"closed","template":"","meta":{"footnotes":""},"class_list":["post-5704","page","type-page","status-publish","hentry"],"_links":{"self":[{"href":"https:\/\/www.ardpylab.fr\/index.php?rest_route=\/wp\/v2\/pages\/5704","targetHints":{"allow":["GET"]}}],"collection":[{"href":"https:\/\/www.ardpylab.fr\/index.php?rest_route=\/wp\/v2\/pages"}],"about":[{"href":"https:\/\/www.ardpylab.fr\/index.php?rest_route=\/wp\/v2\/types\/page"}],"author":[{"embeddable":true,"href":"https:\/\/www.ardpylab.fr\/index.php?rest_route=\/wp\/v2\/users\/1"}],"replies":[{"embeddable":true,"href":"https:\/\/www.ardpylab.fr\/index.php?rest_route=%2Fwp%2Fv2%2Fcomments&post=5704"}],"version-history":[{"count":7,"href":"https:\/\/www.ardpylab.fr\/index.php?rest_route=\/wp\/v2\/pages\/5704\/revisions"}],"predecessor-version":[{"id":5804,"href":"https:\/\/www.ardpylab.fr\/index.php?rest_route=\/wp\/v2\/pages\/5704\/revisions\/5804"}],"wp:attachment":[{"href":"https:\/\/www.ardpylab.fr\/index.php?rest_route=%2Fwp%2Fv2%2Fmedia&parent=5704"}],"curies":[{"name":"wp","href":"https:\/\/api.w.org\/{rel}","templated":true}]}}