{"id":5716,"date":"2021-03-25T14:01:51","date_gmt":"2021-03-25T13:01:51","guid":{"rendered":"https:\/\/www.ardpylab.fr\/?page_id=5716"},"modified":"2021-03-29T14:26:10","modified_gmt":"2021-03-29T12:26:10","slug":"utilisation-du-tableur","status":"publish","type":"page","link":"https:\/\/www.ardpylab.fr\/?page_id=5716","title":{"rendered":"Utilisation du tableur"},"content":{"rendered":"\n<p>&nbsp;<\/p>\n<p>Le mode d\u2019utilisation du tableur d\u2019ArdPylog est similaire \u00e0 celui des autres tableurs qui servent g\u00e9n\u00e9ralement pour l\u2019exploitation des exp\u00e9riences de sciences physiques.<br><br><\/p>\n<h4><a id=\"anc1\"><\/a>1. <u>La barre de menu de gestion des fichiers CSV<br><br><\/u><\/h4>\n<p>La barre de menu pour la gestion des fichiers CSV est constitu\u00e9e de 5 boutons&nbsp;:<\/p>\n\n\n\n<div class=\"wp-block-image\"><figure class=\"aligncenter size-large\"><img loading=\"lazy\" decoding=\"async\" width=\"310\" height=\"41\" src=\"https:\/\/www.ardpylab.fr\/wp-content\/uploads\/2021\/03\/ArdPyLog85.png\" alt=\"\" class=\"wp-image-5717\" srcset=\"https:\/\/www.ardpylab.fr\/wp-content\/uploads\/2021\/03\/ArdPyLog85.png 310w, https:\/\/www.ardpylab.fr\/wp-content\/uploads\/2021\/03\/ArdPyLog85-300x40.png 300w\" sizes=\"auto, (max-width: 310px) 100vw, 310px\" \/><\/figure><\/div>\n\n\n\n<p><br>&#8211; <img loading=\"lazy\" decoding=\"async\" class=\"alignnone size-full wp-image-5722\" src=\"https:\/\/www.ardpylab.fr\/wp-content\/uploads\/2021\/03\/ArdPyLog86.png\" alt=\"\" width=\"27\" height=\"35\">&nbsp;: Cr\u00e9e un nouveau fichier CSV pour une utilisation en mode manuel,<\/p>\n<p>&#8211; <img loading=\"lazy\" decoding=\"async\" class=\"alignnone size-full wp-image-5721\" src=\"https:\/\/www.ardpylab.fr\/wp-content\/uploads\/2021\/03\/ArdPyLog87.png\" alt=\"\" width=\"42\" height=\"34\">&nbsp;: Ouvre un fichier CSV,<\/p>\n<p>&#8211; <img loading=\"lazy\" decoding=\"async\" class=\"alignnone size-full wp-image-5720\" src=\"https:\/\/www.ardpylab.fr\/wp-content\/uploads\/2021\/03\/ArdPyLog88.png\" alt=\"\" width=\"31\" height=\"34\">&nbsp;: Enregistre le fichier CSV sous le nom d\u00e9j\u00e0 d\u00e9fini. Dans le cas d\u2019un nouveau tableur, le nom et le chemin du fichier est demand\u00e9,<\/p>\n<p>&#8211; <img loading=\"lazy\" decoding=\"async\" class=\"alignnone size-full wp-image-5719\" src=\"https:\/\/www.ardpylab.fr\/wp-content\/uploads\/2021\/03\/ArdPyLog89.png\" alt=\"\" width=\"36\" height=\"34\">&nbsp;: Enregistre le tableur sous un nom et un chemin sp\u00e9cifique,<\/p>\n<p>&#8211; <img loading=\"lazy\" decoding=\"async\" class=\"alignnone size-full wp-image-5718\" src=\"https:\/\/www.ardpylab.fr\/wp-content\/uploads\/2021\/03\/ArdPyLog90.png\" alt=\"\" width=\"34\" height=\"31\">&nbsp;: Affiche la fen\u00eatre d\u2019exploitation graphique du fichier CSV (voir page \u00ab<a href=\"https:\/\/www.ardpylab.fr\/?page_id=5755\">Exploitation graphique<\/a>\u00bb).<br><br><br><\/p>\n\n\n\n<h4><a id=\"anc2\"><\/a>2. <u>La barre de gestion des variables et des donn\u00e9es du tableur<\/u><\/h4>\n<p><br>En dessous de la barre de menu pour la gestion des fichiers CSV, se trouve la barre de gestion des variables et des donn\u00e9es du tableur&nbsp;:<br><br><\/p>\n\n\n\n<div class=\"wp-block-image\"><figure class=\"aligncenter size-large\"><img loading=\"lazy\" decoding=\"async\" width=\"461\" height=\"47\" src=\"https:\/\/www.ardpylab.fr\/wp-content\/uploads\/2021\/03\/ArdPyLog91.png\" alt=\"\" class=\"wp-image-5725\" srcset=\"https:\/\/www.ardpylab.fr\/wp-content\/uploads\/2021\/03\/ArdPyLog91.png 461w, https:\/\/www.ardpylab.fr\/wp-content\/uploads\/2021\/03\/ArdPyLog91-300x31.png 300w\" sizes=\"auto, (max-width: 461px) 100vw, 461px\" \/><\/figure><\/div>\n\n\n\n<p><br>Celle-ci est constitu\u00e9e de 4 boutons, d\u2019une zone de texte et d\u2019un num\u00e9ro:<\/p>\n<p style=\"padding-left: 40px;\">&#8211; Le num\u00e9ro correspond au num\u00e9ro de la ligne du tableur s\u00e9lectionn\u00e9e,<\/p>\n<p style=\"padding-left: 40px;\">&#8211; La zone de texte sert \u00e0 entrer manuellement des valeurs dans une case du tableur s\u00e9lectionn\u00e9e,<\/p>\n<p style=\"padding-left: 40px;\">&#8211; <img loading=\"lazy\" decoding=\"async\" class=\"alignnone size-full wp-image-5731\" src=\"https:\/\/www.ardpylab.fr\/wp-content\/uploads\/2021\/03\/ArdPyLog92.png\" alt=\"\" width=\"32\" height=\"30\">&nbsp;: sert \u00e0 transferer les donn\u00e9es du moniteur s\u00e9rie vers le tableur ou \u00e0 valider les valeurs saisies manuellement dans la zone de texte,<\/p>\n<p style=\"padding-left: 40px;\">&#8211; <img loading=\"lazy\" decoding=\"async\" class=\"alignnone size-full wp-image-5730\" src=\"https:\/\/www.ardpylab.fr\/wp-content\/uploads\/2021\/03\/ArdPyLog93.png\" alt=\"\" width=\"32\" height=\"31\">&nbsp;: Efface la ligne du tableur s\u00e9lectionn\u00e9e,<\/p>\n<p style=\"padding-left: 40px;\">&#8211; <img loading=\"lazy\" decoding=\"async\" class=\"alignnone size-full wp-image-5729\" src=\"https:\/\/www.ardpylab.fr\/wp-content\/uploads\/2021\/03\/ArdPyLog94.png\" alt=\"\" width=\"32\" height=\"30\">&nbsp;: Ajoute une colonne au tableur (\u00e0 utiliser pour ajouter une variable),<\/p>\n<p style=\"padding-left: 40px;\">&#8211; <img loading=\"lazy\" decoding=\"async\" class=\"alignnone size-full wp-image-5728\" src=\"https:\/\/www.ardpylab.fr\/wp-content\/uploads\/2021\/03\/ArdPyLog95.png\" alt=\"\" width=\"32\" height=\"30\">&nbsp;: Ajoute une ligne au tableur pour une saisie manuelle des valeurs.<br><br><\/p>\n\n\n\n<h4><br><a id=\"anc3\"><\/a>3. <u>Manipulation des donn\u00e9es et des variables<\/u><\/h4>\n<p><br>&#8211; <strong><u>S\u00e9lection d\u2019une ligne du tableur<\/u><\/strong> :<\/p>\n<p>Pour s\u00e9lectionner une ligne, il faut cliquer sur le num\u00e9ro de la ligne correspondant.<\/p>\n\n\n\n<div class=\"wp-block-image\"><figure class=\"aligncenter size-large is-resized\"><img loading=\"lazy\" decoding=\"async\" src=\"https:\/\/www.ardpylab.fr\/wp-content\/uploads\/2021\/03\/ArdPyLog96.png\" alt=\"\" class=\"wp-image-5727\" width=\"373\" height=\"232\" srcset=\"https:\/\/www.ardpylab.fr\/wp-content\/uploads\/2021\/03\/ArdPyLog96.png 497w, https:\/\/www.ardpylab.fr\/wp-content\/uploads\/2021\/03\/ArdPyLog96-300x187.png 300w\" sizes=\"auto, (max-width: 373px) 100vw, 373px\" \/><\/figure><\/div>\n\n\n\n<p>Cette fonction est utile pour effacer la ligne de donn\u00e9es s\u00e9lectionn\u00e9e en cliquant ensuite sur <img loading=\"lazy\" decoding=\"async\" class=\"alignnone size-full wp-image-5730\" src=\"https:\/\/www.ardpylab.fr\/wp-content\/uploads\/2021\/03\/ArdPyLog93.png\" alt=\"\" width=\"32\" height=\"31\">.<\/p>\n\n\n\n<p>&nbsp;<\/p>\n<p>&#8211; <strong><u>S\u00e9lection d\u2019une case du tableur<\/u><\/strong>&nbsp;:<\/p>\n<p>Pour s\u00e9lectionner une case du tableur, il faut effectuer un double clic dessus. Si la case contient une valeur, celle-ci est affich\u00e9e dans la zone de texte&nbsp;:<\/p>\n\n\n\n<div class=\"wp-block-image\"><figure class=\"aligncenter size-large is-resized\"><img loading=\"lazy\" decoding=\"async\" src=\"https:\/\/www.ardpylab.fr\/wp-content\/uploads\/2021\/03\/ArdPyLog98.png\" alt=\"\" class=\"wp-image-5736\" width=\"350\" height=\"119\" srcset=\"https:\/\/www.ardpylab.fr\/wp-content\/uploads\/2021\/03\/ArdPyLog98.png 466w, https:\/\/www.ardpylab.fr\/wp-content\/uploads\/2021\/03\/ArdPyLog98-300x102.png 300w\" sizes=\"auto, (max-width: 350px) 100vw, 350px\" \/><\/figure><\/div>\n\n\n\n<p>La valeur peut \u00eatre modifi\u00e9e, soit \u00e0 partir de la zone de texte en validant avec <img loading=\"lazy\" decoding=\"async\" class=\"alignnone size-full wp-image-5731\" src=\"https:\/\/www.ardpylab.fr\/wp-content\/uploads\/2021\/03\/ArdPyLog92.png\" alt=\"\" width=\"32\" height=\"30\"> ou avec la touche \u00ab<strong>Entr\u00e9e<\/strong>\u00bb, soit directement \u00e0 partir de la case s\u00e9lectionn\u00e9e en validant avec la touche \u00ab<strong>Entr\u00e9e<\/strong>\u00bb. <br>Et si initialement la case est vide, une valeur peut \u00eatre saisie de la m\u00eame fa\u00e7on.<br><br><\/p>\n\n\n\n<p><br>&#8211; <strong><u>S\u00e9lection d\u2019une colonne du tableur<\/u><\/strong>&nbsp;:<\/p>\n<p>La s\u00e9lection d\u2019une colonne du tableur et donc d\u2019une variable du tableur se fait par un double clic sur l\u2019ent\u00eate de la colonne.<\/p>\n\n\n\n<div class=\"wp-block-image\"><figure class=\"aligncenter size-large is-resized\"><img loading=\"lazy\" decoding=\"async\" src=\"https:\/\/www.ardpylab.fr\/wp-content\/uploads\/2021\/03\/ArdPyLog99.png\" alt=\"\" class=\"wp-image-5737\" width=\"338\" height=\"128\" srcset=\"https:\/\/www.ardpylab.fr\/wp-content\/uploads\/2021\/03\/ArdPyLog99.png 450w, https:\/\/www.ardpylab.fr\/wp-content\/uploads\/2021\/03\/ArdPyLog99-300x114.png 300w\" sizes=\"auto, (max-width: 338px) 100vw, 338px\" \/><\/figure><\/div>\n\n\n\n<p><br>Une fen\u00eatre permettant de modifier la variable s\u00e9lectionn\u00e9e est affich\u00e9e dans le panneau de droite&nbsp;:<br><br><\/p>\n\n\n\n<div class=\"wp-block-image\"><figure class=\"aligncenter size-large is-resized\"><img loading=\"lazy\" decoding=\"async\" src=\"https:\/\/www.ardpylab.fr\/wp-content\/uploads\/2021\/03\/ArdPyLog100.png\" alt=\"\" class=\"wp-image-5738\" width=\"360\" height=\"253\" srcset=\"https:\/\/www.ardpylab.fr\/wp-content\/uploads\/2021\/03\/ArdPyLog100.png 480w, https:\/\/www.ardpylab.fr\/wp-content\/uploads\/2021\/03\/ArdPyLog100-300x211.png 300w\" sizes=\"auto, (max-width: 360px) 100vw, 360px\" \/><\/figure><\/div>\n\n\n\n<p>Le nom de la variable, l\u2019unit\u00e9 et une \u00e9ventuelle expression math\u00e9matique peuvent ainsi \u00eatre modifi\u00e9s.<\/p>\n<p>Les modifications sont valid\u00e9es ou annul\u00e9es en cliquant respectivement sur les boutons de la fen\u00eatre \u00ab&nbsp;<strong>Tableur \u2013 Param\u00e8tres<\/strong> \u00bb&nbsp;suivant:<\/p>\n\n\n\n<div class=\"wp-block-image\"><figure class=\"aligncenter size-large\"><img loading=\"lazy\" decoding=\"async\" width=\"119\" height=\"57\" src=\"https:\/\/www.ardpylab.fr\/wp-content\/uploads\/2021\/03\/ArdPyLog101.png\" alt=\"\" class=\"wp-image-5739\"\/><\/figure><\/div>\n\n\n\n<p><br>&#8211; <strong><u>Ajout d\u2019une variable<\/u><\/strong>&nbsp;:<\/p>\n<p>Pour ajouter une variable et donc une colonne au tableur, il existe 2 possibilit\u00e9s&nbsp;:<\/p>\n<p style=\"padding-left: 40px;\">. Cliquer sur le bouton <img loading=\"lazy\" decoding=\"async\" class=\"alignnone size-full wp-image-5729\" src=\"https:\/\/www.ardpylab.fr\/wp-content\/uploads\/2021\/03\/ArdPyLog94.png\" alt=\"\" width=\"32\" height=\"30\">,<br>. Double clic sur l\u2019ent\u00eate de la derni\u00e8re colonne.<\/p>\n<p>Une fen\u00eatre permettant d\u2019ajouter une variable est alors affich\u00e9e dans le panneau de droite :<\/p>\n\n\n\n<div class=\"wp-block-image\"><figure class=\"aligncenter size-large is-resized\"><img loading=\"lazy\" decoding=\"async\" src=\"https:\/\/www.ardpylab.fr\/wp-content\/uploads\/2021\/03\/ArdPyLog102.png\" alt=\"\" class=\"wp-image-5740\" width=\"359\" height=\"260\" srcset=\"https:\/\/www.ardpylab.fr\/wp-content\/uploads\/2021\/03\/ArdPyLog102.png 478w, https:\/\/www.ardpylab.fr\/wp-content\/uploads\/2021\/03\/ArdPyLog102-300x217.png 300w\" sizes=\"auto, (max-width: 359px) 100vw, 359px\" \/><\/figure><\/div>\n\n\n\n<p><br \/>L\u2019ajout de la nouvelle variable est valid\u00e9 ou annul\u00e9 de la m\u00eame fa\u00e7on que pour la modification d\u2019une variable.<\/p>\n<p><u>Remarques<\/u>\u00a0:<\/p>\n<p>Dans les expressions math\u00e9matiques appliqu\u00e9es aux variables, certaines r\u00e8gles sont \u00e0 respecter :<\/p>\n<p style=\"padding-left: 40px;\">. Utilisation du point pour la virgule des nombres d\u00e9cimaux,<br \/><br \/>. Respect de la casse des noms des variables intervenant dans les expressions math\u00e9matiques,<br \/><br \/>. Utilisation des op\u00e9rateurs math\u00e9matiques suivants :<\/p>\n<p style=\"padding-left: 80px;\">&#8211; Addition : <strong>+<br \/><\/strong>&#8211; Soustraction : <strong>&#8211;<br \/><\/strong>&#8211; Multiplication : <strong>*<br \/><\/strong>&#8211; Division : <strong>\/<\/strong><\/p>\n<p style=\"padding-left: 40px;\">. Utilisation des fonctions math\u00e9matiques suivantes :<\/p>\n<p style=\"padding-left: 80px;\">&#8211; Fonction puissance : <strong>**<br \/><\/strong>&#8211; Fonction racine carr\u00e9e\u00a0: <strong>sqrt()<br \/><\/strong>&#8211; Fonction valeur absolue\u00a0: <strong>abs()<br \/><\/strong>&#8211; Fonction Logarithmique n\u00e9p\u00e9rien\u00a0: <strong>log()<br \/><\/strong>&#8211; Fonction exponentielle\u00a0: <strong>exp()<br \/><\/strong>&#8211; Fonction cosinus\u00a0: <strong>cos()<br \/><\/strong>&#8211; Fonction sinus\u00a0: <strong>sin()<br \/><\/strong>&#8211; Fonction tangente\u00a0: <strong>tan()<\/strong> <br \/>&#8211; Fonction arc cosinus\u00a0: <strong>arccos()<br \/><\/strong>&#8211; Fonction arc sinus\u00a0: <strong>arcsin()<br \/><\/strong>&#8211; Fonction arc tangente\u00a0: <strong>arctan()<\/strong> \u00a0<\/p>\n<p style=\"padding-left: 40px;\">. Utilisation du nombre \u03c0\u00a0: <strong>pi<\/strong><\/p>\n<p>\u00a0<\/p>\n\n\n<div  class=\"grids-section grids-is-advanced\" style=\"--_gs-gap-desktop:0px 0px;--_gs-m-desktop:0 0 0 0;--_gs-p-desktop:0 0 0 0;--_gs-bg-desktop:transparent none;--_gs-bg-xp-desktop:0px;--_gs-zi-desktop:auto;--_gs-d-desktop:block;--_gs-mw-desktop:calc(100% - 0 - 0);--_gs-gap-tablet:0px 0px;--_gs-m-tablet:0 0 0 0;--_gs-p-tablet:0 0 0 0;--_gs-bg-tablet:transparent none;--_gs-bg-xp-tablet:0px;--_gs-zi-tablet:auto;--_gs-d-tablet:block;--_gs-mw-tablet:calc(100% - 0 - 0);--_gs-gap-mobile:0px 0px;--_gs-m-mobile:0 0 0 0;--_gs-p-mobile:0 0 0 0;--_gs-bg-mobile:transparent none;--_gs-bg-xp-mobile:0px;--_gs-zi-mobile:auto;--_gs-d-mobile:block;--_gs-mw-mobile:calc(100% - 0 - 0);--_gs-columns:12;--_gs-rows:6\"><div class=\"grids-s-w_i\">\n<div class=\"grids-area\" style=\"--_ga-column:1\/2;--_ga-row:1\/2;--_ga-m-desktop:0 0 0 0;--_ga-p-desktop:0 0 0 0;--_ga-bg-desktop:transparent none;--_ga-zi-desktop:auto;--_ga-d-desktop:flex;--_ga-mw-desktop:calc(100% - 0 - 0);--_ga-m-tablet:0 0 0 0;--_ga-p-tablet:0 0 0 0;--_ga-bg-tablet:transparent none;--_ga-zi-tablet:auto;--_ga-d-tablet:flex;--_ga-mw-tablet:calc(100% - 0 - 0);--_ga-m-mobile:0 0 0 0;--_ga-p-mobile:0 0 0 0;--_ga-bg-mobile:transparent none;--_ga-zi-mobile:auto;--_ga-d-mobile:flex;--_ga-mw-mobile:calc(100% - 0 - 0)\">\n\n<figure class=\"wp-block-image size-large\"><a href=\"https:\/\/www.ardpylab.fr\/?page_id=5687\"><img loading=\"lazy\" decoding=\"async\" width=\"50\" height=\"28\" src=\"https:\/\/www.ardpylab.fr\/wp-content\/uploads\/2020\/03\/moins.jpg\" alt=\"\" class=\"wp-image-107\"\/><\/a><\/figure>\n\n<\/div>\n\n<div class=\"grids-area\" style=\"--_ga-column:12\/13;--_ga-row:1\/2;--_ga-m-desktop:0 0 0 0;--_ga-p-desktop:0 0 0 0;--_ga-bg-desktop:transparent none;--_ga-zi-desktop:auto;--_ga-d-desktop:flex;--_ga-mw-desktop:calc(100% - 0 - 0);--_ga-m-tablet:0 0 0 0;--_ga-p-tablet:0 0 0 0;--_ga-bg-tablet:transparent none;--_ga-zi-tablet:auto;--_ga-d-tablet:flex;--_ga-mw-tablet:calc(100% - 0 - 0);--_ga-m-mobile:0 0 0 0;--_ga-p-mobile:0 0 0 0;--_ga-bg-mobile:transparent none;--_ga-zi-mobile:auto;--_ga-d-mobile:flex;--_ga-mw-mobile:calc(100% - 0 - 0)\">\n\n<figure class=\"wp-block-image size-large\"><a href=\"https:\/\/www.ardpylab.fr\/?page_id=5755\"><img loading=\"lazy\" decoding=\"async\" width=\"50\" height=\"28\" src=\"https:\/\/www.ardpylab.fr\/wp-content\/uploads\/2020\/03\/plus.jpg\" alt=\"\" class=\"wp-image-106\"\/><\/a><\/figure>\n\n<\/div>\n<\/div><\/div>","protected":false},"excerpt":{"rendered":"<p>&nbsp; Le mode d\u2019utilisation du tableur d\u2019ArdPylog est similaire \u00e0 celui des autres tableurs qui servent g\u00e9n\u00e9ralement pour l\u2019exploitation des exp\u00e9riences de sciences physiques. 1. La barre de menu de gestion des fichiers CSV La barre de menu pour la gestion des fichiers CSV est constitu\u00e9e de 5 boutons&nbsp;: &#8211; &nbsp;: Cr\u00e9e un nouveau fichier [&hellip;]<\/p>\n","protected":false},"author":1,"featured_media":0,"parent":0,"menu_order":0,"comment_status":"closed","ping_status":"closed","template":"","meta":{"footnotes":""},"class_list":["post-5716","page","type-page","status-publish","hentry"],"_links":{"self":[{"href":"https:\/\/www.ardpylab.fr\/index.php?rest_route=\/wp\/v2\/pages\/5716","targetHints":{"allow":["GET"]}}],"collection":[{"href":"https:\/\/www.ardpylab.fr\/index.php?rest_route=\/wp\/v2\/pages"}],"about":[{"href":"https:\/\/www.ardpylab.fr\/index.php?rest_route=\/wp\/v2\/types\/page"}],"author":[{"embeddable":true,"href":"https:\/\/www.ardpylab.fr\/index.php?rest_route=\/wp\/v2\/users\/1"}],"replies":[{"embeddable":true,"href":"https:\/\/www.ardpylab.fr\/index.php?rest_route=%2Fwp%2Fv2%2Fcomments&post=5716"}],"version-history":[{"count":15,"href":"https:\/\/www.ardpylab.fr\/index.php?rest_route=\/wp\/v2\/pages\/5716\/revisions"}],"predecessor-version":[{"id":5928,"href":"https:\/\/www.ardpylab.fr\/index.php?rest_route=\/wp\/v2\/pages\/5716\/revisions\/5928"}],"wp:attachment":[{"href":"https:\/\/www.ardpylab.fr\/index.php?rest_route=%2Fwp%2Fv2%2Fmedia&parent=5716"}],"curies":[{"name":"wp","href":"https:\/\/api.w.org\/{rel}","templated":true}]}}