{"id":5846,"date":"2021-03-26T09:42:37","date_gmt":"2021-03-26T08:42:37","guid":{"rendered":"https:\/\/www.ardpylab.fr\/?page_id=5846"},"modified":"2021-03-26T10:14:11","modified_gmt":"2021-03-26T09:14:11","slug":"enregistrement-et-exploitation-des-mesures","status":"publish","type":"page","link":"https:\/\/www.ardpylab.fr\/?page_id=5846","title":{"rendered":"Enregistrement et exploitation des mesures"},"content":{"rendered":"\n<p><br>Apr\u00e8s l\u2019acquisition, les tensions mesur\u00e9es sur les entr\u00e9es analogiques de l\u2019Arduino Uno s\u00e9lectionn\u00e9es peuvent \u00eatre visualis\u00e9es dans l\u2019onglet \u00ab&nbsp;<strong>Tableur<\/strong>&nbsp;\u00bb du panneau de droite.<\/p>\n\n\n\n<div class=\"wp-block-image\"><figure class=\"aligncenter size-large is-resized\"><img loading=\"lazy\" decoding=\"async\" src=\"https:\/\/www.ardpylab.fr\/wp-content\/uploads\/2021\/03\/ArdPyLog135.png\" alt=\"\" class=\"wp-image-5847\" width=\"358\" height=\"497\" srcset=\"https:\/\/www.ardpylab.fr\/wp-content\/uploads\/2021\/03\/ArdPyLog135.png 477w, https:\/\/www.ardpylab.fr\/wp-content\/uploads\/2021\/03\/ArdPyLog135-216x300.png 216w\" sizes=\"auto, (max-width: 358px) 100vw, 358px\" \/><\/figure><\/div>\n\n\n\n<p><br \/>Ces donn\u00e9es peuvent \u00eatre soit exploit\u00e9es \u00e0 l\u2019aide du mode \u00ab Tableur \u00bb d\u2019ArdPylog (voir page <a href=\"https:\/\/www.ardpylab.fr\/?page_id=5704\">mode \u00ab\u00a0Tableur\u00a0\u00bb<\/a>), soit directement enregistr\u00e9es au format \u00ab<strong>CSV\u00ab<\/strong> pour une exploitation ult\u00e9rieure.<\/p>\n<p>La barre de gestion des donn\u00e9es dispose de 2 boutons\u00a0:<\/p>\n<p>&#8211; <img loading=\"lazy\" decoding=\"async\" class=\"alignnone size-full wp-image-5849\" src=\"https:\/\/www.ardpylab.fr\/wp-content\/uploads\/2021\/03\/ArdPyLog136.png\" alt=\"\" width=\"33\" height=\"30\" \/>\u00a0:\u00a0 Transf\u00e8re les donn\u00e9es acquises dans le tableur d\u2019ArdPylog o\u00f9 il sera possible de les enregistrer et d\u2019effectuer une mod\u00e9lisation,<\/p>\n<p>&#8211; <img loading=\"lazy\" decoding=\"async\" class=\"alignnone size-full wp-image-5848\" src=\"https:\/\/www.ardpylab.fr\/wp-content\/uploads\/2021\/03\/ArdPyLog137.png\" alt=\"\" width=\"29\" height=\"31\" \/>\u00a0: Enregistre les donn\u00e9es acquises dans un fichier au format <strong>.CSV <\/strong>qu\u2019il sera possible d\u2019ouvrir ult\u00e9rieurement avec le tableur d\u2019ArdPylog.<\/p>\n<p>\u00a0<\/p>\n\n\n<div  class=\"grids-section grids-is-advanced\" style=\"--_gs-gap-desktop:0px 0px;--_gs-m-desktop:0 0 0 0;--_gs-p-desktop:0 0 0 0;--_gs-bg-desktop:transparent none;--_gs-bg-xp-desktop:0px;--_gs-zi-desktop:auto;--_gs-d-desktop:block;--_gs-mw-desktop:calc(100% - 0 - 0);--_gs-gap-tablet:0px 0px;--_gs-m-tablet:0 0 0 0;--_gs-p-tablet:0 0 0 0;--_gs-bg-tablet:transparent none;--_gs-bg-xp-tablet:0px;--_gs-zi-tablet:auto;--_gs-d-tablet:block;--_gs-mw-tablet:calc(100% - 0 - 0);--_gs-gap-mobile:0px 0px;--_gs-m-mobile:0 0 0 0;--_gs-p-mobile:0 0 0 0;--_gs-bg-mobile:transparent none;--_gs-bg-xp-mobile:0px;--_gs-zi-mobile:auto;--_gs-d-mobile:block;--_gs-mw-mobile:calc(100% - 0 - 0);--_gs-columns:12;--_gs-rows:6\"><div class=\"grids-s-w_i\">\n<div class=\"grids-area\" style=\"--_ga-column:1\/2;--_ga-row:1\/2;--_ga-m-desktop:0 0 0 0;--_ga-p-desktop:0 0 0 0;--_ga-bg-desktop:transparent none;--_ga-zi-desktop:auto;--_ga-d-desktop:flex;--_ga-mw-desktop:calc(100% - 0 - 0);--_ga-m-tablet:0 0 0 0;--_ga-p-tablet:0 0 0 0;--_ga-bg-tablet:transparent none;--_ga-zi-tablet:auto;--_ga-d-tablet:flex;--_ga-mw-tablet:calc(100% - 0 - 0);--_ga-m-mobile:0 0 0 0;--_ga-p-mobile:0 0 0 0;--_ga-bg-mobile:transparent none;--_ga-zi-mobile:auto;--_ga-d-mobile:flex;--_ga-mw-mobile:calc(100% - 0 - 0)\">\n\n<figure class=\"wp-block-image size-large\"><a href=\"https:\/\/www.ardpylab.fr\/?page_id=5834\"><img loading=\"lazy\" decoding=\"async\" width=\"50\" height=\"28\" src=\"https:\/\/www.ardpylab.fr\/wp-content\/uploads\/2020\/03\/moins.jpg\" alt=\"\" class=\"wp-image-107\"\/><\/a><\/figure>\n\n<\/div>\n\n<div class=\"grids-area\" style=\"--_ga-column:12\/13;--_ga-row:1\/2;--_ga-m-desktop:0 0 0 0;--_ga-p-desktop:0 0 0 0;--_ga-bg-desktop:transparent none;--_ga-zi-desktop:auto;--_ga-d-desktop:flex;--_ga-mw-desktop:calc(100% - 0 - 0);--_ga-m-tablet:0 0 0 0;--_ga-p-tablet:0 0 0 0;--_ga-bg-tablet:transparent none;--_ga-zi-tablet:auto;--_ga-d-tablet:flex;--_ga-mw-tablet:calc(100% - 0 - 0);--_ga-m-mobile:0 0 0 0;--_ga-p-mobile:0 0 0 0;--_ga-bg-mobile:transparent none;--_ga-zi-mobile:auto;--_ga-d-mobile:flex;--_ga-mw-mobile:calc(100% - 0 - 0)\">\n\n<figure class=\"wp-block-image size-large\"><a href=\"https:\/\/www.ardpylab.fr\/?page_id=5855\"><img loading=\"lazy\" decoding=\"async\" width=\"50\" height=\"28\" src=\"https:\/\/www.ardpylab.fr\/wp-content\/uploads\/2020\/03\/plus.jpg\" alt=\"\" class=\"wp-image-106\"\/><\/a><\/figure>\n\n<\/div>\n<\/div><\/div>","protected":false},"excerpt":{"rendered":"<p>Apr\u00e8s l\u2019acquisition, les tensions mesur\u00e9es sur les entr\u00e9es analogiques de l\u2019Arduino Uno s\u00e9lectionn\u00e9es peuvent \u00eatre visualis\u00e9es dans l\u2019onglet \u00ab&nbsp;Tableur&nbsp;\u00bb du panneau de droite. Ces donn\u00e9es peuvent \u00eatre soit exploit\u00e9es \u00e0 l\u2019aide du mode \u00ab Tableur \u00bb d\u2019ArdPylog (voir page mode \u00ab\u00a0Tableur\u00a0\u00bb), soit directement enregistr\u00e9es au format \u00abCSV\u00ab pour une exploitation ult\u00e9rieure. La barre de gestion [&hellip;]<\/p>\n","protected":false},"author":1,"featured_media":0,"parent":0,"menu_order":0,"comment_status":"closed","ping_status":"closed","template":"","meta":{"footnotes":""},"class_list":["post-5846","page","type-page","status-publish","hentry"],"_links":{"self":[{"href":"https:\/\/www.ardpylab.fr\/index.php?rest_route=\/wp\/v2\/pages\/5846","targetHints":{"allow":["GET"]}}],"collection":[{"href":"https:\/\/www.ardpylab.fr\/index.php?rest_route=\/wp\/v2\/pages"}],"about":[{"href":"https:\/\/www.ardpylab.fr\/index.php?rest_route=\/wp\/v2\/types\/page"}],"author":[{"embeddable":true,"href":"https:\/\/www.ardpylab.fr\/index.php?rest_route=\/wp\/v2\/users\/1"}],"replies":[{"embeddable":true,"href":"https:\/\/www.ardpylab.fr\/index.php?rest_route=%2Fwp%2Fv2%2Fcomments&post=5846"}],"version-history":[{"count":2,"href":"https:\/\/www.ardpylab.fr\/index.php?rest_route=\/wp\/v2\/pages\/5846\/revisions"}],"predecessor-version":[{"id":5880,"href":"https:\/\/www.ardpylab.fr\/index.php?rest_route=\/wp\/v2\/pages\/5846\/revisions\/5880"}],"wp:attachment":[{"href":"https:\/\/www.ardpylab.fr\/index.php?rest_route=%2Fwp%2Fv2%2Fmedia&parent=5846"}],"curies":[{"name":"wp","href":"https:\/\/api.w.org\/{rel}","templated":true}]}}