{"id":5940,"date":"2021-03-29T15:09:41","date_gmt":"2021-03-29T13:09:41","guid":{"rendered":"https:\/\/www.ardpylab.fr\/?page_id=5940"},"modified":"2021-03-31T16:13:35","modified_gmt":"2021-03-31T14:13:35","slug":"les-sketchs-dardpylog","status":"publish","type":"page","link":"https:\/\/www.ardpylab.fr\/?page_id=5940","title":{"rendered":"Les sketchs d&rsquo;ArdPyLog"},"content":{"rendered":"\n\n\n<p><br>Par d\u00e9faut, la base de donn\u00e9es d&rsquo;ArdPyLog contient quelques sketchs class\u00e9s par cat\u00e9gorie qu&rsquo;il sera bien-s\u00fbr possible de modifier ou de supprimer.<br><br><\/p>\n\n\n<div  class=\"grids-section grids-is-stretch\" style=\"--_gs-gap-desktop:0px 0px;--_gs-m-desktop:0 0 0 0;--_gs-p-desktop:0 0 0 0;--_gs-bg-desktop:transparent none;--_gs-bg-xp-desktop:0px;--_gs-zi-desktop:auto;--_gs-d-desktop:block;--_gs-mw-desktop:calc(100% - 0 - 0);--_gs-gap-tablet:0px 0px;--_gs-m-tablet:0 0 0 0;--_gs-p-tablet:0 0 0 0;--_gs-bg-tablet:transparent none;--_gs-bg-xp-tablet:0px;--_gs-zi-tablet:auto;--_gs-d-tablet:block;--_gs-mw-tablet:calc(100% - 0 - 0);--_gs-gap-mobile:0px 0px;--_gs-m-mobile:0 0 0 0;--_gs-p-mobile:0 0 0 0;--_gs-bg-mobile:transparent none;--_gs-bg-xp-mobile:0px;--_gs-zi-mobile:auto;--_gs-d-mobile:block;--_gs-mw-mobile:calc(100% - 0 - 0);--_gs-columns:2;--_gs-rows:1\"><div class=\"grids-s-w_i\">\n<div class=\"grids-area\" style=\"--_ga-column:1\/2;--_ga-row:1\/2;--_ga-m-desktop:0 0 0 0;--_ga-p-desktop:0 0 0 0;--_ga-bg-desktop:transparent none;--_ga-zi-desktop:auto;--_ga-d-desktop:flex;--_ga-mw-desktop:calc(100% - 0 - 0);--_ga-m-tablet:0 0 0 0;--_ga-p-tablet:0 0 0 0;--_ga-bg-tablet:transparent none;--_ga-zi-tablet:auto;--_ga-d-tablet:flex;--_ga-mw-tablet:calc(100% - 0 - 0);--_ga-m-mobile:0 0 0 0;--_ga-p-mobile:0 0 0 0;--_ga-bg-mobile:transparent none;--_ga-zi-mobile:auto;--_ga-d-mobile:flex;--_ga-mw-mobile:calc(100% - 0 - 0)\">\n\n<div class=\"wp-block-image\"><figure class=\"aligncenter size-large\"><img loading=\"lazy\" decoding=\"async\" width=\"328\" height=\"968\" src=\"https:\/\/www.ardpylab.fr\/wp-content\/uploads\/2021\/03\/ArdPyLog08.png\" alt=\"\" class=\"wp-image-5461\" srcset=\"https:\/\/www.ardpylab.fr\/wp-content\/uploads\/2021\/03\/ArdPyLog08.png 328w, https:\/\/www.ardpylab.fr\/wp-content\/uploads\/2021\/03\/ArdPyLog08-102x300.png 102w\" sizes=\"auto, (max-width: 328px) 100vw, 328px\" \/><\/figure><\/div>\n\n<\/div>\n\n<div class=\"grids-area\" style=\"--_ga-column:2\/3;--_ga-row:1\/2;--_ga-m-desktop:0 0 0 0;--_ga-p-desktop:0 0 0 0;--_ga-bg-desktop:transparent none;--_ga-zi-desktop:auto;--_ga-d-desktop:flex;--_ga-mw-desktop:calc(100% - 0 - 0);--_ga-m-tablet:0 0 0 0;--_ga-p-tablet:0 0 0 0;--_ga-bg-tablet:transparent none;--_ga-zi-tablet:auto;--_ga-d-tablet:flex;--_ga-mw-tablet:calc(100% - 0 - 0);--_ga-m-mobile:0 0 0 0;--_ga-p-mobile:0 0 0 0;--_ga-bg-mobile:transparent none;--_ga-zi-mobile:auto;--_ga-d-mobile:flex;--_ga-mw-mobile:calc(100% - 0 - 0)\">\n\n<div class=\"wp-block-image\"><figure class=\"aligncenter size-large\"><img loading=\"lazy\" decoding=\"async\" width=\"329\" height=\"257\" src=\"https:\/\/www.ardpylab.fr\/wp-content\/uploads\/2021\/03\/ArdPyLog45.png\" alt=\"\" class=\"wp-image-5568\" srcset=\"https:\/\/www.ardpylab.fr\/wp-content\/uploads\/2021\/03\/ArdPyLog45.png 329w, https:\/\/www.ardpylab.fr\/wp-content\/uploads\/2021\/03\/ArdPyLog45-300x234.png 300w\" sizes=\"auto, (max-width: 329px) 100vw, 329px\" \/><\/figure><\/div>\n\n<\/div>\n<\/div><\/div>\n\n\n<h4><br \/><strong>1. <a href=\"https:\/\/www.ardpylab.fr\/?page_id=5950\"><span style=\"text-decoration: underline;\">Cat\u00e9gorie<\/span><span style=\"text-decoration: underline;\"> \u00ab Apprentissage \u00bb<\/span><\/a><\/strong><\/h4>\n<h4><strong>2. <a href=\"https:\/\/www.ardpylab.fr\/?page_id=5985\"><span style=\"text-decoration: underline;\">Cat\u00e9gorie<\/span><span style=\"text-decoration: underline;\"> \u00ab DEL RVB \u00bb<\/span><\/a><\/strong><\/h4>\n<h4><strong>3. <a href=\"https:\/\/www.ardpylab.fr\/?page_id=6012\"><span style=\"text-decoration: underline;\">Cat\u00e9gorie<\/span><span style=\"text-decoration: underline;\"> \u00ab Dipoles RC \u00bb<\/span><\/a><\/strong><\/h4>\n<h4><strong>4. <a href=\"https:\/\/www.ardpylab.fr\/?page_id=6031\"><span style=\"text-decoration: underline;\">Cat\u00e9gorie<\/span><span style=\"text-decoration: underline;\"> \u00ab Divers \u00bb<\/span><\/a><\/strong><\/h4>\n<h4><strong>5. <a href=\"https:\/\/www.ardpylab.fr\/?page_id=6058\"><span style=\"text-decoration: underline;\">Cat\u00e9gorie<\/span><span style=\"text-decoration: underline;\"> \u00ab Ondes sonores \u00bb<\/span><\/a><\/strong><\/h4>\n<h4><strong>6. <a href=\"https:\/\/www.ardpylab.fr\/?page_id=6087\"><span style=\"text-decoration: underline;\">Cat\u00e9gorie<\/span><span style=\"text-decoration: underline;\"> \u00ab Ondes ultrasonores \u00bb<\/span><\/a><\/strong><\/h4>\n<h4><strong>7. <a href=\"https:\/\/www.ardpylab.fr\/?page_id=6098\"><span style=\"text-decoration: underline;\">Cat\u00e9gorie<\/span><span style=\"text-decoration: underline;\"> \u00ab Pression \u00bb<\/span><\/a><\/strong><\/h4>\n<h4><strong>8. <a href=\"https:\/\/www.ardpylab.fr\/?page_id=6116\"><span style=\"text-decoration: underline;\">Cat\u00e9gorie<\/span><span style=\"text-decoration: underline;\"> \u00ab Relais \u00bb<\/span><\/a><\/strong><\/h4>\n<h4><strong>9. <a href=\"https:\/\/www.ardpylab.fr\/?page_id=6141\"><span style=\"text-decoration: underline;\">Cat\u00e9gorie<\/span><span style=\"text-decoration: underline;\"> \u00ab Serial \u00bb<\/span><\/a><\/strong><\/h4>\n<h4><strong>10. <a href=\"https:\/\/www.ardpylab.fr\/?page_id=6180\"><span style=\"text-decoration: underline;\">Cat\u00e9gorie<\/span><span style=\"text-decoration: underline;\"> \u00ab Temperatures \u00bb<\/span><\/a><\/strong><\/h4>\n<p>\u00a0<\/p>\n\n\n<div  class=\"grids-section grids-is-advanced\" style=\"--_gs-gap-desktop:0px 0px;--_gs-m-desktop:0 0 0 0;--_gs-p-desktop:0 0 0 0;--_gs-bg-desktop:transparent none;--_gs-bg-xp-desktop:0px;--_gs-zi-desktop:auto;--_gs-d-desktop:block;--_gs-mw-desktop:calc(100% - 0 - 0);--_gs-gap-tablet:0px 0px;--_gs-m-tablet:0 0 0 0;--_gs-p-tablet:0 0 0 0;--_gs-bg-tablet:transparent none;--_gs-bg-xp-tablet:0px;--_gs-zi-tablet:auto;--_gs-d-tablet:block;--_gs-mw-tablet:calc(100% - 0 - 0);--_gs-gap-mobile:0px 0px;--_gs-m-mobile:0 0 0 0;--_gs-p-mobile:0 0 0 0;--_gs-bg-mobile:transparent none;--_gs-bg-xp-mobile:0px;--_gs-zi-mobile:auto;--_gs-d-mobile:block;--_gs-mw-mobile:calc(100% - 0 - 0);--_gs-columns:12;--_gs-rows:6\"><div class=\"grids-s-w_i\">\n<div class=\"grids-area\" style=\"--_ga-column:1\/2;--_ga-row:1\/2;--_ga-m-desktop:0 0 0 0;--_ga-p-desktop:0 0 0 0;--_ga-bg-desktop:transparent none;--_ga-zi-desktop:auto;--_ga-d-desktop:flex;--_ga-mw-desktop:calc(100% - 0 - 0);--_ga-m-tablet:0 0 0 0;--_ga-p-tablet:0 0 0 0;--_ga-bg-tablet:transparent none;--_ga-zi-tablet:auto;--_ga-d-tablet:flex;--_ga-mw-tablet:calc(100% - 0 - 0);--_ga-m-mobile:0 0 0 0;--_ga-p-mobile:0 0 0 0;--_ga-bg-mobile:transparent none;--_ga-zi-mobile:auto;--_ga-d-mobile:flex;--_ga-mw-mobile:calc(100% - 0 - 0)\">\n\n<figure class=\"wp-block-image size-large\"><a href=\"https:\/\/www.ardpylab.fr\/?page_id=5855\"><img loading=\"lazy\" decoding=\"async\" width=\"50\" height=\"28\" src=\"https:\/\/www.ardpylab.fr\/wp-content\/uploads\/2020\/03\/moins.jpg\" alt=\"\" class=\"wp-image-107\"\/><\/a><\/figure>\n\n<\/div>\n\n<div class=\"grids-area\" style=\"--_ga-column:12\/13;--_ga-row:1\/2;--_ga-m-desktop:0 0 0 0;--_ga-p-desktop:0 0 0 0;--_ga-bg-desktop:transparent none;--_ga-zi-desktop:auto;--_ga-d-desktop:flex;--_ga-mw-desktop:calc(100% - 0 - 0);--_ga-m-tablet:0 0 0 0;--_ga-p-tablet:0 0 0 0;--_ga-bg-tablet:transparent none;--_ga-zi-tablet:auto;--_ga-d-tablet:flex;--_ga-mw-tablet:calc(100% - 0 - 0);--_ga-m-mobile:0 0 0 0;--_ga-p-mobile:0 0 0 0;--_ga-bg-mobile:transparent none;--_ga-zi-mobile:auto;--_ga-d-mobile:flex;--_ga-mw-mobile:calc(100% - 0 - 0)\">\n\n<figure class=\"wp-block-image size-large\"><a href=\"https:\/\/www.ardpylab.fr\/?page_id=5950\"><img loading=\"lazy\" decoding=\"async\" width=\"50\" height=\"28\" src=\"https:\/\/www.ardpylab.fr\/wp-content\/uploads\/2020\/03\/plus.jpg\" alt=\"\" class=\"wp-image-106\"\/><\/a><\/figure>\n\n<\/div>\n<\/div><\/div>","protected":false},"excerpt":{"rendered":"<p>Par d\u00e9faut, la base de donn\u00e9es d&rsquo;ArdPyLog contient quelques sketchs class\u00e9s par cat\u00e9gorie qu&rsquo;il sera bien-s\u00fbr possible de modifier ou de supprimer. 1. Cat\u00e9gorie \u00ab Apprentissage \u00bb 2. Cat\u00e9gorie \u00ab DEL RVB \u00bb 3. Cat\u00e9gorie \u00ab Dipoles RC \u00bb 4. Cat\u00e9gorie \u00ab Divers \u00bb 5. Cat\u00e9gorie \u00ab Ondes sonores \u00bb 6. Cat\u00e9gorie \u00ab Ondes ultrasonores [&hellip;]<\/p>\n","protected":false},"author":1,"featured_media":0,"parent":0,"menu_order":0,"comment_status":"closed","ping_status":"closed","template":"","meta":{"footnotes":""},"class_list":["post-5940","page","type-page","status-publish","hentry"],"_links":{"self":[{"href":"https:\/\/www.ardpylab.fr\/index.php?rest_route=\/wp\/v2\/pages\/5940","targetHints":{"allow":["GET"]}}],"collection":[{"href":"https:\/\/www.ardpylab.fr\/index.php?rest_route=\/wp\/v2\/pages"}],"about":[{"href":"https:\/\/www.ardpylab.fr\/index.php?rest_route=\/wp\/v2\/types\/page"}],"author":[{"embeddable":true,"href":"https:\/\/www.ardpylab.fr\/index.php?rest_route=\/wp\/v2\/users\/1"}],"replies":[{"embeddable":true,"href":"https:\/\/www.ardpylab.fr\/index.php?rest_route=%2Fwp%2Fv2%2Fcomments&post=5940"}],"version-history":[{"count":16,"href":"https:\/\/www.ardpylab.fr\/index.php?rest_route=\/wp\/v2\/pages\/5940\/revisions"}],"predecessor-version":[{"id":6190,"href":"https:\/\/www.ardpylab.fr\/index.php?rest_route=\/wp\/v2\/pages\/5940\/revisions\/6190"}],"wp:attachment":[{"href":"https:\/\/www.ardpylab.fr\/index.php?rest_route=%2Fwp%2Fv2%2Fmedia&parent=5940"}],"curies":[{"name":"wp","href":"https:\/\/api.w.org\/{rel}","templated":true}]}}