{"id":6012,"date":"2021-03-29T17:05:51","date_gmt":"2021-03-29T15:05:51","guid":{"rendered":"https:\/\/www.ardpylab.fr\/?page_id=6012"},"modified":"2021-04-07T11:04:23","modified_gmt":"2021-04-07T09:04:23","slug":"categorie-dipoles-rc","status":"publish","type":"page","link":"https:\/\/www.ardpylab.fr\/?page_id=6012","title":{"rendered":"Cat\u00e9gorie \u00ab Dipoles RC \u00bb"},"content":{"rendered":"\n<p><br>Dans cette cat\u00e9gorie, nous retrouvons des sketchs permettant l&rsquo;\u00e9tude de la charge et la d\u00e9charge du condensateur d&rsquo;un dip\u00f4le RC.<br><br><\/p>\n\n\n\n<div class=\"wp-block-image\"><figure class=\"aligncenter size-large\"><img loading=\"lazy\" decoding=\"async\" width=\"331\" height=\"320\" src=\"https:\/\/www.ardpylab.fr\/wp-content\/uploads\/2021\/03\/ListeSketch03.png\" alt=\"\" class=\"wp-image-6013\" srcset=\"https:\/\/www.ardpylab.fr\/wp-content\/uploads\/2021\/03\/ListeSketch03.png 331w, https:\/\/www.ardpylab.fr\/wp-content\/uploads\/2021\/03\/ListeSketch03-300x290.png 300w\" sizes=\"auto, (max-width: 331px) 100vw, 331px\" \/><\/figure><\/div>\n\n\n\n<p>&nbsp;<\/p>\n<p>Tous ces sketchs ont d\u00e9j\u00e0 \u00e9t\u00e9 pr\u00e9sent\u00e9s dans la rubrique \u00ab <a href=\"https:\/\/ardpylab.fr\/?page_id=1295\"><strong>Activit\u00e9s pour les lyc\u00e9es \/ Condensateurs et Dip\u00f4les RC<\/strong><\/a> \u00bb<br><br><\/p>\n<h4><strong>1. <a href=\"https:\/\/www.ardpylab.fr\/downloads\/ardpylog\/DipolesRCCharge.zip\"><span style=\"text-decoration: underline;\">Dipoles_RC_Charge<\/span><\/a> (<\/strong>Code<strong>: <\/strong><a href=\"https:\/\/www.ardpylab.fr\/?page_id=1357\" data-wplink-url-error=\"true\"><strong><em>Etude de la charge d\u2019un condensateur d\u2019un dip\u00f4le RC<\/em><\/strong><\/a><strong><em>)<br><br><\/em><\/strong><\/h4>\n\n\n\n<div class=\"wp-block-image\"><figure class=\"aligncenter size-large is-resized\"><img loading=\"lazy\" decoding=\"async\" src=\"https:\/\/www.ardpylab.fr\/wp-content\/uploads\/2021\/03\/Dipoles_RC_Charge-1.jpg\" alt=\"\" class=\"wp-image-6039\" width=\"468\" height=\"283\" srcset=\"https:\/\/www.ardpylab.fr\/wp-content\/uploads\/2021\/03\/Dipoles_RC_Charge-1.jpg 935w, https:\/\/www.ardpylab.fr\/wp-content\/uploads\/2021\/03\/Dipoles_RC_Charge-1-300x181.jpg 300w, https:\/\/www.ardpylab.fr\/wp-content\/uploads\/2021\/03\/Dipoles_RC_Charge-1-768x464.jpg 768w\" sizes=\"auto, (max-width: 468px) 100vw, 468px\" \/><\/figure><\/div>\n\n\n\n<p><br>L\u2019objectif de l\u2019activit\u00e9 est suivre l\u2019\u00e9volution temporelle de la tension aux bornes du condensateur lors de sa charge afin de v\u00e9rifier la relation th\u00e9orique Uc = f(t).<\/p>\n<p>Apr\u00e8s avoir d\u00e9charg\u00e9 le condensateur, la mesure de la tension aux bornes du condensateur Uc, lors de la charge, \u00e0 l\u2019aide de l\u2019entr\u00e9e analogique A0 est lanc\u00e9e, \u00e0 t = 0 s, par un appui sur le bouton poussoir.<br>La valeur de la tension en V est affich\u00e9e dans le moniteur s\u00e9rie toutes les 100 ms.<\/p>\n<p>Les mesures sont arr\u00eat\u00e9es en appuyant sur le bouton poussoir. Le condensateur est alors d\u00e9charg\u00e9 afin de pouvoir effectuer de nouvelles mesures en appuyant de nouveau sur le bouton poussoir.<\/p>\n<p>Il est donc possible d\u2019acqu\u00e9rir des <a href=\"https:\/\/www.ardpylab.fr\/downloads\/ardpylog\/RC_Charge.csv\">couples de donn\u00e9es (t, Uc)<\/a> afin de v\u00e9rifier la relation Uc = f(t) th\u00e9orique:<\/p>\n\n\n\n<div class=\"wp-block-image\"><figure class=\"aligncenter size-large is-resized\"><img loading=\"lazy\" decoding=\"async\" src=\"https:\/\/www.ardpylab.fr\/wp-content\/uploads\/2021\/04\/ardpylog_rc01-1024x899.png\" alt=\"\" class=\"wp-image-6264\" width=\"768\" height=\"674\" srcset=\"https:\/\/www.ardpylab.fr\/wp-content\/uploads\/2021\/04\/ardpylog_rc01-1024x899.png 1024w, https:\/\/www.ardpylab.fr\/wp-content\/uploads\/2021\/04\/ardpylog_rc01-300x263.png 300w, https:\/\/www.ardpylab.fr\/wp-content\/uploads\/2021\/04\/ardpylog_rc01-768x674.png 768w, https:\/\/www.ardpylab.fr\/wp-content\/uploads\/2021\/04\/ardpylog_rc01.png 1106w\" sizes=\"auto, (max-width: 768px) 100vw, 768px\" \/><\/figure><\/div>\n\n\n\n<p>et effectuer une mod\u00e9lisation:<\/p>\n\n\n\n<figure class=\"wp-block-image size-large\"><img loading=\"lazy\" decoding=\"async\" width=\"1024\" height=\"627\" src=\"https:\/\/www.ardpylab.fr\/wp-content\/uploads\/2021\/04\/ardpylog_rc02-1024x627.png\" alt=\"\" class=\"wp-image-6268\" srcset=\"https:\/\/www.ardpylab.fr\/wp-content\/uploads\/2021\/04\/ardpylog_rc02-1024x627.png 1024w, https:\/\/www.ardpylab.fr\/wp-content\/uploads\/2021\/04\/ardpylog_rc02-300x184.png 300w, https:\/\/www.ardpylab.fr\/wp-content\/uploads\/2021\/04\/ardpylog_rc02-768x470.png 768w, https:\/\/www.ardpylab.fr\/wp-content\/uploads\/2021\/04\/ardpylog_rc02-1536x941.png 1536w, https:\/\/www.ardpylab.fr\/wp-content\/uploads\/2021\/04\/ardpylog_rc02.png 1584w\" sizes=\"auto, (max-width: 1024px) 100vw, 1024px\" \/><\/figure>\n\n\n\n<p>La valeur th\u00e9orique de \u03c4 est :<\/p>\n<p><strong>\u03c4 = RC = 10.10<sup>3<\/sup>&nbsp;x 100. 10<sup>-6<\/sup>&nbsp;= 1 S<\/strong><\/p>\n<p>Par la mod\u00e9lisation, la d\u00e9termination de t donne une valeur tr\u00e8s proche de la valeur th\u00e9orique.<\/p>\n<p>&nbsp;<\/p>\n\n\n\n<h4><strong>2. <a href=\"https:\/\/www.ardpylab.fr\/downloads\/ardpylog\/DipolesRCDecharge.zip\"><span style=\"text-decoration: underline;\">Dipoles_RC_Decharge<\/span><\/a> (<\/strong>Code: <a href=\"https:\/\/www.ardpylab.fr\/?page_id=1397\" data-wplink-url-error=\"true\"><strong><em>Etude de la d\u00e9charge d\u2019un condensateur d\u2019un dip\u00f4le RC<\/em><\/strong><\/a><strong><em>)<\/em><\/strong><\/h4>\n<p>L\u2019objectif de l\u2019activit\u00e9 est de suivre l\u2019\u00e9volution temporelle de la tension aux bornes du condensateur lors de sa d\u00e9charge, afin de v\u00e9rifier la relation Uc = f(t) th\u00e9rorique, avec le m\u00eame circuit que l&rsquo; activit\u00e9 de charge.<\/p>\n<p>Apr\u00e8s avoir charg\u00e9 le condensateur, la mesure de la tension aux bornes du condensateur Uc, lors de la d\u00e9charge, \u00e0 l\u2019aide de l\u2019entr\u00e9e analogique A0 est lanc\u00e9e, \u00e0 t=0s, par un appui sur le bouton poussoir.<br \/>La valeur de la tension en V est affich\u00e9e dans le moniteur s\u00e9rie toutes les 100 ms.<\/p>\n<p>Les mesures sont arr\u00eat\u00e9es en appuyant sur le bouton poussoir. Le condensateur est alors charg\u00e9 afin de pouvoir effectuer de nouvelles mesures en appuyant de nouveau sur le bouton poussoir.<\/p>\n<p>Il est donc possible d\u2019acqu\u00e9rir des <a href=\"https:\/\/www.ardpylab.fr\/downloads\/ardpylog\/RC_Decharge.csv\">couples de donn\u00e9es (t, Uc)<\/a> afin de v\u00e9rifier la relation Uc=f(t) th\u00e9orique:<\/p>\n\n\n\n<div class=\"wp-block-image\"><figure class=\"aligncenter size-large is-resized\"><img loading=\"lazy\" decoding=\"async\" src=\"https:\/\/www.ardpylab.fr\/wp-content\/uploads\/2021\/04\/ardpylog_rc03-1024x897.png\" alt=\"\" class=\"wp-image-6274\" width=\"768\" height=\"673\" srcset=\"https:\/\/www.ardpylab.fr\/wp-content\/uploads\/2021\/04\/ardpylog_rc03-1024x897.png 1024w, https:\/\/www.ardpylab.fr\/wp-content\/uploads\/2021\/04\/ardpylog_rc03-300x263.png 300w, https:\/\/www.ardpylab.fr\/wp-content\/uploads\/2021\/04\/ardpylog_rc03-768x673.png 768w, https:\/\/www.ardpylab.fr\/wp-content\/uploads\/2021\/04\/ardpylog_rc03.png 1107w\" sizes=\"auto, (max-width: 768px) 100vw, 768px\" \/><\/figure><\/div>\n\n\n\n<p>et effectuer une mod\u00e9lisation:<\/p>\n\n\n\n<div class=\"wp-block-image\"><figure class=\"aligncenter size-large\"><img loading=\"lazy\" decoding=\"async\" width=\"1024\" height=\"626\" src=\"https:\/\/www.ardpylab.fr\/wp-content\/uploads\/2021\/04\/ardpylog_rc04-1024x626.png\" alt=\"\" class=\"wp-image-6275\" srcset=\"https:\/\/www.ardpylab.fr\/wp-content\/uploads\/2021\/04\/ardpylog_rc04-1024x626.png 1024w, https:\/\/www.ardpylab.fr\/wp-content\/uploads\/2021\/04\/ardpylog_rc04-300x183.png 300w, https:\/\/www.ardpylab.fr\/wp-content\/uploads\/2021\/04\/ardpylog_rc04-768x470.png 768w, https:\/\/www.ardpylab.fr\/wp-content\/uploads\/2021\/04\/ardpylog_rc04-1536x939.png 1536w, https:\/\/www.ardpylab.fr\/wp-content\/uploads\/2021\/04\/ardpylog_rc04.png 1586w\" sizes=\"auto, (max-width: 1024px) 100vw, 1024px\" \/><\/figure><\/div>\n\n\n\n<p>La valeur th\u00e9orique de \u03c4 est :<\/p>\n<p><strong>\u03c4 = RC = 10.10<sup>3<\/sup>&nbsp;x 100. 10<sup>-6<\/sup>&nbsp;= 1 S<\/strong><\/p>\n<p>Par la mod\u00e9lisation, la d\u00e9termination de t donne une valeur tr\u00e8s proche de la valeur th\u00e9orique.<\/p>\n<p>&nbsp;<\/p>\n\n\n\n<h4><strong>3. <a href=\"https:\/\/www.ardpylab.fr\/downloads\/ardpylog\/DipolesRCTau.zip\"><span style=\"text-decoration: underline;\">Dipoles_RC_Tau<\/span><\/a><\/strong> <strong>(<\/strong>Code: <a href=\"https:\/\/www.ardpylab.fr\/?page_id=1424\" data-wplink-url-error=\"true\"><strong><em>D\u00e9termination de la capacit\u00e9 d\u2019un condensateur par mesure d\u2019une constante de temps<\/em><\/strong><\/a><strong><em>)<\/em><\/strong><\/h4>\n<p>Dans cette activit\u00e9, nous allons modifier le programme de l&rsquo;activit\u00e9 \u00ab\u00a0\u00c9tude de la charge d\u2019un condensateur\u00a0\u00bb, de fa\u00e7on cette fois-ci \u00e0 mesurer directement la constante de temps du circuit RC sans passer par le trac\u00e9 de la caract\u00e9ristique Uc=f(t).<\/p>\n<p>On pourra alors d\u00e9terminer la capacit\u00e9 d\u2019un condensateur inconnu puisque :<br>\u03c4 = RC donc: C = \u03c4 \/ R<\/p>\n<p>Lors de la charge d\u2019un condensateur, nous avons vu, qu\u2019au bout d\u2019un temps \u00e9gal \u00e0 la constante de temps \u03c4, le condensateur \u00e9tait charg\u00e9 \u00e0 63 % de la tension appliqu\u00e9e au dip\u00f4le RC (ici, \u00e0 t = \u03c4 : Uc= 0,63 x 5 = 3,15 V).<\/p>\n<p>Avec le m\u00eame circuit que les activit\u00e9s de charge et d\u00e9charge d&rsquo;un condensateur, pour d\u00e9terminer la constante de temps, il suffit donc, par lecture de l\u2019entr\u00e9e analogique A0, de mesurer le temps que met cette entr\u00e9e pour atteindre la valeur correspondant \u00e0 la tension aux bornes du condensateur au temps \u03c4, soit : 0,63 x 1023 = 644 (CAN 5 V = 1023).<\/p>\n<p>Ainsi, apr\u00e8s avoir d\u00e9charg\u00e9 le condensateur, la mesure de la tension aux bornes du condensateur Uc, lors de la charge, \u00e0 l\u2019aide de l\u2019entr\u00e9e analogique A0 est lanc\u00e9e, \u00e0 t = 0 s, par un appui sur le bouton poussoir.<\/p>\n<p>Quand la valeur de l\u2019entr\u00e9e analogique A0 souhait\u00e9e est atteinte, la constante de temps est alors calcul\u00e9e et affich\u00e9e dans le moniteur s\u00e9rie, puis le condensateur est d\u00e9charg\u00e9.<\/p>\n<p>Une nouvelle mesure est possible en appuyant de nouveau sur le bouton poussoir.<\/p>\n<p>&nbsp;<\/p>\n<h4><strong>4. <a href=\"https:\/\/www.ardpylab.fr\/downloads\/ardpylog\/DipolesRCFlash.zip\"><span style=\"text-decoration: underline;\">Dipoles_RC_Flash<\/span><\/a><\/strong> <strong>(<\/strong>Code: <a href=\"https:\/\/www.ardpylab.fr\/?page_id=1441\" data-wplink-url-error=\"true\"><strong><em>Simulation d\u2019un flash photographique<\/em><\/strong><\/a><strong><em>)<br><\/em><\/strong><\/h4>\n\n\n\n<div class=\"wp-block-image\"><figure class=\"aligncenter size-large is-resized\"><img loading=\"lazy\" decoding=\"async\" src=\"https:\/\/www.ardpylab.fr\/wp-content\/uploads\/2021\/03\/Dipoles_RC_Flash.jpg\" alt=\"\" class=\"wp-image-6047\" width=\"468\" height=\"283\" srcset=\"https:\/\/www.ardpylab.fr\/wp-content\/uploads\/2021\/03\/Dipoles_RC_Flash.jpg 935w, https:\/\/www.ardpylab.fr\/wp-content\/uploads\/2021\/03\/Dipoles_RC_Flash-300x181.jpg 300w, https:\/\/www.ardpylab.fr\/wp-content\/uploads\/2021\/03\/Dipoles_RC_Flash-768x464.jpg 768w\" sizes=\"auto, (max-width: 468px) 100vw, 468px\" \/><\/figure><\/div>\n\n\n\n<p><br \/>L\u2019objectif de cette activit\u00e9 est de simuler le flash d\u2019un appareil-photo \u00e0 l\u2019aide d\u2019une diode \u00e9lectroluminescente (DEL) blanche dans le circuit de d\u00e9charge d\u2019un condensateur d&rsquo;un dip\u00f4le R&rsquo;C.<\/p>\n<p>On utilise pour cela un relais \u00e9lectrom\u00e9canique, par exemple le SRS-06VDC-SL, pour jouer le r\u00f4le d&rsquo;un interrupteur 2 voies permettant de charger le condensateur \u00e0 travers une r\u00e9sistance R quand celui-ci est dans la premi\u00e8re position et de d\u00e9charger le condensateur dans une r\u00e9sistance R&rsquo; et la DEL quand il est dans la deuxi\u00e8me position.<\/p>\n<p>Pour simuler un flash, la DEL doit \u00e9clairer pendant une courte dur\u00e9e. La constante de temps du circuit de d\u00e9charge doit donc \u00eatre petite.<\/p>\n<p>On prendra :<\/p>\n<p>. R= 1 k\u2126, R\u2019 = 100 \u2126, C= 470 \u00b5F<br \/>. E = 5 V (Vcc Arduino)<br \/>. DEL blanche (tension de seuil = 2,5 V)<\/p>\n<p>La constante de temps du circuit de d\u00e9charge est alors :<\/p>\n<p>\u03c4 = R C = 100 x 470.10-6 = 47 mS<\/p>\n<p>\u00a0<\/p>\n<h4><strong>5. <a href=\"https:\/\/www.ardpylab.fr\/downloads\/ardpylog\/DipolesRCPhare.zip\"><span style=\"text-decoration: underline;\">Dipoles_RC_Phare<\/span><\/a><\/strong> <strong>(<\/strong>Code: <a href=\"https:\/\/www.ardpylab.fr\/?page_id=1499\" data-wplink-url-error=\"true\"><strong><em>R\u00e9aliser un flash p\u00e9riodique<\/em><\/strong><\/a><strong><em>)<\/em><\/strong><\/h4>\n<p>Dans cette activit\u00e9, nous allons modifier le programme de l\u2019activit\u00e9 \u00ab\u00a0simulation d&rsquo;un flash photographique\u00a0\u00bb pour que le flash s\u2019effectue p\u00e9riodiquement apr\u00e8s avoir appuy\u00e9 sur le bouton poussoir.<\/p>\n<p>Pour cela, il suffit de surveiller, en boucle, la tension Uc aux bornes du condensateur de fa\u00e7on \u00e0 alterner entre la charge et la d\u00e9charge :<\/p>\n<p>\u2013 Si Uc est sup\u00e9rieure \u00e0 une valeur Uc max \u00e0 d\u00e9finir, le condensateur est d\u00e9charg\u00e9, ce qui produit un flash.<br \/>\u2013 Si Uc est inf\u00e9rieure \u00e0 une valeur Uc min \u00e0 d\u00e9finir, le condensateur est charg\u00e9 jusqu\u2019\u00e0 Uc max, puis le condensateur est d\u00e9charg\u00e9 jusqu\u2019\u00e0 Uc min et ainsi de suite\u2026<\/p>\n<p>Le flash p\u00e9riodique est arr\u00eat\u00e9 en appuyant de nouveau sur le bouton poussoir.<\/p>\n<p>\u00a0<\/p>\n\n\n<div  class=\"grids-section grids-is-advanced\" style=\"--_gs-gap-desktop:0px 0px;--_gs-m-desktop:0 0 0 0;--_gs-p-desktop:0 0 0 0;--_gs-bg-desktop:transparent none;--_gs-bg-xp-desktop:0px;--_gs-zi-desktop:auto;--_gs-d-desktop:block;--_gs-mw-desktop:calc(100% - 0 - 0);--_gs-gap-tablet:0px 0px;--_gs-m-tablet:0 0 0 0;--_gs-p-tablet:0 0 0 0;--_gs-bg-tablet:transparent none;--_gs-bg-xp-tablet:0px;--_gs-zi-tablet:auto;--_gs-d-tablet:block;--_gs-mw-tablet:calc(100% - 0 - 0);--_gs-gap-mobile:0px 0px;--_gs-m-mobile:0 0 0 0;--_gs-p-mobile:0 0 0 0;--_gs-bg-mobile:transparent none;--_gs-bg-xp-mobile:0px;--_gs-zi-mobile:auto;--_gs-d-mobile:block;--_gs-mw-mobile:calc(100% - 0 - 0);--_gs-columns:12;--_gs-rows:6\"><div class=\"grids-s-w_i\">\n<div class=\"grids-area\" style=\"--_ga-column:1\/2;--_ga-row:1\/2;--_ga-m-desktop:0 0 0 0;--_ga-p-desktop:0 0 0 0;--_ga-bg-desktop:transparent none;--_ga-zi-desktop:auto;--_ga-d-desktop:flex;--_ga-mw-desktop:calc(100% - 0 - 0);--_ga-m-tablet:0 0 0 0;--_ga-p-tablet:0 0 0 0;--_ga-bg-tablet:transparent none;--_ga-zi-tablet:auto;--_ga-d-tablet:flex;--_ga-mw-tablet:calc(100% - 0 - 0);--_ga-m-mobile:0 0 0 0;--_ga-p-mobile:0 0 0 0;--_ga-bg-mobile:transparent none;--_ga-zi-mobile:auto;--_ga-d-mobile:flex;--_ga-mw-mobile:calc(100% - 0 - 0)\">\n\n<figure class=\"wp-block-image size-large\"><a href=\"https:\/\/www.ardpylab.fr\/?page_id=5985\"><img loading=\"lazy\" decoding=\"async\" width=\"50\" height=\"28\" src=\"https:\/\/www.ardpylab.fr\/wp-content\/uploads\/2020\/03\/moins.jpg\" alt=\"\" class=\"wp-image-107\"\/><\/a><\/figure>\n\n<\/div>\n\n<div class=\"grids-area\" style=\"--_ga-column:12\/13;--_ga-row:1\/2;--_ga-m-desktop:0 0 0 0;--_ga-p-desktop:0 0 0 0;--_ga-bg-desktop:transparent none;--_ga-zi-desktop:auto;--_ga-d-desktop:flex;--_ga-mw-desktop:calc(100% - 0 - 0);--_ga-m-tablet:0 0 0 0;--_ga-p-tablet:0 0 0 0;--_ga-bg-tablet:transparent none;--_ga-zi-tablet:auto;--_ga-d-tablet:flex;--_ga-mw-tablet:calc(100% - 0 - 0);--_ga-m-mobile:0 0 0 0;--_ga-p-mobile:0 0 0 0;--_ga-bg-mobile:transparent none;--_ga-zi-mobile:auto;--_ga-d-mobile:flex;--_ga-mw-mobile:calc(100% - 0 - 0)\">\n\n<figure class=\"wp-block-image size-large\"><a href=\"https:\/\/www.ardpylab.fr\/?page_id=6031\"><img loading=\"lazy\" decoding=\"async\" width=\"50\" height=\"28\" src=\"https:\/\/www.ardpylab.fr\/wp-content\/uploads\/2020\/03\/plus.jpg\" alt=\"\" class=\"wp-image-106\"\/><\/a><\/figure>\n\n<\/div>\n<\/div><\/div>","protected":false},"excerpt":{"rendered":"<p>Dans cette cat\u00e9gorie, nous retrouvons des sketchs permettant l&rsquo;\u00e9tude de la charge et la d\u00e9charge du condensateur d&rsquo;un dip\u00f4le RC. &nbsp; Tous ces sketchs ont d\u00e9j\u00e0 \u00e9t\u00e9 pr\u00e9sent\u00e9s dans la rubrique \u00ab Activit\u00e9s pour les lyc\u00e9es \/ Condensateurs et Dip\u00f4les RC \u00bb 1. Dipoles_RC_Charge (Code: Etude de la charge d\u2019un condensateur d\u2019un dip\u00f4le RC) L\u2019objectif [&hellip;]<\/p>\n","protected":false},"author":1,"featured_media":0,"parent":0,"menu_order":0,"comment_status":"closed","ping_status":"closed","template":"","meta":{"footnotes":""},"class_list":["post-6012","page","type-page","status-publish","hentry"],"_links":{"self":[{"href":"https:\/\/www.ardpylab.fr\/index.php?rest_route=\/wp\/v2\/pages\/6012","targetHints":{"allow":["GET"]}}],"collection":[{"href":"https:\/\/www.ardpylab.fr\/index.php?rest_route=\/wp\/v2\/pages"}],"about":[{"href":"https:\/\/www.ardpylab.fr\/index.php?rest_route=\/wp\/v2\/types\/page"}],"author":[{"embeddable":true,"href":"https:\/\/www.ardpylab.fr\/index.php?rest_route=\/wp\/v2\/users\/1"}],"replies":[{"embeddable":true,"href":"https:\/\/www.ardpylab.fr\/index.php?rest_route=%2Fwp%2Fv2%2Fcomments&post=6012"}],"version-history":[{"count":32,"href":"https:\/\/www.ardpylab.fr\/index.php?rest_route=\/wp\/v2\/pages\/6012\/revisions"}],"predecessor-version":[{"id":6294,"href":"https:\/\/www.ardpylab.fr\/index.php?rest_route=\/wp\/v2\/pages\/6012\/revisions\/6294"}],"wp:attachment":[{"href":"https:\/\/www.ardpylab.fr\/index.php?rest_route=%2Fwp%2Fv2%2Fmedia&parent=6012"}],"curies":[{"name":"wp","href":"https:\/\/api.w.org\/{rel}","templated":true}]}}