{"id":6087,"date":"2021-03-30T13:13:46","date_gmt":"2021-03-30T11:13:46","guid":{"rendered":"https:\/\/www.ardpylab.fr\/?page_id=6087"},"modified":"2021-04-07T11:20:23","modified_gmt":"2021-04-07T09:20:23","slug":"categorie-ondes-ultrasonores","status":"publish","type":"page","link":"https:\/\/www.ardpylab.fr\/?page_id=6087","title":{"rendered":"Cat\u00e9gorie \u00abOndes ultrasonores\u00bb"},"content":{"rendered":"\n<p><br>Cette cat\u00e9gorie regroupe des sketchs utilisant un \u00e9metteur-r\u00e9cepteur d&rsquo;ondes ultrasonores pour Arduino.<br><br><\/p>\n\n\n\n<div class=\"wp-block-image\"><figure class=\"aligncenter size-large\"><img loading=\"lazy\" decoding=\"async\" width=\"331\" height=\"315\" src=\"https:\/\/www.ardpylab.fr\/wp-content\/uploads\/2021\/03\/ListeSketch06.png\" alt=\"\" class=\"wp-image-6088\" srcset=\"https:\/\/www.ardpylab.fr\/wp-content\/uploads\/2021\/03\/ListeSketch06.png 331w, https:\/\/www.ardpylab.fr\/wp-content\/uploads\/2021\/03\/ListeSketch06-300x285.png 300w\" sizes=\"auto, (max-width: 331px) 100vw, 331px\" \/><\/figure><\/div>\n\n\n\n<p><br>Tous ces sketchs ont d\u00e9j\u00e0 \u00e9t\u00e9 pr\u00e9sent\u00e9s dans la rubrique \u00ab&nbsp;<a href=\"https:\/\/ardpylab.fr\/?page_id=720\"><strong>Activit\u00e9s pour les lyc\u00e9es \/ Ondes ultrasonores<\/strong><\/a> \u00bb.<\/p>\n<p>&nbsp;<\/p>\n\n\n\n<h4><strong>1. <a href=\"https:\/\/www.ardpylab.fr\/downloads\/ardpylog\/Vitesse_son.zip\"><span style=\"text-decoration: underline;\">Vitesse_son<\/span><\/a> (<\/strong>Code<strong>: <\/strong><a href=\"https:\/\/www.ardpylab.fr\/?page_id=761\" data-wplink-url-error=\"true\"><strong><em>D\u00e9termination de la vitesse du son dans l\u2019air<\/em><\/strong><\/a><strong><em>)<br><br><\/em><\/strong><\/h4>\n\n\n\n<div class=\"wp-block-image\"><figure class=\"aligncenter size-large is-resized\"><img loading=\"lazy\" decoding=\"async\" src=\"https:\/\/www.ardpylab.fr\/wp-content\/uploads\/2021\/03\/Vitesse_son.jpg\" alt=\"\" class=\"wp-image-6091\" width=\"468\" height=\"283\" srcset=\"https:\/\/www.ardpylab.fr\/wp-content\/uploads\/2021\/03\/Vitesse_son.jpg 935w, https:\/\/www.ardpylab.fr\/wp-content\/uploads\/2021\/03\/Vitesse_son-300x181.jpg 300w, https:\/\/www.ardpylab.fr\/wp-content\/uploads\/2021\/03\/Vitesse_son-768x464.jpg 768w\" sizes=\"auto, (max-width: 468px) 100vw, 468px\" \/><\/figure><\/div>\n\n\n\n<p>&nbsp;<\/p>\n<p>Dans cette activit\u00e9, nous allons d\u00e9terminer exp\u00e9rimentalement la vitesse de propagation des ondes sonores en mesurant, \u00e0 l\u2019aide d\u2019un capteur \u00e0 ultrasons, le HC-SR04, la dur\u00e9e de propagation Dt de l\u2019onde sonore entre l\u2019\u00e9metteur et le r\u00e9cepteur situ\u00e9s \u00e0 une distance d connue d\u2019un obstacle.<\/p>\n<p>Les mesures de vitesse du son dans l\u2019air commencent apr\u00e8s un appui sur le bouton poussoir et sont arr\u00eat\u00e9es en appuyant de nouveau sur celui-ci.<\/p>\n<p>&nbsp;<\/p>\n\n\n\n<h4><strong>2. <a href=\"https:\/\/www.ardpylab.fr\/downloads\/ardpylog\/Telemetre.zip\"><span style=\"text-decoration: underline;\">Telemetre<\/span><\/a> (<\/strong>Code<strong>: <\/strong><strong><em><a href=\"https:\/\/www.ardpylab.fr\/?page_id=791\">Mesure de distances<\/a>)<br><\/em><\/strong><\/h4>\n<p>Connaissant la c\u00e9l\u00e9rit\u00e9 des ondes sonores dans l\u2019air, dans cette activit\u00e9, nous allons utiliser le capteur \u00e0 ultrasons de notre circuit d\u2019\u00e9tude (idem sketch \u00ab Vitesse_son \u00bb) pour mesurer des distances en mesurant la dur\u00e9e de propagation Dt de l\u2019onde sonore entre l\u2019\u00e9metteur et le r\u00e9cepteur situ\u00e9s \u00e0 une distance d inconnue d\u2019un obstacle. C\u2019est le principe du Sonar.<\/p>\n<p>Les mesures de distance commencent apr\u00e8s un appui sur le bouton poussoir et sont arr\u00eat\u00e9es en appuyant de nouveau sur celui-ci.<\/p>\n<p>La temp\u00e9rature de l\u2019air est une variable qu\u2019il est possible de modifier. La vitesse th\u00e9orique du son dans l\u2019air en fonction de la temp\u00e9rature indiqu\u00e9e est alors calcul\u00e9e et utilis\u00e9e pour d\u00e9terminer la distance entre le capteur et l\u2019obstacle.<\/p>\n<p>&nbsp;<\/p>\n\n\n\n<h4><strong>3.<\/strong> <a href=\"https:\/\/www.ardpylab.fr\/downloads\/ardpylog\/DetecteurObstacles.zip\"><span style=\"text-decoration: underline;\"><strong>Detecteur_obstacles<\/strong><\/span><\/a> (Code: <a href=\"https:\/\/www.ardpylab.fr\/?page_id=814\" data-wplink-url-error=\"true\"><strong><em>D\u00e9tecteur d\u2019obstacles<\/em><\/strong><\/a><strong><em>)<br \/><br \/><\/em><\/strong><\/h4>\n\n\n\n<div class=\"wp-block-image\"><figure class=\"aligncenter size-large is-resized\"><img loading=\"lazy\" decoding=\"async\" src=\"https:\/\/www.ardpylab.fr\/wp-content\/uploads\/2021\/03\/Detecteur_obstacles.jpg\" alt=\"\" class=\"wp-image-6094\" width=\"468\" height=\"283\" srcset=\"https:\/\/www.ardpylab.fr\/wp-content\/uploads\/2021\/03\/Detecteur_obstacles.jpg 935w, https:\/\/www.ardpylab.fr\/wp-content\/uploads\/2021\/03\/Detecteur_obstacles-300x181.jpg 300w, https:\/\/www.ardpylab.fr\/wp-content\/uploads\/2021\/03\/Detecteur_obstacles-768x464.jpg 768w\" sizes=\"auto, (max-width: 468px) 100vw, 468px\" \/><\/figure><\/div>\n\n\n\n<p><br \/>Comme il est possible de mesurer une distance avec un Arduino et un capteur \u00e0 ultrasons, nous allons dans cette activit\u00e9, r\u00e9aliser un d\u00e9tecteur d\u2019obstacle qui d\u00e9clenchera une alarme lumineuse et sonore, avec la DEL et le buzzer de notre circuit d\u2019\u00e9tude, quand le capteur est situ\u00e9 en dessous d\u2019une distance d fix\u00e9e.<\/p>\n<p>La temp\u00e9rature de l\u2019air est une variable qu\u2019il est possible de modifier. La vitesse<br \/>th\u00e9orique du son dans l\u2019air en fonction de la temp\u00e9rature indiqu\u00e9e est alors calcul\u00e9e et utilis\u00e9e pour<br \/>d\u00e9terminer la distance entre le capteur et l\u2019obstacle.<\/p>\n<p>On pourra \u00e9galement modifier la distance minimale de d\u00e9clenchement de l\u2019alarme.<\/p>\n<p>\u00a0<\/p>\n\n\n<div  class=\"grids-section grids-is-advanced\" style=\"--_gs-gap-desktop:0px 0px;--_gs-m-desktop:0 0 0 0;--_gs-p-desktop:0 0 0 0;--_gs-bg-desktop:transparent none;--_gs-bg-xp-desktop:0px;--_gs-zi-desktop:auto;--_gs-d-desktop:block;--_gs-mw-desktop:calc(100% - 0 - 0);--_gs-gap-tablet:0px 0px;--_gs-m-tablet:0 0 0 0;--_gs-p-tablet:0 0 0 0;--_gs-bg-tablet:transparent none;--_gs-bg-xp-tablet:0px;--_gs-zi-tablet:auto;--_gs-d-tablet:block;--_gs-mw-tablet:calc(100% - 0 - 0);--_gs-gap-mobile:0px 0px;--_gs-m-mobile:0 0 0 0;--_gs-p-mobile:0 0 0 0;--_gs-bg-mobile:transparent none;--_gs-bg-xp-mobile:0px;--_gs-zi-mobile:auto;--_gs-d-mobile:block;--_gs-mw-mobile:calc(100% - 0 - 0);--_gs-columns:12;--_gs-rows:6\"><div class=\"grids-s-w_i\">\n<div class=\"grids-area\" style=\"--_ga-column:1\/2;--_ga-row:1\/2;--_ga-m-desktop:0 0 0 0;--_ga-p-desktop:0 0 0 0;--_ga-bg-desktop:transparent none;--_ga-zi-desktop:auto;--_ga-d-desktop:flex;--_ga-mw-desktop:calc(100% - 0 - 0);--_ga-m-tablet:0 0 0 0;--_ga-p-tablet:0 0 0 0;--_ga-bg-tablet:transparent none;--_ga-zi-tablet:auto;--_ga-d-tablet:flex;--_ga-mw-tablet:calc(100% - 0 - 0);--_ga-m-mobile:0 0 0 0;--_ga-p-mobile:0 0 0 0;--_ga-bg-mobile:transparent none;--_ga-zi-mobile:auto;--_ga-d-mobile:flex;--_ga-mw-mobile:calc(100% - 0 - 0)\">\n\n<figure class=\"wp-block-image size-large\"><a href=\"https:\/\/www.ardpylab.fr\/?page_id=6058\"><img loading=\"lazy\" decoding=\"async\" width=\"50\" height=\"28\" src=\"https:\/\/www.ardpylab.fr\/wp-content\/uploads\/2020\/03\/moins.jpg\" alt=\"\" class=\"wp-image-107\"\/><\/a><\/figure>\n\n<\/div>\n\n<div class=\"grids-area\" style=\"--_ga-column:12\/13;--_ga-row:1\/2;--_ga-m-desktop:0 0 0 0;--_ga-p-desktop:0 0 0 0;--_ga-bg-desktop:transparent none;--_ga-zi-desktop:auto;--_ga-d-desktop:flex;--_ga-mw-desktop:calc(100% - 0 - 0);--_ga-m-tablet:0 0 0 0;--_ga-p-tablet:0 0 0 0;--_ga-bg-tablet:transparent none;--_ga-zi-tablet:auto;--_ga-d-tablet:flex;--_ga-mw-tablet:calc(100% - 0 - 0);--_ga-m-mobile:0 0 0 0;--_ga-p-mobile:0 0 0 0;--_ga-bg-mobile:transparent none;--_ga-zi-mobile:auto;--_ga-d-mobile:flex;--_ga-mw-mobile:calc(100% - 0 - 0)\">\n\n<figure class=\"wp-block-image size-large\"><a href=\"https:\/\/www.ardpylab.fr\/?page_id=6098\"><img loading=\"lazy\" decoding=\"async\" width=\"50\" height=\"28\" src=\"https:\/\/www.ardpylab.fr\/wp-content\/uploads\/2020\/03\/plus.jpg\" alt=\"\" class=\"wp-image-106\"\/><\/a><\/figure>\n\n<\/div>\n<\/div><\/div>","protected":false},"excerpt":{"rendered":"<p>Cette cat\u00e9gorie regroupe des sketchs utilisant un \u00e9metteur-r\u00e9cepteur d&rsquo;ondes ultrasonores pour Arduino. Tous ces sketchs ont d\u00e9j\u00e0 \u00e9t\u00e9 pr\u00e9sent\u00e9s dans la rubrique \u00ab&nbsp;Activit\u00e9s pour les lyc\u00e9es \/ Ondes ultrasonores \u00bb. &nbsp; 1. Vitesse_son (Code: D\u00e9termination de la vitesse du son dans l\u2019air) &nbsp; Dans cette activit\u00e9, nous allons d\u00e9terminer exp\u00e9rimentalement la vitesse de propagation des [&hellip;]<\/p>\n","protected":false},"author":1,"featured_media":0,"parent":0,"menu_order":0,"comment_status":"closed","ping_status":"closed","template":"","meta":{"footnotes":""},"class_list":["post-6087","page","type-page","status-publish","hentry"],"_links":{"self":[{"href":"https:\/\/www.ardpylab.fr\/index.php?rest_route=\/wp\/v2\/pages\/6087","targetHints":{"allow":["GET"]}}],"collection":[{"href":"https:\/\/www.ardpylab.fr\/index.php?rest_route=\/wp\/v2\/pages"}],"about":[{"href":"https:\/\/www.ardpylab.fr\/index.php?rest_route=\/wp\/v2\/types\/page"}],"author":[{"embeddable":true,"href":"https:\/\/www.ardpylab.fr\/index.php?rest_route=\/wp\/v2\/users\/1"}],"replies":[{"embeddable":true,"href":"https:\/\/www.ardpylab.fr\/index.php?rest_route=%2Fwp%2Fv2%2Fcomments&post=6087"}],"version-history":[{"count":8,"href":"https:\/\/www.ardpylab.fr\/index.php?rest_route=\/wp\/v2\/pages\/6087\/revisions"}],"predecessor-version":[{"id":6297,"href":"https:\/\/www.ardpylab.fr\/index.php?rest_route=\/wp\/v2\/pages\/6087\/revisions\/6297"}],"wp:attachment":[{"href":"https:\/\/www.ardpylab.fr\/index.php?rest_route=%2Fwp%2Fv2%2Fmedia&parent=6087"}],"curies":[{"name":"wp","href":"https:\/\/api.w.org\/{rel}","templated":true}]}}