{"id":6098,"date":"2021-03-30T13:31:58","date_gmt":"2021-03-30T11:31:58","guid":{"rendered":"https:\/\/www.ardpylab.fr\/?page_id=6098"},"modified":"2021-04-07T11:45:33","modified_gmt":"2021-04-07T09:45:33","slug":"categorie-pression","status":"publish","type":"page","link":"https:\/\/www.ardpylab.fr\/?page_id=6098","title":{"rendered":"Cat\u00e9gorie \u00ab Pression \u00bb"},"content":{"rendered":"\n<p><br>Cette cat\u00e9gorie regroupe des sketchs utilisant un capteur de pression pour Arduino.<\/p>\n\n\n\n<div class=\"wp-block-image\"><figure class=\"aligncenter size-large\"><img loading=\"lazy\" decoding=\"async\" width=\"333\" height=\"319\" src=\"https:\/\/www.ardpylab.fr\/wp-content\/uploads\/2021\/03\/ListeSketch07.png\" alt=\"\" class=\"wp-image-6099\" srcset=\"https:\/\/www.ardpylab.fr\/wp-content\/uploads\/2021\/03\/ListeSketch07.png 333w, https:\/\/www.ardpylab.fr\/wp-content\/uploads\/2021\/03\/ListeSketch07-300x287.png 300w\" sizes=\"auto, (max-width: 333px) 100vw, 333px\" \/><\/figure><\/div>\n\n\n\n<p><br>Tous ces sketchs ont d\u00e9j\u00e0 \u00e9t\u00e9 pr\u00e9sent\u00e9s dans la rubrique \u00ab&nbsp;<a href=\"https:\/\/ardpylab.fr\/?page_id=1140\"><strong>Activit\u00e9s pour les lyc\u00e9es \/ Pression<\/strong><\/a>&nbsp;\u00bb.<\/p>\n<p>&nbsp;<\/p>\n\n\n\n<h4><strong>1. <a href=\"https:\/\/www.ardpylab.fr\/downloads\/ardpylog\/CapteursPression.zip\"><span style=\"text-decoration: underline;\">Capteurs_pression<\/span><\/a><\/strong> (Code: <a href=\"https:\/\/www.ardpylab.fr\/?page_id=1176\" data-wplink-url-error=\"true\"><strong><em>Mesure d\u2019une pression absolue avec un capteur MPX4250AP<\/em><\/strong><\/a><strong><em>)<br><\/em><\/strong><\/h4>\n\n\n\n<div class=\"wp-block-image\"><figure class=\"aligncenter size-large is-resized\"><img loading=\"lazy\" decoding=\"async\" src=\"https:\/\/www.ardpylab.fr\/wp-content\/uploads\/2021\/03\/Capteurs_pression.jpg\" alt=\"\" class=\"wp-image-6105\" width=\"468\" height=\"283\" srcset=\"https:\/\/www.ardpylab.fr\/wp-content\/uploads\/2021\/03\/Capteurs_pression.jpg 935w, https:\/\/www.ardpylab.fr\/wp-content\/uploads\/2021\/03\/Capteurs_pression-300x181.jpg 300w, https:\/\/www.ardpylab.fr\/wp-content\/uploads\/2021\/03\/Capteurs_pression-768x464.jpg 768w\" sizes=\"auto, (max-width: 468px) 100vw, 468px\" \/><\/figure><\/div>\n\n\n\n<p>&nbsp;<\/p>\n<p>Dans cette activit\u00e9, nous allons simplement mettre en \u0153uvre l\u2019utilisation d\u2019un capteur de pression dont la sortie est reli\u00e9e \u00e0 l\u2019entr\u00e9e A0 de l\u2019Arduino (Cf. circuit d\u2019\u00e9tude), pour afficher dans le moniteur s\u00e9rie, la tension mesur\u00e9e et la pression correspondante apr\u00e8s un appui sur le bouton poussoir.<\/p>\n<p>Un nouvel appui sur le bouton poussoir arr\u00eate les mesures.<\/p>\n<p>&nbsp;<\/p>\n\n\n\n<h4><strong>2. <a href=\"https:\/\/www.ardpylab.fr\/downloads\/ardpylog\/PressionIndicateur.zip\"><span style=\"text-decoration: underline;\">Pression_indicateur<\/span><\/a><\/strong> (Code: <a href=\"https:\/\/www.ardpylab.fr\/?page_id=1197\" data-wplink-url-error=\"true\"><strong><em>Indicateur de pression<\/em><\/strong><\/a><strong><em>)<br><br><\/em><\/strong><\/h4>\n\n\n\n<div class=\"wp-block-image\"><figure class=\"aligncenter size-large is-resized\"><img loading=\"lazy\" decoding=\"async\" src=\"https:\/\/www.ardpylab.fr\/wp-content\/uploads\/2021\/03\/Pression_indicateur.jpg\" alt=\"\" class=\"wp-image-6106\" width=\"468\" height=\"283\" srcset=\"https:\/\/www.ardpylab.fr\/wp-content\/uploads\/2021\/03\/Pression_indicateur.jpg 935w, https:\/\/www.ardpylab.fr\/wp-content\/uploads\/2021\/03\/Pression_indicateur-300x181.jpg 300w, https:\/\/www.ardpylab.fr\/wp-content\/uploads\/2021\/03\/Pression_indicateur-768x464.jpg 768w\" sizes=\"auto, (max-width: 468px) 100vw, 468px\" \/><\/figure><\/div>\n\n\n\n<p><br>De fa\u00e7on \u00e0 s\u2019assurer que la pression mesur\u00e9e par notre capteur MPX4250AP ne soit pas sup\u00e9rieure ou inf\u00e9rieure \u00e0 la pression maximale (250 kPa) ou minimale (20 kPa) admissible, nous allons dans cette activit\u00e9 utiliser une DEL rouge qui sera allum\u00e9e quand la pression est sup\u00e9rieure ou inf\u00e9rieure \u00e0 des seuils \u00e0 d\u00e9finir afin de pr\u00e9venir de leurs d\u00e9passements.<br>La pression mesur\u00e9e sera modifi\u00e9e avec une seringue d\u2019un volume utile de 60 mL fix\u00e9e au capteur par l\u2019interm\u00e9diaire d\u2019un tuyau.<\/p>\n<p>En d\u00e9pla\u00e7ant le piston, initialement plac\u00e9 sur la graduation 30 mL, on fait varier le volume de l\u2019air enferm\u00e9 dans le corps de la seringue et donc la pression appliqu\u00e9e sur le capteur.<\/p>\n<p>&nbsp;<\/p>\n\n\n\n<h4><strong>3.<\/strong> <a href=\"https:\/\/www.ardpylab.fr\/downloads\/ardpylog\/PressionMariotte.zip\"><span style=\"text-decoration: underline;\"><strong>Pression_Mariotte<\/strong><\/span><\/a> (Code: <a href=\"https:\/\/www.ardpylab.fr\/?page_id=1210\" data-wplink-url-error=\"true\"><strong><em>V\u00e9rification de la loi de Boyle-Mariotte<\/em><\/strong><\/a><strong><em>)<br><br><\/em><\/strong><\/h4>\n\n\n\n<div class=\"wp-block-image\"><figure class=\"aligncenter size-large is-resized\"><img loading=\"lazy\" decoding=\"async\" src=\"https:\/\/www.ardpylab.fr\/wp-content\/uploads\/2021\/03\/Pression_Mariotte.jpg\" alt=\"\" class=\"wp-image-6109\" width=\"468\" height=\"283\" srcset=\"https:\/\/www.ardpylab.fr\/wp-content\/uploads\/2021\/03\/Pression_Mariotte.jpg 935w, https:\/\/www.ardpylab.fr\/wp-content\/uploads\/2021\/03\/Pression_Mariotte-300x181.jpg 300w, https:\/\/www.ardpylab.fr\/wp-content\/uploads\/2021\/03\/Pression_Mariotte-768x464.jpg 768w\" sizes=\"auto, (max-width: 468px) 100vw, 468px\" \/><\/figure><\/div>\n\n\n\n<p>&nbsp;<\/p>\n<p>L\u2019objectif de cette activit\u00e9 est de v\u00e9rifier la loi de Boyle-Mariotte \u00e0 l\u2019aide de notre capteur de pression MPX4250AP et de la seringue d\u2019un volume utile de 60 mL.<\/p>\n<p>En d\u00e9pla\u00e7ant le piston, initialement plac\u00e9 sur la graduation 30 mL, on fait varier le volume de l\u2019air enferm\u00e9 dans le corps de la seringue reli\u00e9e au capteur de pression.<\/p>\n<p>Apr\u00e8s avoir appuy\u00e9 sur le bouton poussoir, le volume lu (entre 10 et 60 mL) sur le corps de la seringue est saisi au clavier dans le moniteur s\u00e9rie.<\/p>\n<p>La pression est ensuite mesur\u00e9e par le capteur qui d\u00e9livre une tension \u00e9lectrique proportionnelle \u00e0 la pression. Une moyenne est r\u00e9alis\u00e9e sur dix mesures et le r\u00e9sultat de la pression moyenne (p en kPa) pour le volume (V en mL) est affich\u00e9 dans le moniteur s\u00e9rie.<\/p>\n<p>Les mesures pour le volume V sont arr\u00eat\u00e9es en appuyant sur le bouton poussoir.<\/p>\n<p>Une nouvelle mesure de la pression pour un volume diff\u00e9rent est r\u00e9alisable en appuyant de nouveau sur le bouton poussoir.<\/p>\n<p>Il est donc possible d\u2019acqu\u00e9rir des <a href=\"https:\/\/www.ardpylab.fr\/downloads\/ardpylog\/Mariotte.csv\">couples de donn\u00e9es (p, V)<\/a> afin de v\u00e9rifier la loi de Boyle-Mariotte:<\/p>\n\n\n\n<div class=\"wp-block-image\"><figure class=\"aligncenter size-large is-resized\"><img loading=\"lazy\" decoding=\"async\" src=\"https:\/\/www.ardpylab.fr\/wp-content\/uploads\/2021\/04\/ardpylog_pression01-1024x897.png\" alt=\"\" class=\"wp-image-6301\" width=\"768\" height=\"673\" srcset=\"https:\/\/www.ardpylab.fr\/wp-content\/uploads\/2021\/04\/ardpylog_pression01-1024x897.png 1024w, https:\/\/www.ardpylab.fr\/wp-content\/uploads\/2021\/04\/ardpylog_pression01-300x263.png 300w, https:\/\/www.ardpylab.fr\/wp-content\/uploads\/2021\/04\/ardpylog_pression01-768x673.png 768w, https:\/\/www.ardpylab.fr\/wp-content\/uploads\/2021\/04\/ardpylog_pression01.png 1107w\" sizes=\"auto, (max-width: 768px) 100vw, 768px\" \/><\/figure><\/div>\n\n\n\n<p>La mod\u00e9lisation de <strong>p=f(1\/V)<\/strong> donne:<\/p>\n\n\n\n<figure class=\"wp-block-image size-large\"><img loading=\"lazy\" decoding=\"async\" width=\"1024\" height=\"627\" src=\"https:\/\/www.ardpylab.fr\/wp-content\/uploads\/2021\/04\/ardpylog_pression02-1024x627.png\" alt=\"\" class=\"wp-image-6302\" srcset=\"https:\/\/www.ardpylab.fr\/wp-content\/uploads\/2021\/04\/ardpylog_pression02-1024x627.png 1024w, https:\/\/www.ardpylab.fr\/wp-content\/uploads\/2021\/04\/ardpylog_pression02-300x184.png 300w, https:\/\/www.ardpylab.fr\/wp-content\/uploads\/2021\/04\/ardpylog_pression02-768x470.png 768w, https:\/\/www.ardpylab.fr\/wp-content\/uploads\/2021\/04\/ardpylog_pression02-1536x940.png 1536w, https:\/\/www.ardpylab.fr\/wp-content\/uploads\/2021\/04\/ardpylog_pression02.png 1586w\" sizes=\"auto, (max-width: 1024px) 100vw, 1024px\" \/><\/figure>\n\n\n\n<p>Dans les conditions de l&rsquo;exp\u00e9rience, la constante de la loi de Boyle-Mariotte est d\u2019environ <strong>3,3<\/strong>\u00a0kPa.L<\/p>\n<p>\u00a0<\/p>\n\n\n\n<h4><strong>4. <a href=\"https:\/\/www.ardpylab.fr\/downloads\/ardpylog\/PressionStatiqueFluides.zip\"><span style=\"text-decoration: underline;\">Pression_statique_fluides<\/span><\/a><\/strong> (Code: <a href=\"https:\/\/www.ardpylab.fr\/?page_id=1245\"><strong><em>Principe fondamental de la statique des fluides<\/em><\/strong><\/a><strong><em>)<br \/><br \/><\/em><\/strong><\/h4>\n\n\n\n<div class=\"wp-block-image\"><figure class=\"aligncenter size-large is-resized\"><img loading=\"lazy\" decoding=\"async\" src=\"https:\/\/www.ardpylab.fr\/wp-content\/uploads\/2021\/03\/Pression_statique_fluides.jpg\" alt=\"\" class=\"wp-image-6112\" width=\"468\" height=\"283\" srcset=\"https:\/\/www.ardpylab.fr\/wp-content\/uploads\/2021\/03\/Pression_statique_fluides.jpg 935w, https:\/\/www.ardpylab.fr\/wp-content\/uploads\/2021\/03\/Pression_statique_fluides-300x181.jpg 300w, https:\/\/www.ardpylab.fr\/wp-content\/uploads\/2021\/03\/Pression_statique_fluides-768x464.jpg 768w\" sizes=\"auto, (max-width: 468px) 100vw, 468px\" \/><\/figure><\/div>\n\n\n\n<p>\u00a0<\/p>\n<p>L\u2019objectif de cette activit\u00e9 est de d\u00e9terminer la profondeur d\u2019immersion dans une colonne d\u2019eau d\u2019un tuyau reli\u00e9 \u00e0 un capteur de pression MPX4250AP en appliquant le principe fondamental de la statique des fluides.<\/p>\n<p>Apr\u00e8s avoir positionn\u00e9 le tuyau au niveau d&rsquo;un point A, constituant l\u2019origine du rep\u00e8re (Z = 0), et mesur\u00e9 la pression en ce point, on d\u00e9placera l\u2019extr\u00e9mit\u00e9 du tuyau (Point B) dans la colonne d\u2019eau. Le microcontr\u00f4leur mesurera en continu la pression du point B et calculera la distance (en m) entre les 2 points.<\/p>\n<p>\u00a0<\/p>\n\n\n<div  class=\"grids-section grids-is-advanced\" style=\"--_gs-gap-desktop:0px 0px;--_gs-m-desktop:0 0 0 0;--_gs-p-desktop:0 0 0 0;--_gs-bg-desktop:transparent none;--_gs-bg-xp-desktop:0px;--_gs-zi-desktop:auto;--_gs-d-desktop:block;--_gs-mw-desktop:calc(100% - 0 - 0);--_gs-gap-tablet:0px 0px;--_gs-m-tablet:0 0 0 0;--_gs-p-tablet:0 0 0 0;--_gs-bg-tablet:transparent none;--_gs-bg-xp-tablet:0px;--_gs-zi-tablet:auto;--_gs-d-tablet:block;--_gs-mw-tablet:calc(100% - 0 - 0);--_gs-gap-mobile:0px 0px;--_gs-m-mobile:0 0 0 0;--_gs-p-mobile:0 0 0 0;--_gs-bg-mobile:transparent none;--_gs-bg-xp-mobile:0px;--_gs-zi-mobile:auto;--_gs-d-mobile:block;--_gs-mw-mobile:calc(100% - 0 - 0);--_gs-columns:12;--_gs-rows:6\"><div class=\"grids-s-w_i\">\n<div class=\"grids-area\" style=\"--_ga-column:1\/2;--_ga-row:1\/2;--_ga-m-desktop:0 0 0 0;--_ga-p-desktop:0 0 0 0;--_ga-bg-desktop:transparent none;--_ga-zi-desktop:auto;--_ga-d-desktop:flex;--_ga-mw-desktop:calc(100% - 0 - 0);--_ga-m-tablet:0 0 0 0;--_ga-p-tablet:0 0 0 0;--_ga-bg-tablet:transparent none;--_ga-zi-tablet:auto;--_ga-d-tablet:flex;--_ga-mw-tablet:calc(100% - 0 - 0);--_ga-m-mobile:0 0 0 0;--_ga-p-mobile:0 0 0 0;--_ga-bg-mobile:transparent none;--_ga-zi-mobile:auto;--_ga-d-mobile:flex;--_ga-mw-mobile:calc(100% - 0 - 0)\">\n\n<figure class=\"wp-block-image size-large\"><a href=\"https:\/\/www.ardpylab.fr\/?page_id=6087\"><img loading=\"lazy\" decoding=\"async\" width=\"50\" height=\"28\" src=\"https:\/\/www.ardpylab.fr\/wp-content\/uploads\/2020\/03\/moins.jpg\" alt=\"\" class=\"wp-image-107\"\/><\/a><\/figure>\n\n<\/div>\n\n<div class=\"grids-area\" style=\"--_ga-column:12\/13;--_ga-row:1\/2;--_ga-m-desktop:0 0 0 0;--_ga-p-desktop:0 0 0 0;--_ga-bg-desktop:transparent none;--_ga-zi-desktop:auto;--_ga-d-desktop:flex;--_ga-mw-desktop:calc(100% - 0 - 0);--_ga-m-tablet:0 0 0 0;--_ga-p-tablet:0 0 0 0;--_ga-bg-tablet:transparent none;--_ga-zi-tablet:auto;--_ga-d-tablet:flex;--_ga-mw-tablet:calc(100% - 0 - 0);--_ga-m-mobile:0 0 0 0;--_ga-p-mobile:0 0 0 0;--_ga-bg-mobile:transparent none;--_ga-zi-mobile:auto;--_ga-d-mobile:flex;--_ga-mw-mobile:calc(100% - 0 - 0)\">\n\n<figure class=\"wp-block-image size-large\"><a href=\"https:\/\/www.ardpylab.fr\/?page_id=6116\"><img loading=\"lazy\" decoding=\"async\" width=\"50\" height=\"28\" src=\"https:\/\/www.ardpylab.fr\/wp-content\/uploads\/2020\/03\/plus.jpg\" alt=\"\" class=\"wp-image-106\"\/><\/a><\/figure>\n\n<\/div>\n<\/div><\/div>","protected":false},"excerpt":{"rendered":"<p>Cette cat\u00e9gorie regroupe des sketchs utilisant un capteur de pression pour Arduino. Tous ces sketchs ont d\u00e9j\u00e0 \u00e9t\u00e9 pr\u00e9sent\u00e9s dans la rubrique \u00ab&nbsp;Activit\u00e9s pour les lyc\u00e9es \/ Pression&nbsp;\u00bb. &nbsp; 1. Capteurs_pression (Code: Mesure d\u2019une pression absolue avec un capteur MPX4250AP) &nbsp; Dans cette activit\u00e9, nous allons simplement mettre en \u0153uvre l\u2019utilisation d\u2019un capteur de pression [&hellip;]<\/p>\n","protected":false},"author":1,"featured_media":0,"parent":0,"menu_order":0,"comment_status":"closed","ping_status":"closed","template":"","meta":{"footnotes":""},"class_list":["post-6098","page","type-page","status-publish","hentry"],"_links":{"self":[{"href":"https:\/\/www.ardpylab.fr\/index.php?rest_route=\/wp\/v2\/pages\/6098","targetHints":{"allow":["GET"]}}],"collection":[{"href":"https:\/\/www.ardpylab.fr\/index.php?rest_route=\/wp\/v2\/pages"}],"about":[{"href":"https:\/\/www.ardpylab.fr\/index.php?rest_route=\/wp\/v2\/types\/page"}],"author":[{"embeddable":true,"href":"https:\/\/www.ardpylab.fr\/index.php?rest_route=\/wp\/v2\/users\/1"}],"replies":[{"embeddable":true,"href":"https:\/\/www.ardpylab.fr\/index.php?rest_route=%2Fwp%2Fv2%2Fcomments&post=6098"}],"version-history":[{"count":12,"href":"https:\/\/www.ardpylab.fr\/index.php?rest_route=\/wp\/v2\/pages\/6098\/revisions"}],"predecessor-version":[{"id":6305,"href":"https:\/\/www.ardpylab.fr\/index.php?rest_route=\/wp\/v2\/pages\/6098\/revisions\/6305"}],"wp:attachment":[{"href":"https:\/\/www.ardpylab.fr\/index.php?rest_route=%2Fwp%2Fv2%2Fmedia&parent=6098"}],"curies":[{"name":"wp","href":"https:\/\/api.w.org\/{rel}","templated":true}]}}