{"id":69,"date":"2020-03-20T18:58:43","date_gmt":"2020-03-20T17:58:43","guid":{"rendered":"http:\/\/www.ardpylab.fr\/?page_id=69"},"modified":"2021-04-06T16:33:26","modified_gmt":"2021-04-06T14:33:26","slug":"les-microcontroleurs-dans-les-lycees","status":"publish","type":"page","link":"https:\/\/www.ardpylab.fr\/?page_id=69","title":{"rendered":"Les microcontr\u00f4leurs dans les lyc\u00e9es"},"content":{"rendered":"\n<p>&nbsp;<\/p>\n<p>&#8211; Les microcontr\u00f4leurs dans les lyc\u00e9es sont utilis\u00e9s comme interface physique sur un ordinateur pour piloter directement des mat\u00e9riels (buzzer, DELs, \u2026) et r\u00e9cup\u00e9rer des donn\u00e9es issues de capteurs (temp\u00e9rature, luminosit\u00e9, \u2026), \u00e0 des fins de traitement et d\u2019exploitations.<\/p>\n\n\n\n<div class=\"wp-block-image\"><figure class=\"aligncenter size-large is-resized\"><img loading=\"lazy\" decoding=\"async\" src=\"https:\/\/www.ardpylab.fr\/wp-content\/uploads\/2020\/03\/image-45.png\" alt=\"\" class=\"wp-image-393\" width=\"412\" height=\"323\" srcset=\"https:\/\/www.ardpylab.fr\/wp-content\/uploads\/2020\/03\/image-45.png 902w, https:\/\/www.ardpylab.fr\/wp-content\/uploads\/2020\/03\/image-45-300x235.png 300w, https:\/\/www.ardpylab.fr\/wp-content\/uploads\/2020\/03\/image-45-768x603.png 768w\" sizes=\"auto, (max-width: 412px) 100vw, 412px\" \/><\/figure><\/div>\n\n\n\n<p>&nbsp; &nbsp; &nbsp;&nbsp;<\/p>\n\n\n\n<p>&#8211; Une nouveaut\u00e9 dans les programmes (2019-2020)&nbsp;:<\/p>\n\n\n\n<p>\u25cf <strong>Classe de seconde<\/strong><\/p>\n\n\n\n<p style=\"padding-left: 40px;\">. <span style=\"text-decoration: underline;\">Chapitre \u00ab\u00a0Ondes et signaux\u00a0\u00bb<\/span> :<\/p>\n<p style=\"padding-left: 40px;\">1) \u00c9mission et perception d\u2019un son<br \/>&#8211; <a href=\"https:\/\/www.ardpylab.fr\/?page_id=424\">Utiliser un dispositif comportant un microcontr\u00f4leur pour produire un signal sonore<\/a>.<\/p>\n<p style=\"padding-left: 40px;\">3) Signaux et capteurs :<br \/>&#8211; <a href=\"https:\/\/www.ardpylab.fr\/?page_id=949\">Mesurer une grandeur physique \u00e0 l\u2019aide d\u2019un capteur \u00e9lectrique r\u00e9sistif<\/a> (<strong>thermistance<\/strong>, <strong>photor\u00e9sistance<\/strong>).<br \/>&#8211; <a href=\"https:\/\/www.ardpylab.fr\/?page_id=856\">Utiliser un dispositif avec microcontr\u00f4leur et capteur<\/a>.<\/p>\n\n\n\n<p>\u25cf <strong>Classe de seconde &#8211; Option Sciences et Laboratoire<\/strong><\/p>\n\n\n\n<p style=\"padding-left: 40px;\">&#8211; Syst\u00e8mes automatis\u00e9s : aides \u00e0 la conduite (capteurs, microcontr\u00f4leurs et r\u00e9gulateurs)<\/p>\n\n\n\n<p>\u25cf <strong>Classe de seconde<\/strong> &#8211; <strong>Sciences Num\u00e9riques et Technologie<\/strong><\/p>\n\n\n\n<p style=\"padding-left: 40px;\">&#8211; Syst\u00e8mes informatiques embarqu\u00e9s<br>&#8211; Commande d\u2019un actionneur, acquisition des donn\u00e9es d\u2019un capteur<\/p>\n\n\n\n<p><br>\u25cf <strong>Classe de Premi\u00e8re : Sp\u00e9cialit\u00e9 Sciences Physiques<\/strong><\/p>\n\n\n\n<p style=\"padding-left: 40px;\">. <span style=\"text-decoration: underline;\">Chapitre \u00ab\u00a0Mouvements et interactions\u00a0\u00bb<\/span> :<\/p>\n<p style=\"padding-left: 40px;\">2) description d\u2019un fluide au repos<br \/>&#8211; Tester <a href=\"https:\/\/www.ardpylab.fr\/?page_id=1210\">la loi de Mariotte<\/a>, par exemple en utilisant un dispositif comportant un microcontr\u00f4leur.<\/p>\n\n\n\n<p style=\"padding-left: 40px;\">. <span style=\"text-decoration: underline;\">Chapitre \u00ab\u00a0Ondes et signaux\u00a0\u00bb<\/span>:<\/p>\n<p style=\"padding-left: 40px;\">1) ondes m\u00e9caniques<br \/>&#8211; D\u00e9terminer, par exemple \u00e0 l\u2019aide d\u2019un microcontr\u00f4leur <a href=\"https:\/\/www.ardpylab.fr\/?page_id=791\">une distance<\/a> ou <a href=\"https:\/\/www.ardpylab.fr\/?page_id=761\">la c\u00e9l\u00e9rit\u00e9 d\u2019une onde<\/a>.<\/p>\n\n\n\n<p>\u25cf <strong>Classe de Premi\u00e8re : Sp\u00e9cialit\u00e9 SVT<\/strong><\/p>\n\n\n\n<p style=\"padding-left: 40px;\">\u00c9tude de la propagation des ondes \u00e0 travers des mat\u00e9riaux de nature p\u00e9trographique diff\u00e9rente ou de comportement m\u00e9canique diff\u00e9rent (<strong>utilisation des capteurs de vibration, d\u2019humidit\u00e9, de temp\u00e9rature, et de lumi\u00e8re<\/strong>).<\/p>\n\n\n\n<p>\u25cf <strong>Classe de Premi\u00e8re : enseignement\nscientifique commun<\/strong><\/p>\n\n\n\n<p style=\"padding-left: 40px;\">R\u00e9alisation d\u2019un projet exp\u00e9rimental et num\u00e9rique&nbsp;:<br>&#8211; Utilisation d\u2019un capteur \u00e9ventuellement r\u00e9alis\u00e9 en classe,<br>&#8211; Acquisition num\u00e9rique de donn\u00e9es,<br>&#8211; Traitement, repr\u00e9sentation et interpr\u00e9tation de ces donn\u00e9es.<br><br><\/p>\n<p>\u25cf <strong>Classe de Terminale : Sp\u00e9cialit\u00e9 Sciences Physiques<\/strong><\/p>\n<p style=\"padding-left: 40px;\">&nbsp;<a href=\"https:\/\/www.ardpylab.fr\/?page_id=5855\">D\u00e9termination exp\u00e9rimentale de la constante de temps d\u2019un dip\u00f4le RC<\/a><\/p>\n\n\n\n<p>\u00a0 \u00a0 \u00a0 \u00a0 \u00a0 \u00a0 \u00a0 \u00a0 \u00a0<\/p>\n\n\n<div  class=\"grids-section grids-is-stretch\" style=\"--_gs-gap-desktop:0px 0px;--_gs-m-desktop:0 0 0 0;--_gs-p-desktop:0 0 0 0;--_gs-bg-desktop:transparent none;--_gs-bg-xp-desktop:0px;--_gs-zi-desktop:auto;--_gs-d-desktop:block;--_gs-mw-desktop:calc(100% - 0 - 0);--_gs-gap-tablet:0px 0px;--_gs-m-tablet:0 0 0 0;--_gs-p-tablet:0 0 0 0;--_gs-bg-tablet:transparent none;--_gs-bg-xp-tablet:0px;--_gs-zi-tablet:auto;--_gs-d-tablet:block;--_gs-mw-tablet:calc(100% - 0 - 0);--_gs-gap-mobile:0px 0px;--_gs-m-mobile:0 0 0 0;--_gs-p-mobile:0 0 0 0;--_gs-bg-mobile:transparent none;--_gs-bg-xp-mobile:0px;--_gs-zi-mobile:auto;--_gs-d-mobile:block;--_gs-mw-mobile:calc(100% - 0 - 0);--_gs-columns:2;--_gs-rows:1\"><div class=\"grids-s-w_i\">\n<div class=\"grids-area\" style=\"--_ga-column:1\/2;--_ga-row:1\/2;--_ga-m-desktop:0 0 0 0;--_ga-p-desktop:0 0 0 0;--_ga-bg-desktop:transparent none;--_ga-zi-desktop:auto;--_ga-d-desktop:flex;--_ga-mw-desktop:calc(100% - 0 - 0);--_ga-m-tablet:0 0 0 0;--_ga-p-tablet:0 0 0 0;--_ga-bg-tablet:transparent none;--_ga-zi-tablet:auto;--_ga-d-tablet:flex;--_ga-mw-tablet:calc(100% - 0 - 0);--_ga-m-mobile:0 0 0 0;--_ga-p-mobile:0 0 0 0;--_ga-bg-mobile:transparent none;--_ga-zi-mobile:auto;--_ga-d-mobile:flex;--_ga-mw-mobile:calc(100% - 0 - 0)\">\n\n<div class=\"wp-block-image\"><figure class=\"alignleft size-large\"><a href=\"https:\/\/www.ardpylab.fr\/?page_id=39\"><img loading=\"lazy\" decoding=\"async\" width=\"50\" height=\"28\" src=\"https:\/\/www.ardpylab.fr\/wp-content\/uploads\/2020\/03\/moins.jpg\" alt=\"\" class=\"wp-image-107\"\/><\/a><\/figure><\/div>\n\n<\/div>\n\n<div class=\"grids-area\" style=\"--_ga-column:2\/3;--_ga-row:1\/2;--_ga-m-desktop:0 0 0 0;--_ga-p-desktop:0 0 0 0;--_ga-bg-desktop:transparent none;--_ga-zi-desktop:auto;--_ga-d-desktop:flex;--_ga-mw-desktop:calc(100% - 0 - 0);--_ga-m-tablet:0 0 0 0;--_ga-p-tablet:0 0 0 0;--_ga-bg-tablet:transparent none;--_ga-zi-tablet:auto;--_ga-d-tablet:flex;--_ga-mw-tablet:calc(100% - 0 - 0);--_ga-m-mobile:0 0 0 0;--_ga-p-mobile:0 0 0 0;--_ga-bg-mobile:transparent none;--_ga-zi-mobile:auto;--_ga-d-mobile:flex;--_ga-mw-mobile:calc(100% - 0 - 0)\">\n\n<div class=\"wp-block-image\"><figure class=\"alignright size-large\"><a href=\"https:\/\/www.ardpylab.fr\/?page_id=77\"><img loading=\"lazy\" decoding=\"async\" width=\"50\" height=\"28\" src=\"https:\/\/www.ardpylab.fr\/wp-content\/uploads\/2020\/03\/plus.jpg\" alt=\"\" class=\"wp-image-106\"\/><\/a><\/figure><\/div>\n\n<\/div>\n<\/div><\/div>\n\n\n\n","protected":false},"excerpt":{"rendered":"<p>&nbsp; &#8211; Les microcontr\u00f4leurs dans les lyc\u00e9es sont utilis\u00e9s comme interface physique sur un ordinateur pour piloter directement des mat\u00e9riels (buzzer, DELs, \u2026) et r\u00e9cup\u00e9rer des donn\u00e9es issues de capteurs (temp\u00e9rature, luminosit\u00e9, \u2026), \u00e0 des fins de traitement et d\u2019exploitations. &nbsp; &nbsp; &nbsp;&nbsp; &#8211; Une nouveaut\u00e9 dans les programmes (2019-2020)&nbsp;: \u25cf Classe de seconde . [&hellip;]<\/p>\n","protected":false},"author":1,"featured_media":0,"parent":0,"menu_order":0,"comment_status":"closed","ping_status":"closed","template":"","meta":{"footnotes":""},"class_list":["post-69","page","type-page","status-publish","hentry"],"_links":{"self":[{"href":"https:\/\/www.ardpylab.fr\/index.php?rest_route=\/wp\/v2\/pages\/69","targetHints":{"allow":["GET"]}}],"collection":[{"href":"https:\/\/www.ardpylab.fr\/index.php?rest_route=\/wp\/v2\/pages"}],"about":[{"href":"https:\/\/www.ardpylab.fr\/index.php?rest_route=\/wp\/v2\/types\/page"}],"author":[{"embeddable":true,"href":"https:\/\/www.ardpylab.fr\/index.php?rest_route=\/wp\/v2\/users\/1"}],"replies":[{"embeddable":true,"href":"https:\/\/www.ardpylab.fr\/index.php?rest_route=%2Fwp%2Fv2%2Fcomments&post=69"}],"version-history":[{"count":3,"href":"https:\/\/www.ardpylab.fr\/index.php?rest_route=\/wp\/v2\/pages\/69\/revisions"}],"predecessor-version":[{"id":6248,"href":"https:\/\/www.ardpylab.fr\/index.php?rest_route=\/wp\/v2\/pages\/69\/revisions\/6248"}],"wp:attachment":[{"href":"https:\/\/www.ardpylab.fr\/index.php?rest_route=%2Fwp%2Fv2%2Fmedia&parent=69"}],"curies":[{"name":"wp","href":"https:\/\/api.w.org\/{rel}","templated":true}]}}