{"id":6923,"date":"2023-10-02T15:38:33","date_gmt":"2023-10-02T13:38:33","guid":{"rendered":"https:\/\/www.ardpylab.fr\/?page_id=6923"},"modified":"2023-10-04T14:30:36","modified_gmt":"2023-10-04T12:30:36","slug":"gestion-du-laboratoire-de-chimie","status":"publish","type":"page","link":"https:\/\/www.ardpylab.fr\/?page_id=6923","title":{"rendered":"Gestion du laboratoire de chimie"},"content":{"rendered":"\n<p><img loading=\"lazy\" decoding=\"async\" class=\"alignnone size-full wp-image-6955\" src=\"https:\/\/www.ardpylab.fr\/wp-content\/uploads\/2023\/10\/GestLab_63.png\" alt=\"\" width=\"1010\" height=\"1023\" srcset=\"https:\/\/www.ardpylab.fr\/wp-content\/uploads\/2023\/10\/GestLab_63.png 1010w, https:\/\/www.ardpylab.fr\/wp-content\/uploads\/2023\/10\/GestLab_63-296x300.png 296w, https:\/\/www.ardpylab.fr\/wp-content\/uploads\/2023\/10\/GestLab_63-768x778.png 768w\" sizes=\"auto, (max-width: 1010px) 100vw, 1010px\" \/><\/p>\n<h4>\u00a0<\/h4>\n<h4><strong>1. <a href=\"https:\/\/www.ardpylab.fr\/?page_id=6951\"><u>Gestion des produits chimiques<\/u><\/a><\/strong><\/h4>\n<h4><strong>2. <a href=\"https:\/\/www.ardpylab.fr\/?page_id=6974\"><u>Gestion du mat\u00e9riel de chimie<\/u><\/a><\/strong><\/h4>\n<h4><strong>3. <a href=\"https:\/\/www.ardpylab.fr\/?page_id=7004\"><u>Gestion des travaux pratiques de chimie<\/u><\/a><\/strong><\/h4>\n<h4><strong>4. <a href=\"https:\/\/www.ardpylab.fr\/?page_id=7084\"><u>Gestion de la documentation de chimie<\/u><\/a><\/strong><\/h4>\n<h4><strong>5. <a href=\"https:\/\/www.ardpylab.fr\/?page_id=7104\"><u>Gestion des fournisseurs de produits chimiques et de mat\u00e9riels de chimie<\/u><\/a><\/strong><\/h4>\n<h4><strong>6. <a href=\"https:\/\/www.ardpylab.fr\/?page_id=7120\"><u>Modification des param\u00e8tres de la base de donn\u00e9es de chimie <\/u><\/a><\/strong><\/h4>\n<p>\u00a0<\/p>\n<p>\u00a0<\/p>\n\n\n<div  class=\"grids-section grids-is-stretch\" style=\"--_gs-gap-desktop:0px 0px;--_gs-m-desktop:0 0 0 0;--_gs-p-desktop:0 0 0 0;--_gs-bg-desktop:transparent none;--_gs-bg-xp-desktop:0px;--_gs-zi-desktop:auto;--_gs-d-desktop:block;--_gs-mw-desktop:calc(100% - 0 - 0);--_gs-gap-tablet:0px 0px;--_gs-m-tablet:0 0 0 0;--_gs-p-tablet:0 0 0 0;--_gs-bg-tablet:transparent none;--_gs-bg-xp-tablet:0px;--_gs-zi-tablet:auto;--_gs-d-tablet:block;--_gs-mw-tablet:calc(100% - 0 - 0);--_gs-gap-mobile:0px 0px;--_gs-m-mobile:0 0 0 0;--_gs-p-mobile:0 0 0 0;--_gs-bg-mobile:transparent none;--_gs-bg-xp-mobile:0px;--_gs-zi-mobile:auto;--_gs-d-mobile:block;--_gs-mw-mobile:calc(100% - 0 - 0);--_gs-columns:2;--_gs-rows:1\"><div class=\"grids-s-w_i\">\n<div class=\"grids-area\" style=\"--_ga-column:1\/2;--_ga-row:1\/2;--_ga-m-desktop:0 0 0 0;--_ga-p-desktop:0 0 0 0;--_ga-bg-desktop:transparent none;--_ga-zi-desktop:auto;--_ga-d-desktop:flex;--_ga-mw-desktop:calc(100% - 0 - 0);--_ga-m-tablet:0 0 0 0;--_ga-p-tablet:0 0 0 0;--_ga-bg-tablet:transparent none;--_ga-zi-tablet:auto;--_ga-d-tablet:flex;--_ga-mw-tablet:calc(100% - 0 - 0);--_ga-m-mobile:0 0 0 0;--_ga-p-mobile:0 0 0 0;--_ga-bg-mobile:transparent none;--_ga-zi-mobile:auto;--_ga-d-mobile:flex;--_ga-mw-mobile:calc(100% - 0 - 0)\">\n\n<div class=\"wp-block-image\"><figure class=\"alignleft size-large\"><a href=\"https:\/\/www.ardpylab.fr\/?page_id=6835\"><img loading=\"lazy\" decoding=\"async\" width=\"50\" height=\"28\" src=\"https:\/\/www.ardpylab.fr\/wp-content\/uploads\/2020\/03\/moins.jpg\" alt=\"\" class=\"wp-image-107\"\/><\/a><\/figure><\/div>\n\n<\/div>\n\n<div class=\"grids-area\" style=\"--_ga-column:2\/3;--_ga-row:1\/2;--_ga-m-desktop:0 0 0 0;--_ga-p-desktop:0 0 0 0;--_ga-bg-desktop:transparent none;--_ga-zi-desktop:auto;--_ga-d-desktop:flex;--_ga-mw-desktop:calc(100% - 0 - 0);--_ga-m-tablet:0 0 0 0;--_ga-p-tablet:0 0 0 0;--_ga-bg-tablet:transparent none;--_ga-zi-tablet:auto;--_ga-d-tablet:flex;--_ga-mw-tablet:calc(100% - 0 - 0);--_ga-m-mobile:0 0 0 0;--_ga-p-mobile:0 0 0 0;--_ga-bg-mobile:transparent none;--_ga-zi-mobile:auto;--_ga-d-mobile:flex;--_ga-mw-mobile:calc(100% - 0 - 0)\">\n\n<div class=\"wp-block-image\"><figure class=\"alignright size-large\"><a href=\"https:\/\/www.ardpylab.fr\/?page_id=6951\"><img loading=\"lazy\" decoding=\"async\" width=\"50\" height=\"28\" src=\"https:\/\/www.ardpylab.fr\/wp-content\/uploads\/2020\/03\/plus.jpg\" alt=\"\" class=\"wp-image-106\"\/><\/a><\/figure><\/div>\n\n<\/div>\n<\/div><\/div>\n\n\n\n","protected":false},"excerpt":{"rendered":"<p>\u00a0 1. Gestion des produits chimiques 2. Gestion du mat\u00e9riel de chimie 3. Gestion des travaux pratiques de chimie 4. Gestion de la documentation de chimie 5. Gestion des fournisseurs de produits chimiques et de mat\u00e9riels de chimie 6. Modification des param\u00e8tres de la base de donn\u00e9es de chimie \u00a0 \u00a0<\/p>\n","protected":false},"author":1,"featured_media":0,"parent":0,"menu_order":0,"comment_status":"closed","ping_status":"closed","template":"","meta":{"footnotes":""},"class_list":["post-6923","page","type-page","status-publish","hentry"],"_links":{"self":[{"href":"https:\/\/www.ardpylab.fr\/index.php?rest_route=\/wp\/v2\/pages\/6923","targetHints":{"allow":["GET"]}}],"collection":[{"href":"https:\/\/www.ardpylab.fr\/index.php?rest_route=\/wp\/v2\/pages"}],"about":[{"href":"https:\/\/www.ardpylab.fr\/index.php?rest_route=\/wp\/v2\/types\/page"}],"author":[{"embeddable":true,"href":"https:\/\/www.ardpylab.fr\/index.php?rest_route=\/wp\/v2\/users\/1"}],"replies":[{"embeddable":true,"href":"https:\/\/www.ardpylab.fr\/index.php?rest_route=%2Fwp%2Fv2%2Fcomments&post=6923"}],"version-history":[{"count":19,"href":"https:\/\/www.ardpylab.fr\/index.php?rest_route=\/wp\/v2\/pages\/6923\/revisions"}],"predecessor-version":[{"id":7137,"href":"https:\/\/www.ardpylab.fr\/index.php?rest_route=\/wp\/v2\/pages\/6923\/revisions\/7137"}],"wp:attachment":[{"href":"https:\/\/www.ardpylab.fr\/index.php?rest_route=%2Fwp%2Fv2%2Fmedia&parent=6923"}],"curies":[{"name":"wp","href":"https:\/\/api.w.org\/{rel}","templated":true}]}}