{"id":6974,"date":"2023-10-02T17:05:17","date_gmt":"2023-10-02T15:05:17","guid":{"rendered":"https:\/\/www.ardpylab.fr\/?page_id=6974"},"modified":"2023-10-03T13:50:12","modified_gmt":"2023-10-03T11:50:12","slug":"gestion-du-materiel-de-chimie","status":"publish","type":"page","link":"https:\/\/www.ardpylab.fr\/?page_id=6974","title":{"rendered":"Gestion du mat\u00e9riel de chimie"},"content":{"rendered":"\n<p>&nbsp;<\/p>\n<p>La liste du mat\u00e9riel de chimie du laboratoire est affich\u00e9e en cliquant sur le bouton <img loading=\"lazy\" decoding=\"async\" class=\"alignnone  wp-image-6976\" src=\"https:\/\/www.ardpylab.fr\/wp-content\/uploads\/2023\/10\/GestLab_68.png\" alt=\"\" width=\"30\" height=\"33\">&nbsp;de la barre de menu principale de la section \u00ab&nbsp;<strong>chimie<\/strong>&nbsp;\u00bb&nbsp;:<\/p>\n<p>&nbsp;<\/p>\n\n\n\n<figure class=\"wp-block-image size-large\"><img loading=\"lazy\" decoding=\"async\" width=\"1024\" height=\"576\" src=\"https:\/\/www.ardpylab.fr\/wp-content\/uploads\/2023\/10\/GestLab_69-1024x576.png\" alt=\"\" class=\"wp-image-6975\" srcset=\"https:\/\/www.ardpylab.fr\/wp-content\/uploads\/2023\/10\/GestLab_69-1024x576.png 1024w, https:\/\/www.ardpylab.fr\/wp-content\/uploads\/2023\/10\/GestLab_69-300x169.png 300w, https:\/\/www.ardpylab.fr\/wp-content\/uploads\/2023\/10\/GestLab_69-768x432.png 768w, https:\/\/www.ardpylab.fr\/wp-content\/uploads\/2023\/10\/GestLab_69-1536x864.png 1536w, https:\/\/www.ardpylab.fr\/wp-content\/uploads\/2023\/10\/GestLab_69.png 1920w\" sizes=\"auto, (max-width: 1024px) 100vw, 1024px\" \/><\/figure>\n\n\n\n<p style=\"text-align: center;\">Fen\u00eatre de gestion du mat\u00e9riel de chimie<\/p>\n<p>&nbsp;<\/p>\n<p>La s\u00e9lection d\u2019un mat\u00e9riel de chimie se fait par un clic sur son nom dans la liste affich\u00e9e ou sur une bo\u00eete de l\u2019\u00e9tag\u00e8re, mais \u00e9galement par la fonction \u00ab&nbsp;<strong>rechercher<\/strong>&nbsp;\u00bb ou la fonction \u00ab&nbsp;<strong>tri par cat\u00e9gorie<\/strong>&nbsp;\u00bb.&nbsp;&nbsp;<\/p>\n<p>Par d\u00e9faut, les informations concernant le stock et les r\u00e9f\u00e9rences de commande du mat\u00e9riel s\u00e9lectionn\u00e9 sont affich\u00e9es.<\/p>\n<p>Il est \u00e9galement possible d\u2019afficher le descriptif ou la notice d\u2019utilisation du mat\u00e9riel s\u00e9lectionn\u00e9 \u00e0 l\u2019aide des onglets correspondants :<\/p>\n\n\n<div  class=\"grids-section grids-is-stretch\" style=\"--_gs-gap-desktop:0px 0px;--_gs-m-desktop:0 0 0 0;--_gs-p-desktop:0 0 0 0;--_gs-bg-desktop:transparent none;--_gs-bg-xp-desktop:0px;--_gs-zi-desktop:auto;--_gs-d-desktop:block;--_gs-mw-desktop:calc(100% - 0 - 0);--_gs-gap-tablet:0px 0px;--_gs-m-tablet:0 0 0 0;--_gs-p-tablet:0 0 0 0;--_gs-bg-tablet:transparent none;--_gs-bg-xp-tablet:0px;--_gs-zi-tablet:auto;--_gs-d-tablet:block;--_gs-mw-tablet:calc(100% - 0 - 0);--_gs-gap-mobile:0px 0px;--_gs-m-mobile:0 0 0 0;--_gs-p-mobile:0 0 0 0;--_gs-bg-mobile:transparent none;--_gs-bg-xp-mobile:0px;--_gs-zi-mobile:auto;--_gs-d-mobile:block;--_gs-mw-mobile:calc(100% - 0 - 0);--_gs-columns:3;--_gs-rows:1\"><div class=\"grids-s-w_i\">\n<div class=\"grids-area\" style=\"--_ga-column:1\/2;--_ga-row:1\/2;--_ga-m-desktop:0 0 0 0;--_ga-p-desktop:0 0 0 0;--_ga-bg-desktop:transparent none;--_ga-zi-desktop:auto;--_ga-d-desktop:flex;--_ga-mw-desktop:calc(100% - 0 - 0);--_ga-m-tablet:0 0 0 0;--_ga-p-tablet:0 0 0 0;--_ga-bg-tablet:transparent none;--_ga-zi-tablet:auto;--_ga-d-tablet:flex;--_ga-mw-tablet:calc(100% - 0 - 0);--_ga-m-mobile:0 0 0 0;--_ga-p-mobile:0 0 0 0;--_ga-bg-mobile:transparent none;--_ga-zi-mobile:auto;--_ga-d-mobile:flex;--_ga-mw-mobile:calc(100% - 0 - 0)\">\n\n<figure class=\"wp-block-image size-large\"><img loading=\"lazy\" decoding=\"async\" width=\"477\" height=\"969\" src=\"https:\/\/www.ardpylab.fr\/wp-content\/uploads\/2023\/10\/GestLab_70.png\" alt=\"\" class=\"wp-image-6984\" srcset=\"https:\/\/www.ardpylab.fr\/wp-content\/uploads\/2023\/10\/GestLab_70.png 477w, https:\/\/www.ardpylab.fr\/wp-content\/uploads\/2023\/10\/GestLab_70-148x300.png 148w\" sizes=\"auto, (max-width: 477px) 100vw, 477px\" \/><\/figure>\n\n<\/div>\n\n<div class=\"grids-area\" style=\"--_ga-column:2\/3;--_ga-row:1\/2;--_ga-m-desktop:0 0 0 0;--_ga-p-desktop:0 0 0 0;--_ga-bg-desktop:transparent none;--_ga-zi-desktop:auto;--_ga-d-desktop:flex;--_ga-mw-desktop:calc(100% - 0 - 0);--_ga-m-tablet:0 0 0 0;--_ga-p-tablet:0 0 0 0;--_ga-bg-tablet:transparent none;--_ga-zi-tablet:auto;--_ga-d-tablet:flex;--_ga-mw-tablet:calc(100% - 0 - 0);--_ga-m-mobile:0 0 0 0;--_ga-p-mobile:0 0 0 0;--_ga-bg-mobile:transparent none;--_ga-zi-mobile:auto;--_ga-d-mobile:flex;--_ga-mw-mobile:calc(100% - 0 - 0)\">\n\n<figure class=\"wp-block-image size-large\"><img loading=\"lazy\" decoding=\"async\" width=\"478\" height=\"969\" src=\"https:\/\/www.ardpylab.fr\/wp-content\/uploads\/2023\/10\/GestLab_71.png\" alt=\"\" class=\"wp-image-6985\" srcset=\"https:\/\/www.ardpylab.fr\/wp-content\/uploads\/2023\/10\/GestLab_71.png 478w, https:\/\/www.ardpylab.fr\/wp-content\/uploads\/2023\/10\/GestLab_71-148x300.png 148w\" sizes=\"auto, (max-width: 478px) 100vw, 478px\" \/><\/figure>\n\n<\/div>\n\n<div class=\"grids-area\" style=\"--_ga-column:3\/4;--_ga-row:1\/2;--_ga-m-desktop:0 0 0 0;--_ga-p-desktop:0 0 0 0;--_ga-bg-desktop:transparent none;--_ga-zi-desktop:auto;--_ga-d-desktop:flex;--_ga-mw-desktop:calc(100% - 0 - 0);--_ga-m-tablet:0 0 0 0;--_ga-p-tablet:0 0 0 0;--_ga-bg-tablet:transparent none;--_ga-zi-tablet:auto;--_ga-d-tablet:flex;--_ga-mw-tablet:calc(100% - 0 - 0);--_ga-m-mobile:0 0 0 0;--_ga-p-mobile:0 0 0 0;--_ga-bg-mobile:transparent none;--_ga-zi-mobile:auto;--_ga-d-mobile:flex;--_ga-mw-mobile:calc(100% - 0 - 0)\">\n\n<figure class=\"wp-block-image size-large\"><img loading=\"lazy\" decoding=\"async\" width=\"480\" height=\"968\" src=\"https:\/\/www.ardpylab.fr\/wp-content\/uploads\/2023\/10\/GestLab_72.png\" alt=\"\" class=\"wp-image-6986\" srcset=\"https:\/\/www.ardpylab.fr\/wp-content\/uploads\/2023\/10\/GestLab_72.png 480w, https:\/\/www.ardpylab.fr\/wp-content\/uploads\/2023\/10\/GestLab_72-149x300.png 149w\" sizes=\"auto, (max-width: 480px) 100vw, 480px\" \/><\/figure>\n\n<\/div>\n<\/div><\/div>\n\n\n<p>&nbsp;<\/p>\n<p>Un clic droit sur la notice d\u2019utilisation permet de zoomer sur le document et de l\u2019afficher dans le panneau central&nbsp;:<\/p>\n\n\n\n<figure class=\"wp-block-image size-large\"><img loading=\"lazy\" decoding=\"async\" width=\"1024\" height=\"897\" src=\"https:\/\/www.ardpylab.fr\/wp-content\/uploads\/2023\/10\/GestLab_73-1024x897.png\" alt=\"\" class=\"wp-image-6987\" srcset=\"https:\/\/www.ardpylab.fr\/wp-content\/uploads\/2023\/10\/GestLab_73-1024x897.png 1024w, https:\/\/www.ardpylab.fr\/wp-content\/uploads\/2023\/10\/GestLab_73-300x263.png 300w, https:\/\/www.ardpylab.fr\/wp-content\/uploads\/2023\/10\/GestLab_73-768x673.png 768w, https:\/\/www.ardpylab.fr\/wp-content\/uploads\/2023\/10\/GestLab_73.png 1107w\" sizes=\"auto, (max-width: 1024px) 100vw, 1024px\" \/><\/figure>\n\n\n\n<p>&nbsp;<\/p>\n<h4><strong><a id=\"anc1\"><\/a>1. <u>Ajouter\/modifier un mat\u00e9riel de chimie<\/u><\/strong><\/h4>\n<p>&nbsp;<\/p>\n<p>Apr\u00e8s avoir cliqu\u00e9 sur le bouton ad\u00e9quat ( <img loading=\"lazy\" decoding=\"async\" class=\"alignnone  wp-image-6935\" src=\"https:\/\/www.ardpylab.fr\/wp-content\/uploads\/2023\/10\/GestLab_49.png\" alt=\"\" width=\"27\" height=\"29\">&nbsp;ou <img loading=\"lazy\" decoding=\"async\" class=\"alignnone  wp-image-6936\" src=\"https:\/\/www.ardpylab.fr\/wp-content\/uploads\/2023\/10\/GestLab_50.png\" alt=\"\" width=\"26\" height=\"29\">&nbsp;), la fen\u00eatre d\u2019ajout ou de modification des produits chimiques s\u2019affiche&nbsp;:<\/p>\n\n\n\n<figure class=\"wp-block-image size-large\"><img loading=\"lazy\" decoding=\"async\" width=\"1024\" height=\"576\" src=\"https:\/\/www.ardpylab.fr\/wp-content\/uploads\/2023\/10\/GestLab_74-1024x576.png\" alt=\"\" class=\"wp-image-6990\" srcset=\"https:\/\/www.ardpylab.fr\/wp-content\/uploads\/2023\/10\/GestLab_74-1024x576.png 1024w, https:\/\/www.ardpylab.fr\/wp-content\/uploads\/2023\/10\/GestLab_74-300x169.png 300w, https:\/\/www.ardpylab.fr\/wp-content\/uploads\/2023\/10\/GestLab_74-768x432.png 768w, https:\/\/www.ardpylab.fr\/wp-content\/uploads\/2023\/10\/GestLab_74-1536x864.png 1536w, https:\/\/www.ardpylab.fr\/wp-content\/uploads\/2023\/10\/GestLab_74.png 1920w\" sizes=\"auto, (max-width: 1024px) 100vw, 1024px\" \/><\/figure>\n\n\n\n<p>&nbsp;<\/p>\n<p>Vous pourrez alors renseigner toutes les informations concernant le mat\u00e9riel avant de valider l\u2019ajout ou les modifications.&nbsp;<\/p>\n<p>Le visuel du mat\u00e9riel peut \u00eatre ajout\u00e9 par un clic droit pour une recherche internet et un copier-coller d\u2019une image.&nbsp;&nbsp;<\/p>\n<p>&nbsp;<\/p>\n<p style=\"padding-left: 40px;\">4.2.2 <u>Mat\u00e9riels de chimie hors-service ou consomm\u00e9s<\/u><\/p>\n<p>Le bouton <img loading=\"lazy\" decoding=\"async\" class=\"alignnone  wp-image-6941\" src=\"https:\/\/www.ardpylab.fr\/wp-content\/uploads\/2023\/10\/GestLab_55.png\" alt=\"\" width=\"27\" height=\"28\">&nbsp;ouvre la fen\u00eatre du tableau r\u00e9capitulatif des mat\u00e9riels de chimie hors-service ou consomm\u00e9s par ann\u00e9e scolaire.<\/p>\n<p>Comme pour les consommations de produits, il faut cliquer sur le bouton <img loading=\"lazy\" decoding=\"async\" class=\"alignnone size-full wp-image-6939\" src=\"https:\/\/www.ardpylab.fr\/wp-content\/uploads\/2023\/10\/GestLab_53.png\" alt=\"\" width=\"23\" height=\"23\">&nbsp;pour ajouter un mat\u00e9riel de chimie hors-service ou consomm\u00e9.<\/p>\n\n\n\n<figure class=\"wp-block-image size-large is-resized\"><img loading=\"lazy\" decoding=\"async\" src=\"https:\/\/www.ardpylab.fr\/wp-content\/uploads\/2023\/10\/GestLab_75-1024x576.png\" alt=\"\" class=\"wp-image-6999\" width=\"840\" height=\"472\" srcset=\"https:\/\/www.ardpylab.fr\/wp-content\/uploads\/2023\/10\/GestLab_75-1024x576.png 1024w, https:\/\/www.ardpylab.fr\/wp-content\/uploads\/2023\/10\/GestLab_75-300x169.png 300w, https:\/\/www.ardpylab.fr\/wp-content\/uploads\/2023\/10\/GestLab_75-768x432.png 768w, https:\/\/www.ardpylab.fr\/wp-content\/uploads\/2023\/10\/GestLab_75-1536x864.png 1536w, https:\/\/www.ardpylab.fr\/wp-content\/uploads\/2023\/10\/GestLab_75.png 1920w\" sizes=\"auto, (max-width: 840px) 100vw, 840px\" \/><\/figure>\n\n\n\n<p>&nbsp;<\/p>\n<p style=\"padding-left: 40px;\">4.2.3 <u>Gestion des commandes de mat\u00e9riel de chimie<\/u><\/p>\n<p>La fen\u00eatre de gestion des commandes de mat\u00e9riel de chimie s\u2019ouvre en cliquant sur le bouton <img loading=\"lazy\" decoding=\"async\" class=\"alignnone  wp-image-6942\" src=\"https:\/\/www.ardpylab.fr\/wp-content\/uploads\/2023\/10\/GestLab_56.png\" alt=\"\" width=\"27\" height=\"29\">.<\/p>\n\n\n<div  class=\"grids-section grids-is-stretch\" style=\"--_gs-gap-desktop:0px 0px;--_gs-m-desktop:0 0 0 0;--_gs-p-desktop:0 0 0 0;--_gs-bg-desktop:transparent none;--_gs-bg-xp-desktop:0px;--_gs-zi-desktop:auto;--_gs-d-desktop:block;--_gs-mw-desktop:calc(100% - 0 - 0);--_gs-gap-tablet:0px 0px;--_gs-m-tablet:0 0 0 0;--_gs-p-tablet:0 0 0 0;--_gs-bg-tablet:transparent none;--_gs-bg-xp-tablet:0px;--_gs-zi-tablet:auto;--_gs-d-tablet:block;--_gs-mw-tablet:calc(100% - 0 - 0);--_gs-gap-mobile:0px 0px;--_gs-m-mobile:0 0 0 0;--_gs-p-mobile:0 0 0 0;--_gs-bg-mobile:transparent none;--_gs-bg-xp-mobile:0px;--_gs-zi-mobile:auto;--_gs-d-mobile:block;--_gs-mw-mobile:calc(100% - 0 - 0);--_gs-columns:2;--_gs-rows:1\"><div class=\"grids-s-w_i\">\n<div class=\"grids-area\" style=\"--_ga-column:1\/2;--_ga-row:1\/2;--_ga-m-desktop:0 0 0 0;--_ga-p-desktop:0 0 0 0;--_ga-bg-desktop:transparent none;--_ga-zi-desktop:auto;--_ga-d-desktop:flex;--_ga-mw-desktop:calc(100% - 0 - 0);--_ga-m-tablet:0 0 0 0;--_ga-p-tablet:0 0 0 0;--_ga-bg-tablet:transparent none;--_ga-zi-tablet:auto;--_ga-d-tablet:flex;--_ga-mw-tablet:calc(100% - 0 - 0);--_ga-m-mobile:0 0 0 0;--_ga-p-mobile:0 0 0 0;--_ga-bg-mobile:transparent none;--_ga-zi-mobile:auto;--_ga-d-mobile:flex;--_ga-mw-mobile:calc(100% - 0 - 0)\">\n\n<p>\u00a0<\/p>\n<p>Comme pour la gestion des produits chimiques, le tableau r\u00e9capitulatif des mat\u00e9riels de chimie \u00e0 commander s\u2019affiche en premier.\u00a0En effet, de m\u00eame, pour chaque mat\u00e9riel de chimie, il est possible d\u2019indiquer la quantit\u00e9 utilis\u00e9e par an dans les informations de stock\u00a0:<\/p>\n<p>Les quantit\u00e9s en stock \u00e9tant automatiquement mises \u00e0 jour apr\u00e8s les consommations ou les pannes enregistr\u00e9es, les mat\u00e9riels de chimie dont la quantit\u00e9 en stock est inf\u00e9rieure \u00e0 la quantit\u00e9 utilis\u00e9e par an (avec un coefficient de s\u00e9curit\u00e9 d\u00e9fini dans les param\u00e8tres), est alors automatiquement ajouter \u00e0 la liste des mat\u00e9riels de chimie \u00e0 commander.\u00a0<\/p>\n<p>Il est \u00e9galement possible d\u2019ajouter manuellement des mat\u00e9riels de chimie \u00e0 commander en cliquant sur le bouton .<\/p>\n<p>A noter que la gestion des commandes de mat\u00e9riel de chimie est identique \u00e0 celle d\u00e9crite pour les commandes de produits chimiques.<\/p>\n\n<\/div>\n\n<div class=\"grids-area\" style=\"--_ga-column:2\/3;--_ga-row:1\/2;--_ga-m-desktop:0 0 0 0;--_ga-p-desktop:0 0 0 0;--_ga-bg-desktop:transparent none;--_ga-zi-desktop:auto;--_ga-d-desktop:flex;--_ga-mw-desktop:calc(100% - 0 - 0);--_ga-m-tablet:0 0 0 0;--_ga-p-tablet:0 0 0 0;--_ga-bg-tablet:transparent none;--_ga-zi-tablet:auto;--_ga-d-tablet:flex;--_ga-mw-tablet:calc(100% - 0 - 0);--_ga-m-mobile:0 0 0 0;--_ga-p-mobile:0 0 0 0;--_ga-bg-mobile:transparent none;--_ga-zi-mobile:auto;--_ga-d-mobile:flex;--_ga-mw-mobile:calc(100% - 0 - 0)\">\n\n<div class=\"wp-block-image\"><figure class=\"aligncenter size-large is-resized\"><img loading=\"lazy\" decoding=\"async\" src=\"https:\/\/www.ardpylab.fr\/wp-content\/uploads\/2023\/10\/GestLab_76.png\" alt=\"\" class=\"wp-image-7000\" width=\"359\" height=\"728\" srcset=\"https:\/\/www.ardpylab.fr\/wp-content\/uploads\/2023\/10\/GestLab_76.png 478w, https:\/\/www.ardpylab.fr\/wp-content\/uploads\/2023\/10\/GestLab_76-148x300.png 148w\" sizes=\"auto, (max-width: 359px) 100vw, 359px\" \/><\/figure><\/div>\n\n<\/div>\n<\/div><\/div>\n\n<div  class=\"grids-section grids-is-stretch\" style=\"--_gs-gap-desktop:0px 0px;--_gs-m-desktop:0 0 0 0;--_gs-p-desktop:0 0 0 0;--_gs-bg-desktop:transparent none;--_gs-bg-xp-desktop:0px;--_gs-zi-desktop:auto;--_gs-d-desktop:block;--_gs-mw-desktop:calc(100% - 0 - 0);--_gs-gap-tablet:0px 0px;--_gs-m-tablet:0 0 0 0;--_gs-p-tablet:0 0 0 0;--_gs-bg-tablet:transparent none;--_gs-bg-xp-tablet:0px;--_gs-zi-tablet:auto;--_gs-d-tablet:block;--_gs-mw-tablet:calc(100% - 0 - 0);--_gs-gap-mobile:0px 0px;--_gs-m-mobile:0 0 0 0;--_gs-p-mobile:0 0 0 0;--_gs-bg-mobile:transparent none;--_gs-bg-xp-mobile:0px;--_gs-zi-mobile:auto;--_gs-d-mobile:block;--_gs-mw-mobile:calc(100% - 0 - 0);--_gs-columns:2;--_gs-rows:1\"><div class=\"grids-s-w_i\">\n<div class=\"grids-area\" style=\"--_ga-column:1\/2;--_ga-row:1\/2;--_ga-m-desktop:0 0 0 0;--_ga-p-desktop:0 0 0 0;--_ga-bg-desktop:transparent none;--_ga-zi-desktop:auto;--_ga-d-desktop:flex;--_ga-mw-desktop:calc(100% - 0 - 0);--_ga-m-tablet:0 0 0 0;--_ga-p-tablet:0 0 0 0;--_ga-bg-tablet:transparent none;--_ga-zi-tablet:auto;--_ga-d-tablet:flex;--_ga-mw-tablet:calc(100% - 0 - 0);--_ga-m-mobile:0 0 0 0;--_ga-p-mobile:0 0 0 0;--_ga-bg-mobile:transparent none;--_ga-zi-mobile:auto;--_ga-d-mobile:flex;--_ga-mw-mobile:calc(100% - 0 - 0)\">\n\n<div class=\"wp-block-image\"><figure class=\"alignleft size-large\"><a href=\"https:\/\/www.ardpylab.fr\/?page_id=6951\"><img loading=\"lazy\" decoding=\"async\" width=\"50\" height=\"28\" src=\"https:\/\/www.ardpylab.fr\/wp-content\/uploads\/2020\/03\/moins.jpg\" alt=\"\" class=\"wp-image-107\"\/><\/a><\/figure><\/div>\n\n<\/div>\n\n<div class=\"grids-area\" style=\"--_ga-column:2\/3;--_ga-row:1\/2;--_ga-m-desktop:0 0 0 0;--_ga-p-desktop:0 0 0 0;--_ga-bg-desktop:transparent none;--_ga-zi-desktop:auto;--_ga-d-desktop:flex;--_ga-mw-desktop:calc(100% - 0 - 0);--_ga-m-tablet:0 0 0 0;--_ga-p-tablet:0 0 0 0;--_ga-bg-tablet:transparent none;--_ga-zi-tablet:auto;--_ga-d-tablet:flex;--_ga-mw-tablet:calc(100% - 0 - 0);--_ga-m-mobile:0 0 0 0;--_ga-p-mobile:0 0 0 0;--_ga-bg-mobile:transparent none;--_ga-zi-mobile:auto;--_ga-d-mobile:flex;--_ga-mw-mobile:calc(100% - 0 - 0)\">\n\n<div class=\"wp-block-image\"><figure class=\"alignright size-large\"><a href=\"https:\/\/www.ardpylab.fr\/?page_id=7004\"><img loading=\"lazy\" decoding=\"async\" width=\"50\" height=\"28\" src=\"https:\/\/www.ardpylab.fr\/wp-content\/uploads\/2020\/03\/plus.jpg\" alt=\"\" class=\"wp-image-106\"\/><\/a><\/figure><\/div>\n\n<\/div>\n<\/div><\/div>\n\n\n\n","protected":false},"excerpt":{"rendered":"<p>&nbsp; La liste du mat\u00e9riel de chimie du laboratoire est affich\u00e9e en cliquant sur le bouton &nbsp;de la barre de menu principale de la section \u00ab&nbsp;chimie&nbsp;\u00bb&nbsp;: &nbsp; Fen\u00eatre de gestion du mat\u00e9riel de chimie &nbsp; La s\u00e9lection d\u2019un mat\u00e9riel de chimie se fait par un clic sur son nom dans la liste affich\u00e9e ou sur [&hellip;]<\/p>\n","protected":false},"author":1,"featured_media":0,"parent":0,"menu_order":0,"comment_status":"closed","ping_status":"closed","template":"","meta":{"footnotes":""},"class_list":["post-6974","page","type-page","status-publish","hentry"],"_links":{"self":[{"href":"https:\/\/www.ardpylab.fr\/index.php?rest_route=\/wp\/v2\/pages\/6974","targetHints":{"allow":["GET"]}}],"collection":[{"href":"https:\/\/www.ardpylab.fr\/index.php?rest_route=\/wp\/v2\/pages"}],"about":[{"href":"https:\/\/www.ardpylab.fr\/index.php?rest_route=\/wp\/v2\/types\/page"}],"author":[{"embeddable":true,"href":"https:\/\/www.ardpylab.fr\/index.php?rest_route=\/wp\/v2\/users\/1"}],"replies":[{"embeddable":true,"href":"https:\/\/www.ardpylab.fr\/index.php?rest_route=%2Fwp%2Fv2%2Fcomments&post=6974"}],"version-history":[{"count":8,"href":"https:\/\/www.ardpylab.fr\/index.php?rest_route=\/wp\/v2\/pages\/6974\/revisions"}],"predecessor-version":[{"id":7009,"href":"https:\/\/www.ardpylab.fr\/index.php?rest_route=\/wp\/v2\/pages\/6974\/revisions\/7009"}],"wp:attachment":[{"href":"https:\/\/www.ardpylab.fr\/index.php?rest_route=%2Fwp%2Fv2%2Fmedia&parent=6974"}],"curies":[{"name":"wp","href":"https:\/\/api.w.org\/{rel}","templated":true}]}}