{"id":7138,"date":"2023-10-04T14:32:39","date_gmt":"2023-10-04T12:32:39","guid":{"rendered":"https:\/\/www.ardpylab.fr\/?page_id=7138"},"modified":"2023-10-04T16:19:24","modified_gmt":"2023-10-04T14:19:24","slug":"gestion-du-laboratoire-de-physique","status":"publish","type":"page","link":"https:\/\/www.ardpylab.fr\/?page_id=7138","title":{"rendered":"Gestion du laboratoire de physique"},"content":{"rendered":"\n<p style=\"text-align: center;\"><img loading=\"lazy\" decoding=\"async\" class=\"alignnone size-full wp-image-7141\" src=\"https:\/\/www.ardpylab.fr\/wp-content\/uploads\/2023\/10\/GestLab_150.png\" alt=\"\" width=\"841\" height=\"1018\" srcset=\"https:\/\/www.ardpylab.fr\/wp-content\/uploads\/2023\/10\/GestLab_150.png 841w, https:\/\/www.ardpylab.fr\/wp-content\/uploads\/2023\/10\/GestLab_150-248x300.png 248w, https:\/\/www.ardpylab.fr\/wp-content\/uploads\/2023\/10\/GestLab_150-768x930.png 768w\" sizes=\"auto, (max-width: 841px) 100vw, 841px\" \/><\/p>\n<h4>\u00a0<\/h4>\n<h4><strong>1. <a href=\"https:\/\/www.ardpylab.fr\/?page_id=7145\"><u>Gestion du mat\u00e9riel de physique<\/u><\/a><\/strong><\/h4>\n<h4><strong>2. <a href=\"https:\/\/www.ardpylab.fr\/?page_id=7156\"><u>Gestion des travaux pratiques de physique<\/u><\/a><\/strong><\/h4>\n<h4><strong>3. <a href=\"https:\/\/www.ardpylab.fr\/?page_id=7169\"><u>Gestion de la documentation de physique<\/u><\/a><\/strong><\/h4>\n<h4><strong>4. <a href=\"https:\/\/www.ardpylab.fr\/?page_id=7184\"><u>Gestion des fournisseurs de mat\u00e9riels de physique<\/u><\/a><\/strong><\/h4>\n<h4><strong>5. <a href=\"https:\/\/www.ardpylab.fr\/?page_id=7189\"><u>Modification des param\u00e8tres de la base de donn\u00e9es de\u00a0<\/u>physique<\/a><\/strong><\/h4>\n<p>\u00a0<\/p>\n<p>\u00a0<\/p>\n\n\n<div  class=\"grids-section grids-is-stretch\" style=\"--_gs-gap-desktop:0px 0px;--_gs-m-desktop:0 0 0 0;--_gs-p-desktop:0 0 0 0;--_gs-bg-desktop:transparent none;--_gs-bg-xp-desktop:0px;--_gs-zi-desktop:auto;--_gs-d-desktop:block;--_gs-mw-desktop:calc(100% - 0 - 0);--_gs-gap-tablet:0px 0px;--_gs-m-tablet:0 0 0 0;--_gs-p-tablet:0 0 0 0;--_gs-bg-tablet:transparent none;--_gs-bg-xp-tablet:0px;--_gs-zi-tablet:auto;--_gs-d-tablet:block;--_gs-mw-tablet:calc(100% - 0 - 0);--_gs-gap-mobile:0px 0px;--_gs-m-mobile:0 0 0 0;--_gs-p-mobile:0 0 0 0;--_gs-bg-mobile:transparent none;--_gs-bg-xp-mobile:0px;--_gs-zi-mobile:auto;--_gs-d-mobile:block;--_gs-mw-mobile:calc(100% - 0 - 0);--_gs-columns:2;--_gs-rows:1\"><div class=\"grids-s-w_i\">\n<div class=\"grids-area\" style=\"--_ga-column:1\/2;--_ga-row:1\/2;--_ga-m-desktop:0 0 0 0;--_ga-p-desktop:0 0 0 0;--_ga-bg-desktop:transparent none;--_ga-zi-desktop:auto;--_ga-d-desktop:flex;--_ga-mw-desktop:calc(100% - 0 - 0);--_ga-m-tablet:0 0 0 0;--_ga-p-tablet:0 0 0 0;--_ga-bg-tablet:transparent none;--_ga-zi-tablet:auto;--_ga-d-tablet:flex;--_ga-mw-tablet:calc(100% - 0 - 0);--_ga-m-mobile:0 0 0 0;--_ga-p-mobile:0 0 0 0;--_ga-bg-mobile:transparent none;--_ga-zi-mobile:auto;--_ga-d-mobile:flex;--_ga-mw-mobile:calc(100% - 0 - 0)\">\n\n<div class=\"wp-block-image\"><figure class=\"alignleft size-large\"><a href=\"https:\/\/www.ardpylab.fr\/?page_id=7120\"><img loading=\"lazy\" decoding=\"async\" width=\"50\" height=\"28\" src=\"https:\/\/www.ardpylab.fr\/wp-content\/uploads\/2020\/03\/moins.jpg\" alt=\"\" class=\"wp-image-107\"\/><\/a><\/figure><\/div>\n\n<\/div>\n\n<div class=\"grids-area\" style=\"--_ga-column:2\/3;--_ga-row:1\/2;--_ga-m-desktop:0 0 0 0;--_ga-p-desktop:0 0 0 0;--_ga-bg-desktop:transparent none;--_ga-zi-desktop:auto;--_ga-d-desktop:flex;--_ga-mw-desktop:calc(100% - 0 - 0);--_ga-m-tablet:0 0 0 0;--_ga-p-tablet:0 0 0 0;--_ga-bg-tablet:transparent none;--_ga-zi-tablet:auto;--_ga-d-tablet:flex;--_ga-mw-tablet:calc(100% - 0 - 0);--_ga-m-mobile:0 0 0 0;--_ga-p-mobile:0 0 0 0;--_ga-bg-mobile:transparent none;--_ga-zi-mobile:auto;--_ga-d-mobile:flex;--_ga-mw-mobile:calc(100% - 0 - 0)\">\n\n<div class=\"wp-block-image\"><figure class=\"alignright size-large\"><a href=\"https:\/\/www.ardpylab.fr\/?page_id=7145\"><img loading=\"lazy\" decoding=\"async\" width=\"50\" height=\"28\" src=\"https:\/\/www.ardpylab.fr\/wp-content\/uploads\/2020\/03\/plus.jpg\" alt=\"\" class=\"wp-image-106\"\/><\/a><\/figure><\/div>\n\n<\/div>\n<\/div><\/div>\n\n\n\n","protected":false},"excerpt":{"rendered":"<p>\u00a0 1. Gestion du mat\u00e9riel de physique 2. Gestion des travaux pratiques de physique 3. Gestion de la documentation de physique 4. Gestion des fournisseurs de mat\u00e9riels de physique 5. Modification des param\u00e8tres de la base de donn\u00e9es de\u00a0physique \u00a0 \u00a0<\/p>\n","protected":false},"author":1,"featured_media":0,"parent":0,"menu_order":0,"comment_status":"closed","ping_status":"closed","template":"","meta":{"footnotes":""},"class_list":["post-7138","page","type-page","status-publish","hentry"],"_links":{"self":[{"href":"https:\/\/www.ardpylab.fr\/index.php?rest_route=\/wp\/v2\/pages\/7138","targetHints":{"allow":["GET"]}}],"collection":[{"href":"https:\/\/www.ardpylab.fr\/index.php?rest_route=\/wp\/v2\/pages"}],"about":[{"href":"https:\/\/www.ardpylab.fr\/index.php?rest_route=\/wp\/v2\/types\/page"}],"author":[{"embeddable":true,"href":"https:\/\/www.ardpylab.fr\/index.php?rest_route=\/wp\/v2\/users\/1"}],"replies":[{"embeddable":true,"href":"https:\/\/www.ardpylab.fr\/index.php?rest_route=%2Fwp%2Fv2%2Fcomments&post=7138"}],"version-history":[{"count":7,"href":"https:\/\/www.ardpylab.fr\/index.php?rest_route=\/wp\/v2\/pages\/7138\/revisions"}],"predecessor-version":[{"id":7199,"href":"https:\/\/www.ardpylab.fr\/index.php?rest_route=\/wp\/v2\/pages\/7138\/revisions\/7199"}],"wp:attachment":[{"href":"https:\/\/www.ardpylab.fr\/index.php?rest_route=%2Fwp%2Fv2%2Fmedia&parent=7138"}],"curies":[{"name":"wp","href":"https:\/\/api.w.org\/{rel}","templated":true}]}}