{"id":7184,"date":"2023-10-04T15:43:37","date_gmt":"2023-10-04T13:43:37","guid":{"rendered":"https:\/\/www.ardpylab.fr\/?page_id=7184"},"modified":"2023-10-11T15:32:55","modified_gmt":"2023-10-11T13:32:55","slug":"gestion-des-fournisseurs-de-materiels-de-physique","status":"publish","type":"page","link":"https:\/\/www.ardpylab.fr\/?page_id=7184","title":{"rendered":"Gestion des fournisseurs de mat\u00e9riels de physique"},"content":{"rendered":"\n<p>&nbsp;<\/p>\n<p>La liste des fournisseurs de mat\u00e9riels de physique enregistr\u00e9s dans la base de donn\u00e9e du laboratoire de physique est affich\u00e9e en cliquant sur le bouton <img loading=\"lazy\" decoding=\"async\" class=\"alignnone  wp-image-7105\" src=\"https:\/\/www.ardpylab.fr\/wp-content\/uploads\/2023\/10\/2GestLab_137.png\" alt=\"\" width=\"31\" height=\"33\">&nbsp;de la barre de menu principale de la section \u00ab <strong>physique<\/strong>&nbsp;\u00bb&nbsp;:<\/p>\n\n\n\n<figure class=\"wp-block-image size-large\"><img loading=\"lazy\" decoding=\"async\" width=\"1024\" height=\"576\" src=\"https:\/\/www.ardpylab.fr\/wp-content\/uploads\/2023\/10\/GestLab_159-1024x576.png\" alt=\"\" class=\"wp-image-7185\" srcset=\"https:\/\/www.ardpylab.fr\/wp-content\/uploads\/2023\/10\/GestLab_159-1024x576.png 1024w, https:\/\/www.ardpylab.fr\/wp-content\/uploads\/2023\/10\/GestLab_159-300x169.png 300w, https:\/\/www.ardpylab.fr\/wp-content\/uploads\/2023\/10\/GestLab_159-768x432.png 768w, https:\/\/www.ardpylab.fr\/wp-content\/uploads\/2023\/10\/GestLab_159-1536x864.png 1536w, https:\/\/www.ardpylab.fr\/wp-content\/uploads\/2023\/10\/GestLab_159.png 1920w\" sizes=\"auto, (max-width: 1024px) 100vw, 1024px\" \/><\/figure>\n\n\n\n<p style=\"text-align: center;\">Fen\u00eatre de gestion des fournisseurs de mat\u00e9riels de physique<\/p>\n<p>\u00a0<\/p>\n<p>La gestion du planning des fournisseurs de mat\u00e9riels de physique est identique \u00e0 celle d\u00e9crite pour les <a href=\"https:\/\/www.ardpylab.fr\/?page_id=7104\">fournisseurs de mat\u00e9riels de chimie et de produits chimiques<\/a>.<\/p>\n<p>\u00a0<\/p>\n<p>\u00a0<\/p>\n\n\n<div  class=\"grids-section grids-is-stretch\" style=\"--_gs-gap-desktop:0px 0px;--_gs-m-desktop:0 0 0 0;--_gs-p-desktop:0 0 0 0;--_gs-bg-desktop:transparent none;--_gs-bg-xp-desktop:0px;--_gs-zi-desktop:auto;--_gs-d-desktop:block;--_gs-mw-desktop:calc(100% - 0 - 0);--_gs-gap-tablet:0px 0px;--_gs-m-tablet:0 0 0 0;--_gs-p-tablet:0 0 0 0;--_gs-bg-tablet:transparent none;--_gs-bg-xp-tablet:0px;--_gs-zi-tablet:auto;--_gs-d-tablet:block;--_gs-mw-tablet:calc(100% - 0 - 0);--_gs-gap-mobile:0px 0px;--_gs-m-mobile:0 0 0 0;--_gs-p-mobile:0 0 0 0;--_gs-bg-mobile:transparent none;--_gs-bg-xp-mobile:0px;--_gs-zi-mobile:auto;--_gs-d-mobile:block;--_gs-mw-mobile:calc(100% - 0 - 0);--_gs-columns:2;--_gs-rows:1\"><div class=\"grids-s-w_i\">\n<div class=\"grids-area\" style=\"--_ga-column:1\/2;--_ga-row:1\/2;--_ga-m-desktop:0 0 0 0;--_ga-p-desktop:0 0 0 0;--_ga-bg-desktop:transparent none;--_ga-zi-desktop:auto;--_ga-d-desktop:flex;--_ga-mw-desktop:calc(100% - 0 - 0);--_ga-m-tablet:0 0 0 0;--_ga-p-tablet:0 0 0 0;--_ga-bg-tablet:transparent none;--_ga-zi-tablet:auto;--_ga-d-tablet:flex;--_ga-mw-tablet:calc(100% - 0 - 0);--_ga-m-mobile:0 0 0 0;--_ga-p-mobile:0 0 0 0;--_ga-bg-mobile:transparent none;--_ga-zi-mobile:auto;--_ga-d-mobile:flex;--_ga-mw-mobile:calc(100% - 0 - 0)\">\n\n<div class=\"wp-block-image\"><figure class=\"alignleft size-large\"><a href=\"https:\/\/www.ardpylab.fr\/?page_id=7348\"><img loading=\"lazy\" decoding=\"async\" width=\"50\" height=\"28\" src=\"https:\/\/www.ardpylab.fr\/wp-content\/uploads\/2020\/03\/moins.jpg\" alt=\"\" class=\"wp-image-107\"\/><\/a><\/figure><\/div>\n\n<\/div>\n\n<div class=\"grids-area\" style=\"--_ga-column:2\/3;--_ga-row:1\/2;--_ga-m-desktop:0 0 0 0;--_ga-p-desktop:0 0 0 0;--_ga-bg-desktop:transparent none;--_ga-zi-desktop:auto;--_ga-d-desktop:flex;--_ga-mw-desktop:calc(100% - 0 - 0);--_ga-m-tablet:0 0 0 0;--_ga-p-tablet:0 0 0 0;--_ga-bg-tablet:transparent none;--_ga-zi-tablet:auto;--_ga-d-tablet:flex;--_ga-mw-tablet:calc(100% - 0 - 0);--_ga-m-mobile:0 0 0 0;--_ga-p-mobile:0 0 0 0;--_ga-bg-mobile:transparent none;--_ga-zi-mobile:auto;--_ga-d-mobile:flex;--_ga-mw-mobile:calc(100% - 0 - 0)\">\n\n<div class=\"wp-block-image\"><figure class=\"alignright size-large\"><a href=\"https:\/\/www.ardpylab.fr\/?page_id=7189\"><img loading=\"lazy\" decoding=\"async\" width=\"50\" height=\"28\" src=\"https:\/\/www.ardpylab.fr\/wp-content\/uploads\/2020\/03\/plus.jpg\" alt=\"\" class=\"wp-image-106\"\/><\/a><\/figure><\/div>\n\n<\/div>\n<\/div><\/div>","protected":false},"excerpt":{"rendered":"<p>&nbsp; La liste des fournisseurs de mat\u00e9riels de physique enregistr\u00e9s dans la base de donn\u00e9e du laboratoire de physique est affich\u00e9e en cliquant sur le bouton &nbsp;de la barre de menu principale de la section \u00ab physique&nbsp;\u00bb&nbsp;: Fen\u00eatre de gestion des fournisseurs de mat\u00e9riels de physique \u00a0 La gestion du planning des fournisseurs de mat\u00e9riels [&hellip;]<\/p>\n","protected":false},"author":1,"featured_media":0,"parent":0,"menu_order":0,"comment_status":"closed","ping_status":"closed","template":"","meta":{"footnotes":""},"class_list":["post-7184","page","type-page","status-publish","hentry"],"_links":{"self":[{"href":"https:\/\/www.ardpylab.fr\/index.php?rest_route=\/wp\/v2\/pages\/7184","targetHints":{"allow":["GET"]}}],"collection":[{"href":"https:\/\/www.ardpylab.fr\/index.php?rest_route=\/wp\/v2\/pages"}],"about":[{"href":"https:\/\/www.ardpylab.fr\/index.php?rest_route=\/wp\/v2\/types\/page"}],"author":[{"embeddable":true,"href":"https:\/\/www.ardpylab.fr\/index.php?rest_route=\/wp\/v2\/users\/1"}],"replies":[{"embeddable":true,"href":"https:\/\/www.ardpylab.fr\/index.php?rest_route=%2Fwp%2Fv2%2Fcomments&post=7184"}],"version-history":[{"count":4,"href":"https:\/\/www.ardpylab.fr\/index.php?rest_route=\/wp\/v2\/pages\/7184\/revisions"}],"predecessor-version":[{"id":7352,"href":"https:\/\/www.ardpylab.fr\/index.php?rest_route=\/wp\/v2\/pages\/7184\/revisions\/7352"}],"wp:attachment":[{"href":"https:\/\/www.ardpylab.fr\/index.php?rest_route=%2Fwp%2Fv2%2Fmedia&parent=7184"}],"curies":[{"name":"wp","href":"https:\/\/api.w.org\/{rel}","templated":true}]}}