{"id":791,"date":"2020-03-24T19:22:31","date_gmt":"2020-03-24T18:22:31","guid":{"rendered":"http:\/\/www.ardpylab.fr\/?page_id=791"},"modified":"2020-05-09T20:30:29","modified_gmt":"2020-05-09T18:30:29","slug":"ondes-ultrasonores-activite-2","status":"publish","type":"page","link":"https:\/\/www.ardpylab.fr\/?page_id=791","title":{"rendered":"Ondes ultrasonores &#8211; Activit\u00e9 2"},"content":{"rendered":"\n<h2 style=\"text-align: center;\"><em>\u201d <\/em><span style=\"text-decoration: underline;\"><em>Mesure de distances<\/em><\/span> <em>\u201d<br><br><\/em><\/h2>\n\n\n\n<h4>&nbsp;<\/h4>\n<h4><span style=\"color: #3366ff;\"><strong>. <span style=\"text-decoration: underline;\">Objectif<\/span><\/strong><\/span><\/h4>\n\n\n\n<p>Maintenant que nous avons d\u00e9termin\u00e9 la c\u00e9l\u00e9rit\u00e9 des ondes sonores dans l\u2019air, dans cette activit\u00e9, nous allons utiliser le capteur \u00e0 ultrasons de notre circuit d&rsquo;\u00e9tude des <a href=\"https:\/\/www.ardpylab.fr\/?page_id=720\">ondes ultrasonores<\/a> pour mesurer des distances, selon le m\u00eame principe que l&rsquo;activit\u00e9 pr\u00e9c\u00e9dente, en mesurant la dur\u00e9e de propagation <strong>Dt<\/strong> de l&rsquo;onde sonore entre l&rsquo;\u00e9metteur et le r\u00e9cepteur situ\u00e9s \u00e0 une distance <strong>d<\/strong>\u00a0inconnue d&rsquo;un obstacle. C&rsquo;est le principe du Sonar.<\/p>\n<p>Les mesures de distance commencent apr\u00e8s un appui sur le bouton poussoir et sont arr\u00eat\u00e9es en appuyant de nouveau sur celui-ci.<br \/><br \/><\/p>\n\n\n\n<div class=\"wp-block-image\">\n<figure class=\"aligncenter size-large\"><img loading=\"lazy\" decoding=\"async\" class=\"wp-image-721\" style=\"border: 3px solid #eeeeee; padding: 3px; margin: 3px;\" src=\"https:\/\/www.ardpylab.fr\/wp-content\/uploads\/2020\/03\/circuit-ondes-ultrasonores-1024x665.png\" alt=\"\" width=\"568\" height=\"372\"><\/figure>\n<\/div>\n\n\n\n<h4>&nbsp;<\/h4>\n<h4><span style=\"color: #3366ff;\"><strong>. <u>Le programme<\/u><\/strong><\/span><\/h4>\n<p>Dans <a href=\"https:\/\/www.ardpylab.fr\/downloads\/ondes-ultrasonores\/activity2.zip\" data-wplink-url-error=\"true\">le code de l&rsquo;activit\u00e9<\/a>, la temp\u00e9rature de l\u2019air est une variable qu\u2019il est possible de modifier. La vitesse th\u00e9orique du son dans l\u2019air en fonction de la temp\u00e9rature indiqu\u00e9e est alors calcul\u00e9e et utilis\u00e9e pour d\u00e9terminer la distance entre le capteur et l\u2019obstacle.<\/p>\n\n\n\n<figure class=\"wp-block-image size-large\"><a href=\"https:\/\/www.ardpylab.fr\/downloads\/ondes-ultrasonores\/Activity2\/Activity2.ino\"><img loading=\"lazy\" decoding=\"async\" width=\"552\" height=\"603\" src=\"https:\/\/www.ardpylab.fr\/wp-content\/uploads\/2020\/03\/code-ultrasons-activity2.jpg\" alt=\"\" class=\"wp-image-795\" srcset=\"https:\/\/www.ardpylab.fr\/wp-content\/uploads\/2020\/03\/code-ultrasons-activity2.jpg 552w, https:\/\/www.ardpylab.fr\/wp-content\/uploads\/2020\/03\/code-ultrasons-activity2-275x300.jpg 275w\" sizes=\"auto, (max-width: 552px) 100vw, 552px\" \/><\/a><\/figure>\n\n\n\n<figure class=\"wp-block-image size-large\"><a href=\"https:\/\/www.ardpylab.fr\/downloads\/ondes-ultrasonores\/Activity2\/Activity2.ino\"><img loading=\"lazy\" decoding=\"async\" width=\"554\" height=\"771\" src=\"https:\/\/www.ardpylab.fr\/wp-content\/uploads\/2020\/03\/code-ultrasons-activity2b.jpg\" alt=\"\" class=\"wp-image-797\" srcset=\"https:\/\/www.ardpylab.fr\/wp-content\/uploads\/2020\/03\/code-ultrasons-activity2b.jpg 554w, https:\/\/www.ardpylab.fr\/wp-content\/uploads\/2020\/03\/code-ultrasons-activity2b-216x300.jpg 216w\" sizes=\"auto, (max-width: 554px) 100vw, 554px\" \/><\/a><\/figure>\n\n\n\n<p><strong><u><br>D\u00e9roulement du programme<\/u><\/strong><strong>&nbsp;:<\/strong><\/p>\n<p>&#8211; D\u00e9claration des constantes et variables&nbsp;:<\/p>\n\n\n\n<div class=\"wp-block-image\"><figure class=\"aligncenter size-large\"><img loading=\"lazy\" decoding=\"async\" width=\"1024\" height=\"436\" src=\"https:\/\/www.ardpylab.fr\/wp-content\/uploads\/2020\/03\/prog-us2c-1024x436.png\" alt=\"\" class=\"wp-image-800\" srcset=\"https:\/\/www.ardpylab.fr\/wp-content\/uploads\/2020\/03\/prog-us2c-1024x436.png 1024w, https:\/\/www.ardpylab.fr\/wp-content\/uploads\/2020\/03\/prog-us2c-300x128.png 300w, https:\/\/www.ardpylab.fr\/wp-content\/uploads\/2020\/03\/prog-us2c-768x327.png 768w, https:\/\/www.ardpylab.fr\/wp-content\/uploads\/2020\/03\/prog-us2c-1536x654.png 1536w, https:\/\/www.ardpylab.fr\/wp-content\/uploads\/2020\/03\/prog-us2c.png 1804w\" sizes=\"auto, (max-width: 1024px) 100vw, 1024px\" \/><\/figure><\/div>\n\n\n\n<p><br>&#8211; Initialisation des entr\u00e9es et sorties&nbsp;:<\/p>\n\n\n\n<div class=\"wp-block-image\"><figure class=\"aligncenter size-large\"><img loading=\"lazy\" decoding=\"async\" width=\"1024\" height=\"245\" src=\"https:\/\/www.ardpylab.fr\/wp-content\/uploads\/2020\/03\/prog-us2es-1024x245.png\" alt=\"\" class=\"wp-image-801\" srcset=\"https:\/\/www.ardpylab.fr\/wp-content\/uploads\/2020\/03\/prog-us2es-1024x245.png 1024w, https:\/\/www.ardpylab.fr\/wp-content\/uploads\/2020\/03\/prog-us2es-300x72.png 300w, https:\/\/www.ardpylab.fr\/wp-content\/uploads\/2020\/03\/prog-us2es-768x184.png 768w, https:\/\/www.ardpylab.fr\/wp-content\/uploads\/2020\/03\/prog-us2es-1536x368.png 1536w, https:\/\/www.ardpylab.fr\/wp-content\/uploads\/2020\/03\/prog-us2es.png 1752w\" sizes=\"auto, (max-width: 1024px) 100vw, 1024px\" \/><\/figure><\/div>\n\n\n\n<p><br>&#8211; Fonction principale en boucle&nbsp;:<\/p>\n\n\n\n<div class=\"wp-block-image\"><figure class=\"aligncenter size-large\"><img loading=\"lazy\" decoding=\"async\" width=\"612\" height=\"1024\" src=\"https:\/\/www.ardpylab.fr\/wp-content\/uploads\/2020\/03\/ondes-ultrasonores-2l-612x1024.jpg\" alt=\"\" class=\"wp-image-806\" srcset=\"https:\/\/www.ardpylab.fr\/wp-content\/uploads\/2020\/03\/ondes-ultrasonores-2l-612x1024.jpg 612w, https:\/\/www.ardpylab.fr\/wp-content\/uploads\/2020\/03\/ondes-ultrasonores-2l-179x300.jpg 179w, https:\/\/www.ardpylab.fr\/wp-content\/uploads\/2020\/03\/ondes-ultrasonores-2l-768x1285.jpg 768w, https:\/\/www.ardpylab.fr\/wp-content\/uploads\/2020\/03\/ondes-ultrasonores-2l-918x1536.jpg 918w, https:\/\/www.ardpylab.fr\/wp-content\/uploads\/2020\/03\/ondes-ultrasonores-2l-1224x2048.jpg 1224w, https:\/\/www.ardpylab.fr\/wp-content\/uploads\/2020\/03\/ondes-ultrasonores-2l-scaled.jpg 1530w\" sizes=\"auto, (max-width: 612px) 100vw, 612px\" \/><\/figure><\/div>\n\n\n\n<p><span style=\"text-decoration: underline;\">R\u00e9sultats dans le moniteur s\u00e9rie<\/span> :&nbsp; &nbsp; &nbsp;&nbsp;<\/p>\n\n\n\n<div class=\"wp-block-image\">\n<figure class=\"aligncenter size-large\"><img loading=\"lazy\" decoding=\"async\" width=\"913\" height=\"541\" class=\"wp-image-3662 aligncenter\" style=\"border: 3px solid #eeeeee; padding: 3px; margin: 3px;\" src=\"https:\/\/www.ardpylab.fr\/wp-content\/uploads\/2020\/04\/projet4-activity2-7.png\" alt=\"\" srcset=\"https:\/\/www.ardpylab.fr\/wp-content\/uploads\/2020\/04\/projet4-activity2-7.png 913w, https:\/\/www.ardpylab.fr\/wp-content\/uploads\/2020\/04\/projet4-activity2-7-300x178.png 300w, https:\/\/www.ardpylab.fr\/wp-content\/uploads\/2020\/04\/projet4-activity2-7-768x455.png 768w\" sizes=\"auto, (max-width: 913px) 100vw, 913px\" \/><\/figure>\n<\/div>\n<p>\u00a0<\/p>\n\n\n<div  class=\"grids-section grids-is-stretch\" style=\"--_gs-gap-desktop:0px 0px;--_gs-m-desktop:0 0 0 0;--_gs-p-desktop:0 0 0 0;--_gs-bg-desktop:transparent none;--_gs-bg-xp-desktop:0px;--_gs-zi-desktop:auto;--_gs-d-desktop:block;--_gs-mw-desktop:calc(100% - 0 - 0);--_gs-gap-tablet:0px 0px;--_gs-m-tablet:0 0 0 0;--_gs-p-tablet:0 0 0 0;--_gs-bg-tablet:transparent none;--_gs-bg-xp-tablet:0px;--_gs-zi-tablet:auto;--_gs-d-tablet:block;--_gs-mw-tablet:calc(100% - 0 - 0);--_gs-gap-mobile:0px 0px;--_gs-m-mobile:0 0 0 0;--_gs-p-mobile:0 0 0 0;--_gs-bg-mobile:transparent none;--_gs-bg-xp-mobile:0px;--_gs-zi-mobile:auto;--_gs-d-mobile:block;--_gs-mw-mobile:calc(100% - 0 - 0);--_gs-columns:2;--_gs-rows:1\"><div class=\"grids-s-w_i\">\n<div class=\"grids-area\" style=\"--_ga-column:1\/2;--_ga-row:1\/2;--_ga-m-desktop:0 0 0 0;--_ga-p-desktop:0 0 0 0;--_ga-bg-desktop:transparent none;--_ga-zi-desktop:auto;--_ga-d-desktop:flex;--_ga-mw-desktop:calc(100% - 0 - 0);--_ga-m-tablet:0 0 0 0;--_ga-p-tablet:0 0 0 0;--_ga-bg-tablet:transparent none;--_ga-zi-tablet:auto;--_ga-d-tablet:flex;--_ga-mw-tablet:calc(100% - 0 - 0);--_ga-m-mobile:0 0 0 0;--_ga-p-mobile:0 0 0 0;--_ga-bg-mobile:transparent none;--_ga-zi-mobile:auto;--_ga-d-mobile:flex;--_ga-mw-mobile:calc(100% - 0 - 0)\">\n\n<div class=\"wp-block-image\"><figure class=\"alignleft size-large\"><a href=\"https:\/\/www.ardpylab.fr\/?page_id=761\"><img loading=\"lazy\" decoding=\"async\" width=\"50\" height=\"28\" src=\"https:\/\/www.ardpylab.fr\/wp-content\/uploads\/2020\/03\/moins.jpg\" alt=\"\" class=\"wp-image-107\"\/><\/a><\/figure><\/div>\n\n<\/div>\n\n<div class=\"grids-area\" style=\"--_ga-column:2\/3;--_ga-row:1\/2;--_ga-m-desktop:0 0 0 0;--_ga-p-desktop:0 0 0 0;--_ga-bg-desktop:transparent none;--_ga-zi-desktop:auto;--_ga-d-desktop:flex;--_ga-mw-desktop:calc(100% - 0 - 0);--_ga-m-tablet:0 0 0 0;--_ga-p-tablet:0 0 0 0;--_ga-bg-tablet:transparent none;--_ga-zi-tablet:auto;--_ga-d-tablet:flex;--_ga-mw-tablet:calc(100% - 0 - 0);--_ga-m-mobile:0 0 0 0;--_ga-p-mobile:0 0 0 0;--_ga-bg-mobile:transparent none;--_ga-zi-mobile:auto;--_ga-d-mobile:flex;--_ga-mw-mobile:calc(100% - 0 - 0)\">\n\n<div class=\"wp-block-image\"><figure class=\"alignright size-large\"><a href=\"https:\/\/www.ardpylab.fr\/?page_id=814\"><img loading=\"lazy\" decoding=\"async\" width=\"50\" height=\"28\" src=\"https:\/\/www.ardpylab.fr\/wp-content\/uploads\/2020\/03\/plus.jpg\" alt=\"\" class=\"wp-image-106\"\/><\/a><\/figure><\/div>\n\n<\/div>\n<\/div><\/div>\n\n\n\n","protected":false},"excerpt":{"rendered":"<p>\u201d Mesure de distances \u201d &nbsp; . Objectif Maintenant que nous avons d\u00e9termin\u00e9 la c\u00e9l\u00e9rit\u00e9 des ondes sonores dans l\u2019air, dans cette activit\u00e9, nous allons utiliser le capteur \u00e0 ultrasons de notre circuit d&rsquo;\u00e9tude des ondes ultrasonores pour mesurer des distances, selon le m\u00eame principe que l&rsquo;activit\u00e9 pr\u00e9c\u00e9dente, en mesurant la dur\u00e9e de propagation Dt [&hellip;]<\/p>\n","protected":false},"author":1,"featured_media":0,"parent":0,"menu_order":0,"comment_status":"closed","ping_status":"closed","template":"","meta":{"footnotes":""},"class_list":["post-791","page","type-page","status-publish","hentry"],"_links":{"self":[{"href":"https:\/\/www.ardpylab.fr\/index.php?rest_route=\/wp\/v2\/pages\/791","targetHints":{"allow":["GET"]}}],"collection":[{"href":"https:\/\/www.ardpylab.fr\/index.php?rest_route=\/wp\/v2\/pages"}],"about":[{"href":"https:\/\/www.ardpylab.fr\/index.php?rest_route=\/wp\/v2\/types\/page"}],"author":[{"embeddable":true,"href":"https:\/\/www.ardpylab.fr\/index.php?rest_route=\/wp\/v2\/users\/1"}],"replies":[{"embeddable":true,"href":"https:\/\/www.ardpylab.fr\/index.php?rest_route=%2Fwp%2Fv2%2Fcomments&post=791"}],"version-history":[{"count":0,"href":"https:\/\/www.ardpylab.fr\/index.php?rest_route=\/wp\/v2\/pages\/791\/revisions"}],"wp:attachment":[{"href":"https:\/\/www.ardpylab.fr\/index.php?rest_route=%2Fwp%2Fv2%2Fmedia&parent=791"}],"curies":[{"name":"wp","href":"https:\/\/api.w.org\/{rel}","templated":true}]}}