{"id":911,"date":"2020-03-26T11:32:14","date_gmt":"2020-03-26T10:32:14","guid":{"rendered":"http:\/\/www.ardpylab.fr\/?page_id=911"},"modified":"2020-05-16T11:03:56","modified_gmt":"2020-05-16T09:03:56","slug":"temperatures-activite-3","status":"publish","type":"page","link":"https:\/\/www.ardpylab.fr\/?page_id=911","title":{"rendered":"Temp\u00e9ratures &#8211; Activit\u00e9 3"},"content":{"rendered":"\n<h2 style=\"text-align: center;\"><em>\u201d <\/em><span style=\"text-decoration: underline;\"><em>Thermom\u00e8tre \u00e0 diodes \u00e9lectroluminescentes<\/em><\/span> <em>\u201d<br><br><\/em><\/h2>\n\n\n\n<h4><strong><span style=\"color: #3366ff;\"><br>. <\/span><span style=\"text-decoration: underline;\"><span style=\"color: #3366ff; text-decoration: underline;\">Objectif<\/span><\/span><\/strong><\/h4>\n<p>Dans cette activit\u00e9, nous allons utiliser les DELS rouge, verte et bleue du <a href=\"https:\/\/www.ardpylab.fr\/?page_id=839\" data-wplink-url-error=\"true\">circuit d\u2019\u00e9tude<\/a> afin de visualiser la zone dans laquelle se situe la temp\u00e9rature mesur\u00e9e (T<sub>mesur\u00e9e<\/sub>) par un capteur TMP 36 ou LM 35 par rapport \u00e0 une valeur de r\u00e9f\u00e9rence (T<sub>ref<\/sub>) et un \u00e9cart de temp\u00e9rature (\u0394T) \u00e0 d\u00e9finir :<\/p>\n\n\n\n<figure class=\"wp-block-image size-large\" style=\"padding-left: 40px;\"><img loading=\"lazy\" decoding=\"async\" width=\"427\" height=\"82\" class=\"wp-image-933\" src=\"https:\/\/www.ardpylab.fr\/wp-content\/uploads\/2020\/03\/image-97.png\" alt=\"\" srcset=\"https:\/\/www.ardpylab.fr\/wp-content\/uploads\/2020\/03\/image-97.png 427w, https:\/\/www.ardpylab.fr\/wp-content\/uploads\/2020\/03\/image-97-300x58.png 300w\" sizes=\"auto, (max-width: 427px) 100vw, 427px\" \/><\/figure>\n\n\n\n<p>&nbsp; &nbsp; &nbsp; &nbsp; &nbsp; &nbsp; &nbsp; &nbsp; &nbsp; &nbsp; &nbsp; &nbsp; &nbsp; &nbsp; &nbsp;<\/p>\n\n\n\n<div class=\"wp-block-image\">\n<figure class=\"aligncenter size-large\" style=\"border: 3px solid #eeeeee; padding: 3px; margin: 3px;\"><img loading=\"lazy\" decoding=\"async\" class=\"alignnone wp-image-944 size-full\" src=\"https:\/\/www.ardpylab.fr\/wp-content\/uploads\/2020\/03\/circuittemp.bmp\" alt=\"\" width=\"900\" height=\"477\"><\/figure>\n<\/div>\n<p>&nbsp;<\/p>\n\n\n\n<h4><span style=\"color: #3366ff;\"><strong><br \/><a id=\"prog\"><\/a>. <span style=\"text-decoration: underline;\">Le programme<\/span><\/strong><\/span><\/h4>\n\n\n\n<p><a href=\"https:\/\/www.ardpylab.fr\/downloads\/temperatures\/activity3.zip\" data-wplink-url-error=\"true\">Le code de l&rsquo;activit\u00e9<\/a> pourra \u00eatre modifi\u00e9 pour voir l\u2019influence des variables (temp\u00e9rature de r\u00e9f\u00e9rence, \u00e9cart de temp\u00e9rature).<\/p>\n\n\n\n<figure class=\"wp-block-image size-large\"><a href=\"https:\/\/www.ardpylab.fr\/downloads\/temperatures\/Activity3\/Activity3.ino\"><img loading=\"lazy\" decoding=\"async\" width=\"564\" height=\"595\" src=\"https:\/\/www.ardpylab.fr\/wp-content\/uploads\/2020\/03\/codetemp3.png\" alt=\"\" class=\"wp-image-921\" srcset=\"https:\/\/www.ardpylab.fr\/wp-content\/uploads\/2020\/03\/codetemp3.png 564w, https:\/\/www.ardpylab.fr\/wp-content\/uploads\/2020\/03\/codetemp3-284x300.png 284w\" sizes=\"auto, (max-width: 564px) 100vw, 564px\" \/><\/a><\/figure>\n\n\n\n<figure class=\"wp-block-image size-large\"><a href=\"https:\/\/www.ardpylab.fr\/downloads\/temperatures\/Activity3\/Activity3.ino\"><img loading=\"lazy\" decoding=\"async\" width=\"517\" height=\"694\" src=\"https:\/\/www.ardpylab.fr\/wp-content\/uploads\/2020\/03\/codetemp3b.png\" alt=\"\" class=\"wp-image-922\" srcset=\"https:\/\/www.ardpylab.fr\/wp-content\/uploads\/2020\/03\/codetemp3b.png 517w, https:\/\/www.ardpylab.fr\/wp-content\/uploads\/2020\/03\/codetemp3b-223x300.png 223w\" sizes=\"auto, (max-width: 517px) 100vw, 517px\" \/><\/a><\/figure>\n\n\n\n<figure class=\"wp-block-image size-large\"><a href=\"https:\/\/www.ardpylab.fr\/downloads\/temperatures\/Activity3\/Activity3.ino\"><img loading=\"lazy\" decoding=\"async\" width=\"515\" height=\"402\" src=\"https:\/\/www.ardpylab.fr\/wp-content\/uploads\/2020\/03\/codetemp3c-1.png\" alt=\"\" class=\"wp-image-926\" srcset=\"https:\/\/www.ardpylab.fr\/wp-content\/uploads\/2020\/03\/codetemp3c-1.png 515w, https:\/\/www.ardpylab.fr\/wp-content\/uploads\/2020\/03\/codetemp3c-1-300x234.png 300w\" sizes=\"auto, (max-width: 515px) 100vw, 515px\" \/><\/a><\/figure>\n\n\n\n<p><span style=\"text-decoration: underline;\"><strong><br>D\u00e9roulement du programme<\/strong><\/span><strong>&nbsp;:<\/strong><\/p>\n\n\n\n<p>&#8211; D\u00e9claration des constantes et variables :<\/p>\n\n\n\n<figure class=\"wp-block-image size-large\"><img loading=\"lazy\" decoding=\"async\" width=\"1024\" height=\"442\" src=\"https:\/\/www.ardpylab.fr\/wp-content\/uploads\/2020\/03\/temp3v-1024x442.png\" alt=\"\" class=\"wp-image-924\" srcset=\"https:\/\/www.ardpylab.fr\/wp-content\/uploads\/2020\/03\/temp3v-1024x442.png 1024w, https:\/\/www.ardpylab.fr\/wp-content\/uploads\/2020\/03\/temp3v-300x129.png 300w, https:\/\/www.ardpylab.fr\/wp-content\/uploads\/2020\/03\/temp3v-768x331.png 768w, https:\/\/www.ardpylab.fr\/wp-content\/uploads\/2020\/03\/temp3v-1536x663.png 1536w, https:\/\/www.ardpylab.fr\/wp-content\/uploads\/2020\/03\/temp3v.png 1960w\" sizes=\"auto, (max-width: 1024px) 100vw, 1024px\" \/><\/figure>\n\n\n\n<p><br>&#8211; Initialisation des entr\u00e9es et sorties :<\/p>\n\n\n\n<figure class=\"wp-block-image size-large\"><img loading=\"lazy\" decoding=\"async\" width=\"1024\" height=\"199\" src=\"https:\/\/www.ardpylab.fr\/wp-content\/uploads\/2020\/03\/temp3es-1024x199.png\" alt=\"\" class=\"wp-image-928\" srcset=\"https:\/\/www.ardpylab.fr\/wp-content\/uploads\/2020\/03\/temp3es-1024x199.png 1024w, https:\/\/www.ardpylab.fr\/wp-content\/uploads\/2020\/03\/temp3es-300x58.png 300w, https:\/\/www.ardpylab.fr\/wp-content\/uploads\/2020\/03\/temp3es-768x149.png 768w, https:\/\/www.ardpylab.fr\/wp-content\/uploads\/2020\/03\/temp3es-1536x299.png 1536w, https:\/\/www.ardpylab.fr\/wp-content\/uploads\/2020\/03\/temp3es.png 1748w\" sizes=\"auto, (max-width: 1024px) 100vw, 1024px\" \/><\/figure>\n\n\n\n<p><br>&#8211; Fonction principale en boucle :<br><br><\/p>\n\n\n\n<figure class=\"wp-block-image size-large is-resized\"><img loading=\"lazy\" decoding=\"async\" src=\"https:\/\/www.ardpylab.fr\/wp-content\/uploads\/2020\/03\/temporg3-1-654x1024.jpg\" alt=\"\" class=\"wp-image-936\" width=\"720\" height=\"1127\" srcset=\"https:\/\/www.ardpylab.fr\/wp-content\/uploads\/2020\/03\/temporg3-1-654x1024.jpg 654w, https:\/\/www.ardpylab.fr\/wp-content\/uploads\/2020\/03\/temporg3-1-192x300.jpg 192w, https:\/\/www.ardpylab.fr\/wp-content\/uploads\/2020\/03\/temporg3-1-768x1202.jpg 768w, https:\/\/www.ardpylab.fr\/wp-content\/uploads\/2020\/03\/temporg3-1-981x1536.jpg 981w, https:\/\/www.ardpylab.fr\/wp-content\/uploads\/2020\/03\/temporg3-1-1308x2048.jpg 1308w, https:\/\/www.ardpylab.fr\/wp-content\/uploads\/2020\/03\/temporg3-1-scaled.jpg 1635w\" sizes=\"auto, (max-width: 720px) 100vw, 720px\" \/><\/figure>\n\n\n\n<p>\u00a0 \u00a0 \u00a0 \u00a0 \u00a0 \u00a0 \u00a0 \u00a0 \u00a0 \u00a0\u00a0<\/p>\n\n\n<div  class=\"grids-section grids-is-stretch\" style=\"--_gs-gap-desktop:0px 0px;--_gs-m-desktop:0 0 0 0;--_gs-p-desktop:0 0 0 0;--_gs-bg-desktop:transparent none;--_gs-bg-xp-desktop:0px;--_gs-zi-desktop:auto;--_gs-d-desktop:block;--_gs-mw-desktop:calc(100% - 0 - 0);--_gs-gap-tablet:0px 0px;--_gs-m-tablet:0 0 0 0;--_gs-p-tablet:0 0 0 0;--_gs-bg-tablet:transparent none;--_gs-bg-xp-tablet:0px;--_gs-zi-tablet:auto;--_gs-d-tablet:block;--_gs-mw-tablet:calc(100% - 0 - 0);--_gs-gap-mobile:0px 0px;--_gs-m-mobile:0 0 0 0;--_gs-p-mobile:0 0 0 0;--_gs-bg-mobile:transparent none;--_gs-bg-xp-mobile:0px;--_gs-zi-mobile:auto;--_gs-d-mobile:block;--_gs-mw-mobile:calc(100% - 0 - 0);--_gs-columns:2;--_gs-rows:1\"><div class=\"grids-s-w_i\">\n<div class=\"grids-area\" style=\"--_ga-column:1\/2;--_ga-row:1\/2;--_ga-m-desktop:0 0 0 0;--_ga-p-desktop:0 0 0 0;--_ga-bg-desktop:transparent none;--_ga-zi-desktop:auto;--_ga-d-desktop:flex;--_ga-mw-desktop:calc(100% - 0 - 0);--_ga-m-tablet:0 0 0 0;--_ga-p-tablet:0 0 0 0;--_ga-bg-tablet:transparent none;--_ga-zi-tablet:auto;--_ga-d-tablet:flex;--_ga-mw-tablet:calc(100% - 0 - 0);--_ga-m-mobile:0 0 0 0;--_ga-p-mobile:0 0 0 0;--_ga-bg-mobile:transparent none;--_ga-zi-mobile:auto;--_ga-d-mobile:flex;--_ga-mw-mobile:calc(100% - 0 - 0)\">\n\n<div class=\"wp-block-image\"><figure class=\"alignleft size-large\"><a href=\"https:\/\/www.ardpylab.fr\/?page_id=887\"><img loading=\"lazy\" decoding=\"async\" width=\"50\" height=\"28\" src=\"https:\/\/www.ardpylab.fr\/wp-content\/uploads\/2020\/03\/moins.jpg\" alt=\"\" class=\"wp-image-107\"\/><\/a><\/figure><\/div>\n\n<\/div>\n\n<div class=\"grids-area\" style=\"--_ga-column:2\/3;--_ga-row:1\/2;--_ga-m-desktop:0 0 0 0;--_ga-p-desktop:0 0 0 0;--_ga-bg-desktop:transparent none;--_ga-zi-desktop:auto;--_ga-d-desktop:flex;--_ga-mw-desktop:calc(100% - 0 - 0);--_ga-m-tablet:0 0 0 0;--_ga-p-tablet:0 0 0 0;--_ga-bg-tablet:transparent none;--_ga-zi-tablet:auto;--_ga-d-tablet:flex;--_ga-mw-tablet:calc(100% - 0 - 0);--_ga-m-mobile:0 0 0 0;--_ga-p-mobile:0 0 0 0;--_ga-bg-mobile:transparent none;--_ga-zi-mobile:auto;--_ga-d-mobile:flex;--_ga-mw-mobile:calc(100% - 0 - 0)\">\n\n<div class=\"wp-block-image\"><figure class=\"alignright size-large\"><a href=\"https:\/\/www.ardpylab.fr\/?page_id=949\"><img loading=\"lazy\" decoding=\"async\" width=\"50\" height=\"28\" src=\"https:\/\/www.ardpylab.fr\/wp-content\/uploads\/2020\/03\/plus.jpg\" alt=\"\" class=\"wp-image-106\"\/><\/a><\/figure><\/div>\n\n<\/div>\n<\/div><\/div>\n\n\n\n","protected":false},"excerpt":{"rendered":"<p>\u201d Thermom\u00e8tre \u00e0 diodes \u00e9lectroluminescentes \u201d . Objectif Dans cette activit\u00e9, nous allons utiliser les DELS rouge, verte et bleue du circuit d\u2019\u00e9tude afin de visualiser la zone dans laquelle se situe la temp\u00e9rature mesur\u00e9e (Tmesur\u00e9e) par un capteur TMP 36 ou LM 35 par rapport \u00e0 une valeur de r\u00e9f\u00e9rence (Tref) et un \u00e9cart [&hellip;]<\/p>\n","protected":false},"author":1,"featured_media":0,"parent":0,"menu_order":0,"comment_status":"closed","ping_status":"closed","template":"","meta":{"footnotes":""},"class_list":["post-911","page","type-page","status-publish","hentry"],"_links":{"self":[{"href":"https:\/\/www.ardpylab.fr\/index.php?rest_route=\/wp\/v2\/pages\/911","targetHints":{"allow":["GET"]}}],"collection":[{"href":"https:\/\/www.ardpylab.fr\/index.php?rest_route=\/wp\/v2\/pages"}],"about":[{"href":"https:\/\/www.ardpylab.fr\/index.php?rest_route=\/wp\/v2\/types\/page"}],"author":[{"embeddable":true,"href":"https:\/\/www.ardpylab.fr\/index.php?rest_route=\/wp\/v2\/users\/1"}],"replies":[{"embeddable":true,"href":"https:\/\/www.ardpylab.fr\/index.php?rest_route=%2Fwp%2Fv2%2Fcomments&post=911"}],"version-history":[{"count":1,"href":"https:\/\/www.ardpylab.fr\/index.php?rest_route=\/wp\/v2\/pages\/911\/revisions"}],"predecessor-version":[{"id":5171,"href":"https:\/\/www.ardpylab.fr\/index.php?rest_route=\/wp\/v2\/pages\/911\/revisions\/5171"}],"wp:attachment":[{"href":"https:\/\/www.ardpylab.fr\/index.php?rest_route=%2Fwp%2Fv2%2Fmedia&parent=911"}],"curies":[{"name":"wp","href":"https:\/\/api.w.org\/{rel}","templated":true}]}}